{"id":10927,"date":"2024-06-29T12:59:00","date_gmt":"2024-06-29T05:59:00","guid":{"rendered":"https:\/\/serverhot.vn\/product\/uncategorized\/may-bo-pc-intel-nuc-l6-bnuc11tnki30z0099at93-ma-san-pham-bnuc11tnki30z0099at93\/"},"modified":"2024-06-29T12:59:00","modified_gmt":"2024-06-29T05:59:00","slug":"may-bo-pc-intel-nuc-l6-bnuc11tnki30z0099at93-ma-san-pham-bnuc11tnki30z0099at93","status":"publish","type":"product","link":"https:\/\/serverhot.vn\/ar\/-product-\/may-bo-pc-intel-nuc-l6-bnuc11tnki30z0099at93-ma-san-pham-bnuc11tnki30z0099at93\/","title":{"rendered":"M\u00e1y B\u1ed9 PC INTEL NUC L6 BNUC11TNKI30Z0099AT93 M\u00e3 s\u1ea3n ph\u1ea9m: BNUC11TNKI30Z0099AT93"},"content":{"rendered":"<div class=\"showText tabs\" id=\"tab2\">\n                                    <\/div>","protected":false},"excerpt":{"rendered":"<ul>\n<ul>\n<li style=\"text-align: justify\">CPU: Intel\u00ae Core\u2122 i3-1115G4 Processor (6M Cache, up to 4.10 GHz) &#8211; 2C 4T<\/li>\n<li style=\"text-align: justify\">GPU: Intel\u00ae UHD Graphics for 11th Gen Intel\u00ae Processors<\/li>\n<li style=\"text-align: justify\">RAM: H\u1ed7 tr\u1ee3 DDR4-3200 1.2V SO-DIMMs &#8211; 2 Slot &#8211; Max upgrade to 64GB)<\/li>\n<li style=\"text-align: justify\">SSD: H\u1ed7 tr\u1ee3 M.2 NMVe 22&#215;80<\/li>\n<li style=\"text-align: justify\">OS: Ch\u01b0a c\u00f3<\/li>\n<li style=\"text-align: justify\">Adapter: \u0110\u00e3 c\u00f3<\/li>\n<\/ul>\n<\/ul>","protected":false},"featured_media":10928,"comment_status":"closed","ping_status":"closed","template":"","meta":[],"pwb-brand":[],"product_cat":[2889],"product_tag":[],"class_list":{"0":"post-10927","1":"product","2":"type-product","3":"status-publish","4":"has-post-thumbnail","6":"product_cat-intel","8":"first","9":"instock","10":"shipping-taxable","11":"product-type-simple"},"brands":[],"_links":{"self":[{"href":"https:\/\/serverhot.vn\/ar\/wp-json\/wp\/v2\/product\/10927","targetHints":{"allow":["GET"]}}],"collection":[{"href":"https:\/\/serverhot.vn\/ar\/wp-json\/wp\/v2\/product"}],"about":[{"href":"https:\/\/serverhot.vn\/ar\/wp-json\/wp\/v2\/types\/product"}],"replies":[{"embeddable":true,"href":"https:\/\/serverhot.vn\/ar\/wp-json\/wp\/v2\/comments?post=10927"}],"wp:featuredmedia":[{"embeddable":true,"href":"https:\/\/serverhot.vn\/ar\/wp-json\/wp\/v2\/media\/10928"}],"wp:attachment":[{"href":"https:\/\/serverhot.vn\/ar\/wp-json\/wp\/v2\/media?parent=10927"}],"wp:term":[{"taxonomy":"pwb-brand","embeddable":true,"href":"https:\/\/serverhot.vn\/ar\/wp-json\/wp\/v2\/pwb-brand?post=10927"},{"taxonomy":"product_cat","embeddable":true,"href":"https:\/\/serverhot.vn\/ar\/wp-json\/wp\/v2\/product_cat?post=10927"},{"taxonomy":"product_tag","embeddable":true,"href":"https:\/\/serverhot.vn\/ar\/wp-json\/wp\/v2\/product_tag?post=10927"}],"curies":[{"name":"wp","href":"https:\/\/api.w.org\/{rel}","templated":true}]}}