{"id":11205,"date":"2024-06-29T13:54:57","date_gmt":"2024-06-29T06:54:57","guid":{"rendered":"https:\/\/serverhot.vn\/product\/uncategorized\/thiet-bi-mang-draytek-vigor2927fac-ma-san-pham-vigor2927fac\/"},"modified":"2024-06-29T13:54:59","modified_gmt":"2024-06-29T06:54:59","slug":"thiet-bi-mang-draytek-vigor2927fac-ma-san-pham-vigor2927fac","status":"publish","type":"product","link":"https:\/\/serverhot.vn\/ar\/-product-\/thiet-bi-mang-draytek-vigor2927fac-ma-san-pham-vigor2927fac\/","title":{"rendered":"Thi\u1ebft B\u1ecb M\u1ea1ng DrayTek Vigor2927Fac M\u00e3 s\u1ea3n ph\u1ea9m: VIGOR2927FAC"},"content":{"rendered":"<div class=\"showText tabs\" id=\"tab2\">\n<div class=\"box_right_pro_view\">\n<div class=\"thongso_pro a_technical\" style=\"max-height: fit-content\">\n<table border=\"1\">\n<tbody>\n<tr>\n<th colspan=\"2\">PH\u1ea6N C\u1ee8NG<\/th>\n<\/tr>\n<\/tbody>\n<tbody>\n<tr>\n<td>Port<\/td>\n<td>\n<ul>\n<li>1 x SFP 100\/1000Mbps WAN<\/li>\n<li>1 x GbE WAN\u00a0<\/li>\n<li>5 x GbE LAN<\/li>\n<li>2 x USB 2.0<\/li>\n<\/ul>\n<\/td>\n<\/tr>\n<tr>\n<td>Ngu\u1ed3n<\/td>\n<td>\n<ul>\n<li>DC 12V\/2A<\/li>\n<\/ul>\n<\/td>\n<\/tr>\n<tr>\n<td>N\u00fat \u0111i\u1ec1u khi\u1ec3n<\/td>\n<td>\n<ul>\n<li>1 x Factory Reset Button<\/li>\n<\/ul>\n<\/td>\n<\/tr>\n<tr>\n<th colspan=\"2\">PH\u1ea6N M\u1ec0M<\/th>\n<\/tr>\n<tr>\n<td>WAN<\/td>\n<td>\n<ul>\n<li>Ethernet WAN\n<ul>\n<li>DHCP Client<\/li>\n<li>Static IP<\/li>\n<li>PPPoE\u00a0<\/li>\n<li>PPTP \/ L2TP (WAN-2 only)<\/li>\n<li>802.1q Multi-VLAN Tagging\u00a0<\/li>\n<\/ul>\n<\/li>\n<li>IPv6\u00a0Connection Type\n<ul>\n<li>Dual Stack: PPP, DHCPv6 Client, Static IPv6<\/li>\n<li>Tunnel Mode: TSPC, AICCU, 6rd, 6in4 Static Tunnel<\/li>\n<\/ul>\n<\/li>\n<li>USB WAN\n<ul>\n<li>PPP(3G) \/ CDC driver(3G) \/ support IPv6 protocol :TSPC\/AICCU<\/li>\n<\/ul>\n<\/li>\n<\/ul>\n<h3>Dual WAN<\/h3>\n<ul>\n<li>Load-Balance \/ Route Policy<\/li>\n<li>Outbound policy-based load-balance<\/li>\n<li>WAN Connection Failover<\/li>\n<li>Multiple-VLAN<\/li>\n<\/ul>\n<\/td>\n<\/tr>\n<tr>\n<td>Network<\/td>\n<td>\n<ul>\n<li>Hotspot Web Portal<\/li>\n<li>Packet Forwarding Acceleration<\/li>\n<li>DHCP\u00a0client\/relay\/server<\/li>\n<li>DHCP Option: 1,3,6,51,53,54,58,59,60,61,66,125<\/li>\n<li>IGMP v2\/v3<\/li>\n<li>LAN DNS \/DNS Forwarding<\/li>\n<li>Dynamic DNS<\/li>\n<li>NTP Client<\/li>\n<li>RADIUS \/TACACS+ Client<\/li>\n<li>Internal RADIUS Server<\/li>\n<li>Active Directory \/LDAP compatible (client)<\/li>\n<li>DNS Cache\/Proxy and LAN DNS<\/li>\n<li>UPnP 50 sessions<\/li>\n<li>Wake on LAN<\/li>\n<li>Bonjour service<\/li>\n<li>Routing Protocol:\n<ul>\n<li>Static Routing<\/li>\n<li>RIP v1\/v2<\/li>\n<li>BGP<\/li>\n<\/ul>\n<\/li>\n<li>Triple-Play Application\n<ul>\n<li>IGMP snooping\/proxy<\/li>\n<\/ul>\n<\/li>\n<li>8 x Multiple Subnet LAN<\/li>\n<\/ul>\n<\/td>\n<\/tr>\n<tr>\n<td>Management<\/td>\n<td>\n<ul>\n<li>Web-based User Interface (HTTP\/HTTPS)<\/li>\n<li>CLI (Command Line Interface, Telnet\/SSH)<\/li>\n<li>Administration Access Control<\/li>\n<li>Configuration Backup\/Restore<\/li>\n<li>Built-in Diagnostic Function<\/li>\n<li>Firmware Upgrade via TFTP\/HTTP\/TR-069<\/li>\n<li>Logging via Syslog<\/li>\n<li>SNMP v2\/v3<\/li>\n<li>Support SMS\/E-mail Alert<\/li>\n<li>Management Session Time Out<\/li>\n<li>Two-level Management (Admin\/User Mode)<\/li>\n<li>External device detection (master mode)<\/li>\n<li>TR-069\/TR-104<\/li>\n<li>Support Multiple-Firmware Upgrade Utility (MFUU)<\/li>\n<li>Dashboard<\/li>\n<\/ul>\n<\/td>\n<\/tr>\n<tr>\n<td>Ch\u1ea5t l\u01b0\u1ee3ng d\u1ecbch v\u1ee5<\/td>\n<td>\n<ul>\n<li>QoS\n<ul>\n<li>Guarantee bandwidth for VoIP<\/li>\n<li>Class-based bandwidth guarantee by user-defined traffic categories<\/li>\n<li>DiffServ Code Point classifying<\/li>\n<li>4-level priority for each direction (Inbound\/Outbound)<\/li>\n<li>Bandwidth borrowed<\/li>\n<\/ul>\n<\/li>\n<li>Bandwidth\/Session limitation\n<ul>\n<li>Smart Bandwidth Limit<\/li>\n<li>config by ip range<\/li>\n<li>Layer-3 (TOS\/DSCP) QoS<\/li>\n<\/ul>\n<\/li>\n<li>Layer-2 (802.1p) QoS<\/li>\n<li>WAN budget<\/li>\n<\/ul>\n<\/td>\n<\/tr>\n<tr>\n<td>VPN<\/td>\n<td>\n<ul>\n<li>Up to 50 VPN Tunnels (including 25 SSL VPN tunnels)<\/li>\n<li>VPN Wizard<\/li>\n<li>VPN Trunk with Backup \/ Load Balance<\/li>\n<li>Protocol : PPTP, IPsec, L2TP, L2TP over IPsec, GRE over IPSec<\/li>\n<li>Encryption : MPPE and hardware-based AES\/DES\/3DES<\/li>\n<li>Authentication : SHA<\/li>\n<li>IKE Authentication : Pre-shared Key and Digital Signature (X.509)<\/li>\n<li>LAN-to-LAN, Teleworker-to-LAN (remote user dial-in)<\/li>\n<li>DHCP over IPsec<\/li>\n<li>IPsec NAT-traversal (NAT-T)<\/li>\n<li>Dead Peer Detection (DPD)<\/li>\n<li>VPN Pass-through<\/li>\n<li>mOTP<\/li>\n<\/ul>\n<\/td>\n<\/tr>\n<tr>\n<td>T\u00ednh n\u0103ng n\u00e2ng cao<\/td>\n<td>\n<p>Firewall<\/p>\n<ul>\n<li>DMZ Host\uff1aPort-redirection, Open Port,\u00a0Port Triggering<\/li>\n<li>User-based \/ Rule-based Firewall<\/li>\n<li>Object-based Firewall\uff1aSPI (Stateful Packet Inspection) (Flow Track)<\/li>\n<li>DoS Prevention<\/li>\n<li>Time Schedule Control<\/li>\n<li>DNS Filter Enhancement<\/li>\n<li>User Management<\/li>\n<li>Firewall Wizard Mode and Advanced Mode<\/li>\n<\/ul>\n<h3>\u00a0CSM (Content Security Management)<\/h3>\n<ul>\n<li>APP Enforcement\n<ul>\n<li>Support APPE Signature Upgrade by license<\/li>\n<\/ul>\n<\/li>\n<li>URL Content Filter\n<ul>\n<li>Access Control : URL Keyword Blocking (White\/Black List)<\/li>\n<li>Web Feature : Java Applet, Cookies, Active X, Compressed, Executable, Multimedia File Blocking<\/li>\n<\/ul>\n<\/li>\n<li>Web Content Filter (support Cyren and BPjM)<\/li>\n<li>DNS Filter<\/li>\n<\/ul>\n<p>Central Device Management<\/p>\n<ul>\n<li>AP Management<\/li>\n<li>VPN Management<\/li>\n<li>Switch Management<\/li>\n<li>External Devices\u00a0<\/li>\n<\/ul>\n<\/td>\n<\/tr>\n<tr>\n<td>USB<\/td>\n<td>\n<ul>\n<li>File System<\/li>\n<li>Support FAT32 File System<\/li>\n<li>Support FTP Function for File Sharing<\/li>\n<li>3.5G (HSDPA) and 4G (LTE) as WAN3\/WAN4 by using USB dongle (can support Dual USB WAN)<\/li>\n<li>USB Device Status (disk\/modem\/printer\/sensor)<\/li>\n<li>Support USB Temperature Sensor<\/li>\n<li>Support file sharing (DrayTek\u2019s own SMB protocol stack)<\/li>\n<\/ul>\n<\/td>\n<\/tr>\n<tr>\n<th colspan=\"2\">TH\u00d4NG S\u1ed0 KH\u00c1C<\/th>\n<\/tr>\n<tr>\n<td>M\u00f4i tr\u01b0\u1eddng<\/td>\n<td>\n<ul>\n<li>Temperature\u00a0 \u00a0Operating : 0\u00b0C ~ 45\u00b0C<\/li>\n<li>Temperature\u00a0 Storage : -25\u00b0C ~ 70\u00b0C<\/li>\n<li>Humidity :10% ~ 90% ( non-condensing )\u00a0 \u00a0<\/li>\n<\/ul>\n<\/td>\n<\/tr>\n<\/tbody>\n<\/table><\/div>\n<p>                            <!--                            <\/p>\n<div class=\"xemthem_id_r\">--><br \/>\n                            <!--                                <a><!--\/show\/?token=--><br \/>\n                            <!--\"--><br \/>\n                            <!--                                   class=\"preview fancybox fancybox.ajax\" rel=\"nofollow\"&gt;Xem th&#234;m th&#244;ng s&#7889; k&#7929; thu&#7853;t<\/a>--><br \/>\n                            <!--                            <\/div>\n<p>-->\n                        <\/p><\/div>\n<\/p><\/div>","protected":false},"excerpt":{"rendered":"<ul>\n<ul>\n<li>1 x c\u1ed5ng WAN c\u1ed1 \u0111\u1ecbnh 100\/1000Mbps slot SFP.<\/li>\n<li>1 x c\u1ed5ng c\u00f3 th\u1ec3 chuy\u1ec3n \u0111\u1ed5i WAN\/LAN 10\/100\/1000Mbps Ethernet, RJ45.<\/li>\n<li>5 x c\u1ed5ng LAN c\u1ed1 \u0111\u1ecbnh 10\/100\/1000Mbps Ethernet, RJ45.<\/li>\n<li>WiFi AC1300 Wave 2 MU-MIMO (2.4GHz: 400Mbps, 5GHz: 867Mbps).<\/li>\n<li>2 x c\u1ed5ng USB s\u1eed d\u1ee5ng cho USB 3G\/4G, m\u00e1y in, &#8230;<\/li>\n<li>NAT Throughput l\u00ean \u0111\u1ebfn 940Mbps (ch\u1ea1y 1 WAN) v\u00e0 1.8Gbps (ch\u1ea1y 2 WAN), NAT sessions: 60.000, &#8230;<\/li>\n<li>H\u1ed7 tr\u1ee3 l\u00ean \u0111\u1ebfn 50 k\u00eanh VPN v\u1edbi 25 k\u00eanh VPN-SSL Tunnel.<\/li>\n<li>C\u00e2n b\u1eb1ng t\u1ea3i tr\u00ean nhi\u1ec1u \u0111\u01b0\u1eddng truy\u1ec1n \u0111\u1ed3ng th\u1eddi, ki\u1ec3m so\u00e1t v\u00e0 qu\u1ea3n l\u00fd b\u0103ng th\u00f4ng gi\u00fap t\u1ed1i \u01b0u h\u00f3a \u0111\u01b0\u1eddng truy\u1ec1n internet.<\/li>\n<li>H\u1ed7 tr\u1ee3 IPv4 v\u00e0 IPv6.<\/li>\n<li>Qu\u1ea3n l\u00fd t\u1eadp trung c\u00e1c VigorAP v\u00e0 c\u00e1c VigorSwitch.<\/li>\n<li>Cho ph\u00e9p qu\u1ea3n l\u00fd t\u1eeb xa qua Cloud VigorACS2.<\/li>\n<\/ul>\n<\/ul>","protected":false},"featured_media":11206,"comment_status":"closed","ping_status":"closed","template":"","meta":[],"pwb-brand":[],"product_cat":[2894],"product_tag":[2856,25,55,2849,27],"class_list":{"0":"post-11205","1":"product","2":"type-product","3":"status-publish","4":"has-post-thumbnail","6":"product_cat-draytek","7":"product_tag-firewall","8":"product_tag-man","9":"product_tag-run","10":"product_tag-switch","11":"product_tag-white","13":"first","14":"instock","15":"shipping-taxable","16":"product-type-simple"},"brands":[],"_links":{"self":[{"href":"https:\/\/serverhot.vn\/ar\/wp-json\/wp\/v2\/product\/11205","targetHints":{"allow":["GET"]}}],"collection":[{"href":"https:\/\/serverhot.vn\/ar\/wp-json\/wp\/v2\/product"}],"about":[{"href":"https:\/\/serverhot.vn\/ar\/wp-json\/wp\/v2\/types\/product"}],"replies":[{"embeddable":true,"href":"https:\/\/serverhot.vn\/ar\/wp-json\/wp\/v2\/comments?post=11205"}],"wp:featuredmedia":[{"embeddable":true,"href":"https:\/\/serverhot.vn\/ar\/wp-json\/wp\/v2\/media\/11206"}],"wp:attachment":[{"href":"https:\/\/serverhot.vn\/ar\/wp-json\/wp\/v2\/media?parent=11205"}],"wp:term":[{"taxonomy":"pwb-brand","embeddable":true,"href":"https:\/\/serverhot.vn\/ar\/wp-json\/wp\/v2\/pwb-brand?post=11205"},{"taxonomy":"product_cat","embeddable":true,"href":"https:\/\/serverhot.vn\/ar\/wp-json\/wp\/v2\/product_cat?post=11205"},{"taxonomy":"product_tag","embeddable":true,"href":"https:\/\/serverhot.vn\/ar\/wp-json\/wp\/v2\/product_tag?post=11205"}],"curies":[{"name":"wp","href":"https:\/\/api.w.org\/{rel}","templated":true}]}}