{"id":11233,"date":"2024-06-29T13:58:19","date_gmt":"2024-06-29T06:58:19","guid":{"rendered":"https:\/\/serverhot.vn\/product\/uncategorized\/may-scan-canon-lide-120-den-ma-san-pham-lide120\/"},"modified":"2024-06-29T13:58:21","modified_gmt":"2024-06-29T06:58:21","slug":"may-scan-canon-lide-120-den-ma-san-pham-lide120","status":"publish","type":"product","link":"https:\/\/serverhot.vn\/ar\/-product-\/may-scan-canon-lide-120-den-ma-san-pham-lide120\/","title":{"rendered":"M\u00e1y scan Canon Lide 120 (\u0110en) M\u00e3 s\u1ea3n ph\u1ea9m: LIDE120"},"content":{"rendered":"<div class=\"showText tabs\" id=\"tab2\">\n                                    <\/div>","protected":false},"excerpt":{"rendered":"<ul>\n<p>M\u00e1y scan Canon Lide 120 (\u0110en)<\/p>\n<\/ul>","protected":false},"featured_media":11234,"comment_status":"closed","ping_status":"closed","template":"","meta":[],"pwb-brand":[],"product_cat":[2910],"product_tag":[],"class_list":{"0":"post-11233","1":"product","2":"type-product","3":"status-publish","4":"has-post-thumbnail","6":"product_cat-thiet-bi-van-phong","8":"first","9":"instock","10":"shipping-taxable","11":"product-type-simple"},"brands":[],"_links":{"self":[{"href":"https:\/\/serverhot.vn\/ar\/wp-json\/wp\/v2\/product\/11233","targetHints":{"allow":["GET"]}}],"collection":[{"href":"https:\/\/serverhot.vn\/ar\/wp-json\/wp\/v2\/product"}],"about":[{"href":"https:\/\/serverhot.vn\/ar\/wp-json\/wp\/v2\/types\/product"}],"replies":[{"embeddable":true,"href":"https:\/\/serverhot.vn\/ar\/wp-json\/wp\/v2\/comments?post=11233"}],"wp:featuredmedia":[{"embeddable":true,"href":"https:\/\/serverhot.vn\/ar\/wp-json\/wp\/v2\/media\/11234"}],"wp:attachment":[{"href":"https:\/\/serverhot.vn\/ar\/wp-json\/wp\/v2\/media?parent=11233"}],"wp:term":[{"taxonomy":"pwb-brand","embeddable":true,"href":"https:\/\/serverhot.vn\/ar\/wp-json\/wp\/v2\/pwb-brand?post=11233"},{"taxonomy":"product_cat","embeddable":true,"href":"https:\/\/serverhot.vn\/ar\/wp-json\/wp\/v2\/product_cat?post=11233"},{"taxonomy":"product_tag","embeddable":true,"href":"https:\/\/serverhot.vn\/ar\/wp-json\/wp\/v2\/product_tag?post=11233"}],"curies":[{"name":"wp","href":"https:\/\/api.w.org\/{rel}","templated":true}]}}