{"id":11335,"date":"2024-06-29T14:11:21","date_gmt":"2024-06-29T07:11:21","guid":{"rendered":"https:\/\/serverhot.vn\/product\/uncategorized\/thiet-bi-mang-routerlinksys-ea7500s-ah-max-stream-ac1900-mu-mimo-ma-san-pham-ea7500s\/"},"modified":"2024-06-29T14:11:22","modified_gmt":"2024-06-29T07:11:22","slug":"thiet-bi-mang-routerlinksys-ea7500s-ah-max-stream-ac1900-mu-mimo-ma-san-pham-ea7500s","status":"publish","type":"product","link":"https:\/\/serverhot.vn\/ar\/-product-\/thiet-bi-mang-routerlinksys-ea7500s-ah-max-stream-ac1900-mu-mimo-ma-san-pham-ea7500s\/","title":{"rendered":"Thi\u1ebft B\u1ecb M\u1ea1ng RouterLinksys EA7500S-AH MAX-STREAM\u2122 AC1900 MU-MIMO M\u00e3 s\u1ea3n ph\u1ea9m: EA7500S"},"content":{"rendered":"<div class=\"showText tabs\" id=\"tab2\">\n<div class=\"box_right_pro_view\">\n<div class=\"thongso_pro a_technical\" style=\"max-height: fit-content\">\n<table width=\"692\">\n<tbody>\n<tr>\n<td width=\"177\">S\u1ea3n ph\u1ea9m<\/td>\n<td width=\"515\">B\u00f4\u0323 pha\u0301t wifi<\/td>\n<\/tr>\n<tr>\n<td>H\u00e3ng s\u1ea3n xu\u1ea5t<\/td>\n<td>Linksys<\/td>\n<\/tr>\n<tr>\n<td>Model<\/td>\n<td>EA7500S-AH MAX-STREAM\u2122 AC MU-MIMO<\/td>\n<\/tr>\n<tr>\n<td>T\u1ed1c \u0111\u1ed9 LAN<\/td>\n<td>10\/100\/1000Mbps<\/td>\n<\/tr>\n<tr>\n<td>T\u1ed1c \u0111\u1ed9 WIFI<\/td>\n<td>T\u1ed1c \u0111\u1ed9 cao Mbps (N600 + AC1300)<\/td>\n<\/tr>\n<tr>\n<td>Angten\u00a0<\/td>\n<td>3 \u0103ng ten r\u01a1\u0300i<\/td>\n<\/tr>\n<tr>\n<td>C\u1ed5ng giao ti\u1ebfp<\/td>\n<td>\u00a04 c\u1ed5ng LAN Gigabit (10\/100\/1000Mbps),\u00a0 2 c\u1ed5ng USB 3.0 cho k\u1ebft n\u1ed1i thi\u1ebft b\u1ecb l\u01b0u tr\u1eef, m\u00e1y in<\/td>\n<\/tr>\n<tr>\n<td>M\u00f4 t\u1ea3 kh\u00e1c<\/td>\n<td width=\"515\">\u00a0LINKSYS EA7500 MAX-STREAM\u2122 AC MU-MIMO GIGABIT WI-FI ROUTER<br \/>\u2022 Wi-Fi chu\u1ea9n AC m\u1edbi nh\u1ea5t v\u1edbi MU-MIMO \u0111\u1ed9t ph\u00e1 (140m2; 15 thi\u1ebft b\u1ecb)<br \/>\u2022 T\u1ed1c \u0111\u1ed9 cao Mbps (N600 + AC1300)<br \/>\u2022 Vi x\u1eed l\u00fd l\u00f5i k\u00e9p @880 MHz, RAM 128 MB, Flash 128 MB<br \/>\u2022 4 c\u1ed5ng LAN Gigabit (10\/100\/1000Mbps)<br \/>\u2022 2 b\u0103ng t\u1ea7n ph\u00e1t s\u00f3ng 2.4GHz + 5GHz<br \/>\u2022 H\u1ed7 tr\u1ee3 ch\u1ecdn c\u00f4ng su\u1ea5t s\u00f3ng ph\u00e1t theo khu v\u1ef1c<br \/>\u2022 2 c\u1ed5ng USB 3.0 cho k\u1ebft n\u1ed1i thi\u1ebft b\u1ecb l\u01b0u tr\u1eef, m\u00e1y in<br \/>\u2022 C\u00f4ng ngh\u1ec7 Beamforming ph\u00e1t s\u00f3ng t\u1eadp chung<br \/>\u2022 Qu\u1ea3n l\u00fd m\u1ea1ng m\u1ecdi n\u01a1i m\u1ecdi l\u00fac v\u1edbi \u1ee9ng d\u1ee5ng Linksys tr\u00ean smart phone\/ipad<br \/>\u2022 T\u1ed1i \u01b0u cho gi\u1ea3i tr\u00ed t\u1ed1c \u0111\u1ed9 cao, xem phim 4K, ch\u01a1i game tr\u1ef1c tuy\u1ebfn&#8230;<br \/>\u2022 Truy c\u1eadp t\u1eadp trung t\u1edbi 40-50 thi\u1ebft b\u1ecb k\u1ebft n\u1ed1i (32 user \/ b\u0103ng t\u1ea7n)<\/p>\n<\/td>\n<\/tr>\n<\/tbody>\n<\/table><\/div>\n<p>                            <!--                            <\/p>\n<div class=\"xemthem_id_r\">--><br \/>\n                            <!--                                <a><!--\/show\/?token=--><br \/>\n                            <!--\"--><br \/>\n                            <!--                                   class=\"preview fancybox fancybox.ajax\" rel=\"nofollow\"&gt;Xem th&#234;m th&#244;ng s&#7889; k&#7929; thu&#7853;t<\/a>--><br \/>\n                            <!--                            <\/div>\n<p>-->\n                        <\/p><\/div>\n<\/p><\/div>","protected":false},"excerpt":{"rendered":"<ul>\n<p><span style=\"font-family: 'Open Sans', 'Lucida Grande', 'Lucida Sans Unicode', Arial, Helvetica, Verdana, sans-serif;font-size: 12px;background-color: #ffffff\">&#8211; D\u00f2ng s\u1ea3n ph\u1ea9m: Wireless router.<\/span><br style=\"font-family: 'Open Sans', 'Lucida Grande', 'Lucida Sans Unicode', Arial, Helvetica, Verdana, sans-serif;font-size: 12px;background-color: #ffffff\"><span style=\"font-family: 'Open Sans', 'Lucida Grande', 'Lucida Sans Unicode', Arial, Helvetica, Verdana, sans-serif;font-size: 12px;background-color: #ffffff\">&#8211; H\u1ed7 tr\u1ee3: Wi-Fi 802.11ac, b\u0103ng th\u00f4ng 600+1300 Mbps.<\/span><br style=\"font-family: 'Open Sans', 'Lucida Grande', 'Lucida Sans Unicode', Arial, Helvetica, Verdana, sans-serif;font-size: 12px;background-color: #ffffff\"><span style=\"font-family: 'Open Sans', 'Lucida Grande', 'Lucida Sans Unicode', Arial, Helvetica, Verdana, sans-serif;font-size: 12px;background-color: #ffffff\">&#8211; Antenna: 3, c\u00f3 th\u1ec3 th\u00e1o r\u1eddi.<\/span><br style=\"font-family: 'Open Sans', 'Lucida Grande', 'Lucida Sans Unicode', Arial, Helvetica, Verdana, sans-serif;font-size: 12px;background-color: #ffffff\"><span style=\"font-family: 'Open Sans', 'Lucida Grande', 'Lucida Sans Unicode', Arial, Helvetica, Verdana, sans-serif;font-size: 12px;background-color: #ffffff\">&#8211; C\u1ed5ng k\u1ebft n\u1ed1i: 1*WAN gigabit, 4*LAN gigabit, 1*USB 3.0, 1*USB 2.0.<\/span><br style=\"font-family: 'Open Sans', 'Lucida Grande', 'Lucida Sans Unicode', Arial, Helvetica, Verdana, sans-serif;font-size: 12px;background-color: #ffffff\"><span style=\"font-family: 'Open Sans', 'Lucida Grande', 'Lucida Sans Unicode', Arial, Helvetica, Verdana, sans-serif;font-size: 12px;background-color: #ffffff\">&#8211; T\u00ednh n\u0103ng n\u1ed5i b\u1eadt: CPU Qualcomm dual core 1,4 GHz, AC1900 MU-MIMO dual band gigabit, Linksys Smart Wi-Fi.<\/span><br style=\"font-family: 'Open Sans', 'Lucida Grande', 'Lucida Sans Unicode', Arial, Helvetica, Verdana, sans-serif;font-size: 12px;background-color: #ffffff\"><span style=\"font-family: 'Open Sans', 'Lucida Grande', 'Lucida Sans Unicode', Arial, Helvetica, Verdana, sans-serif;font-size: 12px;background-color: #ffffff\">&#8211; C\u01a1 ch\u1ebf b\u1ea3o m\u1eadt: WEP, WPA\/WPA2-Enterprise.<\/span><br style=\"font-family: 'Open Sans', 'Lucida Grande', 'Lucida Sans Unicode', Arial, Helvetica, Verdana, sans-serif;font-size: 12px;background-color: #ffffff\"><span style=\"font-family: 'Open Sans', 'Lucida Grande', 'Lucida Sans Unicode', Arial, Helvetica, Verdana, sans-serif;font-size: 12px;background-color: #ffffff\">&#8211; K\u00edch th\u01b0\u1edbc: 25,8 x 18,4 x 5,6 cm, n\u1eb7ng 558 gram.<\/span><\/p>\n<\/ul>","protected":false},"featured_media":11336,"comment_status":"closed","ping_status":"closed","template":"","meta":[],"pwb-brand":[],"product_cat":[2907],"product_tag":[2839,55,2852],"class_list":{"0":"post-11335","1":"product","2":"type-product","3":"status-publish","4":"has-post-thumbnail","6":"product_cat-linksys","7":"product_tag-choi-game","8":"product_tag-run","9":"product_tag-wireless","11":"first","12":"instock","13":"shipping-taxable","14":"product-type-simple"},"brands":[],"_links":{"self":[{"href":"https:\/\/serverhot.vn\/ar\/wp-json\/wp\/v2\/product\/11335","targetHints":{"allow":["GET"]}}],"collection":[{"href":"https:\/\/serverhot.vn\/ar\/wp-json\/wp\/v2\/product"}],"about":[{"href":"https:\/\/serverhot.vn\/ar\/wp-json\/wp\/v2\/types\/product"}],"replies":[{"embeddable":true,"href":"https:\/\/serverhot.vn\/ar\/wp-json\/wp\/v2\/comments?post=11335"}],"wp:featuredmedia":[{"embeddable":true,"href":"https:\/\/serverhot.vn\/ar\/wp-json\/wp\/v2\/media\/11336"}],"wp:attachment":[{"href":"https:\/\/serverhot.vn\/ar\/wp-json\/wp\/v2\/media?parent=11335"}],"wp:term":[{"taxonomy":"pwb-brand","embeddable":true,"href":"https:\/\/serverhot.vn\/ar\/wp-json\/wp\/v2\/pwb-brand?post=11335"},{"taxonomy":"product_cat","embeddable":true,"href":"https:\/\/serverhot.vn\/ar\/wp-json\/wp\/v2\/product_cat?post=11335"},{"taxonomy":"product_tag","embeddable":true,"href":"https:\/\/serverhot.vn\/ar\/wp-json\/wp\/v2\/product_tag?post=11335"}],"curies":[{"name":"wp","href":"https:\/\/api.w.org\/{rel}","templated":true}]}}