{"id":11475,"date":"2024-06-29T14:28:58","date_gmt":"2024-06-29T07:28:58","guid":{"rendered":"https:\/\/serverhot.vn\/product\/uncategorized\/may-tinh-de-ban-dell-inspiron-3020-t-i7-13700-16gb-512gb-ssd-intel-uhd-graphics-770-axbt-kb-m-officehs21-win-11-home-1y-wty-71011267-ma-san-pham-71011267\/"},"modified":"2024-06-29T14:28:59","modified_gmt":"2024-06-29T07:28:59","slug":"may-tinh-de-ban-dell-inspiron-3020-t-i7-13700-16gb-512gb-ssd-intel-uhd-graphics-770-axbt-kb-m-officehs21-win-11-home-1y-wty-71011267-ma-san-pham-71011267","status":"publish","type":"product","link":"https:\/\/serverhot.vn\/ar\/-product-\/may-tinh-de-ban-dell-inspiron-3020-t-i7-13700-16gb-512gb-ssd-intel-uhd-graphics-770-axbt-kb-m-officehs21-win-11-home-1y-wty-71011267-ma-san-pham-71011267\/","title":{"rendered":"M\u00e1y t\u00ednh \u0111\u1ec3 b\u00e0n Dell Inspiron 3020 T, i7-13700, 16GB, 512GB SSD, Intel UHD Graphics 770, ax+BT, KB, M, OfficeHS21, Win 11 Home, 1Y WTY (71011267) M\u00e3 s\u1ea3n ph\u1ea9m: 71011267"},"content":{"rendered":"<div class=\"showText tabs\" id=\"tab2\">\n                                    <\/div>","protected":false},"excerpt":{"rendered":"<ul>\n                            CPU: Intel Core i7-13700<br \/>\nRam: 1x 16GB<br \/>\n\u1ed4 c\u1ee9ng: 512GB SSD<br \/>\n\u1ed4 quang: kh\u00f4ng c\u00f3<br \/>\nT\u00ednh n\u0103ng: WLAN + Bluetooth<br \/>\nPh\u1ee5 ki\u1ec7n: ph\u00edm &amp; chu\u1ed9t<br \/>\nOS: Windows 11 Home SL + Office                         <\/ul>","protected":false},"featured_media":11476,"comment_status":"closed","ping_status":"closed","template":"","meta":[],"pwb-brand":[],"product_cat":[2886],"product_tag":[],"class_list":{"0":"post-11475","1":"product","2":"type-product","3":"status-publish","4":"has-post-thumbnail","6":"product_cat-dell-workstation","8":"first","9":"instock","10":"shipping-taxable","11":"product-type-simple"},"brands":[],"_links":{"self":[{"href":"https:\/\/serverhot.vn\/ar\/wp-json\/wp\/v2\/product\/11475","targetHints":{"allow":["GET"]}}],"collection":[{"href":"https:\/\/serverhot.vn\/ar\/wp-json\/wp\/v2\/product"}],"about":[{"href":"https:\/\/serverhot.vn\/ar\/wp-json\/wp\/v2\/types\/product"}],"replies":[{"embeddable":true,"href":"https:\/\/serverhot.vn\/ar\/wp-json\/wp\/v2\/comments?post=11475"}],"wp:featuredmedia":[{"embeddable":true,"href":"https:\/\/serverhot.vn\/ar\/wp-json\/wp\/v2\/media\/11476"}],"wp:attachment":[{"href":"https:\/\/serverhot.vn\/ar\/wp-json\/wp\/v2\/media?parent=11475"}],"wp:term":[{"taxonomy":"pwb-brand","embeddable":true,"href":"https:\/\/serverhot.vn\/ar\/wp-json\/wp\/v2\/pwb-brand?post=11475"},{"taxonomy":"product_cat","embeddable":true,"href":"https:\/\/serverhot.vn\/ar\/wp-json\/wp\/v2\/product_cat?post=11475"},{"taxonomy":"product_tag","embeddable":true,"href":"https:\/\/serverhot.vn\/ar\/wp-json\/wp\/v2\/product_tag?post=11475"}],"curies":[{"name":"wp","href":"https:\/\/api.w.org\/{rel}","templated":true}]}}