{"id":11620,"date":"2024-06-29T14:46:10","date_gmt":"2024-06-29T07:46:10","guid":{"rendered":"https:\/\/serverhot.vn\/product\/uncategorized\/thiet-bi-mang-switch-planet-sgs-6341-24t4x-ma-san-pham-sgs-6341-24t4x\/"},"modified":"2024-06-29T14:46:12","modified_gmt":"2024-06-29T07:46:12","slug":"thiet-bi-mang-switch-planet-sgs-6341-24t4x-ma-san-pham-sgs-6341-24t4x","status":"publish","type":"product","link":"https:\/\/serverhot.vn\/ar\/-product-\/thiet-bi-mang-switch-planet-sgs-6341-24t4x-ma-san-pham-sgs-6341-24t4x\/","title":{"rendered":"Thi\u1ebft B\u1ecb M\u1ea1ng Switch Planet SGS-6341-24T4X M\u00e3 s\u1ea3n ph\u1ea9m: SGS-6341-24T4X"},"content":{"rendered":"<div class=\"showText tabs\" id=\"tab2\">\n<div class=\"box_right_pro_view\">\n<div class=\"thongso_pro a_technical\" style=\"max-height: fit-content\">\n<div>\n<div>\n<div>\n<div>\n<div id=\"nav-tabContent\">\n<div id=\"nav-spec\" role=\"tabpanel\" aria-labelledby=\"nav-spec-tab\">\n<div>\n<table border=\"1\">\n<thead>\n<tr>\n<th colspan=\"2\">TH\u00d4NG S\u1ed0 K\u1ef8 THU\u1eacT PH\u1ea6N C\u1ee8NG<\/th>\n<\/tr>\n<\/thead>\n<tbody>\n<tr>\n<td>Phi\u00ean b\u1ea3n ph\u1ea7n c\u1ee9ng<\/td>\n<td>2<\/td>\n<\/tr>\n<tr>\n<td>C\u1ed5ng \u0111\u1ed3ng<\/td>\n<td>24 c\u1ed5ng 10\/100 \/ 1000BASE-T RJ45 t\u1ef1 \u0111\u1ed9ng MDI \/ MDI-X<\/td>\n<\/tr>\n<tr>\n<td>SFP + Slots<\/td>\n<td>4 giao di\u1ec7n 10GBASE-SR \/ LR SFP + (c\u1ed5ng-25 \u0111\u1ebfn c\u1ed5ng-28)<br \/>T\u01b0\u01a1ng th\u00edch v\u1edbi b\u1ed9 thu ph\u00e1t SFP 1000BASE-SX \/ LX \/ BX<\/td>\n<\/tr>\n<tr>\n<td>B\u1ea3ng \u0111i\u1ec1u khi\u1ec3n<\/td>\n<td>1 x c\u1ed5ng n\u1ed1i ti\u1ebfp RJ45-to-RS232 (115200, 8, N, 1)<\/td>\n<\/tr>\n<tr>\n<td>Chuy\u1ec3n \u0111\u1ed5i ki\u1ebfn \u200b\u200btr\u00fac<\/td>\n<td>L\u01b0u tr\u1eef v\u00e0 chuy\u1ec3n ti\u1ebfp<\/td>\n<\/tr>\n<tr>\n<td>Chuy\u1ec3n v\u1ea3i<\/td>\n<td>128Gbps \/ kh\u00f4ng ch\u1eb7n<\/td>\n<\/tr>\n<tr>\n<td>Chuy\u1ec3n \u0111\u1ed5i th\u00f4ng l\u01b0\u1ee3ng<\/td>\n<td>95,23Mpps<\/td>\n<\/tr>\n<tr>\n<td>B\u1ea3ng \u0111\u1ecba ch\u1ec9<\/td>\n<td>B\u1ea3ng \u0111\u1ecba ch\u1ec9 MAC 16K v\u1edbi ch\u1ee9c n\u0103ng t\u1ef1 \u0111\u1ed9ng h\u1ecdc<\/td>\n<\/tr>\n<tr>\n<td>B\u1ea3ng ARP<\/td>\n<td>4K<\/td>\n<\/tr>\n<tr>\n<td>B\u1ea3ng \u0111\u1ecbnh tuy\u1ebfn<\/td>\n<td>1024 (IPv4 + IPv6)<\/td>\n<\/tr>\n<tr>\n<td>Giao di\u1ec7n IP<\/td>\n<td>1024<\/td>\n<\/tr>\n<tr>\n<td>B\u1ea3ng ACL<\/td>\n<td>1024<\/td>\n<\/tr>\n<tr>\n<td>B\u1ed9 \u0111\u1ec7m d\u1eef li\u1ec7u \u0111\u01b0\u1ee3c chia s\u1ebb<\/td>\n<td>1,5 MB<\/td>\n<\/tr>\n<tr>\n<td>Ki\u1ec3m so\u00e1t l\u01b0u l\u01b0\u1ee3ng<\/td>\n<td>\u00c1p l\u1ef1c ng\u01b0\u1ee3c cho<br \/>khung t\u1ea1m d\u1eebng IEEE 802.3x b\u00e1n song c\u00f4ng cho ch\u1ebf \u0111\u1ed9 song c\u00f4ng ho\u00e0n to\u00e0n<\/td>\n<\/tr>\n<tr>\n<td>Khung Jumbo<\/td>\n<td>10KB<\/td>\n<\/tr>\n<tr>\n<td>\u0110\u00e8n LED<\/td>\n<td>H\u1ec7 th\u1ed1ng:<br \/>PWR \/ DC \/ MGMT \/ SYS<br \/>C\u1ed5ng:<br \/>10\/100\/1000T C\u1ed5ng RJ45: LNK \/ ACT<br \/>1 \/ 10G SFP + khe c\u1eafm: LNK \/ ACT<\/td>\n<\/tr>\n<tr>\n<td>K\u00edch th\u01b0\u1edbc (W x D x H)<\/td>\n<td>440 x 240 x 43,6 mm, chi\u1ec1u cao 1U<\/td>\n<\/tr>\n<tr>\n<td>C\u00e2n n\u1eb7ng<\/td>\n<td>3170g<\/td>\n<\/tr>\n<tr>\n<td>S\u1ef1 ti\u00eau th\u1ee5 n\u0103ng l\u01b0\u1ee3ng<\/td>\n<td>26 watt \/ 88,66 BTU<\/td>\n<\/tr>\n<tr>\n<td>Y\u00eau c\u1ea7u v\u1ec1 ngu\u1ed3n \u0111i\u1ec7n<\/td>\n<td>AC 100 ~ 240V, 50 \/ 60Hz<\/td>\n<\/tr>\n<tr>\n<td>Qu\u1ea1t<\/td>\n<td>Thi\u1ebft k\u1ebf kh\u00f4ng qu\u1ea1t<\/td>\n<\/tr>\n<\/tbody>\n<thead>\n<tr>\n<th colspan=\"2\">CH\u1ee8C N\u0102NG IPV4 L\u1edaP 3<\/th>\n<\/tr>\n<\/thead>\n<tbody>\n<tr>\n<td>Giao th\u1ee9c \u0111\u1ecbnh tuy\u1ebfn IP<\/td>\n<td>\u25a0 \u0110\u1ecbnh tuy\u1ebfn t\u0129nh<br \/>\u25a0 RIPv1 \/ v2<br \/>\u25a0 OSPFv2<br \/>\u25a0 BGPv4<br \/>\u25a0 \u0110\u1ecbnh tuy\u1ebfn d\u1ef1a tr\u00ean ch\u00ednh s\u00e1ch (PBR)<br \/>\u25a0 \u0110\u1ecbnh tuy\u1ebfn LPM (x\u00e1c th\u1ef1c MD5)<\/td>\n<\/tr>\n<tr>\n<td>Giao th\u1ee9c \u0111\u1ecbnh tuy\u1ebfn \u0111a h\u01b0\u1edbng<\/td>\n<td>\u25a0 IGMP v1 \/ v2 \/ v3<br \/>\u25a0 DVMRP<br \/>\u25a0 PIM-DM \/ SM<br \/>\u25a0 PIM-SSM<\/td>\n<\/tr>\n<tr>\n<td>Giao th\u1ee9c l\u1edbp 3<\/td>\n<td>\u25a0 VRRP v1 \/ v3<br \/>\u25a0 ARP<br \/>\u25a0 ARP Proxy<br \/>\u25a0 IGMP Proxy<\/td>\n<\/tr>\n<\/tbody>\n<thead>\n<tr>\n<th colspan=\"2\">CH\u1ee8C N\u0102NG L\u1edaP 3 C\u1ee6A IPV6<\/th>\n<\/tr>\n<\/thead>\n<tbody>\n<tr>\n<td>Giao th\u1ee9c \u0111\u1ecbnh tuy\u1ebfn IP<\/td>\n<td>\u25a0 RIPng<br \/>\u25a0 OSPFv3<br \/>\u25a0 BGPv4 +<br \/>\u25a0 \u0110\u1ecbnh tuy\u1ebfn IPv6 LPM<br \/>\u25a0 \u0110\u1ecbnh tuy\u1ebfn d\u1ef1a tr\u00ean ch\u00ednh s\u00e1ch (PBR)<br \/>IPv6 \u25a0 IPv6 VRRPv3<br \/>\u25a0 IPv6 URPF<br \/>\u25a0 IPv6 RA<\/td>\n<\/tr>\n<tr>\n<td>Giao th\u1ee9c \u0111\u1ecbnh tuy\u1ebfn \u0111a h\u01b0\u1edbng<\/td>\n<td>\u25a0 PIM-SM \/ DM cho IPv6<br \/>\u25a0 MLD cho IPv6 (v1)<br \/>\u25a0 MLDv1 \/ v2<br \/>\u25a0 MLD Snooping, 6 \u0111\u1ebfn 4 \u0111\u01b0\u1eddng h\u1ea7m<br \/>\u25a0 IPv6 B\u1ea5t k\u1ef3 RP n\u00e0o<br \/>\u25a0 Ki\u1ec3m so\u00e1t nh\u1eadn<br \/>\u0111a h\u01b0\u1edbng \u25a0 Ph\u00e1t hi\u1ec7n ngu\u1ed3n ph\u00e1t \u0111a h\u01b0\u1edbng b\u1ea5t h\u1ee3p ph\u00e1p<\/td>\n<\/tr>\n<tr>\n<td>Giao th\u1ee9c l\u1edbp 3<\/td>\n<td>\u25a0 \u0110\u01b0\u1eddng h\u1ea7m \u0111\u01b0\u1ee3c \u0111\u1ecbnh c\u1ea5u h\u00ecnh<br \/>\u25a0 ISATAP<br \/>\u25a0 \u0110\u01b0\u1eddng h\u1ea7m GRE<\/td>\n<\/tr>\n<tr>\n<td>Kh\u00e1c<\/td>\n<td>ICMPv6, ND, DNSv6<\/td>\n<\/tr>\n<\/tbody>\n<thead>\n<tr>\n<th colspan=\"2\">CH\u1ee8C N\u0102NG L\u1edaP 2<\/th>\n<\/tr>\n<\/thead>\n<tbody>\n<tr>\n<td>C\u1ea5u h\u00ecnh c\u1ed5ng<\/td>\n<td>T\u1eaft \/ b\u1eadt c\u1ed5ng<br \/>T\u1ef1 \u0111\u1ed9ng th\u01b0\u01a1ng l\u01b0\u1ee3ng L\u1ef1a ch\u1ecdn ch\u1ebf \u0111\u1ed9 song c\u00f4ng 10\/100 \/ 1000Mbps 10\/100 \/ 1000Mbps<br \/>\u0110i\u1ec1u khi\u1ec3n lu\u1ed3ng t\u1eaft \/ b\u1eadt<br \/>Ki\u1ec3m so\u00e1t b\u0103ng th\u00f4ng tr\u00ean m\u1ed7i c\u1ed5ng Ph\u00e1t<br \/>hi\u1ec7n l\u1eb7p l\u1ea1i c\u1ed5ng<\/td>\n<\/tr>\n<tr>\n<td>Tr\u1ea1ng th\u00e1i c\u1ed5ng<\/td>\n<td>Hi\u1ec3n th\u1ecb ch\u1ebf \u0111\u1ed9 song c\u00f4ng t\u1ed1c \u0111\u1ed9 c\u1ee7a m\u1ed7i c\u1ed5ng, tr\u1ea1ng th\u00e1i li\u00ean k\u1ebft, tr\u1ea1ng th\u00e1i \u0111i\u1ec1u khi\u1ec3n lu\u1ed3ng v\u00e0 tr\u1ea1ng th\u00e1i th\u01b0\u01a1ng l\u01b0\u1ee3ng t\u1ef1 \u0111\u1ed9ng<\/td>\n<\/tr>\n<tr>\n<td>VLAN<\/td>\n<td>VLAN d\u1ef1a tr\u00ean g\u1eafn th\u1ebb 802.1Q, t\u1ed1i \u0111a 4K nh\u00f3m VLAN<br \/>802.1ad Q-in-Q (x\u1ebfp ch\u1ed3ng VLAN)<br \/>GVRP \u0111\u1ec3 qu\u1ea3n l\u00fd<br \/>VLAN Ri\u00eang VLAN Edge (PVE) \u0111\u01b0\u1ee3c h\u1ed7 tr\u1ee3<br \/>Giao th\u1ee9c VLAN d\u1ef1a tr\u00ean<br \/>MAC M\u1ea1ng<br \/>con VLAN IP VLAN<\/td>\n<\/tr>\n<tr>\n<td>Ki\u1ec3m so\u00e1t b\u0103ng th\u00f4ng<\/td>\n<td>TX \/ RX \/ C\u1ea3 hai<\/td>\n<\/tr>\n<tr>\n<td>Li\u00ean k\u1ebft t\u1eadp h\u1ee3p<\/td>\n<td>IEEE 802.3ad LACP \/ trung k\u1ebf t\u0129nh<br \/>H\u1ed7 tr\u1ee3 128 nh\u00f3m v\u1edbi 8 c\u1ed5ng cho m\u1ed7i nh\u00f3m trung k\u1ebf<\/td>\n<\/tr>\n<tr>\n<td>QoS<\/td>\n<td>8 h\u00e0ng \u0111\u1ee3i \u01b0u ti\u00ean tr\u00ean t\u1ea5t c\u1ea3 c\u00e1c c\u1ed5ng chuy\u1ec3n m\u1ea1ch<br \/>H\u1ed7 tr\u1ee3 ch\u00ednh s\u00e1ch CoS \u01b0u ti\u00ean nghi\u00eam ng\u1eb7t v\u00e0 Tr\u1ecdng s\u1ed1 V\u00f2ng tr\u00f2n (WRR)<br \/>Ph\u00e2n lo\u1ea1i l\u01b0u l\u01b0\u1ee3ng:<br \/>\u2013 IEEE 802.1p CoS \/ ToS<br \/>\u2013 IPv4 \/ IPv6 DSCP<br \/>\u2013 WRR d\u1ef1a tr\u00ean c\u1ed5ng<\/td>\n<\/tr>\n<tr>\n<td>Multicast<\/td>\n<td>IPv4 IGMP v1 \/ v2 \/ v3 snooping<br \/>Ch\u1ebf \u0111\u1ed9 truy xu\u1ea5t IPv4 H\u1ed7 tr\u1ee3<br \/>IPv6 MLD v1 \/ v2 snooping<br \/>\u0110\u0103ng k\u00fd \u0111a ph\u01b0\u01a1ng ti\u1ec7n VLAN (MVR)<br \/>L\u00ean \u0111\u1ebfn 1024 nh\u00f3m \u0111a h\u01b0\u1edbng<\/td>\n<\/tr>\n<tr>\n<td>Danh s\u00e1ch \u0111i\u1ec1u khi\u1ec3n truy c\u1eadp<\/td>\n<td>H\u1ed7 tr\u1ee3 ACL Ti\u00eau chu\u1ea9n v\u00e0 M\u1edf r\u1ed9ng ACL<br \/>d\u1ef1a tr\u00ean IP \/ ACL d\u1ef1a tr\u00ean MAC ACL d\u1ef1a tr\u00ean<br \/>th\u1eddi gian ACL<br \/>l\u00ean \u0111\u1ebfn 1K m\u1ee5c nh\u1eadp<\/td>\n<\/tr>\n<tr>\n<td>B\u1ea3o v\u1ec7<\/td>\n<td>C\u00e1ch ly c\u1ed5ng<br \/>H\u1ed7 tr\u1ee3 li\u00ean k\u1ebft c\u1ed5ng IP + MAC +<br \/>Nh\u1eadn d\u1ea1ng v\u00e0 l\u1ecdc ACL d\u1ef1a tr\u00ean L2 \/ L3 \/ L4<br \/>B\u1ea3o v\u1ec7 ch\u1ed1ng l\u1ea1i c\u00e1c cu\u1ed9c t\u1ea5n c\u00f4ng DOS ho\u1eb7c TCP<br \/>Ng\u0103n ch\u1eb7n ph\u00e1t s\u00f3ng, ph\u00e1t \u0111a h\u01b0\u1edbng v\u00e0 g\u00f3i tin unicast kh\u00f4ng x\u00e1c \u0111\u1ecbnh<br \/>DHCP Snooping, DHCP T\u00f9y ch\u1ecdn 82<br \/>Ki\u1ec3m so\u00e1t quy\u1ec1n h\u1ea1n d\u00f2ng l\u1ec7nh d\u1ef1a tr\u00ean c\u1ea5p \u0111\u1ed9 ng\u01b0\u1eddi d\u00f9ng<\/td>\n<\/tr>\n<tr>\n<td>X\u00e1c th\u1ef1c<\/td>\n<td>Ki\u1ec3m so\u00e1t truy c\u1eadp m\u1ea1ng d\u1ef1a tr\u00ean c\u1ed5ng IEEE 802.1x<br \/>X\u00e1c th\u1ef1c AAA: TACACS + v\u00e0 IPv4 \/ IPv6 qua RADIUS<\/td>\n<\/tr>\n<\/tbody>\n<thead>\n<tr>\n<th colspan=\"2\">CH\u01afC N\u0102NG QUA\u0309N L\u00dd<\/th>\n<\/tr>\n<\/thead>\n<tbody>\n<tr>\n<td>C\u1ea5u h\u00ecnh h\u1ec7 th\u00f4ng<\/td>\n<td>B\u1ea3ng \u0111i\u1ec1u khi\u1ec3n, Telnet, Tr\u00ecnh duy\u1ec7t web, SNMP v1, v2c<\/td>\n<\/tr>\n<tr>\n<td>Giao di\u1ec7n qu\u1ea3n l\u00fd an to\u00e0n<\/td>\n<td>SSHv1 \/ v2, SSL, SNMPv3<\/td>\n<\/tr>\n<tr>\n<td>S\u1ef1 qu\u1ea3n l\u00fd<\/td>\n<td>Qu\u1ea3n l\u00fd ng\u0103n x\u1ebfp k\u00e9p IPv4 v\u00e0 IPv6<br \/>Ki\u1ec3m tra b\u1ea3o m\u1eadt IP c\u1ee7a ng\u01b0\u1eddi d\u00f9ng cho IPv4 \/ IPv6 SNMP<br \/>SNMP v1, v2c v\u00e0 v3<br \/>SNMP MIB v\u00e0 TRAP<br \/>SNMP RMON 1, 2, 3, 9 b\u1ed1n nh\u00f3m<br \/>IPv4 \/ IPv6 FTP \/ TFTP<br \/>IPv4 \/ IPv6 NTP<br \/>RADIUS x\u00e1c th\u1ef1c cho IPv4 \/ IPv6 T\u00ean ng\u01b0\u1eddi d\u00f9ng Telnet v\u00e0 m\u1eadt kh\u1ea9u<br \/>IPv4 \/ IPv6 SSH<br \/>C\u1ea5u h\u00ecnh ph\u00f9 h\u1ee3p \u0111\u1ec3 ng\u01b0\u1eddi d\u00f9ng \u00e1p d\u1ee5ng qu\u1ea3n l\u00fd tr\u00ecnh bao c\u1ee7a m\u00e1y ch\u1ee7 RADIUS<br \/>CLI, b\u1ea3ng \u0111i\u1ec1u khi\u1ec3n,<br \/>ch\u1ee9c n\u0103ng qu\u1ea3n l\u00fd m\u1ea1ng an to\u00e0n IP c\u1ee7a\u00a0Telnet\u00a0Security: tr\u00e1nh h\u1ea1 c\u00e1nh b\u1ea5t h\u1ee3p ph\u00e1p v\u00e0o<br \/>m\u00e1y ch\u1ee7 Syslog\u00a0khu v\u1ef1c phi \u0111\u1ea5t \u0111ai\u00a0cho IPv4 v\u00e0 IPv6<br \/>TACACS +<\/td>\n<\/tr>\n<tr>\n<td>Danh s\u00e1ch t\u01b0\u01a1ng th\u00edch c\u1ee5m IP (x\u1ebfp ch\u1ed3ng)<\/td>\n<td>XGS3-24242v2<br \/>XGS3-24042v3<br \/>SGS-6341-24T4Xv2<br \/>SGS-6341-24P4Xv2<br \/>SGS-6341-16S8C4XR<br \/>SGS-6341-48T4X<br \/>XGS-5240-24X2QR<\/td>\n<\/tr>\n<tr>\n<td>Danh s\u00e1ch t\u01b0\u01a1ng th\u00edch x\u1ebfp ch\u1ed3ng ph\u1ea7n c\u1ee9ng<\/td>\n<td>SGS-6341-24T4Xv2<br \/>SGS-6341-24P4Xv2<br \/>SGS-6341-16S8C4XR<br \/>SGS-6341-48T4X<\/td>\n<\/tr>\n<tr>\n<td>SNMP MIB<\/td>\n<td>RFC 1213 MIB-II<br \/>RFC 1215 Internet Engineering Task Force<br \/>RFC 1271 RMON<br \/>RFC 1354 IP-Forwarding MIB<br \/>RFC 1493 C\u1ea7u MIB<br \/>RFC 1643 Ether-like MIB<br \/>RFC 1907 SNMP v2<br \/>RFC 2011 IP \/ ICMP MIB<br \/>RFC 2012 TCP MIB<br \/>RFC 2013 UDP MIB<br \/>RFC 2096 Chuy\u1ec3n ti\u1ebfp IP MIB<br \/>RFC 2233 n\u1ebfu MIB<br \/>RFC 2452 TCP6 MIB<br \/>RFC 2454 UDP6 MIB<br \/>RFC 2465 IPv6 MIB<br \/>RFC 2466 ICMP6 MIB<br \/>RFC 2573 SNMP v3 th\u00f4ng b\u00e1o cho<br \/>RFC 2574 SNMP v3 b\u1ecf tr\u1ed1ng<br \/>RFC 2674 Ph\u1ea7n m\u1edf r\u1ed9ng MIB C\u1ea7u n\u1ed1i (IEEE 802.1Q MIB)<br \/>Ph\u1ea7n m\u1edf r\u1ed9ng RFC 2674 C\u1ea7u MIB ( IEEE 802.1P MIB)<\/td>\n<\/tr>\n<\/tbody>\n<thead>\n<tr>\n<th colspan=\"2\">S\u1ef0 PH\u00d9 H\u1ee2P TI\u00caU CHU\u1ea8N<\/th>\n<\/tr>\n<\/thead>\n<tbody>\n<tr>\n<td>Tu\u00e2n th\u1ee7 quy \u0111\u1ecbnh<\/td>\n<td>FCC Ph\u1ea7n 15 L\u1edbp A, CE<\/td>\n<\/tr>\n<tr>\n<td>Tu\u00e2n th\u1ee7 ti\u00eau chu\u1ea9n<\/td>\n<td>IEEE 802.3 10BASE-T<br \/>IEEE 802.3u 100BASE-TX<br \/>IEEE 802.3z Gigabit 1000BASE-SX \/ LX<br \/>IEEE 802.3ab Gigabit 1000BASE-T<br \/>IEEE 802.3ae 10Gb \/ s Ethernet<br \/>IEEE 802.3x \u0111i\u1ec1u khi\u1ec3n lu\u1ed3ng v\u00e0 \u00e1p su\u1ea5t ng\u01b0\u1ee3c<br \/>IEEE 802.3ad c\u1ed5ng trung k\u1ebf v\u1edbi LACP<br \/>IEEE Giao th\u1ee9c c\u00e2y k\u00e9o d\u00e0i 802.1D<br \/>IEEE 802.1w\u00a0Giao th\u1ee9c c\u00e2y k\u00e9o d\u00e0i\u00a0nhanh<br \/>IEEE 802.1s\u00a0Giao th\u1ee9c c\u00e2y nhi\u1ec1u\u00a0khung<br \/>IEEE 802.1p L\u1edbp d\u1ecbch v\u1ee5<br \/>IEEE 802.1Q G\u1eafn th\u1ebb VLAN IEEE 802.1Q<br \/>\u0110i\u1ec1u khi\u1ec3n m\u1ea1ng x\u00e1c th\u1ef1c c\u1ed5ng<br \/>IEEE 802.1ab LLDP<br \/>RFC 768 UDP<br \/>RFC 793 TFTP<br \/>RFC 791 IP<br \/>RFC 792 ICMP<br \/>RFC 2068 HTTP<br \/>RFC 1112 IGMP v1<br \/>RFC 2236 IGMP v2<br \/>RFC 3376 IGMP v3<br \/>RFC 2710 MLD v1<br \/>FRC 3810 MLD v2<br \/>RFC 2328 OSPF v2<br \/>RFC 1058 RIP v1<br \/>RFC 2453 RIP v2<br \/>ITU-T G.8032 ERPS Ring<\/td>\n<\/tr>\n<\/tbody>\n<thead>\n<tr>\n<th colspan=\"2\">M\u00d4I TR\u01af\u1edcNG<\/th>\n<\/tr>\n<\/thead>\n<tbody>\n<tr>\n<td>\u0110i\u1ec1u h\u00e0nh<\/td>\n<td>Nhi\u1ec7t \u0111\u1ed9: 0 ~ 50 \u0111\u1ed9 C<br \/>\u0110\u1ed9 \u1ea9m t\u01b0\u01a1ng \u0111\u1ed1i: 5 ~ 90% (kh\u00f4ng ng\u01b0ng t\u1ee5)<\/td>\n<\/tr>\n<tr>\n<td>L\u01b0u tr\u1eef<\/td>\n<td>Nhi\u1ec7t \u0111\u1ed9: -10 ~ 70 \u0111\u1ed9 C<br \/>\u0110\u1ed9 \u1ea9m t\u01b0\u01a1ng \u0111\u1ed1i: 5 ~ 90% (kh\u00f4ng ng\u01b0ng t\u1ee5)<\/td>\n<\/tr>\n<\/tbody>\n<\/table>\n<\/div>\n<\/div>\n<\/div>\n<\/div>\n<\/div>\n<\/div>\n<\/div>\n<div>\n<div>\n<div>\n<div>\n<table border=\"1\">\n<thead>\n<tr>\n<th colspan=\"2\">TH\u00d4NG TIN \u0110\u1eb6T H\u00c0NG<\/th>\n<\/tr>\n<\/thead>\n<tbody>\n<tr>\n<td>\n<p>SGS-6341-24T4X<\/p>\n<\/td>\n<td>L\u1edbp 3 24 c\u1ed5ng 10\/100 \/ 1000T + 4 c\u1ed5ng 10G SFP + C\u00f4ng t\u1eafc qu\u1ea3n l\u00fd c\u00f3 th\u1ec3 x\u1ebfp ch\u1ed3ng<\/td>\n<\/tr>\n<\/tbody>\n<\/table>\n<\/div>\n<\/div>\n<\/div>\n<\/div><\/div>\n<p>                            <!--                            <\/p>\n<div class=\"xemthem_id_r\">--><br \/>\n                            <!--                                <a><!--\/show\/?token=--><br \/>\n                            <!--\"--><br \/>\n                            <!--                                   class=\"preview fancybox fancybox.ajax\" rel=\"nofollow\"&gt;Xem th&#234;m th&#244;ng s&#7889; k&#7929; thu&#7853;t<\/a>--><br \/>\n                            <!--                            <\/div>\n<p>-->\n                        <\/p><\/div>\n<\/p><\/div>","protected":false},"excerpt":{"rendered":"<ul>\n<ul>\n<li>24 c\u1ed5ng 10\/100 \/ 1000BASE-T RJ45<\/li>\n<li>4 khe c\u1eafm 10GBASE-SR \/ LR SFP + , t\u01b0\u01a1ng th\u00edch v\u1edbi 1000BASE-SX \/ LX \/ BX SFP<\/li>\n<li>Giao di\u1ec7n b\u1ea3ng \u0111i\u1ec1u khi\u1ec3n RJ45 sang DB9 \u0111\u1ec3 chuy\u1ec3n \u0111\u1ed5i thi\u1ebft l\u1eadp v\u00e0 qu\u1ea3n l\u00fd c\u01a1 b\u1ea3n<\/li>\n<li>H\u1ed7 tr\u1ee3 VLAN, h\u1ed7 tr\u1ee3 giao th\u1ee9c Spanning Tree, h\u1ed7 tr\u1ee3 IGMP snooping, h\u1ed7 tr\u1ee3 MLD snooping<\/li>\n<li>Qu\u1ea3n l\u00fd chuy\u1ec3n \u0111\u1ed5i web, d\u00f2ng l\u1ec7nh Console \/ Telnet, chuy\u1ec3n m\u1ea1ch SNMP ,IPv4<\/li>\n<li>H\u1ed7 tr\u1ee3 ch\u1ee9c n\u0103ng SFP-DDM<\/li>\n<\/ul>\n<\/ul>","protected":false},"featured_media":11621,"comment_status":"closed","ping_status":"closed","template":"","meta":[],"pwb-brand":[],"product_cat":[2903],"product_tag":[55,2849],"class_list":{"0":"post-11620","1":"product","2":"type-product","3":"status-publish","4":"has-post-thumbnail","6":"product_cat-planet","7":"product_tag-run","8":"product_tag-switch","10":"first","11":"instock","12":"shipping-taxable","13":"product-type-simple"},"brands":[],"_links":{"self":[{"href":"https:\/\/serverhot.vn\/ar\/wp-json\/wp\/v2\/product\/11620","targetHints":{"allow":["GET"]}}],"collection":[{"href":"https:\/\/serverhot.vn\/ar\/wp-json\/wp\/v2\/product"}],"about":[{"href":"https:\/\/serverhot.vn\/ar\/wp-json\/wp\/v2\/types\/product"}],"replies":[{"embeddable":true,"href":"https:\/\/serverhot.vn\/ar\/wp-json\/wp\/v2\/comments?post=11620"}],"wp:featuredmedia":[{"embeddable":true,"href":"https:\/\/serverhot.vn\/ar\/wp-json\/wp\/v2\/media\/11621"}],"wp:attachment":[{"href":"https:\/\/serverhot.vn\/ar\/wp-json\/wp\/v2\/media?parent=11620"}],"wp:term":[{"taxonomy":"pwb-brand","embeddable":true,"href":"https:\/\/serverhot.vn\/ar\/wp-json\/wp\/v2\/pwb-brand?post=11620"},{"taxonomy":"product_cat","embeddable":true,"href":"https:\/\/serverhot.vn\/ar\/wp-json\/wp\/v2\/product_cat?post=11620"},{"taxonomy":"product_tag","embeddable":true,"href":"https:\/\/serverhot.vn\/ar\/wp-json\/wp\/v2\/product_tag?post=11620"}],"curies":[{"name":"wp","href":"https:\/\/api.w.org\/{rel}","templated":true}]}}