{"id":11881,"date":"2024-06-29T15:23:24","date_gmt":"2024-06-29T08:23:24","guid":{"rendered":"https:\/\/serverhot.vn\/product\/uncategorized\/thiet-bi-mang-switch-tp-link-gigabit-5-ports-rj45-10-100-1000mbps-tl-sg105-ma-san-pham-tl-sg105\/"},"modified":"2024-06-29T15:23:25","modified_gmt":"2024-06-29T08:23:25","slug":"thiet-bi-mang-switch-tp-link-gigabit-5-ports-rj45-10-100-1000mbps-tl-sg105-ma-san-pham-tl-sg105","status":"publish","type":"product","link":"https:\/\/serverhot.vn\/ar\/-product-\/thiet-bi-mang-switch-tp-link-gigabit-5-ports-rj45-10-100-1000mbps-tl-sg105-ma-san-pham-tl-sg105\/","title":{"rendered":"Thi\u1ebft B\u1ecb M\u1ea1ng Switch TP-Link Gigabit 5 Ports RJ45 10\/100\/1000Mbps TL-SG105 M\u00e3 s\u1ea3n ph\u1ea9m: TL-SG105"},"content":{"rendered":"<div class=\"showText tabs\" id=\"tab2\">\n<div class=\"box_right_pro_view\">\n<div class=\"thongso_pro a_technical\" style=\"max-height: fit-content\">\n<table border=\"1\">\n<tbody>\n<tr id=\"tr_1079\">\n<th width=\"35%\">Chu\u1ea9n v\u00e0 Giao th\u1ee9c<\/th>\n<td width=\"65%\">IEEE 802.3i\/802.3u\/ 802.3ab\/802.3x, IEEE 802.1p<\/td>\n<\/tr>\n<tr id=\"tr_694\">\n<th width=\"35%\">Giao di\u1ec7n<\/th>\n<td width=\"65%\">5 10\/100\/1000Mbps, T\u1ef1 \u0111\u1ed9ng \u0111\u00e0m ph\u00e1n, T\u1ef1 \u0111\u1ed9ng- c\u1ed5ng MDI\/MDIX<\/td>\n<\/tr>\n<tr id=\"tr_2336\">\n<th width=\"35%\">S\u1ed1 l\u01b0\u1ee3ng qu\u1ea1t<\/th>\n<td width=\"65%\">Kh\u00f4ng qu\u1ea1t<\/td>\n<\/tr>\n<tr id=\"tr_613\">\n<th width=\"35%\">B\u1ed9 c\u1ea5p ngu\u1ed3n b\u00ean ngo\u00e0i (EU)<\/th>\n<td width=\"65%\">B\u1ed9 c\u1ea5p ngu\u1ed3n ngo\u00e0i (Ng\u00f5 ra: 5VDC \/ 0.6A)<\/td>\n<\/tr>\n<tr id=\"tr_1081\">\n<th width=\"35%\">LED b\u00e1o hi\u1ec7u<\/th>\n<td width=\"65%\">H\u1ec7 th\u1ed1ng ngu\u1ed3n<br \/>Ch\u1ec9 b\u00e1o Li\u00ean K\u1ebft\/ Ho\u1ea1t \u0110\u1ed9ng \u0111\u01b0\u1ee3c t\u00edch h\u1ee3p tr\u00ean m\u1ed7i c\u1ed5ng RJ-45<\/td>\n<\/tr>\n<tr id=\"tr_697\">\n<th width=\"35%\">K\u00edch th\u01b0\u1edbc ( R x D x C )<\/th>\n<td width=\"65%\">3.9 x 3.9 x 1.0 in. (99.8 x 98 x 25 mm)<\/td>\n<\/tr>\n<tr id=\"tr_5530\">\n<th width=\"35%\">Ti\u00eau th\u1ee5 \u0111i\u1ec7n t\u1ed1i \u0111a<\/th>\n<td width=\"65%\">2.3W (220V\/50Hz)<\/td>\n<\/tr>\n<tr id=\"tr_5854\">\n<th width=\"35%\">Max Heat Dissipation<\/th>\n<td width=\"65%\">7.83 BTU\/h<\/td>\n<\/tr>\n<\/tbody>\n<\/table>\n<table border=\"1\">\n<thead>\n<tr id=\"tr_1487\">\n<th colspan=\"2\"><a>HI\u1ec6U SU\u1ea4T<\/a><\/th>\n<\/tr>\n<\/thead>\n<tbody>\n<tr id=\"tr_1496\">\n<th width=\"35%\">T\u1ed1c \u0111\u1ed9 chuy\u1ec3n g\u00f3i<\/th>\n<td width=\"65%\">7.4Mpps<\/td>\n<\/tr>\n<tr id=\"tr_1497\">\n<th width=\"35%\">B\u1ea3ng \u0111\u1ecba ch\u1ec9 MAC<\/th>\n<td width=\"65%\">2K<\/td>\n<\/tr>\n<tr id=\"tr_1498\">\n<th width=\"35%\">B\u1ed9 nh\u1edb \u0111\u1ec7m g\u00f3i<\/th>\n<td width=\"65%\">1Mb<\/td>\n<\/tr>\n<tr id=\"tr_1499\">\n<th width=\"35%\">Khung Jumbo<\/th>\n<td width=\"65%\">16KB<\/td>\n<\/tr>\n<\/tbody>\n<\/table>\n<table border=\"1\">\n<thead>\n<tr id=\"tr_605\">\n<th colspan=\"2\"><a>T\u00cdNH N\u0102NG PH\u1ea6N M\u1ec0M<\/a><\/th>\n<\/tr>\n<\/thead>\n<tbody>\n<tr id=\"tr_1091\">\n<th width=\"35%\">Advanced Features<\/th>\n<td width=\"65%\">C\u00f4ng ngh\u1ec7 xanh<br \/>Ki\u1ec3m so\u00e1t l\u01b0u l\u01b0\u1ee3ng 802.3X<br \/>QoS 802.1P \/ DSCP (cho phi\u00ean b\u1ea3n V2 tr\u1edf l\u00ean)<br \/>IGMP Snooping<\/td>\n<\/tr>\n<tr id=\"tr_1095\">\n<th width=\"35%\">Transfer Method<\/th>\n<td width=\"65%\">L\u01b0u tr\u1eef v\u00e0 chuy\u1ec3n ti\u1ebfp<\/td>\n<\/tr>\n<\/tbody>\n<\/table>\n<table border=\"1\">\n<thead>\n<tr id=\"tr_606\">\n<th colspan=\"2\"><a>KH\u00c1C<\/a><\/th>\n<\/tr>\n<\/thead>\n<tbody>\n<tr id=\"tr_714\">\n<th width=\"35%\">Ch\u1ee9ng ch\u1ec9<\/th>\n<td width=\"65%\">CE, FCC, RoHS<\/td>\n<\/tr>\n<tr id=\"tr_715\">\n<th width=\"35%\">S\u1ea3n ph\u1ea9m bao g\u1ed3m<\/th>\n<td width=\"65%\">Switch \u0111\u1ec3 b\u00e0n 5 c\u1ed5ng 10\/100 \/ 1000Mbps<br \/>B\u1ed9 chuy\u1ec3n \u0111\u1ed5i ngu\u1ed3n<br \/>H\u01b0\u1edbng d\u1eabn c\u00e0i \u0111\u1eb7t<\/td>\n<\/tr>\n<tr id=\"tr_717\">\n<th width=\"35%\">M\u00f4i tr\u01b0\u1eddng<\/th>\n<td width=\"65%\">Nhi\u1ec7t \u0111\u1ed9 ho\u1ea1t \u0111\u1ed9ng: 0\u00b0C~40\u00b0C (32\u00b0F~104\u00b0F)<br \/>Nhi\u1ec7t \u0111\u1ed9 l\u01b0u tr\u1eef: -40\u00b0C~70\u00b0C (-40\u00b0F~158\u00b0F)<br \/>\u0110\u1ed9 \u1ea9m ho\u1ea1t \u0111\u1ed9ng: 10% ~ 90% kh\u00f4ng ng\u01b0ng t\u1ee5<br \/>\u0110\u1ed9 \u1ea9m l\u01b0u tr\u1eef: 5% ~ 90% kh\u00f4ng ng\u01b0ng t\u1ee5<\/td>\n<\/tr>\n<\/tbody>\n<\/table><\/div>\n<p>                            <!--                            <\/p>\n<div class=\"xemthem_id_r\">--><br \/>\n                            <!--                                <a><!--\/show\/?token=--><br \/>\n                            <!--\"--><br \/>\n                            <!--                                   class=\"preview fancybox fancybox.ajax\" rel=\"nofollow\"&gt;Xem th&#234;m th&#244;ng s&#7889; k&#7929; thu&#7853;t<\/a>--><br \/>\n                            <!--                            <\/div>\n<p>-->\n                        <\/p><\/div>\n<\/p><\/div>","protected":false},"excerpt":{"rendered":"<ul>\n<ul>\n<li style=\"text-align: justify\">5 c\u1ed5ng RJ45 10\/100\/1000Mbps t\u00ednh n\u0103ng t\u1ef1 \u0111\u1ed9ng \u0111\u00e0m ph\u00e1n, h\u1ed7 tr\u1ee3 Auto MDI\/MDIX<\/li>\n<li style=\"text-align: justify\">C\u00f4ng ngh\u1ec7 Ethernet Green gi\u00fap ti\u1ebft ki\u1ec7m \u0111i\u1ec7n n\u0103ng ti\u00eau th\u1ee5<\/li>\n<li style=\"text-align: justify\">Ki\u1ec3m so\u00e1t\u00a0l\u01b0u l\u01b0\u1ee3ng chu\u1ea9n IEEE 802.3x cung c\u1ea5p s\u1ef1 truy\u1ec1n d\u1eef li\u1ec7u \u0111\u00e1ng tin c\u1eady.<\/li>\n<li style=\"text-align: justify\">V\u1ecf b\u1eb1ng th\u00e9p,thi\u1ebft k\u1ebf \u0111\u1ec3 b\u00e0n\u00a0ho\u1eb7c\u00a0treo t\u01b0\u1eddng<\/li>\n<li style=\"text-align: justify\">H\u1ed7\u00a0tr\u1ee3\u00a0QoS 802.1p\/DSCP\u00a0v\u00e0 t\u00ednh n\u0103ng IGMP snooping<\/li>\n<li style=\"text-align: justify\">Thi\u1ebft k\u1ebf c\u1eafm v\u00e0 s\u1eed d\u1ee5ng gi\u00fap \u0111\u01a1n gi\u1ea3n h\u00f3a c\u00e0i \u0111\u1eb7t<\/li>\n<\/ul>\n<\/ul>","protected":false},"featured_media":11882,"comment_status":"closed","ping_status":"closed","template":"","meta":[],"pwb-brand":[],"product_cat":[2896],"product_tag":[50,2849],"class_list":{"0":"post-11881","1":"product","2":"type-product","3":"status-publish","4":"has-post-thumbnail","6":"product_cat-tp-link","7":"product_tag-green","8":"product_tag-switch","10":"first","11":"instock","12":"shipping-taxable","13":"product-type-simple"},"brands":[],"_links":{"self":[{"href":"https:\/\/serverhot.vn\/ar\/wp-json\/wp\/v2\/product\/11881","targetHints":{"allow":["GET"]}}],"collection":[{"href":"https:\/\/serverhot.vn\/ar\/wp-json\/wp\/v2\/product"}],"about":[{"href":"https:\/\/serverhot.vn\/ar\/wp-json\/wp\/v2\/types\/product"}],"replies":[{"embeddable":true,"href":"https:\/\/serverhot.vn\/ar\/wp-json\/wp\/v2\/comments?post=11881"}],"wp:featuredmedia":[{"embeddable":true,"href":"https:\/\/serverhot.vn\/ar\/wp-json\/wp\/v2\/media\/11882"}],"wp:attachment":[{"href":"https:\/\/serverhot.vn\/ar\/wp-json\/wp\/v2\/media?parent=11881"}],"wp:term":[{"taxonomy":"pwb-brand","embeddable":true,"href":"https:\/\/serverhot.vn\/ar\/wp-json\/wp\/v2\/pwb-brand?post=11881"},{"taxonomy":"product_cat","embeddable":true,"href":"https:\/\/serverhot.vn\/ar\/wp-json\/wp\/v2\/product_cat?post=11881"},{"taxonomy":"product_tag","embeddable":true,"href":"https:\/\/serverhot.vn\/ar\/wp-json\/wp\/v2\/product_tag?post=11881"}],"curies":[{"name":"wp","href":"https:\/\/api.w.org\/{rel}","templated":true}]}}