{"id":12092,"date":"2024-06-29T16:15:36","date_gmt":"2024-06-29T09:15:36","guid":{"rendered":"https:\/\/serverhot.vn\/product\/uncategorized\/man-hinh-lcd-samsung-ls20d300nhmxv-led-19-5-ma-san-pham-ls20d300nhmxv\/"},"modified":"2024-06-29T16:15:38","modified_gmt":"2024-06-29T09:15:38","slug":"man-hinh-lcd-samsung-ls20d300nhmxv-led-19-5-ma-san-pham-ls20d300nhmxv","status":"publish","type":"product","link":"https:\/\/serverhot.vn\/ar\/-product-\/man-hinh-lcd-samsung-ls20d300nhmxv-led-19-5-ma-san-pham-ls20d300nhmxv\/","title":{"rendered":"M\u00e0n H\u00ecnh LCD Samsung LS20D300NHMXV &#8211; LED 19.5&#8243; M\u00e3 s\u1ea3n ph\u1ea9m: LS20D300NHMXV"},"content":{"rendered":"<div class=\"showText tabs\" id=\"tab2\">\n                                    <\/div>","protected":false},"excerpt":{"rendered":"<ul>\n<h1 class=\"txt_b\">M\u00e0n h\u00ecnh m\u00e1y t\u00ednh Samsung LS20D300NHMXV &#8211; LED 19.5inch<\/h1>\n<\/ul>","protected":false},"featured_media":12093,"comment_status":"closed","ping_status":"closed","template":"","meta":[],"pwb-brand":[],"product_cat":[2909],"product_tag":[],"class_list":{"0":"post-12092","1":"product","2":"type-product","3":"status-publish","4":"has-post-thumbnail","6":"product_cat-man-hinh-may-tinh","8":"first","9":"instock","10":"shipping-taxable","11":"product-type-simple"},"brands":[],"_links":{"self":[{"href":"https:\/\/serverhot.vn\/ar\/wp-json\/wp\/v2\/product\/12092","targetHints":{"allow":["GET"]}}],"collection":[{"href":"https:\/\/serverhot.vn\/ar\/wp-json\/wp\/v2\/product"}],"about":[{"href":"https:\/\/serverhot.vn\/ar\/wp-json\/wp\/v2\/types\/product"}],"replies":[{"embeddable":true,"href":"https:\/\/serverhot.vn\/ar\/wp-json\/wp\/v2\/comments?post=12092"}],"wp:featuredmedia":[{"embeddable":true,"href":"https:\/\/serverhot.vn\/ar\/wp-json\/wp\/v2\/media\/12093"}],"wp:attachment":[{"href":"https:\/\/serverhot.vn\/ar\/wp-json\/wp\/v2\/media?parent=12092"}],"wp:term":[{"taxonomy":"pwb-brand","embeddable":true,"href":"https:\/\/serverhot.vn\/ar\/wp-json\/wp\/v2\/pwb-brand?post=12092"},{"taxonomy":"product_cat","embeddable":true,"href":"https:\/\/serverhot.vn\/ar\/wp-json\/wp\/v2\/product_cat?post=12092"},{"taxonomy":"product_tag","embeddable":true,"href":"https:\/\/serverhot.vn\/ar\/wp-json\/wp\/v2\/product_tag?post=12092"}],"curies":[{"name":"wp","href":"https:\/\/api.w.org\/{rel}","templated":true}]}}