{"id":12228,"date":"2024-06-29T16:40:35","date_gmt":"2024-06-29T09:40:35","guid":{"rendered":"https:\/\/serverhot.vn\/product\/uncategorized\/thiet-bi-mang-router-mikrotik-8-port-gigabit-2-port-sfp-enterprise-core-ccr1036-8g-2s-ma-san-pham-ccr1036-8g-2s\/"},"modified":"2024-06-29T16:40:36","modified_gmt":"2024-06-29T09:40:36","slug":"thiet-bi-mang-router-mikrotik-8-port-gigabit-2-port-sfp-enterprise-core-ccr1036-8g-2s-ma-san-pham-ccr1036-8g-2s","status":"publish","type":"product","link":"https:\/\/serverhot.vn\/ar\/-product-\/thiet-bi-mang-router-mikrotik-8-port-gigabit-2-port-sfp-enterprise-core-ccr1036-8g-2s-ma-san-pham-ccr1036-8g-2s\/","title":{"rendered":"Thi\u1ebft B\u1ecb M\u1ea1ng Router Mikrotik 8 Port Gigabit 2 Port SFP Enterprise Core CCR1036-8G-2S+ M\u00e3 s\u1ea3n ph\u1ea9m: CCR1036-8G-2S+"},"content":{"rendered":"<div class=\"showText tabs\" id=\"tab2\">\n                                    <\/div>","protected":false},"excerpt":{"rendered":"<ul>\n<p><span><span>Enterprise Core Router Mikrotik CCR1036-8G-2S+<\/span><\/span><\/p>\n<p>&#8211; CCR1036-8G-2S+ l\u00e0 Router r\u1ea5t m\u1ea1nh v\u1edbi 8 x Ethernet Gigabit, CPU 1.2Ghz, 36 l\u00f5i k\u00e9p, 2 x SFP+, dung l\u01b0\u1ee3ng RAM 4GB, 1 x serial port, 1 x LCD c\u1ea3m \u1ee9ng, 1 x microUSB. Thi\u1ebft b\u1ecb c\u00f3 th\u1ec3 \u0111\u1ea1t m\u1ee9c truy\u1ec1n t\u1ea3i 41tri\u1ec7u g\u00f3i m\u1ed7i gi\u00e2y ho\u1eb7c \u0111\u1ea1t t\u1ed1c \u0111\u1ed9 27 Gigabits tr\u00ean \u0111\u01b0\u1eddng truy\u1ec1n.<\/p>\n<p>&#8211; CCR1036-8G-2S+ h\u1ed7 tr\u1ee3 Performance l\u00ean \u0111\u1ebfn 27Gbps c\u00f3 th\u1ec3 \u0111\u00e1p \u1ee9ng cho 6000 k\u1ebft n\u1ed1i \u0111\u1ed3ng th\u1eddi x 4 Mbps\/ k\u1ebft n\u1ed1i.<\/p>\n<p>&#8211; Thi\u1ebft b\u1ecb s\u1eed d\u1ee5ng h\u1ec7 \u0111i\u1ec1u h\u00e0nh RouterOS. \u0110\u00e2y l\u00e0 h\u1ec7 \u0111i\u1ec1u h\u00e0nh c\u00f3 \u0111\u1ea7y \u0111\u1ee7 c\u00e1c t\u00ednh n\u0103ng nh\u01b0: \u0110\u1ecbnh tuy\u1ebfn \u0111\u1ed9ng (dynamic routing), qu\u1ea3n l\u00fd ng\u01b0\u1eddi d\u00f9ng m\u1ea1ng WiFi c\u00f4ng c\u1ed9ng (WiFi Hotspot), t\u01b0\u1eddng l\u1eeda, giao th\u1ee9c MPLS, VPN, ch\u1ea5t l\u01b0\u1ee3ng d\u1ecbch v\u1ee5 n\u00e2ng cao (QoS), c\u00e2n b\u1eb1ng t\u1ea3i\/ Bonding, gi\u00e1m s\u00e1t theo th\u1eddi gian th\u1ef1c\u2026<\/p>\n<p>&#8211; CCR1036-8G-2S+ \u0111\u01b0\u1ee3c d\u00f9ng l\u00e0m Router t\u1ea1i c\u00e1c doanh nghi\u1ec7p l\u1edbn (Enterprise) ho\u1eb7c l\u00e0m Qu\u1ea3n l\u00fd ng\u01b0\u1eddi d\u00f9ng nruy c\u1eadp cho c\u00e1c m\u1ea1ng WiFi c\u00f4ng c\u1ed9ng (WiFi Hotspot) t\u1ea1i kh\u00e1ch s\u1ea1n cao c\u1ea5p, trung t\u00e2m th\u01b0\u01a1ng m\u1ea1i, h\u1ed9i ch\u1ee3 tri\u1ec3n l\u00e3m,&#8230;<\/p>\n<\/ul>","protected":false},"featured_media":12229,"comment_status":"closed","ping_status":"closed","template":"","meta":[],"pwb-brand":[],"product_cat":[2899],"product_tag":[25,55],"class_list":{"0":"post-12228","1":"product","2":"type-product","3":"status-publish","4":"has-post-thumbnail","6":"product_cat-mikrotik","7":"product_tag-man","8":"product_tag-run","10":"first","11":"instock","12":"shipping-taxable","13":"product-type-simple"},"brands":[],"_links":{"self":[{"href":"https:\/\/serverhot.vn\/ar\/wp-json\/wp\/v2\/product\/12228","targetHints":{"allow":["GET"]}}],"collection":[{"href":"https:\/\/serverhot.vn\/ar\/wp-json\/wp\/v2\/product"}],"about":[{"href":"https:\/\/serverhot.vn\/ar\/wp-json\/wp\/v2\/types\/product"}],"replies":[{"embeddable":true,"href":"https:\/\/serverhot.vn\/ar\/wp-json\/wp\/v2\/comments?post=12228"}],"wp:featuredmedia":[{"embeddable":true,"href":"https:\/\/serverhot.vn\/ar\/wp-json\/wp\/v2\/media\/12229"}],"wp:attachment":[{"href":"https:\/\/serverhot.vn\/ar\/wp-json\/wp\/v2\/media?parent=12228"}],"wp:term":[{"taxonomy":"pwb-brand","embeddable":true,"href":"https:\/\/serverhot.vn\/ar\/wp-json\/wp\/v2\/pwb-brand?post=12228"},{"taxonomy":"product_cat","embeddable":true,"href":"https:\/\/serverhot.vn\/ar\/wp-json\/wp\/v2\/product_cat?post=12228"},{"taxonomy":"product_tag","embeddable":true,"href":"https:\/\/serverhot.vn\/ar\/wp-json\/wp\/v2\/product_tag?post=12228"}],"curies":[{"name":"wp","href":"https:\/\/api.w.org\/{rel}","templated":true}]}}