{"id":12543,"date":"2024-06-29T17:43:18","date_gmt":"2024-06-29T10:43:18","guid":{"rendered":"https:\/\/serverhot.vn\/product\/uncategorized\/thiet-bi-luu-tru-qnap-vs-8124pro-ma-san-pham-vs-8124pro\/"},"modified":"2024-06-29T17:43:20","modified_gmt":"2024-06-29T10:43:20","slug":"thiet-bi-luu-tru-qnap-vs-8124pro-ma-san-pham-vs-8124pro","status":"publish","type":"product","link":"https:\/\/serverhot.vn\/ar\/-product-\/thiet-bi-luu-tru-qnap-vs-8124pro-ma-san-pham-vs-8124pro\/","title":{"rendered":"Thi\u1ebft B\u1ecb L\u01b0u Tr\u1eef Qnap VS-8124Pro+ M\u00e3 s\u1ea3n ph\u1ea9m: VS-8124PRO+"},"content":{"rendered":"<div class=\"showText tabs\" id=\"tab2\">\n<div class=\"box_right_pro_view\">\n<div class=\"thongso_pro a_technical\" style=\"max-height: fit-content\">\n<p class=\"MsoNormal\"><span><span>Chi ti\u1ebft k\u1ef9 thu\u1eadt<span>\u00a0\u00a0\u00a0<\/span><\/span><\/span><\/p>\n<table class=\"MsoNormalTable\" border=\"1\" width=\"100%\" cellspacing=\"0\" cellpadding=\"0\">\n<tbody>\n<tr>\n<td valign=\"top\">\n<p class=\"MsoNormal\"><span>Processor<\/span><\/p>\n<\/td>\n<td valign=\"top\">\n<p class=\"MsoNormal\"><span>Intel\u00ae Core\u2122 i3-2120 processor<\/span><\/p>\n<\/td>\n<\/tr>\n<tr>\n<td valign=\"top\">\n<p class=\"MsoNormal\"><span>HDD Capacity<\/span><\/p>\n<\/td>\n<td valign=\"top\">\n<p class=\"MsoNormal\"><span>8 x 3.5-inch SATA 6Gb\/s, SATA 3Gb\/s hard drive<\/span><\/p>\n<\/td>\n<\/tr>\n<tr>\n<td valign=\"top\">\n<p class=\"MsoNormal\"><span>HDD Tray<\/span><\/p>\n<\/td>\n<td valign=\"top\">\n<p class=\"MsoNormal\"><span>8 x hot-swappable and lockable tray<\/span><\/p>\n<\/td>\n<\/tr>\n<tr>\n<td valign=\"top\">\n<p class=\"MsoNormal\"><span>LAN Port<\/span><\/p>\n<\/td>\n<td valign=\"top\">\n<p class=\"MsoNormal\"><span>2 x Gigabit RJ-45 Ethernet port<\/span><\/p>\n<\/td>\n<\/tr>\n<tr>\n<td valign=\"top\">\n<p class=\"MsoNormal\"><span>LED Indicators<\/span><\/p>\n<\/td>\n<td valign=\"top\">\n<p class=\"MsoNormal\"><span>Status, LAN, USB, hard drive LEDs<\/span><\/p>\n<\/td>\n<\/tr>\n<tr>\n<td valign=\"top\">\n<p class=\"MsoNormal\"><span>USB<\/span><\/p>\n<\/td>\n<td valign=\"top\">\n<p class=\"MsoNormal\"><span>2 x USB 3.0 (front:1; back:1)<span class=\"apple-converted-space\">\u00a0<\/span><br \/>4 x USB 2.0 (rear:4)<span class=\"apple-converted-space\">\u00a0<\/span><br \/>Front: for USB storage device (One touch auto video backup)<span class=\"apple-converted-space\">\u00a0<\/span><br \/>Rear: for UPS device<\/span><\/p>\n<\/td>\n<\/tr>\n<tr>\n<td valign=\"top\">\n<p class=\"MsoNormal\"><span>Buttons<\/span><\/p>\n<\/td>\n<td valign=\"top\">\n<p class=\"MsoNormal\"><span>System: Power button, one touch auto video backup button, reset button<\/span><\/p>\n<\/td>\n<\/tr>\n<tr>\n<td valign=\"top\">\n<p class=\"MsoNormal\"><span>LCD Panel<\/span><\/p>\n<\/td>\n<td valign=\"top\">\n<p class=\"MsoNormal\"><span>Mono-LCD display with backlight<span class=\"apple-converted-space\">\u00a0<\/span><br \/>Enter button, Select button for configuration<\/span><\/p>\n<\/td>\n<\/tr>\n<tr>\n<td valign=\"top\">\n<p class=\"MsoNormal\"><span>Alarm Buzzer<\/span><\/p>\n<\/td>\n<td valign=\"top\">\n<p class=\"MsoNormal\"><span>System warning<\/span><\/p>\n<\/td>\n<\/tr>\n<tr>\n<td valign=\"top\">\n<p class=\"MsoNormal\"><span>Form Factor<\/span><\/p>\n<\/td>\n<td valign=\"top\">\n<p class=\"MsoNormal\"><span>Tower<\/span><\/p>\n<\/td>\n<\/tr>\n<tr>\n<td valign=\"top\">\n<p class=\"MsoNormal\"><span>Dimensions<\/span><\/p>\n<\/td>\n<td valign=\"top\">\n<p class=\"MsoNormal\"><span>217.5(H) x 327(W) x 321.2(D) mm<span class=\"apple-converted-space\">\u00a0<\/span><br \/>8.56(H) x 12.8(W) x 12.65(D) inch<\/span><\/p>\n<\/td>\n<\/tr>\n<tr>\n<td valign=\"top\">\n<p class=\"MsoNormal\"><span>Weight<\/span><\/p>\n<\/td>\n<td valign=\"top\">\n<p class=\"MsoNormal\"><span>Net weight: 8.39 kg (18.48 lb)<span class=\"apple-converted-space\">\u00a0<\/span><br \/>Gross weight: 13.98 kg (30.79 lb)<\/span><\/p>\n<\/td>\n<\/tr>\n<tr>\n<td valign=\"top\">\n<p class=\"MsoNormal\"><span>Operation Environment<\/span><\/p>\n<\/td>\n<td valign=\"top\">\n<p class=\"MsoNormal\"><span>Temperature 0~40\u02daC\/ 32~104\u02daF<span class=\"apple-converted-space\">\u00a0<\/span><br \/>Humidity 0~90% R.H.<\/span><\/p>\n<\/td>\n<\/tr>\n<tr>\n<td valign=\"top\">\n<p class=\"MsoNormal\"><span>Power Supply<\/span><\/p>\n<\/td>\n<td valign=\"top\">\n<p class=\"MsoNormal\"><span>Input: 100-240V AC, 50\/60Hz, Output: 350W<\/span><\/p>\n<\/td>\n<\/tr>\n<tr>\n<td valign=\"top\">\n<p class=\"MsoNormal\"><span>Power Consumption<\/span><\/p>\n<\/td>\n<td valign=\"top\">\n<p class=\"MsoNormal\"><span>101W Write\/Read (with 8 x 1TB HDD installed)<\/span><\/p>\n<\/td>\n<\/tr>\n<tr>\n<td valign=\"top\">\n<p class=\"MsoNormal\"><span>Secure Design<\/span><\/p>\n<\/td>\n<td valign=\"top\">\n<p class=\"MsoNormal\"><span>K-Lock security slot for theft prevention<\/span><\/p>\n<\/td>\n<\/tr>\n<tr>\n<td valign=\"top\">\n<p class=\"MsoNormal\"><span>Video Output<\/span><\/p>\n<\/td>\n<td valign=\"top\">\n<p class=\"MsoNormal\"><span>1x HDMI<span class=\"apple-converted-space\">\u00a0<\/span><br \/>1x VGA<\/span><\/p>\n<\/td>\n<\/tr>\n<tr>\n<td valign=\"top\">\n<p class=\"MsoNormal\"><span>Fan<\/span><\/p>\n<\/td>\n<td valign=\"top\">\n<p class=\"MsoNormal\"><span>2 x 12cm smart cooling fan<\/span><\/p>\n<\/td>\n<\/tr>\n<tr>\n<td valign=\"top\">\n<p class=\"MsoNormal\"><span>Certification<\/span><\/p>\n<\/td>\n<td valign=\"top\">\n<p class=\"MsoNormal\"><span>CE, FCC, VCCI, BSMI, C-Tick<\/span><\/p>\n<\/td>\n<\/tr>\n<\/tbody>\n<\/table><\/div>\n<p>                            <!--                            <\/p>\n<div class=\"xemthem_id_r\">--><br \/>\n                            <!--                                <a><!--\/show\/?token=--><br \/>\n                            <!--\"--><br \/>\n                            <!--                                   class=\"preview fancybox fancybox.ajax\" rel=\"nofollow\"&gt;Xem th&#234;m th&#244;ng s&#7889; k&#7929; thu&#7853;t<\/a>--><br \/>\n                            <!--                            <\/div>\n<p>-->\n                        <\/p><\/div>\n<\/p><\/div>","protected":false},"excerpt":{"rendered":"<ul>\n<p class=\"title-detail-p\"><span style=\"font-family: 'Open Sans', 'Lucida Grande', 'Lucida Sans Unicode', Arial, Helvetica, Verdana, sans-serif;font-size: 12px;background-color: #ffffff\">&#8211; \u0110\u1ea7u ghi h\u00ecnh camera IP 24 k\u00eanh.<\/span><br style=\"font-family: 'Open Sans', 'Lucida Grande', 'Lucida Sans Unicode', Arial, Helvetica, Verdana, sans-serif;font-size: 12px;background-color: #ffffff\"><span style=\"font-family: 'Open Sans', 'Lucida Grande', 'Lucida Sans Unicode', Arial, Helvetica, Verdana, sans-serif;font-size: 12px;background-color: #ffffff\">&#8211; Chu\u1ea9n n\u00e9n: H.264, MPEG4, MJPEG v\u00e0 MxPEG.<\/span><br style=\"font-family: 'Open Sans', 'Lucida Grande', 'Lucida Sans Unicode', Arial, Helvetica, Verdana, sans-serif;font-size: 12px;background-color: #ffffff\"><span style=\"font-family: 'Open Sans', 'Lucida Grande', 'Lucida Sans Unicode', Arial, Helvetica, Verdana, sans-serif;font-size: 12px;background-color: #ffffff\">&#8211; T\u1ed1c \u0111\u1ed9 ghi h\u00ecnh: 10 megapixel.<\/span><br style=\"font-family: 'Open Sans', 'Lucida Grande', 'Lucida Sans Unicode', Arial, Helvetica, Verdana, sans-serif;font-size: 12px;background-color: #ffffff\"><span style=\"font-family: 'Open Sans', 'Lucida Grande', 'Lucida Sans Unicode', Arial, Helvetica, Verdana, sans-serif;font-size: 12px;background-color: #ffffff\">&#8211; Multi-server monitoring (l\u00ean \u0111\u1ebfn 128 k\u00eanh).<\/span><br style=\"font-family: 'Open Sans', 'Lucida Grande', 'Lucida Sans Unicode', Arial, Helvetica, Verdana, sans-serif;font-size: 12px;background-color: #ffffff\"><span style=\"font-family: 'Open Sans', 'Lucida Grande', 'Lucida Sans Unicode', Arial, Helvetica, Verdana, sans-serif;font-size: 12px;background-color: #ffffff\">&#8211; Ph\u00e2n t\u00edch Video th\u00f4ng minh (IVA).<\/span><br style=\"font-family: 'Open Sans', 'Lucida Grande', 'Lucida Sans Unicode', Arial, Helvetica, Verdana, sans-serif;font-size: 12px;background-color: #ffffff\"><span style=\"font-family: 'Open Sans', 'Lucida Grande', 'Lucida Sans Unicode', Arial, Helvetica, Verdana, sans-serif;font-size: 12px;background-color: #ffffff\">&#8211; OS Embedded Linux, CPU Intel<\/span><span class=\"emoji  emoji-spritesheet-4\" style=\"vertical-align: baseline;height: 18px;width: 18px;background-repeat: no-repeat;text-indent: -9999px;border: 0px;background-size: 612px 126px;background-image: url('..\/img\/emojisprite_4.png');font-family: 'Open Sans', 'Lucida Grande', 'Lucida Sans Unicode', Arial, Helvetica, Verdana, sans-serif;font-size: 12px;background-color: #ffffff;background-position: -522px -54px\" title=\"registered\">:registered:<\/span><span style=\"font-family: 'Open Sans', 'Lucida Grande', 'Lucida Sans Unicode', Arial, Helvetica, Verdana, sans-serif;font-size: 12px;background-color: #ffffff\"> Core<\/span><span class=\"emoji  emoji-spritesheet-4\" style=\"vertical-align: baseline;height: 18px;width: 18px;background-repeat: no-repeat;text-indent: -9999px;border: 0px;background-size: 612px 126px;background-image: url('..\/img\/emojisprite_4.png');font-family: 'Open Sans', 'Lucida Grande', 'Lucida Sans Unicode', Arial, Helvetica, Verdana, sans-serif;font-size: 12px;background-color: #ffffff;background-position: -540px -54px\" title=\"tm\">:tm:<\/span><span style=\"font-family: 'Open Sans', 'Lucida Grande', 'Lucida Sans Unicode', Arial, Helvetica, Verdana, sans-serif;font-size: 12px;background-color: #ffffff\"> i3-2120 processor.<\/span><br style=\"font-family: 'Open Sans', 'Lucida Grande', 'Lucida Sans Unicode', Arial, Helvetica, Verdana, sans-serif;font-size: 12px;background-color: #ffffff\"><span style=\"font-family: 'Open Sans', 'Lucida Grande', 'Lucida Sans Unicode', Arial, Helvetica, Verdana, sans-serif;font-size: 12px;background-color: #ffffff\">&#8211; H\u1ed7 tr\u1ee3 \u1ed5 c\u1ee9ng 8 x 3.5 inch SATA 6Gb\/s, SATA 3Gb\/s, 8 hot-swappable and lockable tray.<\/span><br style=\"font-family: 'Open Sans', 'Lucida Grande', 'Lucida Sans Unicode', Arial, Helvetica, Verdana, sans-serif;font-size: 12px;background-color: #ffffff\"><span style=\"font-family: 'Open Sans', 'Lucida Grande', 'Lucida Sans Unicode', Arial, Helvetica, Verdana, sans-serif;font-size: 12px;background-color: #ffffff\">&#8211; C\u1ed5ng LAN: 2 Gigabit RJ-45 Ethernet.<\/span><br style=\"font-family: 'Open Sans', 'Lucida Grande', 'Lucida Sans Unicode', Arial, Helvetica, Verdana, sans-serif;font-size: 12px;background-color: #ffffff\"><span style=\"font-family: 'Open Sans', 'Lucida Grande', 'Lucida Sans Unicode', Arial, Helvetica, Verdana, sans-serif;font-size: 12px;background-color: #ffffff\">&#8211; LED ch\u1ec9 th\u1ecb: Status, LAN, USB, hard drive LEDs.<\/span><br style=\"font-family: 'Open Sans', 'Lucida Grande', 'Lucida Sans Unicode', Arial, Helvetica, Verdana, sans-serif;font-size: 12px;background-color: #ffffff\"><span style=\"font-family: 'Open Sans', 'Lucida Grande', 'Lucida Sans Unicode', Arial, Helvetica, Verdana, sans-serif;font-size: 12px;background-color: #ffffff\">&#8211; H\u1ed7 tr\u1ee3 2 USB 3.0, 4 USB 2.0.<\/span><\/p>\n<\/ul>","protected":false},"featured_media":12544,"comment_status":"closed","ping_status":"closed","template":"","meta":[],"pwb-brand":[],"product_cat":[2884],"product_tag":[2841],"class_list":{"0":"post-12543","1":"product","2":"type-product","3":"status-publish","4":"has-post-thumbnail","6":"product_cat-qnap","7":"product_tag-hdd","9":"first","10":"instock","11":"shipping-taxable","12":"product-type-simple"},"brands":[],"_links":{"self":[{"href":"https:\/\/serverhot.vn\/ar\/wp-json\/wp\/v2\/product\/12543","targetHints":{"allow":["GET"]}}],"collection":[{"href":"https:\/\/serverhot.vn\/ar\/wp-json\/wp\/v2\/product"}],"about":[{"href":"https:\/\/serverhot.vn\/ar\/wp-json\/wp\/v2\/types\/product"}],"replies":[{"embeddable":true,"href":"https:\/\/serverhot.vn\/ar\/wp-json\/wp\/v2\/comments?post=12543"}],"wp:featuredmedia":[{"embeddable":true,"href":"https:\/\/serverhot.vn\/ar\/wp-json\/wp\/v2\/media\/12544"}],"wp:attachment":[{"href":"https:\/\/serverhot.vn\/ar\/wp-json\/wp\/v2\/media?parent=12543"}],"wp:term":[{"taxonomy":"pwb-brand","embeddable":true,"href":"https:\/\/serverhot.vn\/ar\/wp-json\/wp\/v2\/pwb-brand?post=12543"},{"taxonomy":"product_cat","embeddable":true,"href":"https:\/\/serverhot.vn\/ar\/wp-json\/wp\/v2\/product_cat?post=12543"},{"taxonomy":"product_tag","embeddable":true,"href":"https:\/\/serverhot.vn\/ar\/wp-json\/wp\/v2\/product_tag?post=12543"}],"curies":[{"name":"wp","href":"https:\/\/api.w.org\/{rel}","templated":true}]}}