{"id":12561,"date":"2024-06-29T17:49:56","date_gmt":"2024-06-29T10:49:56","guid":{"rendered":"https:\/\/serverhot.vn\/product\/uncategorized\/chuyen-doi-quang-dien-planet-fst-802s35-ma-san-pham-fst-802s35\/"},"modified":"2024-06-29T17:49:57","modified_gmt":"2024-06-29T10:49:57","slug":"chuyen-doi-quang-dien-planet-fst-802s35-ma-san-pham-fst-802s35","status":"publish","type":"product","link":"https:\/\/serverhot.vn\/ar\/-product-\/chuyen-doi-quang-dien-planet-fst-802s35-ma-san-pham-fst-802s35\/","title":{"rendered":"Chuy\u1ec3n \u0111\u1ed5i Quang-\u0110i\u1ec7n PLANET FST-802S35 M\u00e3 s\u1ea3n ph\u1ea9m: FST-802S35"},"content":{"rendered":"<div class=\"showText tabs\" id=\"tab2\">\n                                    <\/div>","protected":false},"excerpt":{"rendered":"<ul>\n<p><span>-10\/100Base-TX to 100Base-FX (SC) Smart Media Converter &#8211; Single Mode 35 km.<\/span><br \/><span>-T\u01b0\u01a1ng th\u00edch v\u1edbi c\u00e1c chu\u1ea9n Ethernet IEEE 802.3, 10Base-T, IEEE 802.3u, 100Base-TX v\u00e0 100Base-FX.<\/span><br \/><span>-Cung c\u1ea5p m\u1ed9t c\u1ed5ng 10\/1000Base-TX v\u1edbi \u0111\u1ea7u n\u1ed1i RJ-45 v\u00e0 m\u1ed9t c\u1ed5ng 100Base-FX v\u1edbi \u0111\u1ea7u n\u1ed1i ST\/ SC\/ WDM, h\u1ed7 tr\u1ee3 c\u1ea3\u00a0<\/span><span>c\u00e1p quang<\/span><span>\u00a0\u0111a mode v\u00e0 \u0111\u01a1n mode.<\/span><br \/><span>&#8211;<\/span><span>\u0110\u00e8n LED<\/span><span>\u00a0ch\u1ec9 th\u1ecb cho tr\u1ea1ng th\u00e1i chuy\u1ec3n \u0111\u1ed5i.<\/span><br \/><span>-C\u00f4ng ngh\u1ec7 chuy\u1ec3n m\u1ea1ch DIP cho l\u1eafp \u0111\u1eb7t c\u00e1p (HDX\/ FDX), UTP (Auto-negotiation\/ manual), t\u1ed1c \u0111\u1ed9 (10\/100Mbps), ch\u1ebf \u0111\u1ed9 duplex (ch\u1ebf \u0111\u1ed9 Half\/ full duplex), t\u00ednh n\u0103ng LLR (Kh\u00f4nng k\u00edch ho\u1ea1t\/ k\u00edch ho\u1ea1t), t\u00ednh n\u0103ng LLCF (kh\u00f4ng k\u00edch ho\u1ea1t\/ k\u00edch ho\u1ea1t).<\/span><br \/><span>-T\u00ednh n\u0103ng Auto-MDI\/ MDI-X t\u1ef1 \u0111\u1ed9ng d\u00f2 t\u00ecm tr\u00ean c\u1ed5ng 10\/100Base-TX.<\/span><br \/><span>c\u01a1 ch\u1ebf chuy\u1ec3n m\u1ea1ch g\u00f3i Store-and-Forward.<\/span><br \/><span>C\u01a1 ch\u1ebf Back-pressure, c\u00e1c chu\u1ea9n IEEE 802.3x theo c\u01a1 ch\u1ebf \u0111i\u1ec1u khi\u1ec3n lu\u1ed3ng v\u00e0 truy\u1ec1n v\u1edbi t\u1ed1c \u0111\u1ed9 d\u00e2y.<\/span><br \/><span>-Chuy\u1ec3n m\u1ea1ch v\u1edbi t\u00ednh n\u0103ng Link Loss Return (LLR) tr\u00ean m\u1ed7i \u0111\u01b0\u1eddng\u00a0<\/span><span>c\u00e1p quang<\/span><span>\u00a0gi\u00fap d\u1ec5 d\u00e0ng trong vi\u1ec7c g\u1ee1 r\u1ed1i t\u1eeb xa c\u00e1c k\u1ebft n\u1ed1i m\u1ea1ng.<\/span><br \/><span>-T\u00ednh n\u0103ng Link Loss Carry Forward (LLCF) ho\u1ea1t \u0111\u1ed9ng c\u00f9ng v\u1edbi t\u00ednh n\u0103ng LLR trong vi\u1ec7c chu\u1ea9n \u0111o\u00e1n tr\u1ea1ng th\u00e1i k\u1ebft n\u1ed1i m\u1ea1ng.<\/span><br \/><span>-C\u00f3 th\u1ec3 qu\u1ea3n l\u00fd t\u1eadp trung qua h\u1ec7 th\u1ed1ng Web Smart Media Converter Chassis.<\/span><br \/><span>-C\u00f3 th\u1ec3 s\u1eed d\u1ee5ng nh\u01b0 m\u1ed9t thi\u1ebft b\u1ecb \u0111\u1ed9c l\u1eadp ho\u1eb7c d\u00f9ng khung chuy\u1ec3n \u0111\u1ed5i h\u1ed7 tr\u1ee3 l\u00ean t\u1edbi 16 thi\u1ebft b\u1ecb chuy\u1ec3n \u0111\u1ed5i, cung c\u1ea5p ngu\u1ed3n thu\u1eadn ti\u1ec7n, l\u00e0m t\u0103ng s\u1ef1 l\u1ef1a ch\u1ecdn.<\/span><br \/><span>-C\u00e1c chu\u1ea9n EMI t\u01b0\u01a1ng th\u00edch v\u1edbi FCC, CE class B.<\/span><\/p>\n<\/ul>","protected":false},"featured_media":12562,"comment_status":"closed","ping_status":"closed","template":"","meta":[],"pwb-brand":[],"product_cat":[2903],"product_tag":[25,55],"class_list":{"0":"post-12561","1":"product","2":"type-product","3":"status-publish","4":"has-post-thumbnail","6":"product_cat-planet","7":"product_tag-man","8":"product_tag-run","10":"first","11":"instock","12":"shipping-taxable","13":"product-type-simple"},"brands":[],"_links":{"self":[{"href":"https:\/\/serverhot.vn\/ar\/wp-json\/wp\/v2\/product\/12561","targetHints":{"allow":["GET"]}}],"collection":[{"href":"https:\/\/serverhot.vn\/ar\/wp-json\/wp\/v2\/product"}],"about":[{"href":"https:\/\/serverhot.vn\/ar\/wp-json\/wp\/v2\/types\/product"}],"replies":[{"embeddable":true,"href":"https:\/\/serverhot.vn\/ar\/wp-json\/wp\/v2\/comments?post=12561"}],"wp:featuredmedia":[{"embeddable":true,"href":"https:\/\/serverhot.vn\/ar\/wp-json\/wp\/v2\/media\/12562"}],"wp:attachment":[{"href":"https:\/\/serverhot.vn\/ar\/wp-json\/wp\/v2\/media?parent=12561"}],"wp:term":[{"taxonomy":"pwb-brand","embeddable":true,"href":"https:\/\/serverhot.vn\/ar\/wp-json\/wp\/v2\/pwb-brand?post=12561"},{"taxonomy":"product_cat","embeddable":true,"href":"https:\/\/serverhot.vn\/ar\/wp-json\/wp\/v2\/product_cat?post=12561"},{"taxonomy":"product_tag","embeddable":true,"href":"https:\/\/serverhot.vn\/ar\/wp-json\/wp\/v2\/product_tag?post=12561"}],"curies":[{"name":"wp","href":"https:\/\/api.w.org\/{rel}","templated":true}]}}