{"id":12577,"date":"2024-06-29T17:55:18","date_gmt":"2024-06-29T10:55:18","guid":{"rendered":"https:\/\/serverhot.vn\/product\/uncategorized\/microsoft-win-home-fpp-11-64-bit-all-lng-pk-lic-online-dwnld-nr-kw9-00664-ma-san-pham-kw9-00664\/"},"modified":"2024-06-29T17:55:22","modified_gmt":"2024-06-29T10:55:22","slug":"microsoft-win-home-fpp-11-64-bit-all-lng-pk-lic-online-dwnld-nr-kw9-00664-ma-san-pham-kw9-00664","status":"publish","type":"product","link":"https:\/\/serverhot.vn\/ar\/-product-\/microsoft-win-home-fpp-11-64-bit-all-lng-pk-lic-online-dwnld-nr-kw9-00664-ma-san-pham-kw9-00664\/","title":{"rendered":"Microsoft WIN HOME FPP 11 64-bit All Lng PK Lic Online DwnLd NR KW9-00664 M\u00e3 s\u1ea3n ph\u1ea9m: KW9-00664"},"content":{"rendered":"<div class=\"showText tabs\" id=\"tab2\">\n                                    <\/div>","protected":false},"excerpt":{"rendered":"<ul>\n<p>Gi\u1ea5y ph\u00e9p Windows 11 Home FPP (Full Package Product) l\u00e0 m\u1ed9t phi\u00ean b\u1ea3n gi\u1ea5y ph\u00e9p d\u00e0nh cho h\u1ec7 \u0111i\u1ec1u h\u00e0nh Windows 11 d\u00e0nh cho ng\u01b0\u1eddi d\u00f9ng c\u00e1 nh\u00e2n v\u00e0 gia \u0111\u00ecnh<\/p>\n<\/ul>","protected":false},"featured_media":12578,"comment_status":"closed","ping_status":"closed","template":"","meta":[],"pwb-brand":[],"product_cat":[2917],"product_tag":[],"class_list":{"0":"post-12577","1":"product","2":"type-product","3":"status-publish","4":"has-post-thumbnail","6":"product_cat-microsoft","8":"first","9":"instock","10":"shipping-taxable","11":"product-type-simple"},"brands":[],"_links":{"self":[{"href":"https:\/\/serverhot.vn\/ar\/wp-json\/wp\/v2\/product\/12577","targetHints":{"allow":["GET"]}}],"collection":[{"href":"https:\/\/serverhot.vn\/ar\/wp-json\/wp\/v2\/product"}],"about":[{"href":"https:\/\/serverhot.vn\/ar\/wp-json\/wp\/v2\/types\/product"}],"replies":[{"embeddable":true,"href":"https:\/\/serverhot.vn\/ar\/wp-json\/wp\/v2\/comments?post=12577"}],"wp:featuredmedia":[{"embeddable":true,"href":"https:\/\/serverhot.vn\/ar\/wp-json\/wp\/v2\/media\/12578"}],"wp:attachment":[{"href":"https:\/\/serverhot.vn\/ar\/wp-json\/wp\/v2\/media?parent=12577"}],"wp:term":[{"taxonomy":"pwb-brand","embeddable":true,"href":"https:\/\/serverhot.vn\/ar\/wp-json\/wp\/v2\/pwb-brand?post=12577"},{"taxonomy":"product_cat","embeddable":true,"href":"https:\/\/serverhot.vn\/ar\/wp-json\/wp\/v2\/product_cat?post=12577"},{"taxonomy":"product_tag","embeddable":true,"href":"https:\/\/serverhot.vn\/ar\/wp-json\/wp\/v2\/product_tag?post=12577"}],"curies":[{"name":"wp","href":"https:\/\/api.w.org\/{rel}","templated":true}]}}