{"id":12735,"date":"2024-06-29T18:23:33","date_gmt":"2024-06-29T11:23:33","guid":{"rendered":"https:\/\/serverhot.vn\/product\/uncategorized\/thiet-bi-mang-switch-8-port-tp-link-gigabit-easy-smart-tl-sg108e-ma-san-pham-tl-sg108e\/"},"modified":"2024-06-29T18:23:34","modified_gmt":"2024-06-29T11:23:34","slug":"thiet-bi-mang-switch-8-port-tp-link-gigabit-easy-smart-tl-sg108e-ma-san-pham-tl-sg108e","status":"publish","type":"product","link":"https:\/\/serverhot.vn\/ar\/-product-\/thiet-bi-mang-switch-8-port-tp-link-gigabit-easy-smart-tl-sg108e-ma-san-pham-tl-sg108e\/","title":{"rendered":"Thi\u1ebft B\u1ecb M\u1ea1ng Switch 8 Port TP-Link Gigabit Easy Smart TL-SG108E M\u00e3 s\u1ea3n ph\u1ea9m: TL-SG108E"},"content":{"rendered":"<div class=\"showText tabs\" id=\"tab2\">\n<div class=\"box_right_pro_view\">\n<div class=\"thongso_pro a_technical\" style=\"max-height: fit-content\">\n<table>\n<tbody>\n<tr id=\"tr_1079\">\n<th width=\"35%\">Chu\u1ea9n v\u00e0 Giao th\u1ee9c<\/th>\n<td width=\"65%\">IEEE 802.3i \/ 802.3u \/ 802.3ab\/ 802.3x \/802.1p<\/td>\n<\/tr>\n<tr id=\"tr_694\">\n<th width=\"35%\">Giao di\u1ec7n<\/th>\n<td width=\"65%\">8 c\u1ed5ng 10\/100\/1000Mbps, Auto-Negotiation, Auto-MDI\/MDIX<\/td>\n<\/tr>\n<tr id=\"tr_2336\">\n<th width=\"35%\">S\u1ed1 l\u01b0\u1ee3ng qu\u1ea1t<\/th>\n<td width=\"65%\">Kh\u00f4ng Qu\u1ea1t<\/td>\n<\/tr>\n<tr id=\"tr_613\">\n<th width=\"35%\">B\u1ed9 c\u1ea5p ngu\u1ed3n b\u00ean ngo\u00e0i (EU)<\/th>\n<td width=\"65%\">B\u1ed9 chuy\u1ec3n \u0111\u1ed5i ngu\u1ed3n (\u0110\u1ea7u ra: 5VDC \/ 0.6A)<\/td>\n<\/tr>\n<tr id=\"tr_1081\">\n<th width=\"35%\">LED b\u00e1o hi\u1ec7u<\/th>\n<td width=\"65%\">H\u1ec7 th\u1ed1ng ngu\u1ed3n<br \/>Link\/Act indicators per port built into each RJ-45 port<\/td>\n<\/tr>\n<tr id=\"tr_697\">\n<th width=\"35%\">K\u00edch th\u01b0\u1edbc ( R x D x C )<\/th>\n<td width=\"65%\">6.2 x 4.0 x 1.0 in. (158 x 101 x 25 mm)<\/td>\n<\/tr>\n<tr id=\"tr_5530\">\n<th width=\"35%\">Ti\u00eau th\u1ee5 \u0111i\u1ec7n t\u1ed1i \u0111a<\/th>\n<td width=\"65%\">2.77 W(220V\/50Hz)<\/td>\n<\/tr>\n<tr id=\"tr_5854\">\n<th width=\"35%\">Max Heat Dissipation<\/th>\n<td width=\"65%\">9.45 BTU\/h<\/td>\n<\/tr>\n<\/tbody>\n<\/table>\n<table>\n<thead>\n<tr id=\"tr_1487\">\n<th colspan=\"2\"><a>HI\u1ec6U SU\u1ea4T<\/a><\/th>\n<\/tr>\n<\/thead>\n<tbody>\n<tr id=\"tr_1496\">\n<th width=\"35%\">T\u1ed1c \u0111\u1ed9 chuy\u1ec3n g\u00f3i<\/th>\n<td width=\"65%\">11.9 Mpps<\/td>\n<\/tr>\n<tr id=\"tr_1497\">\n<th width=\"35%\">B\u1ea3ng \u0111\u1ecba ch\u1ec9 MAC<\/th>\n<td width=\"65%\">4K<\/td>\n<\/tr>\n<tr id=\"tr_1498\">\n<th width=\"35%\">B\u1ed9 nh\u1edb \u0111\u1ec7m g\u00f3i<\/th>\n<td width=\"65%\">1.5 Mb<\/td>\n<\/tr>\n<tr id=\"tr_1499\">\n<th width=\"35%\">Khung Jumbo<\/th>\n<td width=\"65%\">16 KB<\/td>\n<\/tr>\n<\/tbody>\n<\/table>\n<table>\n<thead>\n<tr id=\"tr_605\">\n<th colspan=\"2\"><a>T\u00cdNH N\u0102NG PH\u1ea6N M\u1ec0M<\/a><\/th>\n<\/tr>\n<\/thead>\n<tbody>\n<tr id=\"tr_1091\">\n<th width=\"35%\">Advanced Features<\/th>\n<td width=\"65%\">C\u00f4ng ngh\u1ec7 Xanh<br \/>Ki\u1ec3m so\u00e1t lu\u1ed3ng 802.3X<br \/>802.1p\/DSCP QoS<br \/>IGMP Snooping<\/td>\n<\/tr>\n<tr id=\"tr_1095\">\n<th width=\"35%\">Transfer Method<\/th>\n<td width=\"65%\">L\u01b0u tr\u1eef v\u00e0 chuy\u1ec3n ti\u1ebfp<\/td>\n<\/tr>\n<\/tbody>\n<\/table>\n<table>\n<thead>\n<tr id=\"tr_606\">\n<th colspan=\"2\"><a>KH\u00c1C<\/a><\/th>\n<\/tr>\n<\/thead>\n<tbody>\n<tr id=\"tr_714\">\n<th width=\"35%\">Ch\u1ee9ng ch\u1ec9<\/th>\n<td width=\"65%\">CE, FCC ,RoHS<\/td>\n<\/tr>\n<tr id=\"tr_715\">\n<th width=\"35%\">S\u1ea3n ph\u1ea9m bao g\u1ed3m<\/th>\n<td width=\"65%\">Switch \u0110\u1ec3 B\u00e0n 8 C\u1ed5ng10\/100\/1000Mbps<br \/>B\u1ed9 chuy\u1ec3n \u0111\u1ed5i ngu\u1ed3n<br \/>H\u01b0\u1edbng d\u1eabn c\u00e0i \u0111\u1eb7t<\/td>\n<\/tr>\n<tr id=\"tr_717\">\n<th width=\"35%\">M\u00f4i tr\u01b0\u1eddng<\/th>\n<td width=\"65%\">Nhi\u1ec7t \u0111\u1ed9 ho\u1ea1t \u0111\u1ed9ng: 0\u00b0C~40\u00b0C (32\u00b0F~104\u00b0F)<br \/>Nhi\u1ec7t \u0111\u1ed9 b\u1ea3o qu\u1ea3n: -40\u00b0C~70\u00b0C (-40\u00b0F~158\u00b0F)<br \/>\u0110\u1ed9 \u1ea9m ho\u1ea1t \u0111\u1ed9ng: 10% ~ 90%, kh\u00f4ng ng\u01b0ng t\u1ee5<br \/>\u0110\u1ed9 \u1ea9m l\u01b0u tr\u1eef: 5% ~ 90% kh\u00f4ng ng\u01b0ng t\u1ee5<\/td>\n<\/tr>\n<\/tbody>\n<\/table><\/div>\n<p>                            <!--                            <\/p>\n<div class=\"xemthem_id_r\">--><br \/>\n                            <!--                                <a><!--\/show\/?token=--><br \/>\n                            <!--\"--><br \/>\n                            <!--                                   class=\"preview fancybox fancybox.ajax\" rel=\"nofollow\"&gt;Xem th&#234;m th&#244;ng s&#7889; k&#7929; thu&#7853;t<\/a>--><br \/>\n                            <!--                            <\/div>\n<p>-->\n                        <\/p><\/div>\n<\/p><\/div>","protected":false},"excerpt":{"rendered":"<ul>\n<p><strong>8-Port Gigabit Easy Smart Switch TP-LINK TL-SG108E<\/strong><\/p>\n<ul>\n<li>8 c\u1ed5ng RJ45 t\u1ed1c \u0111\u1ed9 10\/100\/1000 Mbps.<\/li>\n<li>Thi\u1ebft b\u1ecb cung c\u1ea5p gi\u00e1m s\u00e1t m\u1ea1ng, \u01b0u ti\u00ean c\u00e1c l\u01b0u l\u01b0\u1ee3ng truy c\u1eadp v\u00e0 c\u00e1c t\u00ednh n\u0103ng VLAN.<\/li>\n<li>Thi\u1ebft l\u1eadp m\u1ea1ng \u0111\u01a1n gi\u1ea3n c\u1ee7a k\u1ebft n\u1ed1i plug-and-play.<\/li>\n<li>Qu\u1ea3n l\u00fd t\u1eadp trung t\u1ea5t c\u1ea3 c\u00e1c thi\u1ebft b\u1ecb chuy\u1ec3n m\u1ea1ch th\u00f4ng minh d\u1ec5 d\u00e0ng v\u1edbi ti\u1ec7n \u00edch c\u1ea5u h\u00ecnh Easy Smart.<\/li>\n<li>C\u00f4ng ngh\u1ec7 ti\u1ebft ki\u1ec7m n\u0103ng l\u01b0\u1ee3ng s\u00e1ng t\u1ea1o gi\u00fap ti\u1ebft ki\u1ec7m \u0111\u1ebfn 80% n\u0103ng l\u01b0\u1ee3ng.<\/li>\n<li>Auto MDI\/MDIX gi\u00fap lo\u1ea1i b\u1ecf s\u1ef1 c\u1ea7n thi\u1ebft c\u1ee7a c\u00e1p ch\u00e9o.<\/li>\n<li>C\u1ed5ng Auto-Negotiation cung c\u1ea5p s\u1ef1 t\u00edch h\u1ee3p th\u00f4ng minh gi\u1eefa ph\u1ea7n c\u1ee9ng t\u1ed1c \u0111\u1ed9 10Mbps, 100Mbps v\u00e0 1000Mbps.<\/li>\n<li>Ki\u1ec3m so\u00e1t l\u01b0u l\u01b0\u1ee3ng IEEE 802.3x cho ph\u00e9p truy\u1ec1n d\u1eef li\u1ec7u \u0111\u00e1ng tin c\u1eady.<\/li>\n<li>Khung Jumbo 16KB c\u1ea3i thi\u1ec7n ho\u1ea1t \u0111\u1ed9ng c\u1ee7a vi\u1ec7c truy\u1ec1n d\u1eef li\u1ec7u l\u1edbn.<\/li>\n<li>M\u1ea1ng l\u01b0\u1edbi gi\u00e1m s\u00e1t hi\u1ec7u qu\u1ea3 qua Port Mirroring, Loop Prevention v\u00e0 Cable Diagnostics.<\/li>\n<li>T\u00ednh n\u0103ng VLAN phong ph\u00fa c\u1ea3i thi\u1ec7n an ninh m\u1ea1ng.<\/li>\n<\/ul>\n<\/ul>","protected":false},"featured_media":12736,"comment_status":"closed","ping_status":"closed","template":"","meta":[],"pwb-brand":[],"product_cat":[2896],"product_tag":[55,2849],"class_list":{"0":"post-12735","1":"product","2":"type-product","3":"status-publish","4":"has-post-thumbnail","6":"product_cat-tp-link","7":"product_tag-run","8":"product_tag-switch","10":"first","11":"instock","12":"shipping-taxable","13":"product-type-simple"},"brands":[],"_links":{"self":[{"href":"https:\/\/serverhot.vn\/ar\/wp-json\/wp\/v2\/product\/12735","targetHints":{"allow":["GET"]}}],"collection":[{"href":"https:\/\/serverhot.vn\/ar\/wp-json\/wp\/v2\/product"}],"about":[{"href":"https:\/\/serverhot.vn\/ar\/wp-json\/wp\/v2\/types\/product"}],"replies":[{"embeddable":true,"href":"https:\/\/serverhot.vn\/ar\/wp-json\/wp\/v2\/comments?post=12735"}],"wp:featuredmedia":[{"embeddable":true,"href":"https:\/\/serverhot.vn\/ar\/wp-json\/wp\/v2\/media\/12736"}],"wp:attachment":[{"href":"https:\/\/serverhot.vn\/ar\/wp-json\/wp\/v2\/media?parent=12735"}],"wp:term":[{"taxonomy":"pwb-brand","embeddable":true,"href":"https:\/\/serverhot.vn\/ar\/wp-json\/wp\/v2\/pwb-brand?post=12735"},{"taxonomy":"product_cat","embeddable":true,"href":"https:\/\/serverhot.vn\/ar\/wp-json\/wp\/v2\/product_cat?post=12735"},{"taxonomy":"product_tag","embeddable":true,"href":"https:\/\/serverhot.vn\/ar\/wp-json\/wp\/v2\/product_tag?post=12735"}],"curies":[{"name":"wp","href":"https:\/\/api.w.org\/{rel}","templated":true}]}}