{"id":12923,"date":"2024-06-29T18:49:52","date_gmt":"2024-06-29T11:49:52","guid":{"rendered":"https:\/\/serverhot.vn\/product\/uncategorized\/microsoft-onedrive-for-business-plan-1-ma-san-pham-ms-onedrive-bus-p1\/"},"modified":"2024-06-29T18:49:57","modified_gmt":"2024-06-29T11:49:57","slug":"microsoft-onedrive-for-business-plan-1-ma-san-pham-ms-onedrive-bus-p1","status":"publish","type":"product","link":"https:\/\/serverhot.vn\/ar\/-product-\/microsoft-onedrive-for-business-plan-1-ma-san-pham-ms-onedrive-bus-p1\/","title":{"rendered":"Microsoft OneDrive For Business (Plan 1) M\u00e3 s\u1ea3n ph\u1ea9m: MS-ONEDRIVE-BUS-P1"},"content":{"rendered":"<div class=\"showText tabs\" id=\"tab2\">\n                                    <\/div>","protected":false},"excerpt":{"rendered":"<ul>\n<p><span style=\"font-size: 14px\">Microsoft OneDrive For Business (Plan 1) l\u00e0 m\u1ed9t d\u1ecbch v\u1ee5 l\u01b0u tr\u1eef \u0111\u00e1m m\u00e2y \u0111\u01b0\u1ee3c thi\u1ebft k\u1ebf cho m\u00f4i tr\u01b0\u1eddng doanh nghi\u1ec7p.<\/span><br \/><span style=\"font-size: 14px\">&#8211; Dung l\u01b0\u1ee3ng l\u01b0u tr\u1eef: Plan 1 cung c\u1ea5p 100 GB dung l\u01b0\u1ee3ng l\u01b0u tr\u1eef tr\u00ean \u0111\u00e1m m\u00e2y cho m\u1ed7i ng\u01b0\u1eddi d\u00f9ng.<\/span><br \/><span style=\"font-size: 14px\">&#8211; Chia s\u1ebb t\u1ec7p v\u00e0 h\u1ee3p t\u00e1c: B\u1ea1n c\u00f3 th\u1ec3 chia s\u1ebb t\u1ec7p v\u00e0 l\u00e0m vi\u1ec7c c\u00f9ng nhau tr\u00ean c\u00e1c t\u00e0i li\u1ec7u trong m\u00f4i tr\u01b0\u1eddng doanh nghi\u1ec7p.<\/span><br \/><span style=\"font-size: 14px\">&#8211; B\u1ea3o m\u1eadt d\u1eef li\u1ec7u: OneDrive For Business (Plan 1) b\u1ea3o v\u1ec7 d\u1eef li\u1ec7u c\u1ee7a b\u1ea1n b\u1eb1ng c\u00e1ch m\u00e3 h\u00f3a v\u00e0 cung &#8211; c\u1ea5p qu\u1ea3n l\u00fd quy\u1ec1n truy c\u1eadp.<\/span><\/p>\n<\/ul>","protected":false},"featured_media":12924,"comment_status":"closed","ping_status":"closed","template":"","meta":[],"pwb-brand":[],"product_cat":[2917],"product_tag":[],"class_list":{"0":"post-12923","1":"product","2":"type-product","3":"status-publish","4":"has-post-thumbnail","6":"product_cat-microsoft","8":"first","9":"instock","10":"shipping-taxable","11":"product-type-simple"},"brands":[],"_links":{"self":[{"href":"https:\/\/serverhot.vn\/ar\/wp-json\/wp\/v2\/product\/12923","targetHints":{"allow":["GET"]}}],"collection":[{"href":"https:\/\/serverhot.vn\/ar\/wp-json\/wp\/v2\/product"}],"about":[{"href":"https:\/\/serverhot.vn\/ar\/wp-json\/wp\/v2\/types\/product"}],"replies":[{"embeddable":true,"href":"https:\/\/serverhot.vn\/ar\/wp-json\/wp\/v2\/comments?post=12923"}],"wp:featuredmedia":[{"embeddable":true,"href":"https:\/\/serverhot.vn\/ar\/wp-json\/wp\/v2\/media\/12924"}],"wp:attachment":[{"href":"https:\/\/serverhot.vn\/ar\/wp-json\/wp\/v2\/media?parent=12923"}],"wp:term":[{"taxonomy":"pwb-brand","embeddable":true,"href":"https:\/\/serverhot.vn\/ar\/wp-json\/wp\/v2\/pwb-brand?post=12923"},{"taxonomy":"product_cat","embeddable":true,"href":"https:\/\/serverhot.vn\/ar\/wp-json\/wp\/v2\/product_cat?post=12923"},{"taxonomy":"product_tag","embeddable":true,"href":"https:\/\/serverhot.vn\/ar\/wp-json\/wp\/v2\/product_tag?post=12923"}],"curies":[{"name":"wp","href":"https:\/\/api.w.org\/{rel}","templated":true}]}}