{"id":13177,"date":"2024-06-29T19:21:19","date_gmt":"2024-06-29T12:21:19","guid":{"rendered":"https:\/\/serverhot.vn\/product\/uncategorized\/access-point-wi-fi-6-gan-tran-ax1800-tp-link-eap610-ma-san-pham-eap610\/"},"modified":"2024-06-29T19:21:20","modified_gmt":"2024-06-29T12:21:20","slug":"access-point-wi-fi-6-gan-tran-ax1800-tp-link-eap610-ma-san-pham-eap610","status":"publish","type":"product","link":"https:\/\/serverhot.vn\/ar\/-product-\/access-point-wi-fi-6-gan-tran-ax1800-tp-link-eap610-ma-san-pham-eap610\/","title":{"rendered":"Access Point Wi-Fi 6 G\u1eafn Tr\u1ea7n AX1800 TP-LINK EAP610 M\u00e3 s\u1ea3n ph\u1ea9m: EAP610"},"content":{"rendered":"<div class=\"showText tabs\" id=\"tab2\">\n                                    <\/div>","protected":false},"excerpt":{"rendered":"<ul>\n<p>\u2013 T\u1ed1c \u0110\u1ed9 Wi-Fi 6 Si\u00eau Nhanh: 574 Mbps tr\u00ean b\u0103ng t\u1ea7n 2.4 GHz v\u00e0 1201 Mbps tr\u00ean b\u0103ng t\u1ea7n 5 GHz \u0111\u1ed3ng th\u1eddi, t\u1ed5ng t\u1ed1c \u0111\u1ed9 Wi-Fi 1775 Mbps.<\/p>\n<p>\u2013 K\u1ebft N\u1ed1i WiFi 6 M\u1eadt \u0110\u1ed9 Cao: Dung l\u01b0\u1ee3ng t\u0103ng l\u00ean g\u1ea5p 4 l\u1ea7n \u0111\u1ec3 k\u1ebft n\u1ed1i nhi\u1ec1u thi\u1ebft b\u1ecb \u0111\u1ed3ng th\u1eddi.<\/p>\n<p>\u2013 Qu\u1ea3n L\u00fd Cloud T\u1eadp Trung: Qu\u1ea3n l\u00fd to\u00e0n b\u1ed9 m\u1ea1ng n\u1ed9i b\u1ed9 ho\u1eb7c t\u1eeb Cloud th\u00f4ng qua giao di\u1ec7n ng\u01b0\u1eddi d\u00f9ng web ho\u1eb7c \u1ee9ng d\u1ee5ng Omada.<\/p>\n<p>\u2013 Chuy\u1ec3n V\u00f9ng Li\u1ec1n M\u1ea1ch: Ph\u00e1t tr\u1ef1c tuy\u1ebfn video v\u00e0 cu\u1ed9c g\u1ecdi tho\u1ea1i tr\u1edf n\u00ean m\u01b0\u1ee3t m\u00e0 khi b\u1ea1n di chuy\u1ec3n gi\u1eefa c\u00e1c v\u1ecb tr\u00ed.<\/p>\n<p>\u2013 Omada Mesh: Cho ph\u00e9p k\u1ebft n\u1ed1i kh\u00f4ng d\u00e2y gi\u1eefa c\u00e1c \u0111i\u1ec3m truy c\u1eadp \u0111\u1ec3 m\u1edf r\u1ed9ng ph\u1ea1m vi v\u00e0 tri\u1ec3n khai linh ho\u1ea1t.<\/p>\n<p>\u2013 H\u1ed7 Tr\u1ee3 PoE+: H\u1ed7 tr\u1ee3 DC (bao g\u1ed3m b\u1ed9 chuy\u1ec3n \u0111\u1ed5i), 802.3at PoE + v\u00e0 Passive PoE \u0111\u1ec3 c\u00e0i \u0111\u1eb7t linh ho\u1ea1t.<\/p>\n<p>\u2013 Thi\u1ebft k\u1ebf si\u00eau m\u1ecfng: \u03a6160 mm \u00d7 33.6 mm thi\u1ebft k\u1ebf trang nh\u00e3<\/p>\n<p>\u2013 B\u1ea3o M\u1eadt M\u1ea1ng Kh\u00e1ch: C\u00f9ng v\u1edbi nhi\u1ec1u t\u00f9y ch\u1ecdn x\u00e1c th\u1ef1c (SMS\/ Facebook Wi-Fi\/ Voucher, v.v.) v\u00e0 c\u00f4ng ngh\u1ec7 b\u1ea3o m\u1eadt kh\u00f4ng d\u00e2y phong ph\u00fa.<\/p>\n<\/ul>","protected":false},"featured_media":13178,"comment_status":"closed","ping_status":"closed","template":"","meta":[],"pwb-brand":[],"product_cat":[2893],"product_tag":[2853,55],"class_list":{"0":"post-13177","1":"product","2":"type-product","3":"status-publish","4":"has-post-thumbnail","6":"product_cat-cisco","7":"product_tag-access-point","8":"product_tag-run","10":"first","11":"instock","12":"shipping-taxable","13":"product-type-simple"},"brands":[],"_links":{"self":[{"href":"https:\/\/serverhot.vn\/ar\/wp-json\/wp\/v2\/product\/13177","targetHints":{"allow":["GET"]}}],"collection":[{"href":"https:\/\/serverhot.vn\/ar\/wp-json\/wp\/v2\/product"}],"about":[{"href":"https:\/\/serverhot.vn\/ar\/wp-json\/wp\/v2\/types\/product"}],"replies":[{"embeddable":true,"href":"https:\/\/serverhot.vn\/ar\/wp-json\/wp\/v2\/comments?post=13177"}],"wp:featuredmedia":[{"embeddable":true,"href":"https:\/\/serverhot.vn\/ar\/wp-json\/wp\/v2\/media\/13178"}],"wp:attachment":[{"href":"https:\/\/serverhot.vn\/ar\/wp-json\/wp\/v2\/media?parent=13177"}],"wp:term":[{"taxonomy":"pwb-brand","embeddable":true,"href":"https:\/\/serverhot.vn\/ar\/wp-json\/wp\/v2\/pwb-brand?post=13177"},{"taxonomy":"product_cat","embeddable":true,"href":"https:\/\/serverhot.vn\/ar\/wp-json\/wp\/v2\/product_cat?post=13177"},{"taxonomy":"product_tag","embeddable":true,"href":"https:\/\/serverhot.vn\/ar\/wp-json\/wp\/v2\/product_tag?post=13177"}],"curies":[{"name":"wp","href":"https:\/\/api.w.org\/{rel}","templated":true}]}}