{"id":13293,"date":"2024-06-29T19:36:06","date_gmt":"2024-06-29T12:36:06","guid":{"rendered":"https:\/\/serverhot.vn\/product\/uncategorized\/man-hinh-benq-rm6503-ma-san-pham-rm6503\/"},"modified":"2024-06-29T19:36:07","modified_gmt":"2024-06-29T12:36:07","slug":"man-hinh-benq-rm6503-ma-san-pham-rm6503","status":"publish","type":"product","link":"https:\/\/serverhot.vn\/ar\/-product-\/man-hinh-benq-rm6503-ma-san-pham-rm6503\/","title":{"rendered":"M\u00c0N H\u00ccNH BENQ RM6503 M\u00e3 s\u1ea3n ph\u1ea9m: RM6503"},"content":{"rendered":"<div class=\"showText tabs\" id=\"tab2\">\n<div class=\"box_right_pro_view\">\n<div class=\"thongso_pro a_technical\" style=\"max-height: fit-content\">\n<table border=\"1\">\n<tbody>\n<tr>\n<td><span>H\u00e3ng s\u1ea3n xu\u1ea5t<\/span><\/td>\n<td><span>BenQ<\/span><\/td>\n<\/tr>\n<tr>\n<td><span>M\u00e3 s\u1ea3n ph\u1eabm<\/span><\/td>\n<td><span>RM6503<\/span><\/td>\n<\/tr>\n<tr>\n<td><span>K\u00edch c\u1ee1 m\u00e0n h\u00ecnh<\/span><\/td>\n<td><span>65 Inch<\/span><\/td>\n<\/tr>\n<tr>\n<td><span>\u0110\u00f4\u0323 ph\u00e2n gia\u0309i<\/span><\/td>\n<td><span>UHD 3840 \u00d7 2160 \u0110i\u1ec3m \u1ea3nh<\/span><\/td>\n<\/tr>\n<tr>\n<td><span>T\u1ef7 l\u1ec7 khu\u00f4n h\u00ecnh<\/span><\/td>\n<td><span>16:9<\/span><\/td>\n<\/tr>\n<tr>\n<td><span>\u0110\u1ed9 s\u00e1ng (\u0111i\u1ec3n h\u00ecnh)<\/span><\/td>\n<td><span>400 nits<\/span><\/td>\n<\/tr>\n<tr>\n<td><span>C\u00f4ng ngh\u1ec7 c\u1ea3m \u1ee9ng<\/span><\/td>\n<td><span>C\u1ea3m \u1ee9ng h\u1ed3ng ngo\u1ea1i<\/span><\/td>\n<\/tr>\n<tr>\n<td><span>CPU<\/span><\/td>\n<td><span>A73 \u00d7 4<\/span><\/td>\n<\/tr>\n<tr>\n<td><span>GPU<\/span><\/td>\n<td><span>G52 MC 2<\/span><\/td>\n<\/tr>\n<tr>\n<td><span>B\u1ed9 nh\u1edb | L\u01b0u tr\u1eef<\/span><\/td>\n<td><span>8GB | 32 GB<\/span><\/td>\n<\/tr>\n<tr>\n<td><span>H\u0110H<\/span><\/td>\n<td><span>Android 9.0<\/span><\/td>\n<\/tr>\n<tr>\n<td><span>\u0110\u1ea7u v\u00e0o|\u0110\u1ea7u ra HDMI<\/span><\/td>\n<td><span>3 \u00d7 HDMI 2.0 | 1 \u00d7 HDMI 2.0<\/span><\/td>\n<\/tr>\n<tr>\n<td><span>Ethernet LAN<\/span><\/td>\n<td><span>10 \/ 100 Mbps (Android), 10 \/ 100 \/ 1000 Mbps (OPS) \u00d7 1<\/span><\/td>\n<\/tr>\n<tr>\n<td><span>Ngu\u1ed3n<\/span><\/td>\n<td><span>AC 100-240V 50\/60Hz<\/span><\/td>\n<\/tr>\n<\/tbody>\n<\/table><\/div>\n<p>                            <!--                            <\/p>\n<div class=\"xemthem_id_r\">--><br \/>\n                            <!--                                <a><!--\/show\/?token=--><br \/>\n                            <!--\"--><br \/>\n                            <!--                                   class=\"preview fancybox fancybox.ajax\" rel=\"nofollow\"&gt;Xem th&#234;m th&#244;ng s&#7889; k&#7929; thu&#7853;t<\/a>--><br \/>\n                            <!--                            <\/div>\n<p>-->\n                        <\/p><\/div>\n<\/p><\/div>","protected":false},"excerpt":{"rendered":"<ul>\n<ul>\n<li style=\"text-align: justify\"><span style=\"font-size: 18px\">K\u00edch c\u1ee1 m\u00e0n h\u00ecnh : 65 Inch<\/span><\/li>\n<li style=\"text-align: justify\"><span style=\"font-size: 18px\">Lo\u1ea1i m\u00e0n h\u00ecnh : IPS<\/span><\/li>\n<li style=\"text-align: justify\"><span style=\"font-size: 18px\">T\u1ef7 l\u1ec7 khu\u00f4n h\u00ecnh : 16:9<\/span><\/li>\n<li style=\"text-align: justify\"><span style=\"font-size: 18px\">\u0110\u1ed9 s\u00e1ng (\u0111i\u1ec3n h\u00ecnh): 400 nits<\/span><\/li>\n<li style=\"text-align: justify\"><span style=\"font-size: 18px\">\u0110\u00f4\u0323 ph\u00e2n gia\u0309i : UHD 3840 \u00d7 2160 \u0110i\u1ec3m \u1ea3nh<\/span><\/li>\n<li style=\"text-align: justify\"><span style=\"font-size: 18px\">C\u00f4ng ngh\u1ec7 c\u1ea3m \u1ee9ng : C\u1ea3m \u1ee9ng h\u1ed3ng ngo\u1ea1i<\/span><\/li>\n<li style=\"text-align: justify\"><span style=\"font-size: 18px\">Khu v\u1ef1c ho\u1ea1t \u0111\u1ed9ng ( R x C) :1428.5 \u00d7 803.5 mm<\/span><\/li>\n<li style=\"text-align: justify\"><span style=\"font-size: 18px\">Ng\u00f4n ng\u1eef s\u1eed d\u1ee5ng: ti\u1ebfng Vi\u1ec7t ho\u1eb7c ti\u1ebfng Anh (27 ng\u00f4n ng\u1eef) .<\/span><\/li>\n<\/ul>\n<\/ul>","protected":false},"featured_media":13294,"comment_status":"closed","ping_status":"closed","template":"","meta":[],"pwb-brand":[],"product_cat":[2909],"product_tag":[],"class_list":{"0":"post-13293","1":"product","2":"type-product","3":"status-publish","4":"has-post-thumbnail","6":"product_cat-man-hinh-may-tinh","8":"first","9":"instock","10":"shipping-taxable","11":"product-type-simple"},"brands":[],"_links":{"self":[{"href":"https:\/\/serverhot.vn\/ar\/wp-json\/wp\/v2\/product\/13293","targetHints":{"allow":["GET"]}}],"collection":[{"href":"https:\/\/serverhot.vn\/ar\/wp-json\/wp\/v2\/product"}],"about":[{"href":"https:\/\/serverhot.vn\/ar\/wp-json\/wp\/v2\/types\/product"}],"replies":[{"embeddable":true,"href":"https:\/\/serverhot.vn\/ar\/wp-json\/wp\/v2\/comments?post=13293"}],"wp:featuredmedia":[{"embeddable":true,"href":"https:\/\/serverhot.vn\/ar\/wp-json\/wp\/v2\/media\/13294"}],"wp:attachment":[{"href":"https:\/\/serverhot.vn\/ar\/wp-json\/wp\/v2\/media?parent=13293"}],"wp:term":[{"taxonomy":"pwb-brand","embeddable":true,"href":"https:\/\/serverhot.vn\/ar\/wp-json\/wp\/v2\/pwb-brand?post=13293"},{"taxonomy":"product_cat","embeddable":true,"href":"https:\/\/serverhot.vn\/ar\/wp-json\/wp\/v2\/product_cat?post=13293"},{"taxonomy":"product_tag","embeddable":true,"href":"https:\/\/serverhot.vn\/ar\/wp-json\/wp\/v2\/product_tag?post=13293"}],"curies":[{"name":"wp","href":"https:\/\/api.w.org\/{rel}","templated":true}]}}