{"id":13790,"date":"2024-10-01T03:45:10","date_gmt":"2024-09-30T20:45:10","guid":{"rendered":"https:\/\/serverhot.vn\/-product-\/may-chieu-canon-lv-x320-ma-san-pham-lv-x320\/"},"modified":"2024-10-01T03:45:11","modified_gmt":"2024-09-30T20:45:11","slug":"may-chieu-canon-lv-x320-ma-san-pham-lv-x320","status":"publish","type":"product","link":"https:\/\/serverhot.vn\/ar\/-product-\/may-chieu-canon-lv-x320-ma-san-pham-lv-x320\/","title":{"rendered":"M\u00e1y Chi\u1ebfu Canon LV-X320 M\u00e3 s\u1ea3n ph\u1ea9m: LV-X320"},"content":{"rendered":"<div class=\"showText tabs\" id=\"tab2\">\n<div class=\"box_right_pro_view\">\n<div class=\"thongso_pro a_technical\" style=\"max-height: fit-content\">\n<table border=\"1\" width=\"780\" cellpadding=\"0px\">\n<tbody>\n<tr>\n<td width=\"177\">S\u1ea3n ph\u1ea9m<\/td>\n<td width=\"514\">Ma\u0301y chi\u00ea\u0301u<\/td>\n<\/tr>\n<tr>\n<td>H\u00e3ng s\u1ea3n xu\u1ea5t<\/td>\n<td>Canon<\/td>\n<\/tr>\n<tr>\n<td>Model<\/td>\n<td>LV-X320<\/td>\n<\/tr>\n<tr>\n<td>C\u00f4ng ngh\u00ea\u0323<\/td>\n<td>DLP<\/td>\n<\/tr>\n<tr>\n<td>\u0110\u00f4\u0323 thu pho\u0301ng<\/td>\n<td>K\u00edch th\u01b0\u01a1\u0301c m\u00e0n ph\u00f3ng : 180 inch<\/td>\n<\/tr>\n<tr>\n<td>\u0110\u00f4\u0323 t\u01b0\u01a1ng pha\u0309n<\/td>\n<td>10.000:1<\/td>\n<\/tr>\n<tr>\n<td>\u0110\u00f4\u0323 sa\u0301ng<\/td>\n<td>3200\u00a0 Ansi Lumens<\/td>\n<\/tr>\n<tr>\n<td>\u0110\u00f4\u0323 ph\u00e2n gia\u0309i<\/td>\n<td>XGA (1024&#215;768)<\/td>\n<\/tr>\n<tr>\n<td>Tu\u00f4\u0309i tho\u0323 \u0111e\u0300n<\/td>\n<td>Tu\u00f4\u0309i tho\u0323 \u0111\u00e8n chi\u00ea\u0301u : 4000 gi\u01a1\u0300. H\u00ea\u0323 th\u00f4\u0301ng \u0111\u00e8n n\u00e0y c?ng r\u00e2\u0301t b\u00ea\u0300n, v\u00e0 n\u00ea\u0301u s\u01b0\u0309 du\u0323ng \u01a1\u0309 ch\u00ea\u0301 \u0111\u00f4\u0323 eco-mode, h\u00ea\u0323 th\u00f4\u0301ng n\u00e0y se\u0303 c\u00f3 tu\u00f4\u0309i tho\u0323 khoa\u0309ng 6000 gi\u01a1\u0300.<\/td>\n<\/tr>\n<tr>\n<td>Loa<\/td>\n<td>Kh\u00f4ng co\u0301<\/td>\n<\/tr>\n<tr>\n<td>C\u00f4\u0309ng giao ti\u00ea\u0301p<\/td>\n<td>K\u00ea\u0301t n\u00f4\u0301i : MHL, HDMI<\/td>\n<\/tr>\n<tr>\n<td>Ki\u0301ch th\u01b0\u01a1\u0301c<\/td>\n<td>N\/A<\/td>\n<\/tr>\n<tr>\n<td>Tro\u0323ng l\u01b0\u01a1\u0323ng<\/td>\n<td>2.5 Kg<\/td>\n<\/tr>\n<tr>\n<td>M\u00f4 ta\u0309 kha\u0301c<\/td>\n<td>C\u00f4ng ngh\u00ea\u0323 : DLP \u2013 3D Link ready. \u00d4\u0301ng k\u00ednh : kh\u00f4ng th\u00ea\u0309 thay th\u00ea\u0301<\/td>\n<\/tr>\n<\/tbody>\n<\/table><\/div>\n<p>                            <!--                            <\/p>\n<div class=\"xemthem_id_r\">--><br \/>\n                            <!--                                <a><!--\/show\/?token=--><br \/>\n                            <!--\"--><br \/>\n                            <!--                                   class=\"preview fancybox fancybox.ajax\" rel=\"nofollow\"&gt;Xem th&#234;m th&#244;ng s&#7889; k&#7929; thu&#7853;t<\/a>--><br \/>\n                            <!--                            <\/div>\n<p>-->\n                        <\/p><\/div>\n<\/p><\/div>","protected":false},"excerpt":{"rendered":"<ul>\n<ul>\n<li style=\"font-family: arial, verdana, sans-serif;font-size: 13px;line-height: 1.45;font-weight: normal\"><span style=\"font-size: 16px\">\u0110\u00f4\u0323 sa\u0301ng: 3200 Ansi Lumens<\/span><\/li>\n<li style=\"font-family: arial, verdana, sans-serif;font-size: 13px;line-height: 1.45;font-weight: normal\"><span style=\"font-size: 16px\">\u0110\u00f4\u0323 t\u01b0\u01a1ng pha\u0309n: 10.000:1<\/span><\/li>\n<li style=\"font-family: arial, verdana, sans-serif;font-size: 13px;line-height: 1.45;font-weight: normal\"><span style=\"font-size: 16px\">\u0110\u00f4\u0323 ph\u00e2n gia\u0309i: XGA (1024&#215;768)<\/span><\/li>\n<li style=\"font-family: arial, verdana, sans-serif;font-size: 13px;line-height: 1.45;font-weight: normal\"><span style=\"font-size: 16px\">Tu\u00f4\u0309i tho\u0323 \u0111e\u0300n: Tu\u00f4\u0309i tho\u0323 \u0111\u00e8n chi\u00ea\u0301u : 4000 gi\u01a1\u0300. H\u00ea\u0323 th\u00f4\u0301ng \u0111\u00e8n n\u00e0y c\u0169ng r\u00e2\u0301t b\u00ea\u0300n, v\u00e0 n\u00ea\u0301u s\u01b0\u0309 du\u0323ng \u01a1\u0309 ch\u00ea\u0301 \u0111\u00f4\u0323 eco-mode, h\u00ea\u0323 th\u00f4\u0301ng n\u00e0y se\u0303 c\u00f3 tu\u00f4\u0309i tho\u0323 khoa\u0309ng 6000 gi\u01a1\u0300.<\/span><\/li>\n<li style=\"font-family: arial, verdana, sans-serif;font-size: 13px;line-height: 1.45;font-weight: normal\"><span style=\"font-size: 16px\">C\u00e2n n\u0103\u0323ng: 2.5 Kg<\/span><\/li>\n<\/ul>\n<\/ul>","protected":false},"featured_media":13791,"comment_status":"closed","ping_status":"closed","template":"","meta":[],"pwb-brand":[],"product_cat":[2910],"product_tag":[],"class_list":{"0":"post-13790","1":"product","2":"type-product","3":"status-publish","4":"has-post-thumbnail","6":"product_cat-thiet-bi-van-phong","8":"first","9":"instock","10":"shipping-taxable","11":"product-type-simple"},"brands":[],"_links":{"self":[{"href":"https:\/\/serverhot.vn\/ar\/wp-json\/wp\/v2\/product\/13790","targetHints":{"allow":["GET"]}}],"collection":[{"href":"https:\/\/serverhot.vn\/ar\/wp-json\/wp\/v2\/product"}],"about":[{"href":"https:\/\/serverhot.vn\/ar\/wp-json\/wp\/v2\/types\/product"}],"replies":[{"embeddable":true,"href":"https:\/\/serverhot.vn\/ar\/wp-json\/wp\/v2\/comments?post=13790"}],"wp:featuredmedia":[{"embeddable":true,"href":"https:\/\/serverhot.vn\/ar\/wp-json\/wp\/v2\/media\/13791"}],"wp:attachment":[{"href":"https:\/\/serverhot.vn\/ar\/wp-json\/wp\/v2\/media?parent=13790"}],"wp:term":[{"taxonomy":"pwb-brand","embeddable":true,"href":"https:\/\/serverhot.vn\/ar\/wp-json\/wp\/v2\/pwb-brand?post=13790"},{"taxonomy":"product_cat","embeddable":true,"href":"https:\/\/serverhot.vn\/ar\/wp-json\/wp\/v2\/product_cat?post=13790"},{"taxonomy":"product_tag","embeddable":true,"href":"https:\/\/serverhot.vn\/ar\/wp-json\/wp\/v2\/product_tag?post=13790"}],"curies":[{"name":"wp","href":"https:\/\/api.w.org\/{rel}","templated":true}]}}