{"id":13794,"date":"2024-10-01T04:15:09","date_gmt":"2024-09-30T21:15:09","guid":{"rendered":"https:\/\/serverhot.vn\/-product-\/may-chieu-epson-eb-fh52-wireless-ma-san-pham-eb-fh52\/"},"modified":"2024-10-01T04:15:10","modified_gmt":"2024-09-30T21:15:10","slug":"may-chieu-epson-eb-fh52-wireless-ma-san-pham-eb-fh52","status":"publish","type":"product","link":"https:\/\/serverhot.vn\/ar\/-product-\/may-chieu-epson-eb-fh52-wireless-ma-san-pham-eb-fh52\/","title":{"rendered":"M\u00e1y Chi\u1ebfu Epson EB &#8211; FH52 Wireless M\u00e3 s\u1ea3n ph\u1ea9m: EB-FH52"},"content":{"rendered":"<div class=\"showText tabs\" id=\"tab2\">\n<div class=\"box_right_pro_view\">\n<div class=\"thongso_pro a_technical\" style=\"max-height: fit-content\">\n<table border=\"1\" width=\"519pt\" cellpadding=\"0px\">\n<tbody>\n<tr>\n<td width=\"177\">S\u1ea3n ph\u1ea9m<\/td>\n<td width=\"514\">Ma\u0301y chi\u00ea\u0301u<\/td>\n<\/tr>\n<tr>\n<td>H\u00e3ng s\u1ea3n xu\u1ea5t<\/td>\n<td>Epson<\/td>\n<\/tr>\n<tr>\n<td>Model<\/td>\n<td>Epson EB &#8211; FH52<\/td>\n<\/tr>\n<tr>\n<td>C\u00f4ng ngh\u00ea\u0323<\/td>\n<td>3LCD<\/td>\n<\/tr>\n<tr>\n<td>\u0110\u00f4\u0323 thu pho\u0301ng<\/td>\n<td>K\u00edch th\u01b0\u01a1\u0301c tri\u0300nh chi\u00ea\u0301u: 30&#8243; &#8211; 300&#8243;<\/td>\n<\/tr>\n<tr>\n<td>\u0110\u00f4\u0323 t\u01b0\u01a1ng pha\u0309n<\/td>\n<td>16000:1<\/td>\n<\/tr>\n<tr>\n<td>\u0110\u00f4\u0323 sa\u0301ng<\/td>\n<td width=\"514\">4000 ANSI Lumens<\/td>\n<\/tr>\n<tr>\n<td>\u0110\u00f4\u0323 ph\u00e2n gia\u0309i<\/td>\n<td>WUXGA (1920&#215;1200)<\/td>\n<\/tr>\n<tr>\n<td>Tu\u00f4\u0309i tho\u0323 \u0111e\u0300n<\/td>\n<td width=\"514\">B\u00f3ng \u0111\u00e8n: UHE 230W. Tu\u00f4\u0309i tho\u0323 b\u00f3ng \u0111\u00e8n: L\u00ean t\u01a1\u0301i 12000h<\/td>\n<\/tr>\n<tr>\n<td>Loa<\/td>\n<td>16W<\/td>\n<\/tr>\n<tr>\n<td>C\u00f4\u0309ng giao ti\u00ea\u0301p<\/td>\n<td width=\"514\">C\u00f4\u0309ng k\u00ea\u0301t n\u00f4\u0301i: VGA in x &#8230;, Video, RCA, VGA out x &#8230; HDMI x 2, USB (3 trong 1) LAN (c\u00f4\u0309ng RJ45)&#8230;Tri\u0300nh chi\u00ea\u0301u kh\u00f4ng gi\u00e2y Wireless<\/td>\n<\/tr>\n<tr>\n<td>Ki\u0301ch th\u01b0\u01a1\u0301c<\/td>\n<td>309mm x 90mm x 282mm<\/td>\n<\/tr>\n<tr>\n<td>Tro\u0323ng l\u01b0\u01a1\u0323ng<\/td>\n<td>3.2 Kg<\/td>\n<\/tr>\n<\/tbody>\n<\/table><\/div>\n<p>                            <!--                            <\/p>\n<div class=\"xemthem_id_r\">--><br \/>\n                            <!--                                <a><!--\/show\/?token=--><br \/>\n                            <!--\"--><br \/>\n                            <!--                                   class=\"preview fancybox fancybox.ajax\" rel=\"nofollow\"&gt;Xem th&#234;m th&#244;ng s&#7889; k&#7929; thu&#7853;t<\/a>--><br \/>\n                            <!--                            <\/div>\n<p>-->\n                        <\/p><\/div>\n<\/p><\/div>","protected":false},"excerpt":{"rendered":"<ul>\n<ul>\n<li style=\"font-family: arial, verdana, sans-serif;font-size: 13px;line-height: 1.45;font-weight: normal\"><span style=\"font-size: 16px\">\u0110\u00f4\u0323 sa\u0301ng: &#8220;4000 ANSI Lumens<\/span><\/li>\n<li style=\"font-family: arial, verdana, sans-serif;font-size: 13px;line-height: 1.45;font-weight: normal\"><span style=\"font-size: 16px\">\u0110\u00f4\u0323 t\u01b0\u01a1ng pha\u0309n: 16000:1<\/span><\/li>\n<li style=\"font-family: arial, verdana, sans-serif;font-size: 13px;line-height: 1.45;font-weight: normal\"><span style=\"font-size: 16px\">\u0110\u00f4\u0323 ph\u00e2n gia\u0309i: WUXGA (1920&#215;1200)<\/span><\/li>\n<li style=\"font-family: arial, verdana, sans-serif;font-size: 13px;line-height: 1.45;font-weight: normal\"><span style=\"font-size: 16px\">Tu\u00f4\u0309i tho\u0323 \u0111e\u0300n: &#8220;B\u00f3ng \u0111\u00e8n: UHE 230W. Tu\u00f4\u0309i tho\u0323 b\u00f3ng \u0111\u00e8n: L\u00ean t\u01a1\u0301i 12000h<\/span><\/li>\n<li style=\"font-family: arial, verdana, sans-serif;font-size: 13px;line-height: 1.45;font-weight: normal\"><span style=\"font-size: 16px\">C\u00e2n n\u0103\u0323ng: 3.2 Kg<\/span><\/li>\n<\/ul>\n<\/ul>","protected":false},"featured_media":13795,"comment_status":"closed","ping_status":"closed","template":"","meta":[],"pwb-brand":[],"product_cat":[2910],"product_tag":[2852],"class_list":{"0":"post-13794","1":"product","2":"type-product","3":"status-publish","4":"has-post-thumbnail","6":"product_cat-thiet-bi-van-phong","7":"product_tag-wireless","9":"first","10":"instock","11":"shipping-taxable","12":"product-type-simple"},"brands":[],"_links":{"self":[{"href":"https:\/\/serverhot.vn\/ar\/wp-json\/wp\/v2\/product\/13794","targetHints":{"allow":["GET"]}}],"collection":[{"href":"https:\/\/serverhot.vn\/ar\/wp-json\/wp\/v2\/product"}],"about":[{"href":"https:\/\/serverhot.vn\/ar\/wp-json\/wp\/v2\/types\/product"}],"replies":[{"embeddable":true,"href":"https:\/\/serverhot.vn\/ar\/wp-json\/wp\/v2\/comments?post=13794"}],"wp:featuredmedia":[{"embeddable":true,"href":"https:\/\/serverhot.vn\/ar\/wp-json\/wp\/v2\/media\/13795"}],"wp:attachment":[{"href":"https:\/\/serverhot.vn\/ar\/wp-json\/wp\/v2\/media?parent=13794"}],"wp:term":[{"taxonomy":"pwb-brand","embeddable":true,"href":"https:\/\/serverhot.vn\/ar\/wp-json\/wp\/v2\/pwb-brand?post=13794"},{"taxonomy":"product_cat","embeddable":true,"href":"https:\/\/serverhot.vn\/ar\/wp-json\/wp\/v2\/product_cat?post=13794"},{"taxonomy":"product_tag","embeddable":true,"href":"https:\/\/serverhot.vn\/ar\/wp-json\/wp\/v2\/product_tag?post=13794"}],"curies":[{"name":"wp","href":"https:\/\/api.w.org\/{rel}","templated":true}]}}