{"id":14114,"date":"2024-10-14T22:00:14","date_gmt":"2024-10-14T15:00:14","guid":{"rendered":"https:\/\/serverhot.vn\/-product-\/may-bo-pc-hp-s01-pf2033d-6l604pa-intel-core-i5-12400-8gb-256gb-ssd-windows-11-home-sl-64-bit-wifi-802-11ac-ma-san-pham-6l604pa\/"},"modified":"2024-10-14T22:00:15","modified_gmt":"2024-10-14T15:00:15","slug":"may-bo-pc-hp-s01-pf2033d-6l604pa-intel-core-i5-12400-8gb-256gb-ssd-windows-11-home-sl-64-bit-wifi-802-11ac-ma-san-pham-6l604pa","status":"publish","type":"product","link":"https:\/\/serverhot.vn\/ar\/-product-\/may-bo-pc-hp-s01-pf2033d-6l604pa-intel-core-i5-12400-8gb-256gb-ssd-windows-11-home-sl-64-bit-wifi-802-11ac-ma-san-pham-6l604pa\/","title":{"rendered":"M\u00e1y B\u1ed9 PC HP S01-pF2033d 6L604PA (Intel Core i5-12400\/8GB\/256GB SSD\/Windows 11 Home SL 64-bit\/WiFi 802.11ac) M\u00e3 s\u1ea3n ph\u1ea9m: 6L604PA"},"content":{"rendered":"<div class=\"showText tabs\" id=\"tab2\">\n<div class=\"box_right_pro_view\">\n<div class=\"thongso_pro a_technical\" style=\"max-height: fit-content\">\n<table border=\"1\" width=\"100%\" cellspacing=\"0\" cellpadding=\"0\">\n<tbody>\n<tr>\n<td>\n<p><span>S\u1ea3n ph\u1ea9m<\/span><\/p>\n<\/td>\n<td>\n<p><span>M\u00e1y t\u00ednh \u0111\u1ed3ng b\u1ed9<\/span><\/p>\n<\/td>\n<\/tr>\n<tr>\n<td>\n<p><span>H\u00e3ng s\u1ea3n xu\u1ea5t<\/span><\/p>\n<\/td>\n<td>HP<\/td>\n<\/tr>\n<tr>\n<td>\n<p><span>Model<\/span><\/p>\n<\/td>\n<td><span>6L604PA\u00a0<\/span><\/td>\n<\/tr>\n<tr>\n<td>\n<p><span>B\u1ed9 vi x\u1eed l\u00fd<\/span><\/p>\n<\/td>\n<td>\n<p><span>Intel Core i5-12400 (up to 4.4 GHz, 18 MB L3 cache, 6 cores, 12 threads)<\/span><\/p>\n<\/td>\n<\/tr>\n<tr>\n<td>\n<p><span>RAM<\/span><\/p>\n<\/td>\n<td>\n<p><span>8GB (1 x 8GB) DDR4-2933 MHz<\/span><\/p>\n<\/td>\n<\/tr>\n<tr>\n<td>\n<p><span>\u1ed4 c\u1ee9ng<\/span><\/p>\n<\/td>\n<td>\n<p><span>256 GB PCIe\u00ae NVMe\u2122 M.2 SSD<\/span><\/p>\n<\/td>\n<\/tr>\n<tr>\n<td>\n<p><span>Card \u0111\u1ed3 h\u1ecda<\/span><\/p>\n<\/td>\n<td>\n<p><span>Intel\u00ae UHD Graphics 730<\/span><\/p>\n<\/td>\n<\/tr>\n<tr>\n<td>\n<p><span>\u00d4 \u0111\u0129a<\/span><\/p>\n<\/td>\n<td>\n<p><span>&#8211;<\/span><\/p>\n<\/td>\n<\/tr>\n<tr>\n<td>\n<p><span>K\u1ebft n\u1ed1i m\u1ea1ng<\/span><\/p>\n<\/td>\n<td>\n<p><span>Realtek RTL8822CE 802.11a\/b\/g\/n\/ac (2&#215;2) Wi-Fi\u00ae and Bluetooth\u00ae 5 combo<\/span><\/p>\n<p><span>Integrated 10\/100\/1000 GbE LAN<\/span><\/p>\n<\/td>\n<\/tr>\n<tr>\n<td>\n<p><span>Keyboard &amp; Mouse<\/span><\/p>\n<\/td>\n<td>\n<p><span>HP 125 USB Black Wired Keyboard<\/span><\/p>\n<\/td>\n<\/tr>\n<tr>\n<td>\n<p><span>C\u1ed5ng k\u1ebft n\u1ed1i<\/span><\/p>\n<\/td>\n<td>\n<p><span>Tr\u01b0\u1edbc:<\/span><\/p>\n<ul class=\"with-bullets\">\n<li>\n<div class=\"para\"><span>(4) USB 3.2 Gen 1 Type-A ports<\/span><\/div>\n<\/li>\n<li>\n<div class=\"para\"><span>(1) Headphone\/microphone combo port<\/span><\/div>\n<\/li>\n<\/ul>\n<p><span>Sau:<\/span><\/p>\n<ul class=\"with-bullets\">\n<li>\n<div class=\"para\"><span>(4) USB 2.0 Type-A ports<\/span><\/div>\n<\/li>\n<li>\n<div class=\"para\"><span>(1) RJ-45 Ethernet port<\/span><\/div>\n<\/li>\n<li>\n<div class=\"para\"><span>(2) Audio jacks<\/span><\/div>\n<\/li>\n<li>\n<div class=\"para\"><span>(1) HDMI v1.4b\/HDCP 2.2 output port<\/span><\/div>\n<\/li>\n<li>\n<div class=\"para\"><span>(1) VGA output port<\/span><\/div>\n<\/li>\n<li>\n<div class=\"para\"><span>(1) Power input port<\/span><\/div>\n<\/li>\n<\/ul>\n<\/td>\n<\/tr>\n<tr>\n<td>\n<p><span>C\u1ed5ng xu\u1ea5t h\u00ecnh<\/span><\/p>\n<\/td>\n<td>\n<p><span>x1\u00a0 VGA port, 1x HDMI<\/span><\/p>\n<\/td>\n<\/tr>\n<tr>\n<td>\n<p><span>H\u1ec7 \u0111i\u1ec1u h\u00e0nh<\/span><\/p>\n<\/td>\n<td>\n<p><span>Windows 11 Home<\/span><\/p>\n<\/td>\n<\/tr>\n<tr>\n<td>\n<p><span>K\u00edch th\u01b0\u1edbc<\/span><\/p>\n<\/td>\n<td>\n<p><span>9.5 x 30.3 x 27 cm<\/span><\/p>\n<\/td>\n<\/tr>\n<tr>\n<td>\n<p><span>C\u00e2n n\u1eb7ng<\/span><\/p>\n<\/td>\n<td>\n<p><span>3.02 kg<\/span><\/p>\n<\/td>\n<\/tr>\n<tr>\n<td>\n<p><span>B\u1ea3o h\u00e0nh<\/span><\/p>\n<\/td>\n<td>\n<p><span>12 th\u00e1ng<\/span><\/p>\n<\/td>\n<\/tr>\n<\/tbody>\n<\/table><\/div>\n<p>                            <!--                            <\/p>\n<div class=\"xemthem_id_r\">--><br \/>\n                            <!--                                <a><!--\/show\/?token=--><br \/>\n                            <!--\"--><br \/>\n                            <!--                                   class=\"preview fancybox fancybox.ajax\" rel=\"nofollow\"&gt;Xem th&#234;m th&#244;ng s&#7889; k&#7929; thu&#7853;t<\/a>--><br \/>\n                            <!--                            <\/div>\n<p>-->\n                        <\/p><\/div>\n<\/p><\/div>","protected":false},"excerpt":{"rendered":"<ul>\n<ul>\n<li style=\"margin: 0px auto 0px 20px;padding: 0px;text-align: justify\"><span class=\"item\" style=\"margin: 0px auto 5px;padding: 0px\"><span class=\"item\" style=\"margin: 0px auto 5px;padding: 0px;text-align: left\"><span style=\"color: #222222\"><span style=\"font-size: 18px\">CPU: Intel Core i5-12400 (up to 4.4 GHz, 18 MB L3 cache, 6 cores, 12 threads)<\/span><\/span><\/span><\/span><\/li>\n<li style=\"margin: 0px auto 0px 20px;padding: 0px;text-align: justify\"><span class=\"item\" style=\"margin: 0px auto 5px;padding: 0px;font-size: 18px\"><span class=\"item\" style=\"margin: 0px auto 5px;padding: 0px;color: #222222;font-family: Roboto, sans-serif;text-align: left\"><span style=\"font-family: Roboto, sans-serif\">RAM: 8GB (1 x 8GB) DDR4-2933 MHz (x2 slot)<\/span><br \/><\/span><\/span><\/li>\n<li style=\"margin: 0px auto 0px 20px;padding: 0px;text-align: justify;font-size: 15px\"><span class=\"item\" style=\"margin: 0px auto 5px;padding: 0px;font-size: 18px\"><span class=\"item\" style=\"margin: 0px auto 5px;padding: 0px;color: #222222;font-family: Roboto, sans-serif;text-align: left\"><span style=\"margin: 0px auto;padding: 0px;font-family: Roboto, sans-serif\">\u1ed4 c\u1ee9ng: 256 GB PCIe\u00ae NVMe\u2122 M.2 SSD (x1 HDD 3.5&#8243; sata)<br style=\"margin: 0px auto;padding: 0px\"><\/span><\/span><\/span><\/li>\n<li style=\"margin: 0px auto 0px 20px;padding: 0px;text-align: justify;font-size: 15px\"><span class=\"item\" style=\"margin: 0px auto 5px;padding: 0px;font-size: 18px\"><span class=\"item\" style=\"margin: 0px auto 5px;padding: 0px;color: #222222;font-family: Roboto, sans-serif;text-align: left\">VGA: Intel UHD Graphics 730<br style=\"margin: 0px auto;padding: 0px\"><\/span><\/span><\/li>\n<li style=\"margin: 0px auto 0px 20px;padding: 0px;text-align: justify;font-size: 15px\"><span class=\"item\" style=\"margin: 0px auto 5px;padding: 0px;font-size: 18px\"><span class=\"item\" style=\"margin: 0px auto 5px;padding: 0px;color: #222222;font-family: Roboto, sans-serif;text-align: left\">K\u1ebft n\u1ed1i m\u1ea1ng: Wlan + Bluetooth<br style=\"margin: 0px auto;padding: 0px\"><\/span><\/span><\/li>\n<li style=\"margin: 0px auto 0px 20px;padding: 0px;text-align: justify;font-size: 15px\"><span class=\"item\" style=\"margin: 0px auto 5px;padding: 0px;font-size: 18px\"><span class=\"item\" style=\"margin: 0px auto 5px;padding: 0px;color: #222222;font-family: Roboto, sans-serif;text-align: left\">H\u1ec7 \u0111i\u1ec1u h\u00e0nh: Windows 11 Home<\/span><\/span><\/li>\n<\/ul>\n<\/ul>","protected":false},"featured_media":14115,"comment_status":"closed","ping_status":"closed","template":"","meta":[],"pwb-brand":[],"product_cat":[2887],"product_tag":[2841],"class_list":{"0":"post-14114","1":"product","2":"type-product","3":"status-publish","4":"has-post-thumbnail","6":"product_cat-hp","7":"product_tag-hdd","9":"first","10":"instock","11":"shipping-taxable","12":"product-type-simple"},"brands":[],"_links":{"self":[{"href":"https:\/\/serverhot.vn\/ar\/wp-json\/wp\/v2\/product\/14114","targetHints":{"allow":["GET"]}}],"collection":[{"href":"https:\/\/serverhot.vn\/ar\/wp-json\/wp\/v2\/product"}],"about":[{"href":"https:\/\/serverhot.vn\/ar\/wp-json\/wp\/v2\/types\/product"}],"replies":[{"embeddable":true,"href":"https:\/\/serverhot.vn\/ar\/wp-json\/wp\/v2\/comments?post=14114"}],"wp:featuredmedia":[{"embeddable":true,"href":"https:\/\/serverhot.vn\/ar\/wp-json\/wp\/v2\/media\/14115"}],"wp:attachment":[{"href":"https:\/\/serverhot.vn\/ar\/wp-json\/wp\/v2\/media?parent=14114"}],"wp:term":[{"taxonomy":"pwb-brand","embeddable":true,"href":"https:\/\/serverhot.vn\/ar\/wp-json\/wp\/v2\/pwb-brand?post=14114"},{"taxonomy":"product_cat","embeddable":true,"href":"https:\/\/serverhot.vn\/ar\/wp-json\/wp\/v2\/product_cat?post=14114"},{"taxonomy":"product_tag","embeddable":true,"href":"https:\/\/serverhot.vn\/ar\/wp-json\/wp\/v2\/product_tag?post=14114"}],"curies":[{"name":"wp","href":"https:\/\/api.w.org\/{rel}","templated":true}]}}