{"id":14180,"date":"2024-10-16T10:45:13","date_gmt":"2024-10-16T03:45:13","guid":{"rendered":"https:\/\/serverhot.vn\/-product-\/precision-7960-tower-workstation-ma-san-pham-precision7960\/"},"modified":"2024-10-16T10:45:14","modified_gmt":"2024-10-16T03:45:14","slug":"precision-7960-tower-workstation-ma-san-pham-precision7960","status":"publish","type":"product","link":"https:\/\/serverhot.vn\/ar\/-product-\/precision-7960-tower-workstation-ma-san-pham-precision7960\/","title":{"rendered":"Precision 7960 Tower Workstation M\u00e3 s\u1ea3n ph\u1ea9m: PRECISION7960"},"content":{"rendered":"<div class=\"showText tabs\" id=\"tab2\">\n                                    <\/div>","protected":false},"excerpt":{"rendered":"<ul>\n<p><strong>M\u00e1y tr\u1ea1m Dell Precision 7960 Tower<\/strong>\u00a0l\u00e0 m\u1ed9t m\u00e1y t\u00ednh \u0111\u1ec3 b\u00e0n hi\u1ec7u su\u1ea5t cao, \u0111\u01b0\u1ee3c thi\u1ebft k\u1ebf cho c\u00f4ng vi\u1ec7c chuy\u00ean nghi\u1ec7p.\u00a0<\/p>\n<ul style=\"list-style-type: square\">\n<li>B\u1ed9 x\u1eed l\u00fd: Intel Xeon W-3455 (t\u1ed1i \u0111a 56 l\u00f5i)<\/li>\n<li>B\u1ed9 nh\u1edb: T\u1ed1i \u0111a 8TB RAM DDR5 4800MHz<\/li>\n<li>L\u01b0u tr\u1eef: T\u1ed1i \u0111a 152TB (8 khe c\u1eafm M.2 v\u00e0 8 khe c\u1eafm PCIe Gen 4\/5)<\/li>\n<li>\u0110\u1ed3 h\u1ecda: \u0110\u1ed3 h\u1ecda chuy\u00ean nghi\u1ec7p AMD ho\u1eb7c NVIDIA (t\u1ed1i \u0111a 4x 300W)<\/li>\n<li>H\u1ec7 \u0111i\u1ec1u h\u00e0nh: Windows 11 Pro ho\u1eb7c Ubuntu Linux<\/li>\n<li>M\u1ea1ng: T\u00f9y ch\u1ecdn m\u1ea1ng 1G, 10G v\u00e0 25G<\/li>\n<li>C\u1ed5ng k\u1ebft n\u1ed1i: USB 3.2 Type-A v\u00e0 Type-C, Thunderbolt 4 (t\u00f9y ch\u1ecdn)<\/li>\n<li>B\u1ea3o m\u1eadt: TPM 2.0, khung m\u00e1y c\u00f3 kh\u00f3a v\u1edbi ph\u00e1t hi\u1ec7n x\u00e2m nh\u1eadp, \u1ed5 \u0111\u0129a t\u1ef1 m\u00e3 h\u00f3a<\/li>\n<li>T\u1ed1i \u01b0u h\u00f3a:\u00a0\u00a0 Dell Optimizer for Precision (ph\u1ea7n m\u1ec1m t\u1ed1i \u01b0u h\u00f3a d\u1ef1a tr\u00ean AI)<\/li>\n<\/ul>\n<\/ul>","protected":false},"featured_media":14181,"comment_status":"closed","ping_status":"closed","template":"","meta":[],"pwb-brand":[],"product_cat":[2886],"product_tag":[],"class_list":{"0":"post-14180","1":"product","2":"type-product","3":"status-publish","4":"has-post-thumbnail","6":"product_cat-dell-workstation","8":"first","9":"instock","10":"shipping-taxable","11":"product-type-simple"},"brands":[],"_links":{"self":[{"href":"https:\/\/serverhot.vn\/ar\/wp-json\/wp\/v2\/product\/14180","targetHints":{"allow":["GET"]}}],"collection":[{"href":"https:\/\/serverhot.vn\/ar\/wp-json\/wp\/v2\/product"}],"about":[{"href":"https:\/\/serverhot.vn\/ar\/wp-json\/wp\/v2\/types\/product"}],"replies":[{"embeddable":true,"href":"https:\/\/serverhot.vn\/ar\/wp-json\/wp\/v2\/comments?post=14180"}],"wp:featuredmedia":[{"embeddable":true,"href":"https:\/\/serverhot.vn\/ar\/wp-json\/wp\/v2\/media\/14181"}],"wp:attachment":[{"href":"https:\/\/serverhot.vn\/ar\/wp-json\/wp\/v2\/media?parent=14180"}],"wp:term":[{"taxonomy":"pwb-brand","embeddable":true,"href":"https:\/\/serverhot.vn\/ar\/wp-json\/wp\/v2\/pwb-brand?post=14180"},{"taxonomy":"product_cat","embeddable":true,"href":"https:\/\/serverhot.vn\/ar\/wp-json\/wp\/v2\/product_cat?post=14180"},{"taxonomy":"product_tag","embeddable":true,"href":"https:\/\/serverhot.vn\/ar\/wp-json\/wp\/v2\/product_tag?post=14180"}],"curies":[{"name":"wp","href":"https:\/\/api.w.org\/{rel}","templated":true}]}}