{"id":14210,"date":"2024-10-22T06:15:09","date_gmt":"2024-10-21T23:15:09","guid":{"rendered":"https:\/\/serverhot.vn\/-product-\/laptop-ideapad-slim-5-14imh9-intel-core-ultra-5-125h-16gb-lpddr5x-512gb-ssd-ma-san-pham-83da001nvn\/"},"modified":"2024-10-22T06:15:30","modified_gmt":"2024-10-21T23:15:30","slug":"laptop-ideapad-slim-5-14imh9-intel-core-ultra-5-125h-16gb-lpddr5x-512gb-ssd-ma-san-pham-83da001nvn","status":"publish","type":"product","link":"https:\/\/serverhot.vn\/ar\/-product-\/laptop-ideapad-slim-5-14imh9-intel-core-ultra-5-125h-16gb-lpddr5x-512gb-ssd-ma-san-pham-83da001nvn\/","title":{"rendered":"Laptop IdeaPad Slim 5 14IMH9 | Intel Core Ultra 5 125H | 16GB LPDDR5x | 512GB SSD M\u00e3 s\u1ea3n ph\u1ea9m: 83DA001NVN"},"content":{"rendered":"<div class=\"showText tabs\" id=\"tab2\">\n<div class=\"box_right_pro_view\">\n<div class=\"thongso_pro a_technical\" style=\"max-height: fit-content\">\n<ul>\n<li>B\u1ed9 x\u1eed l\u00fd: Intel Core Ultra 5 125H, 14 nh\u00e2n (4P + 8E + 2LPE) \/ 18 lu\u1ed3ng, Turbo t\u1ed1i \u0111a l\u00ean \u0111\u1ebfn 4.5GHz, Cache 18MB<\/li>\n<li>RAM: 16GB LPDDR5x-7467 (Dual channel, h\u00e0n li\u1ec1n)<\/li>\n<li>L\u01b0u tr\u1eef: 512GB SSD M.2 2242 PCIe 4.0&#215;4 NVMe\u00a0<\/li>\n<li>\u0110\u1ed3 h\u1ecda: \u0110\u1ed3 h\u1ecda t\u00edch h\u1ee3p Intel Arc<\/li>\n<li>M\u00e0n h\u00ecnh: 14&#8243; WUXGA (1920&#215;1200) OLED, 400 nits, Glossy, 100% DCI-P3, 60Hz, DisplayHDR True Black 500<\/li>\n<li>H\u1ec7 \u0111i\u1ec1u h\u00e0nh: Windows 11<\/li>\n<\/ul><\/div>\n<p>                            <!--                            <\/p>\n<div class=\"xemthem_id_r\">--><br \/>\n                            <!--                                <a><!--\/show\/?token=--><br \/>\n                            <!--\"--><br \/>\n                            <!--                                   class=\"preview fancybox fancybox.ajax\" rel=\"nofollow\"&gt;Xem th&#234;m th&#244;ng s&#7889; k&#7929; thu&#7853;t<\/a>--><br \/>\n                            <!--                            <\/div>\n<p>-->\n                        <\/p><\/div>\n<\/p><\/div>","protected":false},"excerpt":{"rendered":"<ul>\n<h1 class=\"pro-name js-product-name\" style=\"margin-top: 0px;margin-bottom: 5px;font-weight: 500;line-height: 1.2;font-size: 20px;color: #333333;font-family: Roboto, sans-serif;background-color: #ffffff\">Laptop Lenovo IdeaPad Slim 5 14IMH9 83DA001NVN (Intel Core Ultra 5 125H | 512GB | 16 GB | Intel Arc | 14 inch WUXGA | Win 11 | X\u00e1m)<\/h1>\n<\/ul>","protected":false},"featured_media":14211,"comment_status":"closed","ping_status":"closed","template":"","meta":[],"pwb-brand":[],"product_cat":[2892],"product_tag":[],"class_list":{"0":"post-14210","1":"product","2":"type-product","3":"status-publish","4":"has-post-thumbnail","6":"product_cat-lenovo-laptop","8":"first","9":"instock","10":"shipping-taxable","11":"product-type-simple"},"brands":[],"_links":{"self":[{"href":"https:\/\/serverhot.vn\/ar\/wp-json\/wp\/v2\/product\/14210","targetHints":{"allow":["GET"]}}],"collection":[{"href":"https:\/\/serverhot.vn\/ar\/wp-json\/wp\/v2\/product"}],"about":[{"href":"https:\/\/serverhot.vn\/ar\/wp-json\/wp\/v2\/types\/product"}],"replies":[{"embeddable":true,"href":"https:\/\/serverhot.vn\/ar\/wp-json\/wp\/v2\/comments?post=14210"}],"wp:featuredmedia":[{"embeddable":true,"href":"https:\/\/serverhot.vn\/ar\/wp-json\/wp\/v2\/media\/14211"}],"wp:attachment":[{"href":"https:\/\/serverhot.vn\/ar\/wp-json\/wp\/v2\/media?parent=14210"}],"wp:term":[{"taxonomy":"pwb-brand","embeddable":true,"href":"https:\/\/serverhot.vn\/ar\/wp-json\/wp\/v2\/pwb-brand?post=14210"},{"taxonomy":"product_cat","embeddable":true,"href":"https:\/\/serverhot.vn\/ar\/wp-json\/wp\/v2\/product_cat?post=14210"},{"taxonomy":"product_tag","embeddable":true,"href":"https:\/\/serverhot.vn\/ar\/wp-json\/wp\/v2\/product_tag?post=14210"}],"curies":[{"name":"wp","href":"https:\/\/api.w.org\/{rel}","templated":true}]}}