{"id":14403,"date":"2024-11-11T02:15:09","date_gmt":"2024-11-10T19:15:09","guid":{"rendered":"https:\/\/serverhot.vn\/-product-\/apc-smart-ups-rt-battery-pack-192v-rackmount-4u-ma-san-pham-srtg192xlbp2\/"},"modified":"2024-11-11T02:15:12","modified_gmt":"2024-11-10T19:15:12","slug":"apc-smart-ups-rt-battery-pack-192v-rackmount-4u-ma-san-pham-srtg192xlbp2","status":"publish","type":"product","link":"https:\/\/serverhot.vn\/ar\/-product-\/apc-smart-ups-rt-battery-pack-192v-rackmount-4u-ma-san-pham-srtg192xlbp2\/","title":{"rendered":"APC Smart-UPS RT Battery Pack 192V, rackmount, 4U M\u00e3 s\u1ea3n ph\u1ea9m: SRTG192XLBP2"},"content":{"rendered":"<div class=\"showText tabs\" id=\"tab2\">\n                                    <\/div>","protected":false},"excerpt":{"rendered":"<ul>\n<p>APC Smart-UPS RT Battery Pack 192V, rackmount, 4U (SRTG192XLBP2) l\u00e0 m\u1ed9t b\u1ed9 pin UPS (Uninterruptible Power Supply) d\u00e0nh cho rack, c\u00f3 c\u00f4ng su\u1ea5t 192V.\u00a0<\/p>\n<ul style=\"list-style-type: square\">\n<li>Lo\u1ea1i pin: Pin \u0111\u1ee9ng (Lead-acid battery)<\/li>\n<li>C\u1ea5u h\u00ecnh rack: 4U (17.5 cm x 44 cm x 70 cm)<\/li>\n<li>C\u00f4ng su\u1ea5t pin: 192V<\/li>\n<li>H\u1ec7 th\u1ed1ng l\u00e0m m\u00e1t: Kh\u00f4ng qu\u1ea1t, kh\u00f4ng ti\u1ebfng \u1ed3n<\/li>\n<li>\u0110\u1ed9 \u1ea9m ho\u1ea1t \u0111\u1ed9ng: 0-95%<\/li>\n<li>Nhi\u1ec7t \u0111\u1ed9 ho\u1ea1t \u0111\u1ed9ng: 0-40\u00b0C<\/li>\n<li>M\u00e0u s\u1eafc: \u0110en<\/li>\n<li>Kh\u1ed1i l\u01b0\u1ee3ng: 116 kg<\/li>\n<\/ul>\n<\/ul>","protected":false},"featured_media":14404,"comment_status":"closed","ping_status":"closed","template":"","meta":[],"pwb-brand":[],"product_cat":[2916],"product_tag":[],"class_list":{"0":"post-14403","1":"product","2":"type-product","3":"status-publish","4":"has-post-thumbnail","6":"product_cat-linh-kien-may-chu","8":"first","9":"instock","10":"shipping-taxable","11":"product-type-simple"},"brands":[],"_links":{"self":[{"href":"https:\/\/serverhot.vn\/ar\/wp-json\/wp\/v2\/product\/14403","targetHints":{"allow":["GET"]}}],"collection":[{"href":"https:\/\/serverhot.vn\/ar\/wp-json\/wp\/v2\/product"}],"about":[{"href":"https:\/\/serverhot.vn\/ar\/wp-json\/wp\/v2\/types\/product"}],"replies":[{"embeddable":true,"href":"https:\/\/serverhot.vn\/ar\/wp-json\/wp\/v2\/comments?post=14403"}],"wp:featuredmedia":[{"embeddable":true,"href":"https:\/\/serverhot.vn\/ar\/wp-json\/wp\/v2\/media\/14404"}],"wp:attachment":[{"href":"https:\/\/serverhot.vn\/ar\/wp-json\/wp\/v2\/media?parent=14403"}],"wp:term":[{"taxonomy":"pwb-brand","embeddable":true,"href":"https:\/\/serverhot.vn\/ar\/wp-json\/wp\/v2\/pwb-brand?post=14403"},{"taxonomy":"product_cat","embeddable":true,"href":"https:\/\/serverhot.vn\/ar\/wp-json\/wp\/v2\/product_cat?post=14403"},{"taxonomy":"product_tag","embeddable":true,"href":"https:\/\/serverhot.vn\/ar\/wp-json\/wp\/v2\/product_tag?post=14403"}],"curies":[{"name":"wp","href":"https:\/\/api.w.org\/{rel}","templated":true}]}}