{"id":14423,"date":"2024-11-19T04:15:14","date_gmt":"2024-11-18T21:15:14","guid":{"rendered":"https:\/\/serverhot.vn\/-product-\/cap-mang-treo-ngoai-troi-dintek-cat-6-utp-305m-1101-04057-ma-san-pham-1101-04057\/"},"modified":"2024-11-19T04:15:16","modified_gmt":"2024-11-18T21:15:16","slug":"cap-mang-treo-ngoai-troi-dintek-cat-6-utp-305m-1101-04057-ma-san-pham-1101-04057","status":"publish","type":"product","link":"https:\/\/serverhot.vn\/ar\/-product-\/cap-mang-treo-ngoai-troi-dintek-cat-6-utp-305m-1101-04057-ma-san-pham-1101-04057\/","title":{"rendered":"C\u00e1p m\u1ea1ng treo ngo\u00e0i tr\u1eddi Dintek CAT.6 UTP 305m (1101-04057) M\u00e3 s\u1ea3n ph\u1ea9m: 1101-04057"},"content":{"rendered":"<div class=\"showText tabs\" id=\"tab2\">\n<div class=\"box_right_pro_view\">\n<div class=\"thongso_pro a_technical\" style=\"max-height: fit-content\">\n<p>Conductor<\/p>\n<p>Material <span> <\/span>Pure Annealed Copper<\/p>\n<p>Wire Size<span> <\/span>23AWG<\/p>\n<p>Braided Type<span> <\/span>Hard core<\/p>\n<p>No. Of Pairs <span> <\/span>4P<\/p>\n<p>Insulation<\/p>\n<p>Material<span> <\/span>HDPE<\/p>\n<p>Diameter<span> <\/span>1.0mm \u00b1 0.05mm<\/p>\n<p>Colors<span> <\/span>Blue\/White | Orange\/White | Green\/White | Brown\/White<\/p>\n<p>Wrap foil in pairs<span> <\/span>None<\/p>\n<p>Jacket<\/p>\n<p>Material<span> <\/span>Polyethylene<\/p>\n<p>Separator<span> <\/span>Non-metallic cross separator (backbone)<\/p>\n<p>Diameter<span> <\/span>6.0mm \u00b1 0.5mm \/ 2.8mm \u00b1 0.5mm<\/p>\n<p>Color<span> <\/span>Black<\/p>\n<p>CPR Reaction To Fire<span> <\/span>Fca: according to EN 13501-6<\/p>\n<p>Foil Shield<span> <\/span>None<\/p>\n<p>Braided Shield<span> <\/span>None<\/p>\n<p>Self-help system<span> <\/span>1.2mm galvanized steel wire (17AWG)<\/p>\n<p>Jacket Physical Ranges<\/p>\n<p>Min. Bending Radius<span> <\/span>No load 4 x Outer diameter \/ Under load 8 x Outer diameter<\/p>\n<p>Maximum Tensile Strength<span> <\/span>110N<\/p>\n<p>Installation Temperature<span> <\/span>0\u00b0C to +50\u00b0C<\/p>\n<p>Operating Temperature<span> <\/span>-20\u00b0C to +75\u00b0C<\/p>\n<p>Electrical<\/p>\n<p>Conductor Resistance<span> <\/span>Max. 9.38\u03a9\/100m at 20\u00b0C<\/p>\n<p>DC Resistance Unbalance<span> <\/span>2% max at 20\u00b0C<\/p>\n<p>Unbalanced capacitance between wire pair and ground<span> <\/span>Up to 160 pF\/km at 1 kHz<\/p>\n<p>Dielectric strength of insulation<span> <\/span>1 KV in 1 minute<\/p>\n<p>Insulation Resistance Test (500V)<span> <\/span>Min. 5000 M\u03a9\/Km at 20\u00b0C<\/p>\n<p>Mutual Capacitance<span> <\/span>Max. 5.6 nF\/100m at 1 kHz<\/p>\n<p>Impedance 1 ~ 100Mhz<span> <\/span>100\u03a9 \u00b1 15%<\/p>\n<p>Nominal Velocity Of Propagation<span> <\/span>67%<\/p>\n<p>Gi\u00e1: 5.106.000 VND (\u0110\u00e3 bao g\u1ed3m VAT)<\/p>\n<\/p><\/div>\n<p>                            <!--                            <\/p>\n<div class=\"xemthem_id_r\">--><br \/>\n                            <!--                                <a><!--\/show\/?token=--><br \/>\n                            <!--\"--><br \/>\n                            <!--                                   class=\"preview fancybox fancybox.ajax\" rel=\"nofollow\"&gt;Xem th&#234;m th&#244;ng s&#7889; k&#7929; thu&#7853;t<\/a>--><br \/>\n                            <!--                            <\/div>\n<p>-->\n                        <\/p><\/div>\n<\/p><\/div>","protected":false},"excerpt":{"rendered":"<ul>\n<p>&#8211; Capable of handling the latest versions of Power over Ethernet<\/p>\n<p>\u00a0<\/p>\n<p>&#8211; Conductor size for PowerPRO TM Cat.6 set at 23AWG<\/p>\n<p>\u00a0<\/p>\n<p>&#8211; Telecommunications cable 4 pairs PE sheathed<\/p>\n<p>\u00a0<\/p>\n<p>&#8211; Successful transmission at 250Mhz up to 100m length<\/p>\n<p>\u00a0<\/p>\n<p>&#8211; 305m EZI-Pull box for free installation<\/p>\n<p>\u00a0<\/p>\n<p>&#8211; Self-supporting system 1.2mm galvanized steel wire<\/p>\n<\/ul>","protected":false},"featured_media":14424,"comment_status":"closed","ping_status":"closed","template":"","meta":[],"pwb-brand":[],"product_cat":[2910],"product_tag":[50,27],"class_list":{"0":"post-14423","1":"product","2":"type-product","3":"status-publish","4":"has-post-thumbnail","6":"product_cat-thiet-bi-van-phong","7":"product_tag-green","8":"product_tag-white","10":"first","11":"instock","12":"shipping-taxable","13":"product-type-simple"},"brands":[],"_links":{"self":[{"href":"https:\/\/serverhot.vn\/ar\/wp-json\/wp\/v2\/product\/14423","targetHints":{"allow":["GET"]}}],"collection":[{"href":"https:\/\/serverhot.vn\/ar\/wp-json\/wp\/v2\/product"}],"about":[{"href":"https:\/\/serverhot.vn\/ar\/wp-json\/wp\/v2\/types\/product"}],"replies":[{"embeddable":true,"href":"https:\/\/serverhot.vn\/ar\/wp-json\/wp\/v2\/comments?post=14423"}],"wp:featuredmedia":[{"embeddable":true,"href":"https:\/\/serverhot.vn\/ar\/wp-json\/wp\/v2\/media\/14424"}],"wp:attachment":[{"href":"https:\/\/serverhot.vn\/ar\/wp-json\/wp\/v2\/media?parent=14423"}],"wp:term":[{"taxonomy":"pwb-brand","embeddable":true,"href":"https:\/\/serverhot.vn\/ar\/wp-json\/wp\/v2\/pwb-brand?post=14423"},{"taxonomy":"product_cat","embeddable":true,"href":"https:\/\/serverhot.vn\/ar\/wp-json\/wp\/v2\/product_cat?post=14423"},{"taxonomy":"product_tag","embeddable":true,"href":"https:\/\/serverhot.vn\/ar\/wp-json\/wp\/v2\/product_tag?post=14423"}],"curies":[{"name":"wp","href":"https:\/\/api.w.org\/{rel}","templated":true}]}}