{"id":14437,"date":"2024-11-21T13:45:10","date_gmt":"2024-11-21T06:45:10","guid":{"rendered":"https:\/\/serverhot.vn\/-product-\/hp-pro-sff-400-g9-core-i5-13500-8gb-ram-256gb-ssd-intel-graphics-vga-port-wlan-acbt-usb-keyboard-mouse-win-11-home-64-1y-wty-8u8h6pa-ma-san-pham-8u8h6pa\/"},"modified":"2024-11-21T13:45:12","modified_gmt":"2024-11-21T06:45:12","slug":"hp-pro-sff-400-g9-core-i5-13500-8gb-ram-256gb-ssd-intel-graphics-vga-port-wlan-acbt-usb-keyboard-mouse-win-11-home-64-1y-wty-8u8h6pa-ma-san-pham-8u8h6pa","status":"publish","type":"product","link":"https:\/\/serverhot.vn\/ar\/-product-\/hp-pro-sff-400-g9-core-i5-13500-8gb-ram-256gb-ssd-intel-graphics-vga-port-wlan-acbt-usb-keyboard-mouse-win-11-home-64-1y-wty-8u8h6pa-ma-san-pham-8u8h6pa\/","title":{"rendered":"HP Pro SFF 400 G9 | Core i5-13500 | 8GB RAM | 256GB SSD | Intel Graphics | VGA Port | Wlan ac+BT | USB Keyboard &amp; Mouse | Win 11 Home 64 | 1Y WTY | 8U8H6PA M\u00e3 s\u1ea3n ph\u1ea9m: 8U8H6PA"},"content":{"rendered":"<div class=\"showText tabs\" id=\"tab2\">\n                                    <\/div>","protected":false},"excerpt":{"rendered":"<ul>\n<ul style=\"list-style-type: square\">\n<li>B\u1ed9 x\u1eed l\u00fd: Intel Core i5-13500 (t\u1ed1c \u0111\u1ed9 l\u00ean \u0111\u1ebfn 4.8 GHz, 14 nh\u00e2n, 20 lu\u1ed3ng)<\/li>\n<li>B\u1ed9 nh\u1edb: 8 GB DDR4-3200 RAM<\/li>\n<li>L\u01b0u tr\u1eef: 256 GB SSD<\/li>\n<li>H\u1ec7 \u0111i\u1ec1u h\u00e0nh: Windows 10 Home 64-bit\u00a0<\/li>\n<li>\u0110\u1ed3 h\u1ecda: Intel UHD Graphics<\/li>\n<li>C\u1ed5ng k\u1ebft n\u1ed1i: VGA, USB Type-C, USB Type-A, HDMI, DisplayPort, RJ-45 Ethernet, v\u00e0 audio-out<\/li>\n<li>Ph\u1ee5 ki\u1ec7n \u0111i k\u00e8m: B\u00e0n ph\u00edm &amp; chu\u1ed9t\u00a0<\/li>\n<li>B\u1ea3o h\u00e0nh: 1 n\u0103m<\/li>\n<\/ul>\n<\/ul>","protected":false},"featured_media":14438,"comment_status":"closed","ping_status":"closed","template":"","meta":[],"pwb-brand":[],"product_cat":[2887],"product_tag":[],"class_list":{"0":"post-14437","1":"product","2":"type-product","3":"status-publish","4":"has-post-thumbnail","6":"product_cat-hp","8":"first","9":"instock","10":"shipping-taxable","11":"product-type-simple"},"brands":[],"_links":{"self":[{"href":"https:\/\/serverhot.vn\/ar\/wp-json\/wp\/v2\/product\/14437","targetHints":{"allow":["GET"]}}],"collection":[{"href":"https:\/\/serverhot.vn\/ar\/wp-json\/wp\/v2\/product"}],"about":[{"href":"https:\/\/serverhot.vn\/ar\/wp-json\/wp\/v2\/types\/product"}],"replies":[{"embeddable":true,"href":"https:\/\/serverhot.vn\/ar\/wp-json\/wp\/v2\/comments?post=14437"}],"wp:featuredmedia":[{"embeddable":true,"href":"https:\/\/serverhot.vn\/ar\/wp-json\/wp\/v2\/media\/14438"}],"wp:attachment":[{"href":"https:\/\/serverhot.vn\/ar\/wp-json\/wp\/v2\/media?parent=14437"}],"wp:term":[{"taxonomy":"pwb-brand","embeddable":true,"href":"https:\/\/serverhot.vn\/ar\/wp-json\/wp\/v2\/pwb-brand?post=14437"},{"taxonomy":"product_cat","embeddable":true,"href":"https:\/\/serverhot.vn\/ar\/wp-json\/wp\/v2\/product_cat?post=14437"},{"taxonomy":"product_tag","embeddable":true,"href":"https:\/\/serverhot.vn\/ar\/wp-json\/wp\/v2\/product_tag?post=14437"}],"curies":[{"name":"wp","href":"https:\/\/api.w.org\/{rel}","templated":true}]}}