{"id":14565,"date":"2025-01-07T08:15:11","date_gmt":"2025-01-07T01:15:11","guid":{"rendered":"https:\/\/serverhot.vn\/-product-\/router-wifi-tp-link-cpe610-ma-san-pham-cpe610\/"},"modified":"2025-01-07T08:15:21","modified_gmt":"2025-01-07T01:15:21","slug":"router-wifi-tp-link-cpe610-ma-san-pham-cpe610","status":"publish","type":"product","link":"https:\/\/serverhot.vn\/ar\/-product-\/router-wifi-tp-link-cpe610-ma-san-pham-cpe610\/","title":{"rendered":"Router Wifi TP-Link CPE610 M\u00e3 s\u1ea3n ph\u1ea9m: CPE610"},"content":{"rendered":"<div class=\"showText tabs\" id=\"tab2\">\n<div class=\"box_right_pro_view\">\n<div class=\"thongso_pro a_technical\" style=\"max-height: fit-content\">\n<p>\u00cdNH N\u0102NG PH\u1ea6N C\u1ee8NG<\/p>\n<p>B\u1ed9 x\u1eed l\u00fd<span> <\/span>Qualcomm 560MHz CPU, MIPS 74Kc<\/p>\n<p>B\u1ed9 nh\u1edb<span> <\/span>64MB DDR2 RAM,8MB Flash<\/p>\n<p>Giao di\u1ec7n<span> <\/span>1 c\u1ed5ng Ethernet Shielded10\/100Mbps (LAN\/POE)<\/p>\n<p>1 n\u00fat Reset<\/p>\n<p>B\u1ed9 c\u1ea5p ngu\u1ed3n<span> <\/span>C\u1ea5p ngu\u1ed3n th\u1ee5 \u0111\u1ed9ng qua Ethernet qua m\u1ea1ng LAN (+ 4,5pins; -7,8pins)<\/p>\n<p>D\u1ea3i \u0111i\u1ec7n \u00e1p: 16-27VDC<\/p>\n<p>\u0110i\u1ec7n n\u0103ng ti\u00eau th\u1ee5<span> <\/span>7.41 W<\/p>\n<p>L\u01b0u \u00fd: Khi \u0111\u01b0\u1ee3c tri\u1ec3n khai b\u1eb1ng Passive PoE, c\u00f4ng su\u1ea5t l\u1ea5y t\u1eeb ngu\u1ed3n \u0111i\u1ec7n s\u1ebd cao h\u01a1n m\u1ed9t s\u1ed1 l\u01b0\u1ee3ng t\u00f9y thu\u1ed9c v\u00e0o \u0111\u1ed9 d\u00e0i c\u1ee7a c\u00e1p k\u1ebft n\u1ed1i.<\/p>\n<p>K\u00edch th\u01b0\u1edbc ( R x D x C )<span> <\/span>366 x 280 x 207 mm (14.4 x 11.0 x 8.1 in.)<\/p>\n<p>\u0110\u1ed9 l\u1ee3i \u0102ng ten<span> <\/span>23dBi<\/p>\n<p>\u0110\u1ed9 r\u1ed9ng b\u01b0\u1edbc s\u00f3ng \u0102ng ten<span> <\/span>9\u00b0(Azimuth), 7\u00b0(Elevation)<\/p>\n<p>B\u1ea3o v\u1ec7<span> <\/span>B\u1ea3o v\u1ec7 ch\u1ed1ng t\u0129nh \u0111i\u1ec7n 15KV<\/p>\n<p>B\u1ea3o v\u1ec7 ch\u1ed1ng s\u00e9t 6KV<\/p>\n<p>Enclosure<span> <\/span>Ch\u1ea5t li\u1ec7u: Nh\u1ef1a \u1ed5n \u0111\u1ecbnh PC ngo\u00e0i tr\u1eddi<\/p>\n<p>Ch\u1ecbu th\u1eddi ti\u1ebft: Thi\u1ebft k\u1ebf ch\u1ed1ng n\u01b0\u1edbc v\u00e0 b\u1ee5i IP65<\/p>\n<p>T\u00cdNH N\u0102NG WI-FI<\/p>\n<p>Chu\u1ea9n Wi-Fi<span> <\/span>IEEE 802.11a\/n<\/p>\n<p>Proprietary Protocol<span> <\/span>Ch\u1ebf \u0111\u1ed9 TDMA (v\u1edbi Pharos MAXtream b\u1eadt)<\/p>\n<p>T\u1ed1c \u0111\u1ed9 Wi-Fi<span> <\/span>L\u00ean t\u1edbi 300Mbps (40MHz,\u0110\u1ed9ng)<\/p>\n<p>L\u00ean t\u1edbi 144.4Mbps (20MHz,\u0110\u1ed9ng)<\/p>\n<p>L\u00ean t\u1edbi 72.2Mbps (10MHz,\u0110\u1ed9ng)<\/p>\n<p>L\u00ean t\u1edbi 36.1Mbps (5MHz,\u0110\u1ed9ng)<\/p>\n<p>B\u0103ng t\u1ea7n<span> <\/span>5.15~5.85GHz<\/p>\n<p>Note: Available operating frequency may vary depending on the limitations of the countries or regions in which the device is used<\/p>\n<p>C\u00f4ng su\u1ea5t truy\u1ec1n t\u1ea3i<span> <\/span>Max. 25dBm (Adjustable power by 1dBm)<\/p>\n<p>T\u00cdNH N\u0102NG PH\u1ea6N M\u1ec0M<\/p>\n<p>C\u1ea5u h\u00ecnh m\u1ea1ng<span> <\/span>WAN: Static\/Dynamic\/PPPoE\/L2TP\/PPTP<\/p>\n<p>LAN: Static\/Dynamic\/DHCP<\/p>\n<p>Forwarding: ALG\/UPnP\/Virtual Server\/Port Trigger<\/p>\n<p>Security: SPI Firewall\/ Ping Forbidden\/DoS Protection<\/p>\n<p>Access Control<\/p>\n<p>Static Routing<\/p>\n<p>Bandwidth Control<\/p>\n<p>IP &amp; MAC Binding<\/p>\n<p>C\u1ea5u h\u00ecnh Wi-Fi<span> <\/span>Pharos MAXtream TDMA Technology<\/p>\n<p>Selectable Channel Width: 5\/10\/20\/40MHz<\/p>\n<p>Auto Channel Selection<\/p>\n<p>Transmit Power Control<\/p>\n<p>Dynamic Frequency Selection(DFS)<\/p>\n<p>WDS Enable\/Disable<\/p>\n<p>Security: WPA\/WPA2, WPA-PSK\/WPA2-PSK (AES\/TKIP) Encryption,<\/p>\n<p>64\/128\/152-bit WEP Encryption<\/p>\n<p>SSID Broadcast Enable\/Disable<\/p>\n<p>Multi-SSID with VLAN Tagging(AP Mode only)<\/p>\n<p>Distance\/ACK Timeout Setting<\/p>\n<p>Wireless MAC Address Filter<\/p>\n<p>Wireless Advanced:<\/p>\n<p>Beacon Interval\/RTS Threshold\/Fragmentation Threshold\/DTIM Interval\/AP Isolation\/Short GI\/Wi-Fi Multimedia<\/p>\n<p>Qu\u1ea3n l\u00fd<span> <\/span>Discovery and Remote Management via Pharos Control application<\/p>\n<p>HTTP\/HTTPS Web-based management<\/p>\n<p>System log<\/p>\n<p>SNMP Agent(v2c)<\/p>\n<p>Ping Watch Dog<\/p>\n<p>Dynamic DDNS<\/p>\n<p>SSH Server<\/p>\n<p>C\u00f4ng c\u1ee5 h\u1ec7 th\u1ed1ng<span> <\/span>Indicators:Signal Strength\/Noise\/Transmit CCQ\/CPU\/Memory<\/p>\n<p>Monitors: Throughput\/Stations\/Interfaces\/ARP\/Routes\/WAN\/DHCP<\/p>\n<p>Spectrum Analyzer<\/p>\n<p>Speed Test<\/p>\n<p>Ping<\/p>\n<p>Traceroute<\/p>\n<p>System-level Optimizations<span> <\/span>Optimized IGMP Snooping\/Proxy for multicast applications<\/p>\n<p>Hardware watch dog<\/p>\n<p>POE ADAPTER FEATURES<\/p>\n<p>K\u00edch th\u01b0\u1edbc (R x D x C)<span> <\/span>85.8\u00d743.9\u00d729.7 mm<\/p>\n<p>Interfaces<span> <\/span>1 AC Jack with Earth Ground<\/p>\n<p>1 10\/100Mbps Shielded Ethernet Port (Power + Data)<\/p>\n<p>1 10\/100Mbps Shielded Ethernet Port (Data)<\/p>\n<p>Button<span> <\/span>N\u00fat Reset T\u1eeb Xa<\/p>\n<p>Power Status LEDs<span> <\/span>Xanh<\/p>\n<p>Input<span> <\/span>100-240VAC, 50\/60Hz<\/p>\n<p>Output<span> <\/span>24VDC, 0.5A Max<\/p>\n<p>+4, 5pins; -7, 8pins. (Support up to 60m Power over Ethernet)<\/p>\n<p>Efficiency<span> <\/span>&gt;84.29%<\/p>\n<p>Ch\u1ee9ng ch\u1ec9<span> <\/span>CE\/FCC\/UL\/IC\/GS\/PSB\/C-tick\/SAA\/S-Mark\/KC-mark<\/p>\n<p>KH\u00c1C<\/p>\n<p>Ch\u1ee9ng ch\u1ec9<span> <\/span>CE, FCC, IC, RoHS, IP65<\/p>\n<p>S\u1ea3n ph\u1ea9m bao g\u1ed3m<span> <\/span>CPE Wi-Fi ngo\u00e0i tr\u1eddi<\/p>\n<p>B\u1ed9 chuy\u1ec3n \u0111\u1ed5i PoE th\u1ee5 \u0111\u1ed9ng 24V 0.5A<\/p>\n<p>C\u1ef1c g\u1eafn d\u00e2y \u0111ai<\/p>\n<p>D\u00e2y ngu\u1ed3n AC<\/p>\n<p>H\u01b0\u1edbng d\u1eabn c\u00e0i \u0111\u1eb7t<\/p>\n<p>System Requirements<span> <\/span>Microsoft Windows 98SE, NT, 2000, XP, Vista\u2122 or Windows 10, Windows 8, Windows 7, MAC OS, NetWare, UNIX or Linux.<\/p>\n<p>Note: We recommend you to use one of following Web browsers for an improved user experience: Google Chrome, Safari, and Firefox. IE browsers are not recommended.<\/p>\n<p>M\u00f4i tr\u01b0\u1eddng<span> <\/span>Nhi\u1ec7t \u0111\u1ed9 ho\u1ea1t \u0111\u1ed9ng: -40\u2103~70\u2103 (-40\u2109~158\u2109)<\/p>\n<p>Nhi\u1ec7t \u0111\u1ed9 l\u01b0u tr\u1eef: -40\u2103~70\u2103 (-40\u2109~158\u2109)<\/p>\n<p>\u0110\u1ed9 \u1ea9m ho\u1ea1t \u0111\u1ed9ng: 10%~90% kh\u00f4ng ng\u01b0ng t\u1ee5<\/p>\n<p>\u0110\u1ed9 \u1ea9m l\u01b0u tr\u1eef: 5%~95% kh\u00f4ng ng\u01b0ng t\u1ee5<\/p>\n<\/p><\/div>\n<p>                            <!--                            <\/p>\n<div class=\"xemthem_id_r\">--><br \/>\n                            <!--                                <a><!--\/show\/?token=--><br \/>\n                            <!--\"--><br \/>\n                            <!--                                   class=\"preview fancybox fancybox.ajax\" rel=\"nofollow\"&gt;Xem th&#234;m th&#244;ng s&#7889; k&#7929; thu&#7853;t<\/a>--><br \/>\n                            <!--                            <\/div>\n<p>-->\n                        <\/p><\/div>\n<\/p><\/div>","protected":false},"excerpt":{"rendered":"<ul>\n<p>L\u00ean t\u1edbi 300Mbps tr\u00ean t\u1ed1c \u0111\u1ed9 truy\u1ec1n t\u1ea3i Wi-Fi \u1edf b\u0103ng t\u1ea7n 5GHz*1<\/p>\n<p>\u0102ng ten MIMO 2&#215;2 \u0111\u1ecbnh h\u01b0\u1edbng 23dBi \u0111\u1ed9 l\u1ee3i cao v\u00e0 t\u1ea5m kim lo\u1ea1i ph\u1ea3n x\u1ea1 s\u00f3ng chuy\u00ean d\u1ee5ng cho truy\u1ec1n t\u1ea3i kho\u1ea3ng c\u00e1ch xa l\u00ean t\u1edbi 30km*2<\/p>\n<p>Kh\u1ea3 n\u0103ng t\u1eadp trung s\u00f3ng tuy\u1ec7t v\u1eddi, c\u1ea3i thi\u1ec7n \u0111\u1ed9 tr\u1ec5 v\u00e0 kh\u1ea3 n\u0103ng kh\u1eed nhi\u1ec5u<\/p>\n<p>C\u00e1c kh\u1edbp n\u1ed1i \u0111\u01b0\u1ee3c thi\u1ebft k\u1ebf th\u00f4ng minh h\u1ed7 tr\u1ee3 vi\u1ec7c l\u1eafp r\u00e1p nhanh v\u00e0 ch\u1eafc ch\u1eafn gi\u00fap cho CPE610 \u1ed5n \u0111\u1ecbnh ngay c\u1ea3 khi c\u00f3 gi\u00f3 m\u1ea1nh<\/p>\n<p>V\u1ecf b\u1ea3o v\u1ec7 chu\u1ea9n IP65 c\u00f9ng v\u1edbi ch\u1ed1ng t\u0129nh \u0111i\u1ec7n 15 kV v\u00e0 ch\u1ed1ng s\u00e9t 6kV \u0111\u1ea3m b\u1ea3o s\u1ef1 ph\u00f9 h\u1ee3p m\u1ecdi lo\u1ea1i th\u1eddi ti\u1ebft*3<\/p>\n<p>C\u00f4ng ngh\u1ec7 Pharos MAXtream TDMA \u0111\u1ed9c quy\u1ec1n c\u1ee7a TP-Link gi\u00fap c\u1ea3i thi\u1ec7n hi\u1ec7u su\u1ea5t, c\u00f4ng su\u1ea5t v\u00e0 gi\u1ea3m t\u1ed1i \u0111a \u0111\u1ed9 tr\u1ec5<\/p>\n<p>Pharos Control cung c\u1ea5p cho qu\u1ea3n tr\u1ecb vi\u00ean m\u1ed9t h\u1ec7 th\u1ed1ng qu\u1ea3n l\u00fd t\u1eadp trung mi\u1ec5n ph\u00ed<\/p>\n<p>H\u1ed7 tr\u1ee3 Passive PoE cho ph\u00e9p tri\u1ec3n khai linh ho\u1ea1t v\u00e0 c\u00e0i \u0111\u1eb7t thu\u1eadn ti\u1ec7n<\/p>\n<\/ul>","protected":false},"featured_media":14566,"comment_status":"closed","ping_status":"closed","template":"","meta":[],"pwb-brand":[],"product_cat":[2896],"product_tag":[2856,25,55,2852],"class_list":{"0":"post-14565","1":"product","2":"type-product","3":"status-publish","4":"has-post-thumbnail","6":"product_cat-tp-link","7":"product_tag-firewall","8":"product_tag-man","9":"product_tag-run","10":"product_tag-wireless","12":"first","13":"instock","14":"shipping-taxable","15":"product-type-simple"},"brands":[],"_links":{"self":[{"href":"https:\/\/serverhot.vn\/ar\/wp-json\/wp\/v2\/product\/14565","targetHints":{"allow":["GET"]}}],"collection":[{"href":"https:\/\/serverhot.vn\/ar\/wp-json\/wp\/v2\/product"}],"about":[{"href":"https:\/\/serverhot.vn\/ar\/wp-json\/wp\/v2\/types\/product"}],"replies":[{"embeddable":true,"href":"https:\/\/serverhot.vn\/ar\/wp-json\/wp\/v2\/comments?post=14565"}],"wp:featuredmedia":[{"embeddable":true,"href":"https:\/\/serverhot.vn\/ar\/wp-json\/wp\/v2\/media\/14566"}],"wp:attachment":[{"href":"https:\/\/serverhot.vn\/ar\/wp-json\/wp\/v2\/media?parent=14565"}],"wp:term":[{"taxonomy":"pwb-brand","embeddable":true,"href":"https:\/\/serverhot.vn\/ar\/wp-json\/wp\/v2\/pwb-brand?post=14565"},{"taxonomy":"product_cat","embeddable":true,"href":"https:\/\/serverhot.vn\/ar\/wp-json\/wp\/v2\/product_cat?post=14565"},{"taxonomy":"product_tag","embeddable":true,"href":"https:\/\/serverhot.vn\/ar\/wp-json\/wp\/v2\/product_tag?post=14565"}],"curies":[{"name":"wp","href":"https:\/\/api.w.org\/{rel}","templated":true}]}}