{"id":14825,"date":"2025-04-08T13:15:52","date_gmt":"2025-04-08T06:15:52","guid":{"rendered":"https:\/\/serverhot.vn\/-product-\/switch-unifi-8-port-poe-ultra-210w-ma-san-pham-usw-ultra-210w\/"},"modified":"2025-04-08T13:17:46","modified_gmt":"2025-04-08T06:17:46","slug":"switch-unifi-8-port-poe-ultra-210w-ma-san-pham-usw-ultra-210w","status":"publish","type":"product","link":"https:\/\/serverhot.vn\/ar\/-product-\/switch-unifi-8-port-poe-ultra-210w-ma-san-pham-usw-ultra-210w\/","title":{"rendered":"Switch UniFi 8 Port PoE Ultra 210W M\u00e3 s\u1ea3n ph\u1ea9m: USW-ULTRA-210W"},"content":{"rendered":"<div class=\"showText tabs\" id=\"tab2\">\n                                    <\/div>","protected":false},"excerpt":{"rendered":"<ul>\n<p>Switch UniFi 8 Port PoE Ultra 210W (USW-Ultra-210W) l\u00e0 m\u1ed9t thi\u1ebft b\u1ecb chuy\u1ec3n m\u1ea1ch Layer-2 \u0111\u01b0\u1ee3c s\u1ea3n xu\u1ea5t b\u1edfi th\u01b0\u01a1ng hi\u1ec7u Ubiquiti \u0111\u01b0\u1ee3c trang b\u1ecb l\u00ean \u0111\u1ebfn 8 c\u1ed5ng k\u1ebft n\u1ed1i, h\u1ed7 tr\u1ee3 7 c\u1ed5ng PoE+ v\u00e0 1 c\u1ed5ng PoE++. \u0110\u00e2y l\u00e0 phi\u00ean b\u1ea3n n\u00e2ng c\u1ea5p c\u1ee7a switch UniFi 8 Port PoE+ (US-8-60W), mang \u0111\u1ebfn nhi\u1ec1u c\u1ea3i ti\u1ebfn v\u01b0\u1ee3t tr\u1ed9i v\u1ec1 c\u00f4ng su\u1ea5t v\u00e0 t\u00ednh n\u0103ng.<\/p>\n<\/ul>","protected":false},"featured_media":14826,"comment_status":"closed","ping_status":"closed","template":"","meta":[],"pwb-brand":[],"product_cat":[2901],"product_tag":[25,2849],"class_list":{"0":"post-14825","1":"product","2":"type-product","3":"status-publish","4":"has-post-thumbnail","6":"product_cat-ubiquiti","7":"product_tag-man","8":"product_tag-switch","10":"first","11":"instock","12":"shipping-taxable","13":"product-type-simple"},"brands":[],"_links":{"self":[{"href":"https:\/\/serverhot.vn\/ar\/wp-json\/wp\/v2\/product\/14825","targetHints":{"allow":["GET"]}}],"collection":[{"href":"https:\/\/serverhot.vn\/ar\/wp-json\/wp\/v2\/product"}],"about":[{"href":"https:\/\/serverhot.vn\/ar\/wp-json\/wp\/v2\/types\/product"}],"replies":[{"embeddable":true,"href":"https:\/\/serverhot.vn\/ar\/wp-json\/wp\/v2\/comments?post=14825"}],"wp:featuredmedia":[{"embeddable":true,"href":"https:\/\/serverhot.vn\/ar\/wp-json\/wp\/v2\/media\/14826"}],"wp:attachment":[{"href":"https:\/\/serverhot.vn\/ar\/wp-json\/wp\/v2\/media?parent=14825"}],"wp:term":[{"taxonomy":"pwb-brand","embeddable":true,"href":"https:\/\/serverhot.vn\/ar\/wp-json\/wp\/v2\/pwb-brand?post=14825"},{"taxonomy":"product_cat","embeddable":true,"href":"https:\/\/serverhot.vn\/ar\/wp-json\/wp\/v2\/product_cat?post=14825"},{"taxonomy":"product_tag","embeddable":true,"href":"https:\/\/serverhot.vn\/ar\/wp-json\/wp\/v2\/product_tag?post=14825"}],"curies":[{"name":"wp","href":"https:\/\/api.w.org\/{rel}","templated":true}]}}