{"id":10555,"date":"2024-06-29T03:53:16","date_gmt":"2024-06-28T20:53:16","guid":{"rendered":"https:\/\/serverhot.vn\/product\/uncategorized\/may-tinh-mini-pc-intel-nuc-11-essential-kit-atlas-canyon-pentium-silver-n6005-bnuc11atkpe0001-ma-san-pham-bnuc11atkpe0001\/"},"modified":"2024-06-29T03:53:17","modified_gmt":"2024-06-28T20:53:17","slug":"may-tinh-mini-pc-intel-nuc-11-essential-kit-atlas-canyon-pentium-silver-n6005-bnuc11atkpe0001-ma-san-pham-bnuc11atkpe0001","status":"publish","type":"product","link":"https:\/\/serverhot.vn\/bn\/-product-\/may-tinh-mini-pc-intel-nuc-11-essential-kit-atlas-canyon-pentium-silver-n6005-bnuc11atkpe0001-ma-san-pham-bnuc11atkpe0001\/","title":{"rendered":"M\u00e1y t\u00ednh Mini PC Intel NUC 11 Essential Kit Atlas Canyon Pentium Silver N6005 BNUC11ATKPE0001 M\u00e3 s\u1ea3n ph\u1ea9m: BNUC11ATKPE0001"},"content":{"rendered":"<div class=\"showText tabs\" id=\"tab2\">\n<div class=\"box_right_pro_view\">\n<div class=\"thongso_pro a_technical\" style=\"max-height: fit-content\">\n<p><span>Product Collection<\/span><\/p>\n<p><span>Intel\u00ae NUC Kit with Intel\u00ae Pentium\u00ae Processors<\/span><\/p>\n<p><span>Code Name<\/span><\/p>\n<p><span>Products formerly Atlas Canyon<\/span><\/p>\n<p><span>Processor Included<\/span><\/p>\n<p><span>Intel\u00ae Pentium\u00ae Silver N6005 Processor (4M Cache, up to 3.30 GHz)<\/span><\/p>\n<p><span>Board Number<\/span><\/p>\n<p><span>NUC11ATBPE<\/span><\/p>\n<p><span>Supported Operating Systems<\/span><\/p>\n<p><span>Windows 11*, Windows 10*, Linux*<\/span><\/p>\n<\/p><\/div>\n<p>                            <!--                            <\/p>\n<div class=\"xemthem_id_r\">--><br \/>\n                            <!--                                <a><!--\/show\/?token=--><br \/>\n                            <!--\"--><br \/>\n                            <!--                                   class=\"preview fancybox fancybox.ajax\" rel=\"nofollow\"&gt;Xem th&#234;m th&#244;ng s&#7889; k&#7929; thu&#7853;t<\/a>--><br \/>\n                            <!--                            <\/div>\n<p>-->\n                        <\/p><\/div>\n<\/p><\/div>","protected":false},"excerpt":{"rendered":"<ul>\n<p><span style=\"font-size: 14px\"> M\u00e1y t\u00ednh Mini PC Intel NUC 11 Essential Kit Atlas Canyon Pentium Silver N6005 BNUC11ATKPE0001<\/span><\/p>\n<p><span style=\"font-size: 14px\">CPU: Pentium Silver N6005 (Up to 3.3GHz) 4 Cores 4 Threads<\/span><\/p>\n<p>\u00a0<\/p>\n<p><span style=\"font-size: 14px\">VGA: Intel UHD Graphics<\/span><\/p>\n<\/ul>","protected":false},"featured_media":10556,"comment_status":"closed","ping_status":"closed","template":"","meta":[],"pwb-brand":[],"product_cat":[2889],"product_tag":[],"class_list":{"0":"post-10555","1":"product","2":"type-product","3":"status-publish","4":"has-post-thumbnail","6":"product_cat-intel","8":"first","9":"instock","10":"shipping-taxable","11":"product-type-simple"},"brands":[],"_links":{"self":[{"href":"https:\/\/serverhot.vn\/bn\/wp-json\/wp\/v2\/product\/10555","targetHints":{"allow":["GET"]}}],"collection":[{"href":"https:\/\/serverhot.vn\/bn\/wp-json\/wp\/v2\/product"}],"about":[{"href":"https:\/\/serverhot.vn\/bn\/wp-json\/wp\/v2\/types\/product"}],"replies":[{"embeddable":true,"href":"https:\/\/serverhot.vn\/bn\/wp-json\/wp\/v2\/comments?post=10555"}],"wp:featuredmedia":[{"embeddable":true,"href":"https:\/\/serverhot.vn\/bn\/wp-json\/wp\/v2\/media\/10556"}],"wp:attachment":[{"href":"https:\/\/serverhot.vn\/bn\/wp-json\/wp\/v2\/media?parent=10555"}],"wp:term":[{"taxonomy":"pwb-brand","embeddable":true,"href":"https:\/\/serverhot.vn\/bn\/wp-json\/wp\/v2\/pwb-brand?post=10555"},{"taxonomy":"product_cat","embeddable":true,"href":"https:\/\/serverhot.vn\/bn\/wp-json\/wp\/v2\/product_cat?post=10555"},{"taxonomy":"product_tag","embeddable":true,"href":"https:\/\/serverhot.vn\/bn\/wp-json\/wp\/v2\/product_tag?post=10555"}],"curies":[{"name":"wp","href":"https:\/\/api.w.org\/{rel}","templated":true}]}}