{"id":10645,"date":"2024-06-29T07:45:20","date_gmt":"2024-06-29T00:45:20","guid":{"rendered":"https:\/\/serverhot.vn\/product\/uncategorized\/bo-chuyen-doi-quang-dien-gigabit-wdm-tp-link-tl-fc311a-20-ma-san-pham-tl-fc311a-20\/"},"modified":"2024-06-29T07:45:21","modified_gmt":"2024-06-29T00:45:21","slug":"bo-chuyen-doi-quang-dien-gigabit-wdm-tp-link-tl-fc311a-20-ma-san-pham-tl-fc311a-20","status":"publish","type":"product","link":"https:\/\/serverhot.vn\/bn\/-product-\/bo-chuyen-doi-quang-dien-gigabit-wdm-tp-link-tl-fc311a-20-ma-san-pham-tl-fc311a-20\/","title":{"rendered":"B\u1ed9 chuy\u1ec3n \u0111\u1ed5i quang \u0111i\u1ec7n Gigabit WDM Tp-link TL-FC311A-20 M\u00e3 s\u1ea3n ph\u1ea9m: TL-FC311A-20"},"content":{"rendered":"<div class=\"showText tabs\" id=\"tab2\">\n                                    <\/div>","protected":false},"excerpt":{"rendered":"<ul>\n<h4 class=\"pane-header\" style=\"margin-top: 0px;margin-bottom: 2px;font-family: 'Segoe UI', sans-serif;color: #3d3d3d;font-size: 23px;position: relative;padding: 10px 10px 12px;overflow: hidden;line-height: 1.2em !important\">TH\u00d4NG S\u1ed0 K\u1ef8 THU\u1eacT<\/h4>\n<div id=\"detailThongSoKyThuat\" class=\"specifications\" style=\"padding: 0px 15px 15px;color: #222222;font-family: 'Segoe UI', sans-serif;font-size: 14px\">\n<table class=\"Table\" style=\"max-width: 700px;width: auto !important\">\n<tbody>\n<tr style=\"border-top: 0px solid #dddddd;border-bottom: 1px solid #dddddd\">\n<td style=\"border-radius: 0px;padding: 0.5rem 0px;width: 162px\">\n<p style=\"margin-top: 0px;margin-bottom: 1rem\">Th\u01b0\u01a1ng hi\u1ec7u<\/p>\n<\/td>\n<td style=\"border-radius: 0px;padding: 0.5rem 0px;width: 462px\">\n<p style=\"margin-top: 0px;margin-bottom: 1rem\">TP-Link<\/p>\n<\/td>\n<\/tr>\n<tr style=\"border-top: 0px solid #dddddd;border-bottom: 1px solid #dddddd\">\n<td style=\"border-radius: 0px;padding: 0.5rem 0px;width: 162px\">\n<p style=\"margin-top: 0px;margin-bottom: 1rem\">Model<\/p>\n<\/td>\n<td style=\"border-radius: 0px;padding: 0.5rem 0px;width: 462px\">\n<p style=\"margin-top: 0px;margin-bottom: 1rem\">TL-FC311A-20<\/p>\n<\/td>\n<\/tr>\n<tr style=\"border-top: 0px solid #dddddd;border-bottom: 1px solid #dddddd\">\n<td style=\"border-radius: 0px;padding: 0.5rem 0px;width: 162px\">\n<p style=\"margin-top: 0px;margin-bottom: 1rem\">Lo\u1ea1i thi\u1ebft b\u1ecb<\/p>\n<\/td>\n<td style=\"border-radius: 0px;padding: 0.5rem 0px;width: 462px\">\n<p style=\"margin-top: 0px;margin-bottom: 1rem\">B\u1ed9 chuy\u1ec3n \u0111\u1ed5i quang \u0111i\u1ec7n<\/p>\n<\/td>\n<\/tr>\n<tr style=\"border-top: 0px solid #dddddd;border-bottom: 1px solid #dddddd\">\n<td style=\"border-radius: 0px;padding: 0.5rem 0px;width: 162px\">\n<p style=\"margin-top: 0px;margin-bottom: 1rem\">Chu\u1ea9n v\u00e0 Giao th\u1ee9c<\/p>\n<\/td>\n<td style=\"border-radius: 0px;padding: 0.5rem 0px;width: 462px\">\n<p style=\"margin-top: 0px;margin-bottom: 1rem\">IEEE 802.3, IEEE 802.3i, IEEE 802.3u, IEEE 802.3ab, IEEE 802.3x, IEEE 802.3z<\/p>\n<\/td>\n<\/tr>\n<tr style=\"border-top: 0px solid #dddddd;border-bottom: 1px solid #dddddd\">\n<td style=\"border-radius: 0px;padding: 0.5rem 0px;width: 162px\">\n<p style=\"margin-top: 0px;margin-bottom: 1rem\">Giao di\u1ec7n<\/p>\n<\/td>\n<td style=\"border-radius: 0px;padding: 0.5rem 0px;width: 462px\">\n<p style=\"margin-top: 0px;margin-bottom: 1rem\">\u2022 1\u00d7 Gigabit SC Fiber Port<br \/>\u2022 1\u00d7 10\/100\/1000 Mbps RJ45 Port (Auto MDI\/MDIX)<\/p>\n<\/td>\n<\/tr>\n<tr style=\"border-top: 0px solid #dddddd;border-bottom: 1px solid #dddddd\">\n<td style=\"border-radius: 0px;padding: 0.5rem 0px;width: 162px\">\n<p style=\"margin-top: 0px;margin-bottom: 1rem\">M\u1ea1ng Media<\/p>\n<\/td>\n<td style=\"border-radius: 0px;padding: 0.5rem 0px;width: 462px\">\n<p style=\"margin-top: 0px;margin-bottom: 1rem\">\u2022 Single-mode Fiber<br \/>\u2022 UTP category 5, 5e cable (maximum 100m)<\/p>\n<\/td>\n<\/tr>\n<tr style=\"border-top: 0px solid #dddddd;border-bottom: 1px solid #dddddd\">\n<td style=\"border-radius: 0px;padding: 0.5rem 0px;width: 162px\">\n<p style=\"margin-top: 0px;margin-bottom: 1rem\">B\u1ed9 c\u1ea5p ngu\u1ed3n<\/p>\n<\/td>\n<td style=\"border-radius: 0px;padding: 0.5rem 0px;width: 462px\">\n<p style=\"margin-top: 0px;margin-bottom: 1rem\">External Power Adapter: 5 V\/0.6 A<\/p>\n<\/td>\n<\/tr>\n<tr style=\"border-top: 0px solid #dddddd;border-bottom: 1px solid #dddddd\">\n<td style=\"border-radius: 0px;padding: 0.5rem 0px;width: 162px\">\n<p style=\"margin-top: 0px;margin-bottom: 1rem\">LED<\/p>\n<\/td>\n<td style=\"border-radius: 0px;padding: 0.5rem 0px;width: 462px\">\n<p style=\"margin-top: 0px;margin-bottom: 1rem\">PWR, Link\/Act<\/p>\n<\/td>\n<\/tr>\n<tr style=\"border-top: 0px solid #dddddd;border-bottom: 1px solid #dddddd\">\n<td style=\"border-radius: 0px;padding: 0.5rem 0px;width: 162px\">\n<p style=\"margin-top: 0px;margin-bottom: 1rem\">K\u00edch th\u01b0\u1edbc<\/p>\n<\/td>\n<td style=\"border-radius: 0px;padding: 0.5rem 0px;width: 462px\">\n<p style=\"margin-top: 0px;margin-bottom: 1rem\">3.7\u00d72.9\u00d71.1 in (94.5\u00d773.0\u00d727.0 mm)<\/p>\n<\/td>\n<\/tr>\n<tr style=\"border-top: 0px solid #dddddd;border-bottom: 1px solid #dddddd\">\n<td style=\"border-radius: 0px;padding: 0.5rem 0px;width: 162px\">\n<p style=\"margin-top: 0px;margin-bottom: 1rem\">Wave Length<\/p>\n<\/td>\n<td style=\"border-radius: 0px;padding: 0.5rem 0px;width: 462px\">\n<p style=\"margin-top: 0px;margin-bottom: 1rem\">1550 nm TX, 1310 nm RX<\/p>\n<\/td>\n<\/tr>\n<tr style=\"border-top: 0px solid #dddddd;border-bottom: 1px solid #dddddd\">\n<td style=\"border-radius: 0px;padding: 0.5rem 0px;width: 162px\">\n<p style=\"margin-top: 0px;margin-bottom: 1rem\">Nhi\u1ec7t \u0111\u1ed9 ho\u1ea1t \u0111\u1ed9ng<\/p>\n<\/td>\n<td style=\"border-radius: 0px;padding: 0.5rem 0px;width: 462px\">\n<p style=\"margin-top: 0px;margin-bottom: 1rem\">0\u02daC to 50\u02daC (32\u02daF to 122\u02daF)<\/p>\n<\/td>\n<\/tr>\n<tr style=\"border-top: 0px solid #dddddd;border-bottom: 1px solid #dddddd\">\n<td style=\"border-radius: 0px;padding: 0.5rem 0px;width: 162px\">\n<p style=\"margin-top: 0px;margin-bottom: 1rem\">\u0110\u1ed9 \u1ea9m ho\u1ea1t \u0111\u1ed9ng<\/p>\n<\/td>\n<td style=\"border-radius: 0px;padding: 0.5rem 0px;width: 462px\">\n<p style=\"margin-top: 0px;margin-bottom: 1rem\">10% to 90% RH non-condensing<\/p>\n<\/td>\n<\/tr>\n<\/tbody>\n<\/table>\n<\/div>\n<\/ul>","protected":false},"featured_media":10646,"comment_status":"closed","ping_status":"closed","template":"","meta":[],"pwb-brand":[],"product_cat":[2896],"product_tag":[],"class_list":{"0":"post-10645","1":"product","2":"type-product","3":"status-publish","4":"has-post-thumbnail","6":"product_cat-tp-link","8":"first","9":"instock","10":"shipping-taxable","11":"product-type-simple"},"brands":[],"_links":{"self":[{"href":"https:\/\/serverhot.vn\/bn\/wp-json\/wp\/v2\/product\/10645","targetHints":{"allow":["GET"]}}],"collection":[{"href":"https:\/\/serverhot.vn\/bn\/wp-json\/wp\/v2\/product"}],"about":[{"href":"https:\/\/serverhot.vn\/bn\/wp-json\/wp\/v2\/types\/product"}],"replies":[{"embeddable":true,"href":"https:\/\/serverhot.vn\/bn\/wp-json\/wp\/v2\/comments?post=10645"}],"wp:featuredmedia":[{"embeddable":true,"href":"https:\/\/serverhot.vn\/bn\/wp-json\/wp\/v2\/media\/10646"}],"wp:attachment":[{"href":"https:\/\/serverhot.vn\/bn\/wp-json\/wp\/v2\/media?parent=10645"}],"wp:term":[{"taxonomy":"pwb-brand","embeddable":true,"href":"https:\/\/serverhot.vn\/bn\/wp-json\/wp\/v2\/pwb-brand?post=10645"},{"taxonomy":"product_cat","embeddable":true,"href":"https:\/\/serverhot.vn\/bn\/wp-json\/wp\/v2\/product_cat?post=10645"},{"taxonomy":"product_tag","embeddable":true,"href":"https:\/\/serverhot.vn\/bn\/wp-json\/wp\/v2\/product_tag?post=10645"}],"curies":[{"name":"wp","href":"https:\/\/api.w.org\/{rel}","templated":true}]}}