{"id":10703,"date":"2024-06-29T10:10:07","date_gmt":"2024-06-29T03:10:07","guid":{"rendered":"https:\/\/serverhot.vn\/product\/uncategorized\/bo-phat-wifi-aruba-ap-555-rw-jz356a-ma-san-pham-jz356a\/"},"modified":"2024-06-29T10:10:09","modified_gmt":"2024-06-29T03:10:09","slug":"bo-phat-wifi-aruba-ap-555-rw-jz356a-ma-san-pham-jz356a","status":"publish","type":"product","link":"https:\/\/serverhot.vn\/bn\/-product-\/bo-phat-wifi-aruba-ap-555-rw-jz356a-ma-san-pham-jz356a\/","title":{"rendered":"B\u1ed9 ph\u00e1t WiFi Aruba AP-555 (RW) JZ356A M\u00e3 s\u1ea3n ph\u1ea9m: JZ356A"},"content":{"rendered":"<div class=\"showText tabs\" id=\"tab2\">\n<div class=\"box_right_pro_view\">\n<div class=\"thongso_pro a_technical\" style=\"max-height: fit-content\">\n<table border=\"1\">\n<tbody>\n<tr>\n<th>Lo\u1ea1i AP<\/th>\n<td>\n<p>Indoor, dual\/tri-radio, 5GHz v\u00e0 2.4GHz 802.11ax 4\u00d74 MIMO<\/p>\n<\/td>\n<\/tr>\n<tr>\n<th>M\u00f4 t\u1ea3<\/th>\n<td>\n<p>\u2013 5GHz (dual radio): T\u00e1m lu\u1ed3ng kh\u00f4ng gian Ng\u01b0\u1eddi d\u00f9ng \u0111\u01a1n (SU) MIMO cho t\u1ed1c \u0111\u1ed9 d\u1eef li\u1ec7u kh\u00f4ng d\u00e2y l\u00ean \u0111\u1ebfn 4,8Gbps v\u1edbi c\u00e1c thi\u1ebft b\u1ecb kh\u00e1ch 8SS HE80 (ho\u1eb7c 4SS HE160) 802.11ax ri\u00eang l\u1ebb ho\u1eb7c v\u1edbi t\u00e1m 1SS ho\u1eb7c b\u1ed1n 2SS HE80 802.11ax c\u00e1c thi\u1ebft b\u1ecb kh\u00e1ch c\u00f3 kh\u1ea3 n\u0103ng MU-MIMO \u0111\u1ed3ng th\u1eddi<br \/>\u2013 5GHz (tri-radio): B\u1ed1n lu\u1ed3ng kh\u00f4ng gian Ng\u01b0\u1eddi d\u00f9ng \u0111\u01a1n (SU) MIMO cho t\u1ed1c \u0111\u1ed9 d\u1eef li\u1ec7u kh\u00f4ng d\u00e2y l\u00ean \u0111\u1ebfn 2,4Gbps v\u1edbi c\u00e1c thi\u1ebft b\u1ecb kh\u00e1ch 4SS HE80 (ho\u1eb7c 2SS HE160) 802.11ax ri\u00eang l\u1ebb ho\u1eb7c v\u1edbi b\u1ed1n 1SS ho\u1eb7c hai 2SS HE80 802.11 ax thi\u1ebft b\u1ecb kh\u00e1ch c\u00f3 kh\u1ea3 n\u0103ng MU-MIMO \u0111\u1ed3ng th\u1eddi<br \/>\u2013 2,4 GHz: B\u1ed1n lu\u1ed3ng kh\u00f4ng gian Single User (SU) MIMO cho t\u1ed1c \u0111\u1ed9 d\u1eef li\u1ec7u kh\u00f4ng d\u00e2y l\u00ean \u0111\u1ebfn 1.150Mbps v\u1edbi c\u00e1c thi\u1ebft b\u1ecb kh\u00e1ch 4SS HE40 802.11ax ri\u00eang l\u1ebb ho\u1eb7c v\u1edbi hai thi\u1ebft b\u1ecb kh\u00e1ch 2SS HE40 802.11ax h\u1ed7 tr\u1ee3 MU-MIMO \u0111\u1ed3ng th\u1eddi<br \/>\u2013 H\u1ed7 tr\u1ee3 l\u00ean \u0111\u1ebfn 1.024 thi\u1ebft b\u1ecb kh\u00e1ch \u0111\u01b0\u1ee3c li\u00ean k\u1ebft tr\u00ean m\u1ed7i radio (gi\u1edbi h\u1ea1n khuy\u1ebfn ngh\u1ecb \u0111i\u1ec3n h\u00ecnh cho c\u00e1c \u1ee9ng d\u1ee5ng kh\u00e1ch \u0111ang ho\u1ea1t \u0111\u1ed9ng l\u00e0 200) v\u00e0 t\u1ed1i \u0111a 16 BSSID tr\u00ean m\u1ed7i \u0111\u00e0i<\/p>\n<\/td>\n<\/tr>\n<tr>\n<th>\u0102ng ten WiFi<\/th>\n<td>\n<p>\u2013 T\u00edch h\u1ee3p \u0103ng-ten \u0111a h\u01b0\u1edbng downtilt cho 4\u00d74 MIMO \u1edf 2.4GHz v\u1edbi \u0111\u1ed9 l\u1ee3i \u0103ng-ten cao nh\u1ea5t l\u00e0 4,3dBi v\u00e0 8\u00d78 MIMO \u1edf 5GHz v\u1edbi \u0111\u1ed9 khu\u1ebfch \u0111\u1ea1i \u0103ng-ten cao nh\u1ea5t l\u00e0 5,8dBi \u1edf 5GHz. \u1ede ch\u1ebf \u0111\u1ed9 ba radio, \u0111\u1ed9 khu\u1ebfch \u0111\u1ea1i \u0111\u1ec9nh c\u1ee7a \u0103ng-ten cho m\u1ed7i radio 4\u00d74 5GHz l\u00e0 5,5dBi (radio 0L, n\u1eeda d\u01b0\u1edbi c\u1ee7a 5GHz) v\u00e0 5,6dBi (radio 0U, n\u1eeda tr\u00ean c\u1ee7a 5GHz). \u0102ng-ten t\u00edch h\u1ee3p \u0111\u01b0\u1ee3c t\u1ed1i \u01b0u h\u00f3a cho h\u01b0\u1edbng ngang c\u1ee7a AP. G\u00f3c downtilt \u0111\u1ec3 \u0111\u1ea1t \u0111\u01b0\u1ee3c t\u1ed1i \u0111a l\u00e0 kho\u1ea3ng 30 \u0111\u1ed9.<br \/>\u2013 S\u1eed d\u1ee5ng s\u1ef1 k\u1ebft h\u1ee3p c\u1ee7a c\u00e1c ph\u1ea7n t\u1eed \u0103ng ten ph\u00e2n c\u1ef1c theo chi\u1ec1u ngang v\u00e0 chi\u1ec1u d\u1ecdc<br \/>\u2013 K\u1ebft h\u1ee3p c\u00e1c m\u00f4 h\u00ecnh c\u1ee7a t\u1eebng \u0103ng-ten c\u1ee7a \u0111\u00e0i MIMO, \u0111\u1ed9 khu\u1ebfch \u0111\u1ea1i cao nh\u1ea5t c\u1ee7a m\u00f4 h\u00ecnh trung b\u00ecnh k\u1ebft h\u1ee3p l\u00e0 2,4dBi \u1edf 2,4GHz v\u00e0 0,7dBi \u1edf 5GHz (ch\u1ebf \u0111\u1ed9 radio k\u00e9p).<br \/>\u2013 Trong ch\u1ebf \u0111\u1ed9 3-radio, m\u1ee9c t\u0103ng \u0111\u1ec9nh c\u1ee7a m\u1eabu trung b\u00ecnh k\u1ebft h\u1ee3p l\u00e0 1,1dBi (radio 0L, n\u1eeda d\u01b0\u1edbi c\u1ee7a 5GHz) v\u00e0 3,6dBi (radio 0U, n\u1eeda tr\u00ean c\u1ee7a 5GHz)<\/p>\n<\/td>\n<\/tr>\n<tr>\n<th>C\u00e1c giao di\u1ec7n kh\u00e1c<\/th>\n<td>\n<p>\u2013 E0, E1: C\u1ed5ng HPE SmartRate (RJ-45, t\u1ed1c \u0111\u1ed9 th\u01b0\u01a1ng l\u01b0\u1ee3ng t\u1ed1i \u0111a 5Gbps)<br \/>T\u1ed1c \u0111\u1ed9 li\u00ean k\u1ebft t\u1ef1 \u0111\u1ed9ng c\u1ea3m bi\u1ebfn (100\/1000\/2500 \/ 5000BASE-T) v\u00e0 MDI \/ MDX<br \/>T\u1ed1c \u0111\u1ed9 2,5Gbps v\u00e0 5Gbps tu\u00e2n th\u1ee7 c\u00e1c th\u00f4ng s\u1ed1 k\u1ef9 thu\u1eadt NBase-T v\u00e0 802.3bz<br \/>POE-PD: 48Vdc (danh ngh\u0129a) 802.3af \/ at \/ bt POE (l\u1edbp 3 tr\u1edf l\u00ean)<br \/>802.3az Ethernet hi\u1ec7u qu\u1ea3 n\u0103ng l\u01b0\u1ee3ng (EEE)<br \/>\u2013 H\u1ed7 tr\u1ee3 t\u1ed5ng h\u1ee3p li\u00ean k\u1ebft (LACP) gi\u1eefa c\u1ea3 hai c\u1ed5ng m\u1ea1ng \u0111\u1ec3 d\u1ef1 ph\u00f2ng v\u00e0 t\u0103ng dung l\u01b0\u1ee3ng<br \/>\u2013 Ngu\u1ed3n POE c\u00f3 th\u1ec3 \u0111\u01b0\u1ee3c l\u1ea5y t\u1eeb m\u1ed9t trong hai c\u1ed5ng (ngu\u1ed3n \u0111\u01a1n ho\u1eb7c \u0111\u01b0\u1ee3c \u0111\u1eb7t th\u00e0nh \u01b0u ti\u00ean) ho\u1eb7c c\u1ea3 hai c\u1ed5ng \u0111\u1ed3ng th\u1eddi (\u0111\u01b0\u1ee3c \u0111\u1eb7t th\u00e0nh k\u1ebft h\u1ee3p). Khi \u0111\u01b0\u1ee3c \u0111\u1eb7t th\u00e0nh \u01b0u ti\u00ean, AP l\u1ea5y \u0111i\u1ec7n t\u1eeb E0 v\u00e0 c\u00f3 th\u1ec3 chuy\u1ec3n \u0111\u1ed5i d\u1ef1 ph\u00f2ng sang E1.<br \/>\u2013 Giao di\u1ec7n ngu\u1ed3n DC: 48Vdc (danh ngh\u0129a, +\/- 5%), ch\u1ea5p nh\u1eadn ph\u00edch c\u1eafm tr\u00f2n d\u01b0\u01a1ng trung t\u00e2m 1,35mm \/ 3,5mm v\u1edbi chi\u1ec1u d\u00e0i 9,5mm<br \/>\u2013 Giao di\u1ec7n m\u00e1y ch\u1ee7 USB 2.0 (\u0111\u1ea7u n\u1ed1i Lo\u1ea1i A)<br \/>C\u00f3 kh\u1ea3 n\u0103ng c\u1ea5p ngu\u1ed3n l\u00ean \u0111\u1ebfn 1A \/ 5W cho m\u1ed9t thi\u1ebft b\u1ecb \u0111\u00ednh k\u00e8m<br \/>\u2013 Bluetooth n\u0103ng l\u01b0\u1ee3ng th\u1ea5p (BLE5.0) v\u00e0 \u0111\u00e0i radio Zigbee (802.15.4)<br \/>BLE: c\u00f4ng su\u1ea5t ph\u00e1t l\u00ean \u0111\u1ebfn 8dBm (l\u1edbp 1) v\u00e0 \u0111\u1ed9 nh\u1ea1y nh\u1eadn -99dBm (125kbps)<br \/>Zigbee: c\u00f4ng su\u1ea5t ph\u00e1t l\u00ean \u0111\u1ebfn 8dBm v\u00e0 \u0111\u1ed9 nh\u1ea1y nh\u1eadn -97dBm<br \/>M\u1ed9t c\u1eb7p \u0103ng-ten \u0111a h\u01b0\u1edbng t\u00edch h\u1ee3p (ph\u00e2n t\u1eadp ph\u00e2n c\u1ef1c) v\u1edbi nhi\u1ec7t \u0111\u1ed9 gi\u1ea3m kho\u1ea3ng 30 \u0111\u1ed9 v\u00e0 \u0111\u1ed9 l\u1ee3i \u0111\u1ec9nh l\u00e0 4,5dBi<br \/>\u2013 C\u00e1c ch\u1ec9 s\u1ed1 tr\u1ef1c quan (hai \u0111\u00e8n LED nhi\u1ec1u m\u00e0u): cho tr\u1ea1ng th\u00e1i H\u1ec7 th\u1ed1ng v\u00e0 Radio<br \/>\u2013 N\u00fat \u0111\u1eb7t l\u1ea1i: kh\u00f4i ph\u1ee5c c\u00e0i \u0111\u1eb7t g\u1ed1c, \u0111i\u1ec1u khi\u1ec3n ch\u1ebf \u0111\u1ed9 \u0111\u00e8n LED (b\u00ecnh th\u01b0\u1eddng \/ t\u1eaft)<br \/>\u2013 Giao di\u1ec7n b\u1ea3ng \u0111i\u1ec1u khi\u1ec3n n\u1ed1i ti\u1ebfp (gi\u1eafc c\u1eafm v\u1eadt l\u00fd USB micro-B \u0111\u1ed9c quy\u1ec1n)<br \/>\u2013 Khe b\u1ea3o m\u1eadt Kensington<\/p>\n<\/td>\n<\/tr>\n<tr>\n<th>Ngu\u1ed3n \u0111i\u1ec7n v\u00e0 m\u1ee9c ti\u00eau th\u1ee5<\/th>\n<td>\n<p>\u2013 AP h\u1ed7 tr\u1ee3 ngu\u1ed3n DC tr\u1ef1c ti\u1ebfp v\u00e0 Ngu\u1ed3n qua Ethernet (POE; tr\u00ean c\u1ed5ng E0 v\u00e0 \/ ho\u1eb7c E1)<br \/>\u2013 Khi ngu\u1ed3n POE \u0111\u01b0\u1ee3c cung c\u1ea5p cho c\u1ea3 hai c\u1ed5ng Ethernet, AP c\u00f3 th\u1ec3 \u0111\u01b0\u1ee3c \u0111\u1ecbnh c\u1ea5u h\u00ecnh \u0111\u1ec3 k\u1ebft h\u1ee3p ho\u1eb7c \u01b0u ti\u00ean c\u00e1c ngu\u1ed3n \u0111i\u1ec7n<br \/>\u2013 Khi c\u00f3 c\u1ea3 ngu\u1ed3n DC v\u00e0 POE, ngu\u1ed3n DC \u0111\u01b0\u1ee3c \u01b0u ti\u00ean h\u01a1n POE<br \/>\u2013 Ngu\u1ed3n \u0111i\u1ec7n \u0111\u01b0\u1ee3c b\u00e1n ri\u00eang<br \/>\u2013 Khi \u0111\u01b0\u1ee3c cung c\u1ea5p b\u1edfi DC, 802.3bt (l\u1edbp 5) POE ho\u1eb7c 2x 802.3at (l\u1edbp 4) POE, AP s\u1ebd ho\u1ea1t \u0111\u1ed9ng m\u00e0 kh\u00f4ng b\u1ecb h\u1ea1n ch\u1ebf.<br \/>\u2013 Khi \u0111\u01b0\u1ee3c c\u1ea5p ngu\u1ed3n b\u1edfi POE 1x 802.3at (l\u1edbp 4) v\u00e0 v\u1edbi t\u00ednh n\u0103ng IPM b\u1ecb v\u00f4 hi\u1ec7u h\u00f3a, AP s\u1ebd v\u00f4 hi\u1ec7u h\u00f3a c\u1ed5ng USB, t\u1eaft c\u1ed5ng Ethernet kh\u00e1c, v\u1eadn h\u00e0nh radio 5GHz \u1edf ch\u1ebf \u0111\u1ed9 4\u00d74 v\u00e0 t\u1eaft ho\u1ea1t \u0111\u1ed9ng 3 radio<br \/>\u2013 Trong c\u00f9ng m\u1ed9t c\u1ea5u h\u00ecnh nh\u01b0ng c\u00f3 b\u1eadt IPM, AP s\u1ebd kh\u1edfi \u0111\u1ed9ng \u1edf ch\u1ebf \u0111\u1ed9 kh\u00f4ng h\u1ea1n ch\u1ebf, nh\u01b0ng c\u00f3 th\u1ec3 t\u1ef1 \u0111\u1ed9ng \u00e1p d\u1ee5ng c\u00e1c h\u1ea1n ch\u1ebf t\u00f9y thu\u1ed9c v\u00e0o ng\u00e2n s\u00e1ch POE v\u00e0 c\u00f4ng su\u1ea5t th\u1ef1c t\u1ebf. C\u00e1c gi\u1edbi h\u1ea1n t\u00ednh n\u0103ng v\u00e0 th\u1ee9 t\u1ef1 c\u00f3 th\u1ec3 \u0111\u01b0\u1ee3c l\u1eadp tr\u00ecnh.<br \/>\u2013 Kh\u00f4ng h\u1ed7 tr\u1ee3 v\u1eadn h\u00e0nh AP b\u1eb1ng ngu\u1ed3n POE 802.3af (l\u1edbp 3 tr\u1edf xu\u1ed1ng).<br \/>\u2013 C\u00f4ng su\u1ea5t ti\u00eau th\u1ee5 t\u1ed1i \u0111a (tr\u01b0\u1eddng h\u1ee3p x\u1ea5u nh\u1ea5t) (ho\u1ea1t \u0111\u1ed9ng radio k\u00e9p):<br \/>Ngu\u1ed3n DC: 32,6W<br \/>H\u1ed7 tr\u1ee3 POE (802.3bt ho\u1eb7c 802.3at k\u00e9p): 38,2W<br \/>C\u1ea5p ngu\u1ed3n POE (802.3at, IPM b\u1ecb v\u00f4 hi\u1ec7u h\u00f3a): 25.1W<br \/>T\u1ea5t c\u1ea3 c\u00e1c s\u1ed1 tr\u00ean \u0111\u1ec1u kh\u00f4ng c\u00f3 thi\u1ebft b\u1ecb USB b\u00ean ngo\u00e0i \u0111\u01b0\u1ee3c k\u1ebft n\u1ed1i. Khi cung c\u1ea5p to\u00e0n b\u1ed9 ng\u00e2n s\u00e1ch ngu\u1ed3n 5W cho m\u1ed9t thi\u1ebft b\u1ecb nh\u01b0 v\u1eady, m\u1ee9c ti\u00eau th\u1ee5 \u0111i\u1ec7n n\u0103ng t\u0103ng d\u1ea7n (tr\u01b0\u1eddng h\u1ee3p x\u1ea5u nh\u1ea5t) cho AP l\u00ean \u0111\u1ebfn 6,0W (c\u1ea5p ngu\u1ed3n POE) ho\u1eb7c 5,4W (c\u1ea5p ngu\u1ed3n DC).<br \/>\u2013 C\u00f4ng su\u1ea5t ti\u00eau th\u1ee5 t\u1ed1i \u0111a (tr\u01b0\u1eddng h\u1ee3p x\u1ea5u nh\u1ea5t) \u1edf ch\u1ebf \u0111\u1ed9 nh\u00e0n r\u1ed7i (ho\u1ea1t \u0111\u1ed9ng radio k\u00e9p): 15,0W (POE) ho\u1eb7c 15,1W (DC).<br \/>\u2013 C\u00f4ng su\u1ea5t ti\u00eau th\u1ee5 t\u1ed1i \u0111a (tr\u01b0\u1eddng h\u1ee3p x\u1ea5u nh\u1ea5t) \u1edf ch\u1ebf \u0111\u1ed9 ng\u1ee7 s\u00e2u: 3,8W (POE) ho\u1eb7c 3,6W (DC)<\/p>\n<\/td>\n<\/tr>\n<tr>\n<th>L\u1eafp r\u00e1p<\/th>\n<td>\n<p>M\u1ed9t gi\u00e1 \u0111\u1ee1 \u0111\u00e3 \u0111\u01b0\u1ee3c c\u00e0i \u0111\u1eb7t s\u1eb5n \u1edf m\u1eb7t sau c\u1ee7a AP. Gi\u00e1 \u0111\u1ee1 n\u00e0y \u0111\u01b0\u1ee3c s\u1eed d\u1ee5ng \u0111\u1ec3 c\u1ed1 \u0111\u1ecbnh AP v\u00e0o b\u1ea5t k\u1ef3 b\u1ed9 d\u1ee5ng c\u1ee5 g\u1eafn k\u1ebft Aruba n\u00e0o (\u0111\u01b0\u1ee3c b\u00e1n ri\u00eang)<\/p>\n<\/td>\n<\/tr>\n<tr>\n<th>K\u00edch th\u01b0\u1edbc<\/th>\n<td>\n<p>\u2013 K\u00edch th\u01b0\u1edbc \/ tr\u1ecdng l\u01b0\u1ee3ng (AP-555 kh\u00f4ng bao g\u1ed3m gi\u00e1 \u0111\u1ee1):<br \/>260mm (W) x 260mm (D) x 58mm (H) \/ 10,2 &#8220;&#8221;(W) x 10,2&#8243;&#8221; (D) x 2,3 &#8220;&#8221;(H)<br \/>1,570g \/ 55,4oz<br \/>\u2013 K\u00edch th\u01b0\u1edbc \/ tr\u1ecdng l\u01b0\u1ee3ng (AP-555; v\u1eadn chuy\u1ec3n):<br \/>320mm (W) x 303mm (D) x 108mm (H) \/ 12,6 &#8220;&#8221;(W) x 11,9&#8243;&#8221; (D) x 4,3 &#8220;&#8221;(H)<br \/>2,230g \/ 78,7oz<\/p>\n<\/td>\n<\/tr>\n<tr>\n<th>M\u00f4i tr\u01b0\u1eddng<\/th>\n<td>\n<p>\u2013 \u0110i\u1ec1u ki\u1ec7n ho\u1ea1t \u0111\u1ed9ng<br \/>Nhi\u1ec7t \u0111\u1ed9: 0C \u0111\u1ebfn + 50C \/ + 32F \u0111\u1ebfn + 122F<br \/>\u0110\u1ed9 \u1ea9m: 5% \u0111\u1ebfn 93% kh\u00f4ng ng\u01b0ng t\u1ee5<br \/>AP \u0111\u01b0\u1ee3c \u0111\u00e1nh gi\u00e1 cao khi s\u1eed d\u1ee5ng trong c\u00e1c kh\u00f4ng gian \u0111\u01b0\u1ee3c x\u1eed l\u00fd kh\u00f4ng kh\u00ed<br \/>M\u00f4i tr\u01b0\u1eddng ETS 300 019 l\u1edbp 3.2<br \/>\u2013 \u0110i\u1ec1u ki\u1ec7n b\u1ea3o qu\u1ea3n v\u00e0 v\u1eadn chuy\u1ec3n<br \/>Nhi\u1ec7t \u0111\u1ed9: -40C \u0111\u1ebfn + 70C \/ -40F \u0111\u1ebfn + 158F<br \/>\u0110\u1ed9 \u1ea9m: 5% \u0111\u1ebfn 93% kh\u00f4ng ng\u01b0ng t\u1ee5<br \/>M\u00f4i tr\u01b0\u1eddng ETS 300 019 l\u1edbp 1.2 v\u00e0 2.3<\/p>\n<\/td>\n<\/tr>\n<tr>\n<th>\u0110\u1ed9 tin c\u1eady<\/th>\n<td>\n<p>Th\u1eddi gian trung b\u00ecnh gi\u1eefa l\u1ed7i (MTBF): 855.000 gi\u1edd (98yrs) \u1edf nhi\u1ec7t \u0111\u1ed9 ho\u1ea1t \u0111\u1ed9ng + 25C.<\/p>\n<\/td>\n<\/tr>\n<tr>\n<th>B\u1ea3o h\u00e0nh<\/th>\n<td>\n<p>Aruba b\u1ea3o h\u00e0nh tr\u1ecdn \u0111\u1eddi c\u00f3 gi\u1edbi h\u1ea1n<\/p>\n<\/td>\n<\/tr>\n<tr>\n<th>Phi\u00ean b\u1ea3n ph\u1ea7n m\u1ec1m t\u1ed1i thi\u1ec3u<\/th>\n<td>\n<p>ArubaOS and Aruba InstantOS 8.5.0.0<\/p>\n<\/td>\n<\/tr>\n<\/tbody>\n<\/table><\/div>\n<p>                            <!--                            <\/p>\n<div class=\"xemthem_id_r\">--><br \/>\n                            <!--                                <a><!--\/show\/?token=--><br \/>\n                            <!--\"--><br \/>\n                            <!--                                   class=\"preview fancybox fancybox.ajax\" rel=\"nofollow\"&gt;Xem th&#234;m th&#244;ng s&#7889; k&#7929; thu&#7853;t<\/a>--><br \/>\n                            <!--                            <\/div>\n<p>-->\n                        <\/p><\/div>\n<\/p><\/div>","protected":false},"excerpt":{"rendered":"<ul>\n<ul>\n<li style=\"text-align: justify\">AP h\u1ed7 tr\u1ee3 ngu\u1ed3n DC tr\u1ef1c ti\u1ebfp v\u00e0 Ngu\u1ed3n qua Ethernet (POE; tr\u00ean c\u1ed5ng E0 v\u00e0 \/ ho\u1eb7c E1)<\/li>\n<li style=\"text-align: justify\">C\u1ea5p ngu\u1ed3n DC: 32,6W; Ngu\u1ed3n POE (802.3bt ho\u1eb7c 802.3at k\u00e9p): 38,2W; Ngu\u1ed3n POE (802.3at, IPM b\u1ecb v\u00f4 hi\u1ec7u h\u00f3a): 25.1W<\/li>\n<li style=\"text-align: justify\">T\u1ed1c \u0111\u1ed9: 2.4GHz (1150Mbps), 5GHz (4,8Gbps)\u00a0<\/li>\n<li style=\"text-align: justify\">Qu\u1ea3n l\u00fd v\u1edbi Controller<\/li>\n<li style=\"text-align: justify\">K\u00edch th\u01b0\u1edbc: 260mm (W) x 260mm (D) x 58mm (H) \/ 10,2 (W) x 10,2 (D) x 2,3 (H)\u00a0<\/li>\n<li style=\"text-align: justify\">Ch\u1ecbu t\u1ea3i t\u1ed1i \u0111a 1024 Client \/ radio<\/li>\n<li style=\"text-align: justify\">Radio Bluetooth Low Energy (BLE5.0) v\u00e0 Zigbee (802.15.4)<\/li>\n<\/ul>\n<\/ul>","protected":false},"featured_media":10704,"comment_status":"closed","ping_status":"closed","template":"","meta":[],"pwb-brand":[],"product_cat":[2895],"product_tag":[2840,55],"class_list":{"0":"post-10703","1":"product","2":"type-product","3":"status-publish","4":"has-post-thumbnail","6":"product_cat-hpe-networking","7":"product_tag-do-tin-cay","8":"product_tag-run","10":"first","11":"instock","12":"shipping-taxable","13":"product-type-simple"},"brands":[],"_links":{"self":[{"href":"https:\/\/serverhot.vn\/bn\/wp-json\/wp\/v2\/product\/10703","targetHints":{"allow":["GET"]}}],"collection":[{"href":"https:\/\/serverhot.vn\/bn\/wp-json\/wp\/v2\/product"}],"about":[{"href":"https:\/\/serverhot.vn\/bn\/wp-json\/wp\/v2\/types\/product"}],"replies":[{"embeddable":true,"href":"https:\/\/serverhot.vn\/bn\/wp-json\/wp\/v2\/comments?post=10703"}],"wp:featuredmedia":[{"embeddable":true,"href":"https:\/\/serverhot.vn\/bn\/wp-json\/wp\/v2\/media\/10704"}],"wp:attachment":[{"href":"https:\/\/serverhot.vn\/bn\/wp-json\/wp\/v2\/media?parent=10703"}],"wp:term":[{"taxonomy":"pwb-brand","embeddable":true,"href":"https:\/\/serverhot.vn\/bn\/wp-json\/wp\/v2\/pwb-brand?post=10703"},{"taxonomy":"product_cat","embeddable":true,"href":"https:\/\/serverhot.vn\/bn\/wp-json\/wp\/v2\/product_cat?post=10703"},{"taxonomy":"product_tag","embeddable":true,"href":"https:\/\/serverhot.vn\/bn\/wp-json\/wp\/v2\/product_tag?post=10703"}],"curies":[{"name":"wp","href":"https:\/\/api.w.org\/{rel}","templated":true}]}}