{"id":10857,"date":"2024-06-29T12:50:25","date_gmt":"2024-06-29T05:50:25","guid":{"rendered":"https:\/\/serverhot.vn\/product\/uncategorized\/may-quet-hp-digital-sender-flow-8500-fn2-duplex-adf-network-l2762a-ma-san-pham-l2762a\/"},"modified":"2024-06-29T12:50:28","modified_gmt":"2024-06-29T05:50:28","slug":"may-quet-hp-digital-sender-flow-8500-fn2-duplex-adf-network-l2762a-ma-san-pham-l2762a","status":"publish","type":"product","link":"https:\/\/serverhot.vn\/bn\/-product-\/may-quet-hp-digital-sender-flow-8500-fn2-duplex-adf-network-l2762a-ma-san-pham-l2762a\/","title":{"rendered":"M\u00e1y qu\u00e9t HP Digital Sender Flow 8500 fn2 Duplex ADF Network (L2762A) M\u00e3 s\u1ea3n ph\u1ea9m: L2762A"},"content":{"rendered":"<div class=\"showText tabs\" id=\"tab2\">\n                                    <\/div>","protected":false},"excerpt":{"rendered":"<ul>\n<p>&#8211; M\u00e1y qu\u00e9t HP Digital Sender Flow 8500 fn2 Duplex ADF Network h\u1ed7 tr\u1ee3 qu\u00e9t flatbed, ADF (150 trang).<\/p>\n<p>&#8211; C\u00f4ng ngh\u1ec7 qu\u00e9t: Scan Technology Charge Couple Device (CCD) Flatbed, Contact Image Sensor (CIS) ADF.<\/p>\n<p>&#8211; \u0110\u1ed9 ph\u00e2n gi\u1ea3i Scan (Hardware\/Optical): l\u00ean \u0111\u1ebfn 600 ppi.<\/p>\n<p>&#8211; Digital Sending Standard Features: Scan to e \u2013mail, Save-to-Network Folder; Save-to-USB drive, Send to FTP, Send to LAN Fax, Send to Internet Fax, Local Address Book, SMTP over SSL.<\/p>\n<p>&#8211; T\u1ed1c \u0111\u1ed9 qu\u00e9t ADF (letter): L\u00ean \u0111\u1ebfn 100 ppm\/200 ipm (b&amp;w at 200dpi), l\u00ean \u0111\u1ebfn 100 ppm\/200ipm (color).<\/p>\n<p>&#8211; T\u1ed1c \u0111\u1ed9 CPU: 1.2 GHz.<\/p>\n<p>&#8211; Dung l\u01b0\u1ee3ng b\u1ed9 nh\u1edb: 3584 MB (2560 MB on primary board, 1024 MB on scanner processor).<\/p>\n<p>&#8211; Chu k\u1ef3 ho\u1ea1t \u0111\u1ed9ng h\u00e0ng ng\u00e0y khuy\u1ebfn ngh\u1ecb: 10000 trang.<\/p>\n<p>&#8211; K\u1ebft n\u1ed1i: 10\/100\/1000 Ethernet, 1 Hi-Speed USB Host (rear); 1 Hi \u2013Speed USB Host (walk-up), 1 Harware Integration Pocket (HIP) Hi-Speed USB, 1 USB-Device Port (Rear).<\/p>\n<p>&#8211; T\u00f9y ch\u1ecdn: HP Jetdirect 2900nW Print Server J8031A.<\/p>\n<\/ul>","protected":false},"featured_media":10858,"comment_status":"closed","ping_status":"closed","template":"","meta":[],"pwb-brand":[],"product_cat":[2910],"product_tag":[],"class_list":{"0":"post-10857","1":"product","2":"type-product","3":"status-publish","4":"has-post-thumbnail","6":"product_cat-thiet-bi-van-phong","8":"first","9":"instock","10":"shipping-taxable","11":"product-type-simple"},"brands":[],"_links":{"self":[{"href":"https:\/\/serverhot.vn\/bn\/wp-json\/wp\/v2\/product\/10857","targetHints":{"allow":["GET"]}}],"collection":[{"href":"https:\/\/serverhot.vn\/bn\/wp-json\/wp\/v2\/product"}],"about":[{"href":"https:\/\/serverhot.vn\/bn\/wp-json\/wp\/v2\/types\/product"}],"replies":[{"embeddable":true,"href":"https:\/\/serverhot.vn\/bn\/wp-json\/wp\/v2\/comments?post=10857"}],"wp:featuredmedia":[{"embeddable":true,"href":"https:\/\/serverhot.vn\/bn\/wp-json\/wp\/v2\/media\/10858"}],"wp:attachment":[{"href":"https:\/\/serverhot.vn\/bn\/wp-json\/wp\/v2\/media?parent=10857"}],"wp:term":[{"taxonomy":"pwb-brand","embeddable":true,"href":"https:\/\/serverhot.vn\/bn\/wp-json\/wp\/v2\/pwb-brand?post=10857"},{"taxonomy":"product_cat","embeddable":true,"href":"https:\/\/serverhot.vn\/bn\/wp-json\/wp\/v2\/product_cat?post=10857"},{"taxonomy":"product_tag","embeddable":true,"href":"https:\/\/serverhot.vn\/bn\/wp-json\/wp\/v2\/product_tag?post=10857"}],"curies":[{"name":"wp","href":"https:\/\/api.w.org\/{rel}","templated":true}]}}