{"id":10981,"date":"2024-06-29T13:07:39","date_gmt":"2024-06-29T06:07:39","guid":{"rendered":"https:\/\/serverhot.vn\/product\/uncategorized\/may-scan-plustek-a300-plus-plustek-opticpro-a300-plus-ma-san-pham-a300-plus\/"},"modified":"2024-06-29T13:07:41","modified_gmt":"2024-06-29T06:07:41","slug":"may-scan-plustek-a300-plus-plustek-opticpro-a300-plus-ma-san-pham-a300-plus","status":"publish","type":"product","link":"https:\/\/serverhot.vn\/bn\/-product-\/may-scan-plustek-a300-plus-plustek-opticpro-a300-plus-ma-san-pham-a300-plus\/","title":{"rendered":"M\u00e1y Scan Plustek A300 plus -Plustek OpticPro A300 plus M\u00e3 s\u1ea3n ph\u1ea9m: A300-PLUS"},"content":{"rendered":"<div class=\"showText tabs\" id=\"tab2\">\n                                    <\/div>","protected":false},"excerpt":{"rendered":"<ul>\n<h2 class=\"h-title\">TH\u00d4NG S\u1ed0 K\u1ef8 THU\u1eacT<\/h2>\n<div class=\"tbl-technical nd\">\n<p>C\u1ea3m bi\u1ebfn h\u00ecnh \u1ea3nh CCD<br \/>\u0110\u1ed9 ph\u00e2n gi\u1ea3i 600dpi<br \/>Ki\u1ec3u qu\u00e9t Qu\u00e9t s\u00e1ch A3<br \/>T\u1ed1c \u0111\u1ed9 qu\u00e9t 2,48s\/t\u1edd<br \/>C\u00f4ng su\u1ea5t qu\u00e9t\/ng\u00e0y 5000 t\u1edd<br \/>Giao di\u1ec7n k\u1ebft n\u1ed1i USB 2.0<br \/>Ngu\u1ed3n \u0111i\u1ec7n 24Vdc\/ 1,25 A<br \/>K\u00edch th\u01b0\u1edbc ( WxDxH) 623x400x140 mm<br \/>T\u01b0\u01a1ng th\u00edch H\u0110H Windows 7 \/ 8 \/ 10<br \/>Tr\u1ecdng l\u01b0\u1ee3ng 7,7kgs<\/p>\n<\/div>\n<\/ul>","protected":false},"featured_media":10982,"comment_status":"closed","ping_status":"closed","template":"","meta":[],"pwb-brand":[],"product_cat":[2910],"product_tag":[],"class_list":{"0":"post-10981","1":"product","2":"type-product","3":"status-publish","4":"has-post-thumbnail","6":"product_cat-thiet-bi-van-phong","8":"first","9":"instock","10":"shipping-taxable","11":"product-type-simple"},"brands":[],"_links":{"self":[{"href":"https:\/\/serverhot.vn\/bn\/wp-json\/wp\/v2\/product\/10981","targetHints":{"allow":["GET"]}}],"collection":[{"href":"https:\/\/serverhot.vn\/bn\/wp-json\/wp\/v2\/product"}],"about":[{"href":"https:\/\/serverhot.vn\/bn\/wp-json\/wp\/v2\/types\/product"}],"replies":[{"embeddable":true,"href":"https:\/\/serverhot.vn\/bn\/wp-json\/wp\/v2\/comments?post=10981"}],"wp:featuredmedia":[{"embeddable":true,"href":"https:\/\/serverhot.vn\/bn\/wp-json\/wp\/v2\/media\/10982"}],"wp:attachment":[{"href":"https:\/\/serverhot.vn\/bn\/wp-json\/wp\/v2\/media?parent=10981"}],"wp:term":[{"taxonomy":"pwb-brand","embeddable":true,"href":"https:\/\/serverhot.vn\/bn\/wp-json\/wp\/v2\/pwb-brand?post=10981"},{"taxonomy":"product_cat","embeddable":true,"href":"https:\/\/serverhot.vn\/bn\/wp-json\/wp\/v2\/product_cat?post=10981"},{"taxonomy":"product_tag","embeddable":true,"href":"https:\/\/serverhot.vn\/bn\/wp-json\/wp\/v2\/product_tag?post=10981"}],"curies":[{"name":"wp","href":"https:\/\/api.w.org\/{rel}","templated":true}]}}