{"id":11051,"date":"2024-06-29T13:15:06","date_gmt":"2024-06-29T06:15:06","guid":{"rendered":"https:\/\/serverhot.vn\/product\/uncategorized\/may-scanner-canon-8800f-ma-san-pham-8800f\/"},"modified":"2024-06-29T13:15:07","modified_gmt":"2024-06-29T06:15:07","slug":"may-scanner-canon-8800f-ma-san-pham-8800f","status":"publish","type":"product","link":"https:\/\/serverhot.vn\/bn\/-product-\/may-scanner-canon-8800f-ma-san-pham-8800f\/","title":{"rendered":"M\u00e1y Scanner Canon 8800F M\u00e3 s\u1ea3n ph\u1ea9m: 8800F"},"content":{"rendered":"<div class=\"showText tabs\" id=\"tab2\">\n                                    <\/div>","protected":false},"excerpt":{"rendered":"<ul>\n<li>M\u00e1y qu\u00e9t Scanner m\u00e0u kh\u1ed5 A4.<\/li>\n<li>\u0110\u1ed9 ph\u00e2n gi\u1ea3i: 4800x 9600dpi Optical, 9600dpi Enhanced.<\/li>\n<li>C\u00f3: 48bit color. C\u00f4ng ngh\u1ec7 CCD.<\/li>\n<li>C\u00f3: 4 ph\u00edm n\u00f3ng Copy-Scan-File-Email<\/li>\n<li>Scan Film 35mm (Negatives-Positives)<\/li>\n<li>12frames strips or 4frames slides.<\/li>\n<li>Giao ti\u1ebfp USB 2.0<\/li>\n<li>H\u1ec7 \u0111i\u1ec1u h\u00e0nh: Win 98\/ME\/2000\/XP &amp; Mac OS.<\/li>\n<\/ul>","protected":false},"featured_media":11052,"comment_status":"closed","ping_status":"closed","template":"","meta":[],"pwb-brand":[],"product_cat":[2910],"product_tag":[],"class_list":{"0":"post-11051","1":"product","2":"type-product","3":"status-publish","4":"has-post-thumbnail","6":"product_cat-thiet-bi-van-phong","8":"first","9":"instock","10":"shipping-taxable","11":"product-type-simple"},"brands":[],"_links":{"self":[{"href":"https:\/\/serverhot.vn\/bn\/wp-json\/wp\/v2\/product\/11051","targetHints":{"allow":["GET"]}}],"collection":[{"href":"https:\/\/serverhot.vn\/bn\/wp-json\/wp\/v2\/product"}],"about":[{"href":"https:\/\/serverhot.vn\/bn\/wp-json\/wp\/v2\/types\/product"}],"replies":[{"embeddable":true,"href":"https:\/\/serverhot.vn\/bn\/wp-json\/wp\/v2\/comments?post=11051"}],"wp:featuredmedia":[{"embeddable":true,"href":"https:\/\/serverhot.vn\/bn\/wp-json\/wp\/v2\/media\/11052"}],"wp:attachment":[{"href":"https:\/\/serverhot.vn\/bn\/wp-json\/wp\/v2\/media?parent=11051"}],"wp:term":[{"taxonomy":"pwb-brand","embeddable":true,"href":"https:\/\/serverhot.vn\/bn\/wp-json\/wp\/v2\/pwb-brand?post=11051"},{"taxonomy":"product_cat","embeddable":true,"href":"https:\/\/serverhot.vn\/bn\/wp-json\/wp\/v2\/product_cat?post=11051"},{"taxonomy":"product_tag","embeddable":true,"href":"https:\/\/serverhot.vn\/bn\/wp-json\/wp\/v2\/product_tag?post=11051"}],"curies":[{"name":"wp","href":"https:\/\/api.w.org\/{rel}","templated":true}]}}