{"id":11491,"date":"2024-06-29T14:31:07","date_gmt":"2024-06-29T07:31:07","guid":{"rendered":"https:\/\/serverhot.vn\/product\/uncategorized\/may-bo-mini-pc-intel-nuc-11-pro-tiger-canyon-i5-1135g7-bnuc11tnki50000-ma-san-pham-bnuc11tnki50000\/"},"modified":"2024-06-29T14:31:09","modified_gmt":"2024-06-29T07:31:09","slug":"may-bo-mini-pc-intel-nuc-11-pro-tiger-canyon-i5-1135g7-bnuc11tnki50000-ma-san-pham-bnuc11tnki50000","status":"publish","type":"product","link":"https:\/\/serverhot.vn\/bn\/-product-\/may-bo-mini-pc-intel-nuc-11-pro-tiger-canyon-i5-1135g7-bnuc11tnki50000-ma-san-pham-bnuc11tnki50000\/","title":{"rendered":"M\u00e1y B\u1ed9 Mini PC Intel NUC 11 Pro Tiger Canyon i5-1135G7 BNUC11TNKI50000 M\u00e3 s\u1ea3n ph\u1ea9m: BNUC11TNKI50000"},"content":{"rendered":"<div class=\"showText tabs\" id=\"tab2\">\n<div class=\"box_right_pro_view\">\n<div class=\"thongso_pro a_technical\" style=\"max-height: fit-content\">\n<table class=\"specTable\" border=\"1\" cellspacing=\"0\" cellpadding=\"0\">\n<tbody>\n<tr>\n<td class=\"specTopic\"><span>Nh\u00e0 s\u1ea3n xu\u1ea5t<\/span><\/td>\n<td class=\"specDetail\"><span><span>INTEL<\/span><\/span><\/td>\n<\/tr>\n<tr>\n<td class=\"specTopic\"><span>Model<\/span><\/td>\n<td class=\"specDetail\"><span>BNUC11TNKI50000<\/span><\/td>\n<\/tr>\n<tr>\n<td class=\"specTopic\"><span>H\u1ec7 \u0111i\u1ec1u h\u00e0nh<\/span><\/td>\n<td class=\"specDetail\"><span>No OS<\/span><\/td>\n<\/tr>\n<tr>\n<td class=\"specTopic\"><span>CPU<\/span><\/td>\n<td class=\"specDetail\"><span>Intel Core i5-1135G7 (Up to 4.2GHz ) 4 Cores 8 Threads<\/span><\/td>\n<\/tr>\n<tr>\n<td class=\"specTopic\"><span>Chipset<\/span><\/td>\n<td class=\"specDetail\"><span>Integrated<\/span><\/td>\n<\/tr>\n<tr>\n<td class=\"specTopic\"><span>Card \u0111\u1ed3 h\u1ecda<\/span><\/td>\n<td class=\"specDetail\"><span>Integrated &#8211; Intel Iris Xe Graphics<\/span><\/td>\n<\/tr>\n<tr>\n<td class=\"specTopic\"><span>Memory<\/span><\/td>\n<td class=\"specDetail\"><span>2 x DDR4 3200Mhz (maximum 64GB)<\/span><\/td>\n<\/tr>\n<tr>\n<td class=\"specTopic\"><span>\u1ed4 c\u1ee9ng<\/span><\/td>\n<td class=\"specDetail\">\n<ul>\n<li><span>M.2 SSD PCIe Gen3.0 x4\/ 4.0 x4<\/span><\/li>\n<li><span>M.2 2242 SSD PCIe gen3 \/SATA<\/span><\/li>\n<\/ul>\n<\/td>\n<\/tr>\n<tr>\n<td class=\"specTopic\"><span>Wireless Data Network<\/span><\/td>\n<td class=\"specDetail\">\n<ul>\n<li><span>Intel\u00ae Wi-Fi 6 AX201<\/span><\/li>\n<li><span>Bluetooth 5.0<\/span><\/li>\n<\/ul>\n<\/td>\n<\/tr>\n<tr>\n<td class=\"specTopic\"><span>LAN<\/span><\/td>\n<td class=\"specDetail\"><span>Intel\u00ae Ethernet Controller i225-LM<\/span><\/td>\n<\/tr>\n<tr>\n<td class=\"specTopic\"><span>C\u1ed5ng k\u1ebft n\u1ed1i m\u1eb7t tr\u01b0\u1edbc<\/span><\/td>\n<td class=\"specDetail\">\n<ul>\n<li><span>2 x\u00a0USB 3.2\u00a0Type-A<\/span><\/li>\n<li><span>Power Button<\/span><\/li>\n<\/ul>\n<\/td>\n<\/tr>\n<tr>\n<td class=\"specTopic\"><span>C\u1ed5ng k\u1ebft n\u1ed1i m\u1eb7t sau<\/span><\/td>\n<td class=\"specDetail\">\n<ul>\n<li><span>2 x HDMI 2.0b<\/span><\/li>\n<li><span>1 x\u00a0Thunderbolt\u2122 4<\/span><\/li>\n<li><span>1 x\u00a0Thunderbolt\u2122 3<\/span><\/li>\n<li><span>2 x USB 3.2\u00a0Type-A<\/span><\/li>\n<li><span>1 x\u00a0Intel Thernet Port<\/span><\/li>\n<li><span>1 x DC-in<\/span><\/li>\n<\/ul>\n<\/td>\n<\/tr>\n<tr>\n<td class=\"specTopic\"><span>Ngu\u1ed3n v\u00e0o<\/span><\/td>\n<td class=\"specDetail\"><span>19Vdc, 120W Power Adapter<\/span><\/td>\n<\/tr>\n<tr>\n<td class=\"specTopic\"><span>K\u00edch th\u01b0\u1edbc<\/span><\/td>\n<td class=\"specDetail\"><span>117 x 112 x 37 mm<\/span><\/td>\n<\/tr>\n<tr>\n<td class=\"specTopic\"><span>M\u00e0u s\u1eafc<\/span><\/td>\n<td class=\"specDetail\"><span>\u0110en<\/span><\/td>\n<\/tr>\n<tr>\n<td class=\"specTopic\"><span>B\u1ea3o h\u00e0nh<\/span><\/td>\n<td class=\"specDetail\"><span><span>3 n\u0103m ch\u00ednh h\u00e3ng<\/span><\/span><\/td>\n<\/tr>\n<\/tbody>\n<\/table><\/div>\n<p>                            <!--                            <\/p>\n<div class=\"xemthem_id_r\">--><br \/>\n                            <!--                                <a><!--\/show\/?token=--><br \/>\n                            <!--\"--><br \/>\n                            <!--                                   class=\"preview fancybox fancybox.ajax\" rel=\"nofollow\"&gt;Xem th&#234;m th&#244;ng s&#7889; k&#7929; thu&#7853;t<\/a>--><br \/>\n                            <!--                            <\/div>\n<p>-->\n                        <\/p><\/div>\n<\/p><\/div>","protected":false},"excerpt":{"rendered":"<ul>\n<ul>\n<li style=\"text-align: justify\"><span style=\"font-size: 18px\">CPU : Intel Core i5-1135G7 (Up to 4.2GHz ) 4 Cores 8 Threads<\/span><\/li>\n<li style=\"text-align: justify\"><span style=\"font-size: 18px\">Card \u0111\u1ed3 h\u1ecda : Integrated Intel Iris Graphics<\/span><\/li>\n<li style=\"text-align: justify\"><span style=\"font-size: 18px\">Memory : 2 x DDR4 3200Mhz (maximum 64GB)<\/span><\/li>\n<li style=\"text-align: justify\"><span style=\"font-size: 18px\">\u1ed4 c\u1ee9ng : M.2 SSD PCIe Gen3.0 x4\/ 4.0 x4 M.2 2242 SSD PCIe gen3 \/SATA<\/span><\/li>\n<li style=\"text-align: justify\"><span style=\"font-size: 18px\">Wireless : Intel\u00ae Wi-Fi 6 AX201 ,Bluetooth 5.0<\/span><\/li>\n<li style=\"text-align: justify\"><span style=\"font-size: 18px\">LAN :\u00a0 Intel\u00ae Ethernet Controller i225-LM<\/span><\/li>\n<\/ul>\n<\/ul>","protected":false},"featured_media":11492,"comment_status":"closed","ping_status":"closed","template":"","meta":[],"pwb-brand":[],"product_cat":[2889],"product_tag":[2852],"class_list":{"0":"post-11491","1":"product","2":"type-product","3":"status-publish","4":"has-post-thumbnail","6":"product_cat-intel","7":"product_tag-wireless","9":"first","10":"instock","11":"shipping-taxable","12":"product-type-simple"},"brands":[],"_links":{"self":[{"href":"https:\/\/serverhot.vn\/bn\/wp-json\/wp\/v2\/product\/11491","targetHints":{"allow":["GET"]}}],"collection":[{"href":"https:\/\/serverhot.vn\/bn\/wp-json\/wp\/v2\/product"}],"about":[{"href":"https:\/\/serverhot.vn\/bn\/wp-json\/wp\/v2\/types\/product"}],"replies":[{"embeddable":true,"href":"https:\/\/serverhot.vn\/bn\/wp-json\/wp\/v2\/comments?post=11491"}],"wp:featuredmedia":[{"embeddable":true,"href":"https:\/\/serverhot.vn\/bn\/wp-json\/wp\/v2\/media\/11492"}],"wp:attachment":[{"href":"https:\/\/serverhot.vn\/bn\/wp-json\/wp\/v2\/media?parent=11491"}],"wp:term":[{"taxonomy":"pwb-brand","embeddable":true,"href":"https:\/\/serverhot.vn\/bn\/wp-json\/wp\/v2\/pwb-brand?post=11491"},{"taxonomy":"product_cat","embeddable":true,"href":"https:\/\/serverhot.vn\/bn\/wp-json\/wp\/v2\/product_cat?post=11491"},{"taxonomy":"product_tag","embeddable":true,"href":"https:\/\/serverhot.vn\/bn\/wp-json\/wp\/v2\/product_tag?post=11491"}],"curies":[{"name":"wp","href":"https:\/\/api.w.org\/{rel}","templated":true}]}}