{"id":11517,"date":"2024-06-29T14:34:50","date_gmt":"2024-06-29T07:34:50","guid":{"rendered":"https:\/\/serverhot.vn\/product\/uncategorized\/thiet-bi-mang-router-linksys-mr7350-ah-dual-band-ax1800-intelligent-mesh-wifi-6-mu-mimo-gigabit-router-1-pk-ma-san-pham-mr7350\/"},"modified":"2024-06-29T14:34:54","modified_gmt":"2024-06-29T07:34:54","slug":"thiet-bi-mang-router-linksys-mr7350-ah-dual-band-ax1800-intelligent-mesh-wifi-6-mu-mimo-gigabit-router-1-pk-ma-san-pham-mr7350","status":"publish","type":"product","link":"https:\/\/serverhot.vn\/bn\/-product-\/thiet-bi-mang-router-linksys-mr7350-ah-dual-band-ax1800-intelligent-mesh-wifi-6-mu-mimo-gigabit-router-1-pk-ma-san-pham-mr7350\/","title":{"rendered":"Thi\u1ebft B\u1ecb M\u1ea1ng Router LINKSYS MR7350-AH DUAL-BAND AX1800 INTELLIGENT MESH WIFI 6 MU-MIMO GIGABIT ROUTER 1-PK M\u00e3 s\u1ea3n ph\u1ea9m: MR7350"},"content":{"rendered":"<div id=\"tab2\" style=\"color: #222222;font-family: arial, verdana, sans-serif;font-size: 14px;font-style: normal;font-weight: 400;letter-spacing: normal;text-align: start;text-indent: 0px;text-transform: none;background-color: #ffffff\">\n<div class=\"nd\" style=\"font-size: 14px;line-height: 1.5;text-align: justify;max-width: 965px;margin: 0px auto;width: 780px;height: auto;overflow: hidden\">\n<h2>B\u00f4\u0323 pha\u0301t wifi 6 Linksys Mesh MR7350-AH 1-Pack AX1800 MU-MIMO<\/h2>\n<p><strong><a style=\"color: #333333;text-decoration: none\" title=\"Linksys MR7350-AH WiFi 6\" href=\"https:\/\/www.phucanh.vn\/tim?q=MR7350-AH\">Linksys MR7350-AH WiFi 6<\/a><\/strong>\u00a0cho ph\u00e9p b\u1ea1n ph\u00e1t tr\u1ef1c tuy\u1ebfn, ch\u01a1i game v\u00e0 gi\u1ea3i tr\u00ed t\u1ed1c \u0111\u1ed9 cao kh\u00f4ng ng\u1eebng ngh\u1ec9. \u0110\u01b0\u1ee3c h\u1ed7 tr\u1ee3 b\u1edfi C\u00f4ng ngh\u1ec7 Mesh th\u00f4ng minh \u2122, c\u00e1c thi\u1ebft b\u1ecb c\u1ee7a b\u1ea1n s\u1ebd lu\u00f4n c\u00f3 t\u00edn hi\u1ec7u c\u01b0\u1eddng \u0111\u1ed9 cao trong to\u00e0n b\u1ed9 ng\u00f4i nh\u00e0 c\u1ee7a b\u1ea1n.<\/p>\n<h3>Truy\u1ec1n ph\u00e1t, ch\u01a1i game v\u00e0 m\u1edf r\u1ed9ng WiFi<\/h3>\n<p>S\u1eed d\u1ee5ng\u00a0<span style=\"color: #0000ff\">c\u00f4ng ngh\u1ec7 WiFi 6<\/span>\u00a0m\u1edbi nh\u1ea5t, t\u1ea5t c\u1ea3 c\u00e1c k\u1ebft n\u1ed1i thi\u1ebft b\u1ecb c\u1ee7a b\u1ea1n s\u1ebd c\u00f3 ch\u1ea5t l\u01b0\u1ee3ng cao \u0111\u1ed3ng th\u1eddi tu\u00e2n th\u1ee7 c\u00e1c ti\u00eau chu\u1ea9n b\u1ea3o m\u1eadt m\u1edbi nh\u1ea5t. Sau n\u00e0y, n\u1ebfu b\u1ea1n quy\u1ebft \u0111\u1ecbnh ph\u00e1t tri\u1ec3n m\u1ea1ng c\u1ee7a m\u00ecnh,\u00a0<span style=\"color: #0000ff\">b\u1ed9 ph\u00e1t wifi<\/span>\u00a0n\u00e0y s\u1ebd m\u1edf r\u1ed9ng b\u1eb1ng c\u00e1ch th\u00eam b\u1ea5t k\u1ef3 s\u1ea3n ph\u1ea9m t\u01b0\u01a1ng th\u00edch Linksys Mesh. Ph\u1ea7n m\u1ec1m Linksys App gi\u00fap \u0111\u01a1n gi\u1ea3n \u0111\u1ec3 c\u00e0i \u0111\u1eb7t, v\u00e0 truy c\u1eadp m\u1ea1ng c\u1ee7a b\u1ea1n t\u1eeb b\u1ea5t c\u1ee9 n\u01a1i n\u00e0o, th\u1eadm ch\u00ed b\u1ea1n c\u00f3 th\u1ec3 xem v\u00e0 \u01b0u ti\u00ean m\u00e0 k\u1ebft n\u1ed1i v\u1edbi c\u00e1c thi\u1ebft b\u1ecb \u0111ang s\u1eed d\u1ee5ng WiFi nh\u1ea5t.<\/p>\n<p><img decoding=\"async\" style=\"border: none;max-width: 100%;height: auto;margin-left: auto;margin-right: auto\" src=\"http:\/\/serverhot.vn\/wp-content\/uploads\/2024\/06\/42886_mr7350-ahbvh1.jpg\" alt=\"B\u00f4\u0323 pha\u0301t wifi 6 Linksys Mesh MR7350-AH\" title=\"42886_mr7350-ahbvh1\"><\/p>\n<h3>Th\u00eam dung l\u01b0\u1ee3ng cho nhi\u1ec1u thi\u1ebft b\u1ecb h\u01a1n<\/h3>\n<p><span style=\"color: #0000ff\">Thi\u1ebft b\u1ecb m\u1ea1ng Linksys<\/span>\u00a0v\u1edbi c\u00f4ng ngh\u00ea WiFi 6 gi\u00fap g\u1eedi v\u00e0 nh\u1eadn nhi\u1ec1u lu\u1ed3ng d\u1eef li\u1ec7u c\u00f9ng l\u00fac, cung c\u1ea5p dung l\u01b0\u1ee3ng WiFi l\u1edbn h\u01a1n g\u1ea5p 4 l\u1ea7n \u0111\u1ec3 x\u1eed l\u00fd m\u1ecdi thi\u1ebft b\u1ecb di \u0111\u1ed9ng, ph\u00e1t tr\u1ef1c tuy\u1ebfn, ch\u01a1i tr\u00f2 ch\u01a1i v\u00e0 thi\u1ebft b\u1ecb nh\u00e0 th\u00f4ng minh tr\u00ean m\u1ea1ng c\u1ee7a b\u1ea1n.<\/p>\n<h3>Bao ph\u1ee7 m\u1ecdi g\u00f3c ng\u00e1ch trong ng\u00f4i nh\u00e0<\/h3>\n<p>C\u00f4ng ngh\u1ec7 l\u01b0\u1edbi th\u00f4ng minh \u2122 k\u1ebft h\u1ee3p v\u1edbi WiFi 6, mang \u0111\u1ebfn t\u1ed1c \u0111\u1ed9 WiFi Gigabit cho m\u1ecdi g\u00f3c nh\u00e0 c\u1ee7a b\u1ea1n, bao g\u1ed3m c\u1ea3 s\u00e2n sau v\u00e0 c\u00e1c thi\u1ebft b\u1ecb nh\u00e0 th\u00f4ng minh ngo\u00e0i tr\u1eddi.<\/p>\n<p><img decoding=\"async\" style=\"border: none;max-width: 100%;height: auto;margin-left: auto;margin-right: auto\" src=\"http:\/\/serverhot.vn\/wp-content\/uploads\/2024\/06\/42886_mr7350-ahbvh2.jpg\" alt=\"B\u00f4\u0323 pha\u0301t wifi 6 Linksys Mesh MR7350-AH\" title=\"42886_mr7350-ahbvh2\"><\/p>\n<p>Lo\u1ea1i b\u1ecf nhi\u1ec5u t\u1eeb c\u00e1c m\u1ea1ng l\u00e2n c\u1eadn v\u1edbi c\u00f4ng ngh\u1ec7 WiFi 6 ti\u00ean ti\u1ebfn c\u00f3 th\u1ec3 c\u00e1ch ly m\u1ea1ng c\u1ee7a b\u1ea1n, gi\u1ea3m t\u1eafc ngh\u1ebdn v\u00e0 cung c\u1ea5p t\u00edn hi\u1ec7u WiFi m\u1ea1nh nh\u1ea5t, r\u00f5 r\u00e0ng nh\u1ea5t hi\u1ec7n c\u00f3.<\/p>\n<p><img decoding=\"async\" style=\"border: none;max-width: 100%;height: auto;margin-left: auto;margin-right: auto\" src=\"http:\/\/serverhot.vn\/wp-content\/uploads\/2024\/06\/42886_mr7350-ahbvh3.jpg\" alt=\"B\u00f4\u0323 pha\u0301t wifi 6 Linksys Mesh MR7350-AH\" title=\"42886_mr7350-ahbvh3\"><\/p>\n<h3>D\u1ec5 d\u00e0ng thi\u1ebft l\u1eadp v\u00e0 ki\u1ec3m so\u00e1t<\/h3>\n<p>\u1ee8ng d\u1ee5ng Linksys gi\u00fap thi\u1ebft l\u1eadp \u0111\u01a1n gi\u1ea3n, cho ph\u00e9p b\u1ea1n truy c\u1eadp m\u1ea1ng t\u1eeb m\u1ecdi n\u01a1i v\u00e0 xem ho\u1eb7c \u01b0u ti\u00ean thi\u1ebft b\u1ecb n\u00e0o \u0111\u01b0\u1ee3c k\u1ebft n\u1ed1i \u0111ang s\u1eed d\u1ee5ng nhi\u1ec1u WiFi nh\u1ea5t.<\/p>\n<p><img decoding=\"async\" style=\"border: none;max-width: 100%;height: auto;margin-left: auto;margin-right: auto\" src=\"http:\/\/serverhot.vn\/wp-content\/uploads\/2024\/06\/42886_mr7350-ahbvh4.jpg\" alt=\"B\u00f4\u0323 pha\u0301t wifi 6 Linksys Mesh MR7350-AH\" title=\"42886_mr7350-ahbvh4\"><\/p>\n<h3>An ninh th\u00f4ng minh h\u01a1n<\/h3>\n<p>V\u1edbi c\u00e1c b\u1ea3n c\u1eadp nh\u1eadt ph\u1ea7n m\u1ec1m t\u1ef1 \u0111\u1ed9ng, Ki\u1ec3m so\u00e1t c\u1ee7a ph\u1ee5 huynh v\u00e0 Quy\u1ec1n truy c\u1eadp kh\u00e1ch ri\u00eang bi\u1ec7t, m\u1ea1ng c\u1ee7a b\u1ea1n s\u1ebd lu\u00f4n \u0111\u01b0\u1ee3c an to\u00e0n, b\u1ea3o m\u1eadt v\u00e0 c\u1eadp nh\u1eadt.<\/p>\n<h3>T\u00f9y ch\u1ec9nh v\u00e0 qu\u1ea3n l\u00fd WiFi t\u1ea1i nh\u00e0 c\u1ee7a b\u1ea1n m\u1ecdi l\u00fac, m\u1ecdi n\u01a1i<\/h3>\n<p>V\u1edbi \u1ee8ng d\u1ee5ng Linksys, b\u1ea1n c\u00f3 th\u1ec3 gi\u00e1m s\u00e1t v\u00e0 qu\u1ea3n l\u00fd ch\u1eb7t ch\u1ebd WiFi t\u1ea1i nh\u00e0 c\u1ee7a m\u00ecnh t\u1eeb xa b\u1eb1ng \u0111i\u1ec7n tho\u1ea1i th\u00f4ng minh ho\u1eb7c m\u00e1y t\u00ednh b\u1ea3ng.<\/p>\n<p><img decoding=\"async\" style=\"border: none;max-width: 100%;height: auto;margin-left: auto;margin-right: auto\" src=\"http:\/\/serverhot.vn\/wp-content\/uploads\/2024\/06\/42886_mr7350-ahbvh5.jpg\" alt=\"B\u00f4\u0323 pha\u0301t wifi 6 Linksys Mesh MR7350-AH\" title=\"42886_mr7350-ahbvh5\"><\/p>\n<p><strong>Quy\u1ec1n truy c\u1eadp c\u1ee7a kh\u00e1ch:<\/strong>\u00a0T\u1ea1o m\u1ed9t m\u1ea1ng WiFi \u0111\u01b0\u1ee3c b\u1ea3o v\u1ec7 b\u1eb1ng m\u1eadt kh\u1ea9u ri\u00eang bi\u1ec7t cho t\u1ed1i \u0111a 50 kh\u00e1ch v\u00e0 d\u1ec5 d\u00e0ng chia s\u1ebb m\u1eadt kh\u1ea9u.<\/p>\n<p><strong>Ki\u1ec3m so\u00e1t c\u1ee7a cha m\u1eb9:<\/strong>\u00a0\u0110\u1ea3m b\u1ea3o tr\u1ea3i nghi\u1ec7m Internet an to\u00e0n cho con b\u1ea1n &#8211; ngay c\u1ea3 khi b\u1ea1n v\u1eafng nh\u00e0. H\u1ea1n ch\u1ebf quy\u1ec1n truy c\u1eadp v\u00e0o n\u1ed9i dung kh\u00f4ng ph\u00f9 h\u1ee3p ho\u1eb7c g\u00e2y m\u1ea5t t\u1eadp trung, ki\u1ec3m so\u00e1t vi\u1ec7c s\u1eed d\u1ee5ng v\u00e0 ch\u1eb7n c\u00e1c thi\u1ebft b\u1ecb c\u1ee5 th\u1ec3 truy c\u1eadp Internet.<\/p>\n<p><strong>\u01afu ti\u00ean thi\u1ebft b\u1ecb:<\/strong>\u00a0B\u1ea1n c\u00f3 th\u1ec3 \u01b0u ti\u00ean c\u00e1c thi\u1ebft b\u1ecb c\u1ea7n t\u1ed1c \u0111\u1ed9 cao nh\u1ea5t.<\/p>\n<p><strong>Ki\u1ec3m tra t\u1ed1c \u0111\u1ed9:<\/strong>\u00a0D\u1ec5 d\u00e0ng ki\u1ec3m tra v\u00e0 theo d\u00f5i t\u1ed1c \u0111\u1ed9 k\u1ebft n\u1ed1i Internet c\u1ee7a b\u1ea1n.<\/p>\n<\/div>\n<div class=\"clear\" style=\"clear: both\">\u00a0<\/div>\n<\/div>\n<div class=\"showText tabs\" id=\"tab2\">\n<div class=\"box_right_pro_view\">\n<div class=\"thongso_pro a_technical\" style=\"max-height: fit-content\">\n<table width=\"692\">\n<tbody>\n<tr>\n<td width=\"177\">S\u1ea3n ph\u1ea9m<\/td>\n<td width=\"515\">B\u00f4\u0323 pha\u0301t wifi<\/td>\n<\/tr>\n<tr>\n<td>H\u00e3ng s\u1ea3n xu\u1ea5t<\/td>\n<td>Linksys<\/td>\n<\/tr>\n<tr>\n<td>Model<\/td>\n<td>Mesh MR7350-AH AX1800 MU-MIMO<\/td>\n<\/tr>\n<tr>\n<td>T\u1ed1c \u0111\u1ed9 LAN<\/td>\n<td>10\/100\/1000Mbps<\/td>\n<\/tr>\n<tr>\n<td>T\u1ed1c \u0111\u1ed9 WIFI<\/td>\n<td>T\u1ed1c \u0111\u1ed9 cao 1800Mbps (574 + 1201 Mbps)<\/td>\n<\/tr>\n<tr>\n<td>Angten\u00a0<\/td>\n<td>\u00a02 \u0103ng ten \u0111i\u1ec1u ch\u1ec9nh v\u1edbi b\u1ed9 khu\u1ebfch \u0111\u1ea1i c\u00f4ng su\u1ea5t cao cho v\u00f9ng ph\u1ee7 s\u00f3ng r\u1ed9ng<\/td>\n<\/tr>\n<tr>\n<td>C\u1ed5ng giao ti\u1ebfp<\/td>\n<td>4 c\u1ed5ng LAN Gigabit (10\/100\/1000Mbps)<\/td>\n<\/tr>\n<tr>\n<td>M\u00f4 t\u1ea3 kh\u00e1c<\/td>\n<td width=\"515\">\u00a0LINKSYS MR7350-AH DUAL-BAND AX1800 INTELLIGENT MESH WIFI 6 MU-MIMO GIGABIT ROUTER 1-PK<br \/>\u2022 Wi-Fi chu\u1ea9n AX m\u1edbi nh\u1ea5t v\u1edbi MU-MIMO \u0111\u1ed9t ph\u00e1,<br \/>\u2022 T\u1ed1c \u0111\u1ed9 cao 1800Mbps (574 + 1201 Mbps)<br \/>\u2022 2 b\u0103ng t\u1ea7n ph\u00e1t s\u00f3ng \u0111\u1ed3ng th\u1eddi cho ph\u00e9p nhi\u1ec1u thi\u1ebft b\u1ecb truy c\u1eadp c\u00f9ng l\u00fac v\u1edbi t\u1ed1c \u0111\u1ed9 cao, (160m2)<br \/>\u2022 2 \u0103ng ten \u0111i\u1ec1u ch\u1ec9nh v\u1edbi b\u1ed9 khu\u1ebfch \u0111\u1ea1i c\u00f4ng su\u1ea5t cao cho v\u00f9ng ph\u1ee7 s\u00f3ng r\u1ed9ng<br \/>\u2022 B\u1ed9 vi x\u1eed l\u00fd 4 nh\u00e2n @1,.2 GHz m\u1ea1nh m\u1ebd gi\u00fap x\u1eed l\u00fd d\u1eef li\u1ec7u c\u1ef1c nhanh<br \/>\u2022 T\u00edch h\u1ee3p c\u00f4ng ngh\u1ec7 Wi-Fi Mesh, d\u1ec5 d\u00e0ng m\u1edf r\u1ed9ng v\u00f9ng ph\u1ee7 s\u00f3ng v\u1edbi hi\u1ec7u su\u1ea5t m\u1ea1ng kh\u00f4ng gi\u1ea3m<br \/>\u2022 C\u00f4ng ngh\u1ec7 Beamforming+ ph\u00e1t s\u00f3ng t\u1eadp trung<br \/>\u2022 4 c\u1ed5ng LAN Gigabit (10\/100\/1000Mbps)<br \/>\u2022 Seamless Roaming chuy\u00ea\u0309n vu\u0300ng kh\u00f4ng gia\u0301n \u0111o\u1ea1n<br \/>\u2022 Smart Connect Band Steering cho tr\u1ea3i nghi\u1ec7m Wi-fi t\u1ed1t nh\u1ea5t khi k\u1ebft n\u1ed1i nhi\u1ec1u thi\u1ebft b\u1ecb<br \/>\u2022 Qu\u1ea3n l\u00fd m\u1ea1ng m\u1ecdi n\u01a1i m\u1ecdi l\u00fac v\u1edbi \u1ee9ng d\u1ee5ng Linksys tr\u00ean smart phone<br \/>\u2022 T\u1ed1i \u01b0u cho gi\u1ea3i tr\u00ed t\u1ed1c \u0111\u1ed9 cao, xem phim 4K, ch\u01a1i game tr\u1ef1c tuy\u1ebfn&#8230;<br \/>\u2022 Truy c\u1eadp t\u1eadp trung t\u1edbi 25+ thi\u1ebft b\u1ecb k\u1ebft n\u1ed1i<\/td>\n<\/tr>\n<\/tbody>\n<\/table><\/div>\n<p>                            <!--                            <\/p>\n<div class=\"xemthem_id_r\">--><br \/>\n                            <!--                                <a><!--\/show\/?token=--><br \/>\n                            <!--\"--><br \/>\n                            <!--                                   class=\"preview fancybox fancybox.ajax\" rel=\"nofollow\"&gt;Xem th&#234;m th&#244;ng s&#7889; k&#7929; thu&#7853;t<\/a>--><br \/>\n                            <!--                            <\/div>\n<p>-->\n                        <\/p><\/div>\n<\/p><\/div>","protected":false},"excerpt":{"rendered":"<ul>\n<p>\u2022 Wi-Fi chu\u1ea9n AX m\u1edbi nh\u1ea5t v\u1edbi MU-MIMO \u0111\u1ed9t ph\u00e1,\u00a0<\/p>\n<p>\u2022 T\u1ed1c \u0111\u1ed9 cao 1800Mbps (574 + 1201 Mbps)<\/p>\n<p>\u2022 2 b\u0103ng t\u1ea7n ph\u00e1t s\u00f3ng \u0111\u1ed3ng th\u1eddi cho ph\u00e9p nhi\u1ec1u thi\u1ebft b\u1ecb truy c\u1eadp c\u00f9ng l\u00fac v\u1edbi t\u1ed1c \u0111\u1ed9 cao, (160m2)<\/p>\n<p>\u2022 2 \u0103ng ten \u0111i\u1ec1u ch\u1ec9nh v\u1edbi b\u1ed9 khu\u1ebfch \u0111\u1ea1i c\u00f4ng su\u1ea5t cao cho v\u00f9ng ph\u1ee7 s\u00f3ng r\u1ed9ng<\/p>\n<p>\u2022 B\u1ed9 vi x\u1eed l\u00fd 4 nh\u00e2n @1,.2 GHz m\u1ea1nh m\u1ebd gi\u00fap x\u1eed l\u00fd d\u1eef li\u1ec7u c\u1ef1c nhanh<\/p>\n<p>\u2022 T\u00edch h\u1ee3p c\u00f4ng ngh\u1ec7 Wi-Fi Mesh, d\u1ec5 d\u00e0ng m\u1edf r\u1ed9ng v\u00f9ng ph\u1ee7 s\u00f3ng v\u1edbi hi\u1ec7u su\u1ea5t m\u1ea1ng kh\u00f4ng gi\u1ea3m<\/p>\n<p>\u2022 C\u00f4ng ngh\u1ec7 Beamforming+ ph\u00e1t s\u00f3ng t\u1eadp trung<\/p>\n<p>\u2022 4 c\u1ed5ng LAN Gigabit (10\/100\/1000Mbps)<\/p>\n<p>\u2022 Seamless Roaming chuy\u00ea\u0309n vu\u0300ng kh\u00f4ng gia\u0301n \u0111o\u1ea1n<\/p>\n<p>\u2022 Smart Connect Band Steering cho tr\u1ea3i nghi\u1ec7m Wi-fi t\u1ed1t nh\u1ea5t khi k\u1ebft n\u1ed1i nhi\u1ec1u thi\u1ebft b\u1ecb<\/p>\n<p>\u2022 Qu\u1ea3n l\u00fd m\u1ea1ng m\u1ecdi n\u01a1i m\u1ecdi l\u00fac v\u1edbi \u1ee9ng d\u1ee5ng Linksys tr\u00ean smart phone<\/p>\n<p>\u2022 T\u1ed1i \u01b0u cho gi\u1ea3i tr\u00ed t\u1ed1c \u0111\u1ed9 cao, xem phim 4K, ch\u01a1i game tr\u1ef1c tuy\u1ebfn&#8230;<\/p>\n<p>\u2022 Truy c\u1eadp t\u1eadp trung t\u1edbi 25+ thi\u1ebft b\u1ecb k\u1ebft n\u1ed1i<\/p>\n<\/ul>","protected":false},"featured_media":11518,"comment_status":"closed","ping_status":"closed","template":"","meta":[],"pwb-brand":[],"product_cat":[2907],"product_tag":[2839,25,55],"class_list":{"0":"post-11517","1":"product","2":"type-product","3":"status-publish","4":"has-post-thumbnail","6":"product_cat-linksys","7":"product_tag-choi-game","8":"product_tag-man","9":"product_tag-run","11":"first","12":"instock","13":"shipping-taxable","14":"product-type-simple"},"brands":[],"_links":{"self":[{"href":"https:\/\/serverhot.vn\/bn\/wp-json\/wp\/v2\/product\/11517","targetHints":{"allow":["GET"]}}],"collection":[{"href":"https:\/\/serverhot.vn\/bn\/wp-json\/wp\/v2\/product"}],"about":[{"href":"https:\/\/serverhot.vn\/bn\/wp-json\/wp\/v2\/types\/product"}],"replies":[{"embeddable":true,"href":"https:\/\/serverhot.vn\/bn\/wp-json\/wp\/v2\/comments?post=11517"}],"wp:featuredmedia":[{"embeddable":true,"href":"https:\/\/serverhot.vn\/bn\/wp-json\/wp\/v2\/media\/11518"}],"wp:attachment":[{"href":"https:\/\/serverhot.vn\/bn\/wp-json\/wp\/v2\/media?parent=11517"}],"wp:term":[{"taxonomy":"pwb-brand","embeddable":true,"href":"https:\/\/serverhot.vn\/bn\/wp-json\/wp\/v2\/pwb-brand?post=11517"},{"taxonomy":"product_cat","embeddable":true,"href":"https:\/\/serverhot.vn\/bn\/wp-json\/wp\/v2\/product_cat?post=11517"},{"taxonomy":"product_tag","embeddable":true,"href":"https:\/\/serverhot.vn\/bn\/wp-json\/wp\/v2\/product_tag?post=11517"}],"curies":[{"name":"wp","href":"https:\/\/api.w.org\/{rel}","templated":true}]}}