{"id":11580,"date":"2024-06-29T14:41:23","date_gmt":"2024-06-29T07:41:23","guid":{"rendered":"https:\/\/serverhot.vn\/product\/uncategorized\/bo-luu-dien-santak-c1ks-lcd-online-ma-san-pham-c1ks-lcd\/"},"modified":"2024-06-29T14:41:25","modified_gmt":"2024-06-29T07:41:25","slug":"bo-luu-dien-santak-c1ks-lcd-online-ma-san-pham-c1ks-lcd","status":"publish","type":"product","link":"https:\/\/serverhot.vn\/bn\/-product-\/bo-luu-dien-santak-c1ks-lcd-online-ma-san-pham-c1ks-lcd\/","title":{"rendered":"B\u1ed9 l\u01b0u \u0111i\u1ec7n Santak C1KS LCD Online M\u00e3 s\u1ea3n ph\u1ea9m: C1KS-LCD"},"content":{"rendered":"<div class=\"showText tabs\" id=\"tab2\">\n                                    <\/div>","protected":false},"excerpt":{"rendered":"<ul>\n                            M\u00e0n h\u00ecnh LCD hi\u1ec3n th\u1ecb c\u00e1c tr\u1ea1ng th\u00e1i thi\u1ebft b\u1ecb g\u1ed3m: Ch\u1ebf \u0111\u1ed9 \u0111i\u1ec7n l\u01b0\u1edbi, ch\u1ebf \u0111\u1ed9 \u1eafc quy, ch\u1ebf \u0111\u1ed9 Bypass, dung l\u01b0\u1ee3ng t\u1ea3i, dung l\u01b0\u1ee3ng \u1eafc quy, b\u00e1o tr\u1ea1ng th\u00e1i h\u01b0 h\u1ecfng.<\/p>\n<p>UPS v\u1edbi c\u00f4ng ngh\u1ec7 True Online Double Conversion.<\/p>\n<p>Th\u1eddi gian l\u01b0u \u0111i\u1ec7n: Ph\u1ee5 thu\u1ed9c v\u00e0o s\u1ed1 l\u01b0\u1ee3ng b\u00ecnh \u1eafc quy g\u1eafn ngo\u00e0i.<\/p>\n<p>\u0110i\u1ec7n \u00e1p ng\u00f5 ra d\u1ea1ng S\u00f3ng Sine th\u1eadt \u1edf m\u1ecdi tr\u1ea1ng th\u00e1i \u0111i\u1ec7n l\u01b0\u1edbi v\u00e0 kh\u00f4ng ph\u1ee5 thu\u1ed9c v\u00e0o dung l\u01b0\u1ee3ng c\u00f2n l\u1ea1i c\u1ee7a ngu\u1ed3n \u1eafc quy.<\/p>\n<p>C\u1ed5ng giao ti\u1ebfp: RS232, khe c\u1eafm m\u1edf r\u1ed9ng.<\/p>\n<p>Ch\u1ee9c n\u0103ng ch\u1ed1ng s\u00e9t, h\u1ea1n ch\u1ebf sung nhi\u1ec5u, \u1ed5n t\u1ea7n, \u1ed5n \u00e1p cho c\u00e1c thi\u1ebft b\u1ecb.<\/p>\n<p>\u1eaec quy g\u1eafn ngo\u00e0i, s\u1eed d\u1ee5ng lo\u1ea1i \u1eafc quy ecotek, \u1eafc quy globe: \u1eafc quy 12VDC, k\u00edn kh\u00ed, kh\u00f4ng c\u1ea7n b\u1ea3o d\u01b0\u1ee1ng.<\/p>\n<p>\u0110\u1ea3m b\u1ea3o s\u1ef1 \u1ed5n \u0111\u1ecbnh ngu\u1ed3n \u0111i\u1ec7n cho c\u00e1c thi\u1ebft b\u1ecb \u0110i\u1ec7n, \u0110i\u1ec7n t\u1eed, Vi\u1ec5n th\u00f4ng. Th\u00edch h\u1ee3p s\u1eed d\u1ee5ng cho c\u00e1c thi\u1ebft b\u1ecb c\u1ee5 th\u1ec3 g\u1ed3m: Trung t\u00e2m d\u1eef li\u1ec7u, Server, thi\u1ebft b\u1ecb m\u1ea1ng, m\u00e1y ATM, thi\u1ebft b\u1ecb \u0111i\u1ec7n t\u1eed vi\u1ec5n th\u00f4ng, an ninh, x\u00e9t nghi\u1ec7m y khoa, thi\u1ebft b\u1ecb v\u0103n ph\u00f2ng v\u00e0 nhi\u1ec1u \u1ee9ng d\u1ee5ng quan tr\u1ecdng kh\u00e1c\u2026                        <\/ul>","protected":false},"featured_media":11581,"comment_status":"closed","ping_status":"closed","template":"","meta":[],"pwb-brand":[],"product_cat":[2913],"product_tag":[55],"class_list":{"0":"post-11580","1":"product","2":"type-product","3":"status-publish","4":"has-post-thumbnail","6":"product_cat-bo-luu-dien-ups","7":"product_tag-run","9":"first","10":"instock","11":"shipping-taxable","12":"product-type-simple"},"brands":[],"_links":{"self":[{"href":"https:\/\/serverhot.vn\/bn\/wp-json\/wp\/v2\/product\/11580","targetHints":{"allow":["GET"]}}],"collection":[{"href":"https:\/\/serverhot.vn\/bn\/wp-json\/wp\/v2\/product"}],"about":[{"href":"https:\/\/serverhot.vn\/bn\/wp-json\/wp\/v2\/types\/product"}],"replies":[{"embeddable":true,"href":"https:\/\/serverhot.vn\/bn\/wp-json\/wp\/v2\/comments?post=11580"}],"wp:featuredmedia":[{"embeddable":true,"href":"https:\/\/serverhot.vn\/bn\/wp-json\/wp\/v2\/media\/11581"}],"wp:attachment":[{"href":"https:\/\/serverhot.vn\/bn\/wp-json\/wp\/v2\/media?parent=11580"}],"wp:term":[{"taxonomy":"pwb-brand","embeddable":true,"href":"https:\/\/serverhot.vn\/bn\/wp-json\/wp\/v2\/pwb-brand?post=11580"},{"taxonomy":"product_cat","embeddable":true,"href":"https:\/\/serverhot.vn\/bn\/wp-json\/wp\/v2\/product_cat?post=11580"},{"taxonomy":"product_tag","embeddable":true,"href":"https:\/\/serverhot.vn\/bn\/wp-json\/wp\/v2\/product_tag?post=11580"}],"curies":[{"name":"wp","href":"https:\/\/api.w.org\/{rel}","templated":true}]}}