{"id":11592,"date":"2024-06-29T14:43:02","date_gmt":"2024-06-29T07:43:02","guid":{"rendered":"https:\/\/serverhot.vn\/product\/uncategorized\/tu-rack-ssn-10u-d1000-ma-san-pham-ssn-10u-d1000\/"},"modified":"2024-06-29T14:43:03","modified_gmt":"2024-06-29T07:43:03","slug":"tu-rack-ssn-10u-d1000-ma-san-pham-ssn-10u-d1000","status":"publish","type":"product","link":"https:\/\/serverhot.vn\/bn\/-product-\/tu-rack-ssn-10u-d1000-ma-san-pham-ssn-10u-d1000\/","title":{"rendered":"T\u1ee7 Rack SSN 10U-D1000 M\u00e3 s\u1ea3n ph\u1ea9m: SSN-10U-D1000"},"content":{"rendered":"<div class=\"showText tabs\" id=\"tab2\">\n                                    <\/div>","protected":false},"excerpt":{"rendered":"<ul>\n<p>&#8216;H580xD1000xW600mm<\/p>\n<p>&#8211; C\u1eeda tr\u01b0\u1edbc \u0111\u1ed9t l\u01b0\u1edbi ho\u1eb7c mica, c\u1eeda sau \u0111\u1ed9t l\u01b0\u1edbi.<\/p>\n<p>&#8211; C\u1eeda h\u00f4ng : 2 c\u00e1nh th\u00e1o l\u1eafp d\u1ec5 d\u00e0ng<\/p>\n<p>&#8211; Thanh m\u00e1ng c\u00e1p g\u1eafn d\u1ecdc th\u00e2n t\u1ee7 : 2<\/p>\n<p>&#8211; Qu\u1ea1t t\u1ea3n nhi\u1ec7t : 02 c\u00e1i g\u1eafn n\u00f3c t\u1ee7<\/p>\n<p>&#8211; \u1ed4 \u0111i\u1ec7n : Lioa 4 port<\/p>\n<p>&#8211; \u1ed0c c\u00e0i : 12 b\u1ed9<\/p>\n<p>&#8211; B\u00e1nh xe 5 ph\u00e2n c\u00f3 kh\u00f3a<\/p>\n<p>&#8211; V\u1eadt li\u1ec7u th\u00e9p:\u00a0<\/p>\n<p>+ Khung t\u1ee7, thanh Rack : 1.5mm<\/p>\n<p>+ C\u00e1nh tr\u01b0\u1edbc sau, n\u00f3c \u0111\u00e1y: 1.0mm<\/p>\n<p>&#8211; S\u01a1n t\u0129nh \u0111i\u1ec7n : TR\u1eaeNG X\u00c1M | \u0110EN<\/p>\n<\/ul>","protected":false},"featured_media":11593,"comment_status":"closed","ping_status":"closed","template":"","meta":[],"pwb-brand":[],"product_cat":[2915],"product_tag":[],"class_list":{"0":"post-11592","1":"product","2":"type-product","3":"status-publish","4":"has-post-thumbnail","6":"product_cat-tu-rack","8":"first","9":"instock","10":"shipping-taxable","11":"product-type-simple"},"brands":[],"_links":{"self":[{"href":"https:\/\/serverhot.vn\/bn\/wp-json\/wp\/v2\/product\/11592","targetHints":{"allow":["GET"]}}],"collection":[{"href":"https:\/\/serverhot.vn\/bn\/wp-json\/wp\/v2\/product"}],"about":[{"href":"https:\/\/serverhot.vn\/bn\/wp-json\/wp\/v2\/types\/product"}],"replies":[{"embeddable":true,"href":"https:\/\/serverhot.vn\/bn\/wp-json\/wp\/v2\/comments?post=11592"}],"wp:featuredmedia":[{"embeddable":true,"href":"https:\/\/serverhot.vn\/bn\/wp-json\/wp\/v2\/media\/11593"}],"wp:attachment":[{"href":"https:\/\/serverhot.vn\/bn\/wp-json\/wp\/v2\/media?parent=11592"}],"wp:term":[{"taxonomy":"pwb-brand","embeddable":true,"href":"https:\/\/serverhot.vn\/bn\/wp-json\/wp\/v2\/pwb-brand?post=11592"},{"taxonomy":"product_cat","embeddable":true,"href":"https:\/\/serverhot.vn\/bn\/wp-json\/wp\/v2\/product_cat?post=11592"},{"taxonomy":"product_tag","embeddable":true,"href":"https:\/\/serverhot.vn\/bn\/wp-json\/wp\/v2\/product_tag?post=11592"}],"curies":[{"name":"wp","href":"https:\/\/api.w.org\/{rel}","templated":true}]}}