{"id":11678,"date":"2024-06-29T14:54:07","date_gmt":"2024-06-29T07:54:07","guid":{"rendered":"https:\/\/serverhot.vn\/product\/uncategorized\/max-stream-ac1900-wi-fi-range-extender-linksys-re7000-ma-san-pham-re7000\/"},"modified":"2024-06-29T14:54:08","modified_gmt":"2024-06-29T07:54:08","slug":"max-stream-ac1900-wi-fi-range-extender-linksys-re7000-ma-san-pham-re7000","status":"publish","type":"product","link":"https:\/\/serverhot.vn\/bn\/-product-\/max-stream-ac1900-wi-fi-range-extender-linksys-re7000-ma-san-pham-re7000\/","title":{"rendered":"Max-Stream AC1900+ Wi-Fi Range Extender LINKSYS RE7000 M\u00e3 s\u1ea3n ph\u1ea9m: RE7000"},"content":{"rendered":"<div class=\"showText tabs\" id=\"tab2\">\n                                    <\/div>","protected":false},"excerpt":{"rendered":"<ul>\n<p><span>\u2022 B\u1ed9 ti\u1ebfp s\u00f3ng kh\u00f4ng d\u00e2y chu\u1ea9n AC1900 MU-MIMO b\u0103ng t\u1ea7n k\u00e9p, m\u1edf r\u1ed9ng v\u00f9ng ph\u1ee7 s\u00f3ng l\u00ean t\u1edbi 930m2<\/span><\/p>\n<p><span>\u2022 T\u1ed1c \u0111\u1ed9 truy\u1ec1n t\u1ea3i l\u00ean t\u1edbi 1900Mbps (N300Mbps + AC1733Mbps) t\u1ed1i \u01b0u cho phim Full HD v\u00e0 TV chu\u1ea9n 4K<\/span><\/p>\n<p><span>\u2022 1 x 10\/100\/1000Mbps c\u1ed5ng Gigabit Ethernet<\/span><\/p>\n<p><span>\u2022 2 B\u0103ng t\u1ea7n ho\u1eb7t \u0111\u1ed9ng c\u00f9ng l\u00fac 2.4Ghz + 5Ghz, v\u1edbi 4 \u0103ng-ten ng\u1ea7m g\u1eafn trong c\u00f4ng su\u1ea5t cao<\/span><\/p>\n<p><span>&#8211; B\u0103ng t\u1ea7n h\u1ed7 tr\u1ee3: 2.4 GHz \/ 5 GHz\u00a0<\/span><br \/><span>&#8211; Chu\u1ea9n k\u1ebft n\u1ed1i: 802.11 a\/b\/g\/n\/ac<\/span><\/p>\n<\/ul>","protected":false},"featured_media":11679,"comment_status":"closed","ping_status":"closed","template":"","meta":[],"pwb-brand":[],"product_cat":[2907],"product_tag":[],"class_list":{"0":"post-11678","1":"product","2":"type-product","3":"status-publish","4":"has-post-thumbnail","6":"product_cat-linksys","8":"first","9":"instock","10":"shipping-taxable","11":"product-type-simple"},"brands":[],"_links":{"self":[{"href":"https:\/\/serverhot.vn\/bn\/wp-json\/wp\/v2\/product\/11678","targetHints":{"allow":["GET"]}}],"collection":[{"href":"https:\/\/serverhot.vn\/bn\/wp-json\/wp\/v2\/product"}],"about":[{"href":"https:\/\/serverhot.vn\/bn\/wp-json\/wp\/v2\/types\/product"}],"replies":[{"embeddable":true,"href":"https:\/\/serverhot.vn\/bn\/wp-json\/wp\/v2\/comments?post=11678"}],"wp:featuredmedia":[{"embeddable":true,"href":"https:\/\/serverhot.vn\/bn\/wp-json\/wp\/v2\/media\/11679"}],"wp:attachment":[{"href":"https:\/\/serverhot.vn\/bn\/wp-json\/wp\/v2\/media?parent=11678"}],"wp:term":[{"taxonomy":"pwb-brand","embeddable":true,"href":"https:\/\/serverhot.vn\/bn\/wp-json\/wp\/v2\/pwb-brand?post=11678"},{"taxonomy":"product_cat","embeddable":true,"href":"https:\/\/serverhot.vn\/bn\/wp-json\/wp\/v2\/product_cat?post=11678"},{"taxonomy":"product_tag","embeddable":true,"href":"https:\/\/serverhot.vn\/bn\/wp-json\/wp\/v2\/product_tag?post=11678"}],"curies":[{"name":"wp","href":"https:\/\/api.w.org\/{rel}","templated":true}]}}