{"id":11696,"date":"2024-06-29T14:56:03","date_gmt":"2024-06-29T07:56:03","guid":{"rendered":"https:\/\/serverhot.vn\/product\/uncategorized\/dau-ghi-hinh-camera-ip-64-kenh-dahua-dhi-nvr5864-ei-ma-san-pham-dhi-nvr5864-ei\/"},"modified":"2024-06-29T14:56:05","modified_gmt":"2024-06-29T07:56:05","slug":"dau-ghi-hinh-camera-ip-64-kenh-dahua-dhi-nvr5864-ei-ma-san-pham-dhi-nvr5864-ei","status":"publish","type":"product","link":"https:\/\/serverhot.vn\/bn\/-product-\/dau-ghi-hinh-camera-ip-64-kenh-dahua-dhi-nvr5864-ei-ma-san-pham-dhi-nvr5864-ei\/","title":{"rendered":"\u0110\u1ea7u ghi h\u00ecnh camera IP 64 k\u00eanh DAHUA DHI-NVR5864-EI M\u00e3 s\u1ea3n ph\u1ea9m: DHI-NVR5864-EI"},"content":{"rendered":"<div class=\"showText tabs\" id=\"tab2\">\n                                    <\/div>","protected":false},"excerpt":{"rendered":"<ul>\n<p>&#8211; \u0110\u1ea7u ghi h\u00ecnh camera IP th\u00f4ng minh 64 k\u00eanh.<\/p>\n<p>&#8211; Chu\u1ea9n n\u00e9n h\u00ecnh \u1ea3nh: Smart H.265+\/H.265 v\u1edbi hai lu\u1ed3ng d\u1eef li\u1ec7u v\u1edbi ph\u00e2n gi\u1ea3i h\u1ed7 tr\u1ee3 l\u00ean \u0111\u1ebfn 32MP.<\/p>\n<p>&#8211; B\u0103ng th\u00f4ng \u0111\u1ea7u v\u00e0o t\u1ed1i \u0111a 384Mbps (AI disabled).<\/p>\n<p>&#8211; H\u1ed7 tr\u1ee3 camera \u0111\u1ed9 ph\u00e2n gi\u1ea3i l\u00ean \u0111\u1ebfn 32MP.<\/p>\n<p>&#8211; T\u01b0\u01a1ng th\u00edch v\u1edbi t\u00edn hi\u1ec7u ng\u00f5 ra: 2HDMI\/2VGA.<\/p>\n<p>&#8211; Ch\u1ebf \u0111\u1ed9 chia h\u00ecnh 1st Screen: 1\/4\/8\/9\/16\/25\/36\/64, 2nd Screen: 1\/4\/8\/9\/16.<\/p>\n<p>&#8211; Ch\u1ebf \u0111\u1ed9 xem l\u1ea1i \u0111\u1ed3ng th\u1eddi: 1\/4\/9\/16.<\/p>\n<\/ul>","protected":false},"featured_media":11697,"comment_status":"closed","ping_status":"closed","template":"","meta":[],"pwb-brand":[],"product_cat":[2911],"product_tag":[],"class_list":{"0":"post-11696","1":"product","2":"type-product","3":"status-publish","4":"has-post-thumbnail","6":"product_cat-thiet-bi-camera","8":"first","9":"instock","10":"shipping-taxable","11":"product-type-simple"},"brands":[],"_links":{"self":[{"href":"https:\/\/serverhot.vn\/bn\/wp-json\/wp\/v2\/product\/11696","targetHints":{"allow":["GET"]}}],"collection":[{"href":"https:\/\/serverhot.vn\/bn\/wp-json\/wp\/v2\/product"}],"about":[{"href":"https:\/\/serverhot.vn\/bn\/wp-json\/wp\/v2\/types\/product"}],"replies":[{"embeddable":true,"href":"https:\/\/serverhot.vn\/bn\/wp-json\/wp\/v2\/comments?post=11696"}],"wp:featuredmedia":[{"embeddable":true,"href":"https:\/\/serverhot.vn\/bn\/wp-json\/wp\/v2\/media\/11697"}],"wp:attachment":[{"href":"https:\/\/serverhot.vn\/bn\/wp-json\/wp\/v2\/media?parent=11696"}],"wp:term":[{"taxonomy":"pwb-brand","embeddable":true,"href":"https:\/\/serverhot.vn\/bn\/wp-json\/wp\/v2\/pwb-brand?post=11696"},{"taxonomy":"product_cat","embeddable":true,"href":"https:\/\/serverhot.vn\/bn\/wp-json\/wp\/v2\/product_cat?post=11696"},{"taxonomy":"product_tag","embeddable":true,"href":"https:\/\/serverhot.vn\/bn\/wp-json\/wp\/v2\/product_tag?post=11696"}],"curies":[{"name":"wp","href":"https:\/\/api.w.org\/{rel}","templated":true}]}}