{"id":11783,"date":"2024-06-29T15:06:56","date_gmt":"2024-06-29T08:06:56","guid":{"rendered":"https:\/\/serverhot.vn\/product\/uncategorized\/may-in-hoa-don-epson-tm-t81-iii-cong-lan-ma-san-pham-tm-t81\/"},"modified":"2024-06-29T15:06:58","modified_gmt":"2024-06-29T08:06:58","slug":"may-in-hoa-don-epson-tm-t81-iii-cong-lan-ma-san-pham-tm-t81","status":"publish","type":"product","link":"https:\/\/serverhot.vn\/bn\/-product-\/may-in-hoa-don-epson-tm-t81-iii-cong-lan-ma-san-pham-tm-t81\/","title":{"rendered":"M\u00e1y In H\u00f3a \u0110\u01a1n Epson TM-T81 III C\u1ed5ng LAN M\u00e3 s\u1ea3n ph\u1ea9m: TM-T81"},"content":{"rendered":"<div class=\"showText tabs\" id=\"tab2\">\n<div class=\"box_right_pro_view\">\n<div class=\"thongso_pro a_technical\" style=\"max-height: fit-content\">\n<table border=\"1\" cellpadding=\"0.75em\">\n<tbody>\n<tr>\n<td>\n<p>Th\u01b0\u01a1ng hi\u1ec7u<\/p>\n<\/td>\n<td>\n<p>Epson<\/p>\n<\/td>\n<\/tr>\n<tr>\n<td>\n<p>Model<\/p>\n<\/td>\n<td>\n<p>T81 III<\/p>\n<\/td>\n<\/tr>\n<tr>\n<td colspan=\"2\">\n<p>CHI TI\u1ebeT<\/p>\n<\/td>\n<\/tr>\n<tr>\n<td>\n<p>Lo\u1ea1i m\u00e1y in<\/p>\n<\/td>\n<td>\n<p>M\u00e1y in h\u00f3a \u0111\u01a1n nhi\u1ec7t<\/p>\n<\/td>\n<\/tr>\n<tr>\n<td>\n<p>Ph\u01b0\u01a1ng ph\u00e1p in<\/p>\n<\/td>\n<td>\n<p>In c\u1ea3m nhi\u1ec7t<\/p>\n<\/td>\n<\/tr>\n<tr>\n<td>\n<p>T\u1ed1c \u0111\u1ed9<\/p>\n<\/td>\n<td>\n<p>200mm\/s<\/p>\n<\/td>\n<\/tr>\n<tr>\n<td>\n<p>Gi\u1ea5y t\u01b0\u01a1ng th\u00edch<\/p>\n<\/td>\n<td>\n<p>K80 (80mm)<\/p>\n<\/td>\n<\/tr>\n<tr>\n<td>\n<p>\u0110\u1ed9 b\u1ec1n \u0111\u1ea7u in<\/p>\n<\/td>\n<td>\n<p>52 tri\u1ec7u d\u00f2ng (MCBF), 360.000 gi\u1edd Tu\u1ed5i th\u1ecd dao c\u1eaft l\u00e0 1.5tri\u1ec7u l\u1ea7n c\u1eaft<\/p>\n<\/td>\n<\/tr>\n<tr>\n<td>\n<p>\u0110\u1ed9 ph\u00e2n gi\u1ea3i<\/p>\n<\/td>\n<td>\n<p>203 dpi (8dots\/mm)<\/p>\n<\/td>\n<\/tr>\n<tr>\n<td>\n<p>C\u1ed5ng giao ti\u1ebfp<\/p>\n<\/td>\n<td>\n<p>Lan &#8211; Kh\u00f4ng bao g\u1ed3m d\u00e2y m\u1ea1ng lan k\u00e8m m\u00e1y<\/p>\n<\/td>\n<\/tr>\n<tr>\n<td>\n<p>T\u00ednh n\u0103ng kh\u00e1c<\/p>\n<\/td>\n<td>\n<p>C\u1eaft gi\u1ea5y s\u00e1t ph\u1ea7n in gi\u00fap ti\u1ebft ki\u1ec7m 30% gi\u1ea5y<\/p>\n<p>C\u00e1c bo m\u1ea1ch \u0111\u01b0\u1ee3c l\u1eafp ngu\u1ee3c \u0111\u1ec3 ch\u1ed1ng n\u01b0\u1edbc<\/p>\n<\/td>\n<\/tr>\n<tr>\n<td colspan=\"2\">\n<p>HI\u1ec6U N\u0102NG<\/p>\n<\/td>\n<\/tr>\n<tr>\n<td>\n<p>Tr\u1ecdng l\u01b0\u1ee3ng<\/p>\n<\/td>\n<td>\n<p>~ 1.7 kg<\/p>\n<\/td>\n<\/tr>\n<tr>\n<td>\n<p>K\u00edch th\u01b0\u1edbc b\u00ean ngo\u00e0i:<\/p>\n<\/td>\n<td>\n<p>5.67\u201d x 7.44\u201d x 5.71\u201d (W x D x H) (144\u00a0 x 189\u00a0 x 145\u00a0 mm)<\/p>\n<\/td>\n<\/tr>\n<\/tbody>\n<\/table><\/div>\n<p>                            <!--                            <\/p>\n<div class=\"xemthem_id_r\">--><br \/>\n                            <!--                                <a><!--\/show\/?token=--><br \/>\n                            <!--\"--><br \/>\n                            <!--                                   class=\"preview fancybox fancybox.ajax\" rel=\"nofollow\"&gt;Xem th&#234;m th&#244;ng s&#7889; k&#7929; thu&#7853;t<\/a>--><br \/>\n                            <!--                            <\/div>\n<p>-->\n                        <\/p><\/div>\n<\/p><\/div>","protected":false},"excerpt":{"rendered":"<ul>\n<ul>\n<li>Lo\u1ea1i m\u00e1y in : M\u00e1y in h\u00f3a \u0111\u01a1n nhi\u1ec7t<\/li>\n<li>Ph\u01b0\u01a1ng ph\u00e1p in : In c\u1ea3m nhi\u1ec7t<\/li>\n<li>T\u1ed1c \u0111\u1ed9 200mm\/s<\/li>\n<li>Gi\u1ea5y t\u01b0\u01a1ng th\u00edch : K80 (80mm)<\/li>\n<li>\u0110\u1ed9 b\u1ec1n \u0111\u1ea7u in : 52 tri\u1ec7u d\u00f2ng (MCBF), 360.000 gi\u1edd Tu\u1ed5i th\u1ecd dao c\u1eaft l\u00e0 1.5tri\u1ec7u l\u1ea7n c\u1eaft<\/li>\n<li>\u0110\u1ed9 ph\u00e2n gi\u1ea3i : 203 dpi (8dots\/mm)<\/li>\n<\/ul>\n<\/ul>","protected":false},"featured_media":11784,"comment_status":"closed","ping_status":"closed","template":"","meta":[],"pwb-brand":[],"product_cat":[2910],"product_tag":[],"class_list":{"0":"post-11783","1":"product","2":"type-product","3":"status-publish","4":"has-post-thumbnail","6":"product_cat-thiet-bi-van-phong","8":"first","9":"instock","10":"shipping-taxable","11":"product-type-simple"},"brands":[],"_links":{"self":[{"href":"https:\/\/serverhot.vn\/bn\/wp-json\/wp\/v2\/product\/11783","targetHints":{"allow":["GET"]}}],"collection":[{"href":"https:\/\/serverhot.vn\/bn\/wp-json\/wp\/v2\/product"}],"about":[{"href":"https:\/\/serverhot.vn\/bn\/wp-json\/wp\/v2\/types\/product"}],"replies":[{"embeddable":true,"href":"https:\/\/serverhot.vn\/bn\/wp-json\/wp\/v2\/comments?post=11783"}],"wp:featuredmedia":[{"embeddable":true,"href":"https:\/\/serverhot.vn\/bn\/wp-json\/wp\/v2\/media\/11784"}],"wp:attachment":[{"href":"https:\/\/serverhot.vn\/bn\/wp-json\/wp\/v2\/media?parent=11783"}],"wp:term":[{"taxonomy":"pwb-brand","embeddable":true,"href":"https:\/\/serverhot.vn\/bn\/wp-json\/wp\/v2\/pwb-brand?post=11783"},{"taxonomy":"product_cat","embeddable":true,"href":"https:\/\/serverhot.vn\/bn\/wp-json\/wp\/v2\/product_cat?post=11783"},{"taxonomy":"product_tag","embeddable":true,"href":"https:\/\/serverhot.vn\/bn\/wp-json\/wp\/v2\/product_tag?post=11783"}],"curies":[{"name":"wp","href":"https:\/\/api.w.org\/{rel}","templated":true}]}}