{"id":12046,"date":"2024-06-29T16:07:12","date_gmt":"2024-06-29T09:07:12","guid":{"rendered":"https:\/\/serverhot.vn\/product\/uncategorized\/man-hinh-samsung-ls19f350hne-led-pls-18-5-inch-ma-san-pham-ls19f350hne\/"},"modified":"2024-06-29T16:07:14","modified_gmt":"2024-06-29T09:07:14","slug":"man-hinh-samsung-ls19f350hne-led-pls-18-5-inch-ma-san-pham-ls19f350hne","status":"publish","type":"product","link":"https:\/\/serverhot.vn\/bn\/-product-\/man-hinh-samsung-ls19f350hne-led-pls-18-5-inch-ma-san-pham-ls19f350hne\/","title":{"rendered":"M\u00e0n h\u00ecnh Samsung LS19F350HNE &#8211; LED PLS 18.5 inch M\u00e3 s\u1ea3n ph\u1ea9m: LS19F350HNE"},"content":{"rendered":"<div class=\"showText tabs\" id=\"tab2\">\n                                    <\/div>","protected":false},"excerpt":{"rendered":"<ul>\n<h1><strong>M\u00e0n h\u00ecnh Samsung LS19F350HNE &#8211; LED PLS 18.5 inch<\/strong><\/h1>\n<\/ul>","protected":false},"featured_media":12047,"comment_status":"closed","ping_status":"closed","template":"","meta":[],"pwb-brand":[],"product_cat":[2909],"product_tag":[],"class_list":{"0":"post-12046","1":"product","2":"type-product","3":"status-publish","4":"has-post-thumbnail","6":"product_cat-man-hinh-may-tinh","8":"first","9":"instock","10":"shipping-taxable","11":"product-type-simple"},"brands":[],"_links":{"self":[{"href":"https:\/\/serverhot.vn\/bn\/wp-json\/wp\/v2\/product\/12046","targetHints":{"allow":["GET"]}}],"collection":[{"href":"https:\/\/serverhot.vn\/bn\/wp-json\/wp\/v2\/product"}],"about":[{"href":"https:\/\/serverhot.vn\/bn\/wp-json\/wp\/v2\/types\/product"}],"replies":[{"embeddable":true,"href":"https:\/\/serverhot.vn\/bn\/wp-json\/wp\/v2\/comments?post=12046"}],"wp:featuredmedia":[{"embeddable":true,"href":"https:\/\/serverhot.vn\/bn\/wp-json\/wp\/v2\/media\/12047"}],"wp:attachment":[{"href":"https:\/\/serverhot.vn\/bn\/wp-json\/wp\/v2\/media?parent=12046"}],"wp:term":[{"taxonomy":"pwb-brand","embeddable":true,"href":"https:\/\/serverhot.vn\/bn\/wp-json\/wp\/v2\/pwb-brand?post=12046"},{"taxonomy":"product_cat","embeddable":true,"href":"https:\/\/serverhot.vn\/bn\/wp-json\/wp\/v2\/product_cat?post=12046"},{"taxonomy":"product_tag","embeddable":true,"href":"https:\/\/serverhot.vn\/bn\/wp-json\/wp\/v2\/product_tag?post=12046"}],"curies":[{"name":"wp","href":"https:\/\/api.w.org\/{rel}","templated":true}]}}