{"id":12170,"date":"2024-06-29T16:30:19","date_gmt":"2024-06-29T09:30:19","guid":{"rendered":"https:\/\/serverhot.vn\/product\/uncategorized\/man-hinh-aoc-lcd-led-20-7-ma-san-pham-e2180swn\/"},"modified":"2024-06-29T16:30:21","modified_gmt":"2024-06-29T09:30:21","slug":"man-hinh-aoc-lcd-led-20-7-ma-san-pham-e2180swn","status":"publish","type":"product","link":"https:\/\/serverhot.vn\/bn\/-product-\/man-hinh-aoc-lcd-led-20-7-ma-san-pham-e2180swn\/","title":{"rendered":"M\u00e0n h\u00ecnh AOC LCD LED 20.7&#8243; M\u00e3 s\u1ea3n ph\u1ea9m: E2180SWN"},"content":{"rendered":"<div class=\"showText tabs\" id=\"tab2\">\n                                    <\/div>","protected":false},"excerpt":{"rendered":"<ul>\n<p>\u00a0<\/p>\n<table cellspacing=\"0\" cellpadding=\"0\" width=\"948px\">\n<tbody>\n<tr>\n<td><strong>T\u00ean s\u1ea3n ph\u1ea9m<\/strong><\/td>\n<td>M\u00e0n h\u00ecnh AOC LCD LED 20.7&#8243; E2180SWN<\/td>\n<\/tr>\n<tr>\n<td><strong>MODEL<\/strong><\/td>\n<td>E2180SWN<\/td>\n<\/tr>\n<tr>\n<td><strong>C\u00d4NG NGH\u1ec6<\/strong><\/td>\n<td>LED (TN panel)<\/td>\n<\/tr>\n<tr>\n<td><strong>K\u00cdCH TH\u01af\u1edaC<\/strong><\/td>\n<td>20.7&#8243;<\/td>\n<\/tr>\n<tr>\n<td><strong>\u0110\u1ed8 PH\u00c2N GI\u1ea2I<\/strong><\/td>\n<td>1920 x 1080<\/td>\n<\/tr>\n<tr>\n<td><strong>\u0110\u1ed8 S\u00c1NG C\u1ef0C \u0110\u1ea0I<\/strong><\/td>\n<td>200cd\/m2<\/td>\n<\/tr>\n<tr>\n<td><strong>\u0110\u1ed8 T\u01af\u01a0NG PH\u1ea2N<\/strong><\/td>\n<td>20.000.000:1<\/td>\n<\/tr>\n<tr>\n<td><strong>TH\u1edcI GIAN \u0110\u00c1P \u1ee8NG<\/strong><\/td>\n<td>5 ms<\/td>\n<\/tr>\n<tr>\n<td><strong>T\u1ec8 L\u1ec6 M\u00c0N H\u00ccNH<\/strong><\/td>\n<td>16:9<\/td>\n<\/tr>\n<tr>\n<td><strong>G\u00d3C NH\u00ccN (NGANG\/D\u1eccC)<\/strong><\/td>\n<td>90\/65<\/td>\n<\/tr>\n<tr>\n<td><strong>C\u1ed4NG K\u1ebeT N\u1ed0I<\/strong><\/td>\n<td>1x Dsub<\/td>\n<\/tr>\n<tr>\n<td><strong>K\u00cdCH TH\u01af\u1edaC (W x D x H)<\/strong><\/td>\n<td>490.2 x 190 x 365.7 mm<\/td>\n<\/tr>\n<tr>\n<td><strong>B\u1ea2O H\u00c0NH<\/strong><\/td>\n<td>36 Th\u00e1ng<\/td>\n<\/tr>\n<\/tbody>\n<\/table>\n<\/ul>","protected":false},"featured_media":12171,"comment_status":"closed","ping_status":"closed","template":"","meta":[],"pwb-brand":[],"product_cat":[2909],"product_tag":[],"class_list":{"0":"post-12170","1":"product","2":"type-product","3":"status-publish","4":"has-post-thumbnail","6":"product_cat-man-hinh-may-tinh","8":"first","9":"instock","10":"shipping-taxable","11":"product-type-simple"},"brands":[],"_links":{"self":[{"href":"https:\/\/serverhot.vn\/bn\/wp-json\/wp\/v2\/product\/12170","targetHints":{"allow":["GET"]}}],"collection":[{"href":"https:\/\/serverhot.vn\/bn\/wp-json\/wp\/v2\/product"}],"about":[{"href":"https:\/\/serverhot.vn\/bn\/wp-json\/wp\/v2\/types\/product"}],"replies":[{"embeddable":true,"href":"https:\/\/serverhot.vn\/bn\/wp-json\/wp\/v2\/comments?post=12170"}],"wp:featuredmedia":[{"embeddable":true,"href":"https:\/\/serverhot.vn\/bn\/wp-json\/wp\/v2\/media\/12171"}],"wp:attachment":[{"href":"https:\/\/serverhot.vn\/bn\/wp-json\/wp\/v2\/media?parent=12170"}],"wp:term":[{"taxonomy":"pwb-brand","embeddable":true,"href":"https:\/\/serverhot.vn\/bn\/wp-json\/wp\/v2\/pwb-brand?post=12170"},{"taxonomy":"product_cat","embeddable":true,"href":"https:\/\/serverhot.vn\/bn\/wp-json\/wp\/v2\/product_cat?post=12170"},{"taxonomy":"product_tag","embeddable":true,"href":"https:\/\/serverhot.vn\/bn\/wp-json\/wp\/v2\/product_tag?post=12170"}],"curies":[{"name":"wp","href":"https:\/\/api.w.org\/{rel}","templated":true}]}}