{"id":12314,"date":"2024-06-29T17:04:10","date_gmt":"2024-06-29T10:04:10","guid":{"rendered":"https:\/\/serverhot.vn\/product\/uncategorized\/thiet-bi-mang-cisco-c1000-8fp-2g-l-8-port-gigabit-ethernet-poe-ma-san-pham-c1000-8fp-2g-l\/"},"modified":"2024-06-29T17:04:11","modified_gmt":"2024-06-29T10:04:11","slug":"thiet-bi-mang-cisco-c1000-8fp-2g-l-8-port-gigabit-ethernet-poe-ma-san-pham-c1000-8fp-2g-l","status":"publish","type":"product","link":"https:\/\/serverhot.vn\/bn\/-product-\/thiet-bi-mang-cisco-c1000-8fp-2g-l-8-port-gigabit-ethernet-poe-ma-san-pham-c1000-8fp-2g-l\/","title":{"rendered":"Thi\u1ebft B\u1ecb M\u1ea1ng CISCO C1000-8FP-2G-L 8-Port Gigabit Ethernet PoE M\u00e3 s\u1ea3n ph\u1ea9m: C1000-8FP-2G-L"},"content":{"rendered":"<div class=\"showText tabs\" id=\"tab2\">\n<div class=\"box_right_pro_view\">\n<div class=\"thongso_pro a_technical\" style=\"max-height: fit-content\">\n<h3><span>Th\u00f4ng s\u1ed1 k\u1ef9 thu\u1eadt Cisco C1000-8FP-2G-L<\/span><\/h3>\n<table>\n<tbody>\n<tr>\n<td>M\u00e3 s\u1ea3n ph\u1ea9m<\/td>\n<td>C1000-8FP-2G-L<\/td>\n<\/tr>\n<tr>\n<td>S\u1ef1 mi\u00eau t\u1ea3<\/td>\n<td>8x 10\/100\/1000 c\u1ed5ng Ethernet PoE + v\u00e0 ng\u00e2n s\u00e1ch 120W PoE, 2x 1G SFP v\u00e0 li\u00ean k\u1ebft l\u00ean k\u1ebft h\u1ee3p RJ-45<\/td>\n<\/tr>\n<tr>\n<td>C\u1ed5ng Gigabit Ethernet<\/td>\n<td>s\u1ed1 8<\/td>\n<\/tr>\n<tr>\n<td>Giao di\u1ec7n \u0111\u01b0\u1eddng l\u00ean<\/td>\n<td>2 SFP \/ RJ-45 k\u1ebft h\u1ee3p<\/td>\n<\/tr>\n<tr>\n<td>Ng\u00e2n s\u00e1ch ngu\u1ed3n PoE +<\/td>\n<td>120W<\/td>\n<\/tr>\n<tr>\n<td>Kh\u00f4ng qu\u1ea1t<\/td>\n<td>Y<\/td>\n<\/tr>\n<tr>\n<td>K\u00edch th\u01b0\u1edbc (WxDxH t\u00ednh b\u1eb1ng inch)<\/td>\n<td>10,56 x 12,73 x 1,73<\/td>\n<\/tr>\n<tr>\n<td>CPU<\/td>\n<td>ARM v7 800 MHz<\/td>\n<\/tr>\n<tr>\n<td>DRAM<\/td>\n<td>512 MB<\/td>\n<\/tr>\n<tr>\n<td>B\u1ed9 nh\u1edb flash<\/td>\n<td>256 MB<\/td>\n<\/tr>\n<tr>\n<td>B\u0103ng th\u00f4ng chuy\u1ec3n ti\u1ebfp<\/td>\n<td>10 Gb \/ gi\u00e2y<\/td>\n<\/tr>\n<tr>\n<td>Chuy\u1ec3n \u0111\u1ed5i b\u0103ng th\u00f4ng<\/td>\n<td>20 Gb \/ gi\u00e2y<\/td>\n<\/tr>\n<tr>\n<td>T\u1ef7 l\u1ec7 chuy\u1ec3n ti\u1ebfp (64 &#8211; byte L3 g\u00f3i)<\/td>\n<td>14,88 Mpps<\/td>\n<\/tr>\n<\/tbody>\n<\/table><\/div>\n<p>                            <!--                            <\/p>\n<div class=\"xemthem_id_r\">--><br \/>\n                            <!--                                <a><!--\/show\/?token=--><br \/>\n                            <!--\"--><br \/>\n                            <!--                                   class=\"preview fancybox fancybox.ajax\" rel=\"nofollow\"&gt;Xem th&#234;m th&#244;ng s&#7889; k&#7929; thu&#7853;t<\/a>--><br \/>\n                            <!--                            <\/div>\n<p>-->\n                        <\/p><\/div>\n<\/p><\/div>","protected":false},"excerpt":{"rendered":"<ul>\n<ul>\n<li><span class=\"n\" style=\"vertical-align: middle\">S\u1ed1 c\u1ed5ng Ethernet:<\/span>\u00a0<span class=\"v\" style=\"vertical-align: middle;color: #003586\">8 ports<\/span><\/li>\n<li><span class=\"n\" style=\"vertical-align: middle\">S\u1ed1 c\u1ed5ng SFP:<\/span>\u00a0<span class=\"v\" style=\"vertical-align: middle;color: #003586\">2 ports<\/span><\/li>\n<li><span class=\"n\" style=\"vertical-align: middle\">D\u00f2ng s\u1ea3n ph\u1ea9m:<\/span>\u00a0<span class=\"v\" style=\"vertical-align: middle;color: #003586\">Catalyst 1000<\/span><\/li>\n<li><span class=\"n\" style=\"vertical-align: middle\">M\u00e3 s\u1ea3n ph\u1ea9m:<\/span>\u00a0<span class=\"v\" style=\"vertical-align: middle;color: #003586\">C1000-8FP-2G-L<\/span><\/li>\n<li><span class=\"n\" style=\"vertical-align: middle\">H\u00e3ng s\u1ea3n xu\u1ea5t:<\/span>\u00a0<span class=\"v\" style=\"vertical-align: middle;color: #003586\">Cisco<\/span><\/li>\n<li><span class=\"n\" style=\"vertical-align: middle\">T\u1ed1c \u0111\u1ed9:<\/span>\u00a0<span class=\"v\" style=\"vertical-align: middle;color: #003586\">10\/100\/1000 Mbps<\/span><\/li>\n<\/ul>\n<\/ul>","protected":false},"featured_media":12315,"comment_status":"closed","ping_status":"closed","template":"","meta":[],"pwb-brand":[],"product_cat":[2893],"product_tag":[2847],"class_list":{"0":"post-12314","1":"product","2":"type-product","3":"status-publish","4":"has-post-thumbnail","6":"product_cat-cisco","7":"product_tag-cisco","9":"first","10":"instock","11":"shipping-taxable","12":"product-type-simple"},"brands":[],"_links":{"self":[{"href":"https:\/\/serverhot.vn\/bn\/wp-json\/wp\/v2\/product\/12314","targetHints":{"allow":["GET"]}}],"collection":[{"href":"https:\/\/serverhot.vn\/bn\/wp-json\/wp\/v2\/product"}],"about":[{"href":"https:\/\/serverhot.vn\/bn\/wp-json\/wp\/v2\/types\/product"}],"replies":[{"embeddable":true,"href":"https:\/\/serverhot.vn\/bn\/wp-json\/wp\/v2\/comments?post=12314"}],"wp:featuredmedia":[{"embeddable":true,"href":"https:\/\/serverhot.vn\/bn\/wp-json\/wp\/v2\/media\/12315"}],"wp:attachment":[{"href":"https:\/\/serverhot.vn\/bn\/wp-json\/wp\/v2\/media?parent=12314"}],"wp:term":[{"taxonomy":"pwb-brand","embeddable":true,"href":"https:\/\/serverhot.vn\/bn\/wp-json\/wp\/v2\/pwb-brand?post=12314"},{"taxonomy":"product_cat","embeddable":true,"href":"https:\/\/serverhot.vn\/bn\/wp-json\/wp\/v2\/product_cat?post=12314"},{"taxonomy":"product_tag","embeddable":true,"href":"https:\/\/serverhot.vn\/bn\/wp-json\/wp\/v2\/product_tag?post=12314"}],"curies":[{"name":"wp","href":"https:\/\/api.w.org\/{rel}","templated":true}]}}