{"id":12653,"date":"2024-06-29T18:11:25","date_gmt":"2024-06-29T11:11:25","guid":{"rendered":"https:\/\/serverhot.vn\/product\/uncategorized\/thiet-bi-mang-cisco-catalyst-48-ports-gigabit-ethernet-c9200l-48t-4g-e-ma-san-pham-c9200l-48t-4g-e\/"},"modified":"2024-06-29T18:11:27","modified_gmt":"2024-06-29T11:11:27","slug":"thiet-bi-mang-cisco-catalyst-48-ports-gigabit-ethernet-c9200l-48t-4g-e-ma-san-pham-c9200l-48t-4g-e","status":"publish","type":"product","link":"https:\/\/serverhot.vn\/bn\/-product-\/thiet-bi-mang-cisco-catalyst-48-ports-gigabit-ethernet-c9200l-48t-4g-e-ma-san-pham-c9200l-48t-4g-e\/","title":{"rendered":"Thi\u1ebft B\u1ecb M\u1ea1ng Cisco Catalyst 48-Ports Gigabit Ethernet C9200L-48T-4G-E M\u00e3 s\u1ea3n ph\u1ea9m: C9200L-48T-4G-E"},"content":{"rendered":"<div class=\"showText tabs\" id=\"tab2\">\n<div class=\"box_right_pro_view\">\n<div class=\"thongso_pro a_technical\" style=\"max-height: fit-content\">\n<table border=\"1\" cellspacing=\"0px\">\n<tbody>\n<tr>\n<td>H\u00e3ng<\/td>\n<td>Cisco<\/td>\n<\/tr>\n<tr>\n<td>M\u00e3 s\u1ea3n ph\u1ea9m<\/td>\n<td><span>C9200L-48T-4G-E<\/span><\/td>\n<\/tr>\n<tr>\n<td>T\u1ed5ng s\u1ed1 li\u00ean k\u1ebft xu\u1ed1ng<\/td>\n<td>10\/100\/1000 ho\u1eb7c c\u1ed5ng \u0111\u1ed3ng PoE + 48 c\u1ed5ng d\u1eef li\u1ec7u<\/td>\n<\/tr>\n<tr>\n<td>C\u1ea5u h\u00ecnh \u0111\u01b0\u1eddng l\u00ean<\/td>\n<td>4x Li\u00ean k\u1ebft l\u00ean c\u1ed1 \u0111\u1ecbnh 1G<\/td>\n<\/tr>\n<tr>\n<td>Ngu\u1ed3n \u0111i\u1ec7n AC ch\u00ednh m\u1eb7c \u0111\u1ecbnh<\/td>\n<td>PWR-C5-125WAC<\/td>\n<\/tr>\n<tr>\n<td>B\u0103ng th\u00f4ng x\u1ebfp ch\u1ed3ng<\/td>\n<td>80 Gbps<\/td>\n<\/tr>\n<tr>\n<td>DRAM<\/td>\n<td>2 GB<\/td>\n<\/tr>\n<tr>\n<td>Flash<\/td>\n<td>4 GB<\/td>\n<\/tr>\n<tr>\n<td>Kh\u1ea3 n\u0103ng chuy\u1ec3n m\u1ea1ch<\/td>\n<td>104 Gbps<\/td>\n<\/tr>\n<tr>\n<td>T\u1ef7 l\u1ec7 chuy\u1ec3n ti\u1ebfp<\/td>\n<td>154,76 Mpps<\/td>\n<\/tr>\n<tr>\n<td>K\u00edch th\u01b0\u1edbc khung g\u1ea7m<\/td>\n<td>1,73 x 17,5 x 11,3 inch<\/td>\n<\/tr>\n<tr>\n<td>\u00a0<\/td>\n<td>4,4 x 44,5 x 28,8 cm<\/td>\n<\/tr>\n<tr>\n<td>Tr\u1ecdng l\u01b0\u1ee3ng<\/td>\n<td>4,35 Kg<\/td>\n<\/tr>\n<\/tbody>\n<\/table><\/div>\n<p>                            <!--                            <\/p>\n<div class=\"xemthem_id_r\">--><br \/>\n                            <!--                                <a><!--\/show\/?token=--><br \/>\n                            <!--\"--><br \/>\n                            <!--                                   class=\"preview fancybox fancybox.ajax\" rel=\"nofollow\"&gt;Xem th&#234;m th&#244;ng s&#7889; k&#7929; thu&#7853;t<\/a>--><br \/>\n                            <!--                            <\/div>\n<p>-->\n                        <\/p><\/div>\n<\/p><\/div>","protected":false},"excerpt":{"rendered":"<ul>\n<ul>\n<li><span style=\"font-family: 'Open Sans', 'Lucida Grande', 'Lucida Sans Unicode', Arial, Helvetica, Verdana, sans-serif;font-size: 12px;background-color: #ffffff\">Cisco C9200L-48T-4G-E l\u00e0 b\u1ed9 chuy\u1ec3n m\u1ea1ch \u0111\u01b0\u1eddng l\u00ean Catalyst 9200L 48 c\u1ed5ng d\u1eef li\u1ec7u 4x1G, v\u1edbi ph\u1ea7n m\u1ec1m Network Essentials. D\u00f2ng Cisco Catalyst 9200L l\u00e0 thi\u1ebft b\u1ecb chuy\u1ec3n m\u1ea1ch c\u00f3 kh\u1ea3 n\u0103ng m\u1edf r\u1ed9ng s\u1ee9c m\u1ea1nh c\u1ee7a m\u1ea1ng d\u1ef1a tr\u00ean m\u1ee5c \u0111\u00edch c\u0169ng nh\u01b0 \u0111\u1ed5i m\u1edbi ph\u1ea7n c\u1ee9ng v\u00e0 ph\u1ea7n m\u1ec1m Catalyst 9000 cho m\u1ed9t lo\u1ea1t c\u00e1c tri\u1ec3n khai r\u1ed9ng h\u01a1n.<\/span><\/li>\n<li><span style=\"font-family: 'Open Sans', 'Lucida Grande', 'Lucida Sans Unicode', Arial, Helvetica, Verdana, sans-serif;font-size: 12px;background-color: #ffffff\">Cisco Catalyst 9200L Series gi\u00fap cho vi\u1ec7c tri\u1ec3n khai l\u1eafp \u0111\u1eb7t c\u0169ng nh\u01b0 s\u1eed d\u1ee5ng tr\u1edf n\u00ean d\u1ec5 d\u00e0ng v\u00e0 thu\u1eadn l\u1ee3i h\u01a1n cho doanh nghi\u1ec7p.<\/span><\/li>\n<\/ul>\n<\/ul>","protected":false},"featured_media":12654,"comment_status":"closed","ping_status":"closed","template":"","meta":[],"pwb-brand":[],"product_cat":[2893],"product_tag":[2847],"class_list":{"0":"post-12653","1":"product","2":"type-product","3":"status-publish","4":"has-post-thumbnail","6":"product_cat-cisco","7":"product_tag-cisco","9":"first","10":"instock","11":"shipping-taxable","12":"product-type-simple"},"brands":[],"_links":{"self":[{"href":"https:\/\/serverhot.vn\/bn\/wp-json\/wp\/v2\/product\/12653","targetHints":{"allow":["GET"]}}],"collection":[{"href":"https:\/\/serverhot.vn\/bn\/wp-json\/wp\/v2\/product"}],"about":[{"href":"https:\/\/serverhot.vn\/bn\/wp-json\/wp\/v2\/types\/product"}],"replies":[{"embeddable":true,"href":"https:\/\/serverhot.vn\/bn\/wp-json\/wp\/v2\/comments?post=12653"}],"wp:featuredmedia":[{"embeddable":true,"href":"https:\/\/serverhot.vn\/bn\/wp-json\/wp\/v2\/media\/12654"}],"wp:attachment":[{"href":"https:\/\/serverhot.vn\/bn\/wp-json\/wp\/v2\/media?parent=12653"}],"wp:term":[{"taxonomy":"pwb-brand","embeddable":true,"href":"https:\/\/serverhot.vn\/bn\/wp-json\/wp\/v2\/pwb-brand?post=12653"},{"taxonomy":"product_cat","embeddable":true,"href":"https:\/\/serverhot.vn\/bn\/wp-json\/wp\/v2\/product_cat?post=12653"},{"taxonomy":"product_tag","embeddable":true,"href":"https:\/\/serverhot.vn\/bn\/wp-json\/wp\/v2\/product_tag?post=12653"}],"curies":[{"name":"wp","href":"https:\/\/api.w.org\/{rel}","templated":true}]}}