{"id":12745,"date":"2024-06-29T18:24:34","date_gmt":"2024-06-29T11:24:34","guid":{"rendered":"https:\/\/serverhot.vn\/product\/uncategorized\/tu-mang-19inch-27u-d800-h1350xd800xw600mm-series-b-ma-san-pham-ssn-27d800\/"},"modified":"2024-06-29T18:24:35","modified_gmt":"2024-06-29T11:24:35","slug":"tu-mang-19inch-27u-d800-h1350xd800xw600mm-series-b-ma-san-pham-ssn-27d800","status":"publish","type":"product","link":"https:\/\/serverhot.vn\/bn\/-product-\/tu-mang-19inch-27u-d800-h1350xd800xw600mm-series-b-ma-san-pham-ssn-27d800\/","title":{"rendered":"T\u1ee7 M\u1ea1ng 19inch 27U-D800 H1350xD800xW600mm Series B M\u00e3 s\u1ea3n ph\u1ea9m: SSN-27D800"},"content":{"rendered":"<div class=\"showText tabs\" id=\"tab2\">\n                                    <\/div>","protected":false},"excerpt":{"rendered":"<ul>\n<p>H1350xD800xW600mm<\/p>\n<p>&#8211; C\u1eeda tr\u01b0\u1edbc \u0111\u1ed9t l\u01b0\u1edbi ho\u1eb7c mica, c\u1eeda sau \u0111\u1ed9t l\u01b0\u1edbi.<\/p>\n<p>&#8211; C\u1eeda h\u00f4ng : 2 c\u00e1nh th\u00e1o l\u1eafp d\u1ec5 d\u00e0ng<\/p>\n<p>&#8211; Thanh m\u00e1ng c\u00e1p g\u1eafn d\u1ecdc th\u00e2n t\u1ee7 : 2<\/p>\n<p>&#8211; Qu\u1ea1t t\u1ea3n nhi\u1ec7t (g\u1eafn n\u00f3c t\u1ee7): 02 qu\u1ea1t<\/p>\n<p>&#8211; \u1ed4 \u0111i\u1ec7n : Lioa 6 port\u00a0\u00a0<\/p>\n<p>&#8211; \u1ed0c c\u00e0i : 24 b\u1ed9<\/p>\n<p>&#8211; B\u00e1nh xe 7 ph\u00e2n: 4 C\u00e1i\u00a0<\/p>\n<p>&#8211; Ch\u00e2n v\u1eb7n c\u1ed1 \u0111\u1ecbnh: 01 b\u1ed9 (4 c\u00e1i)\u00a0<\/p>\n<p>&#8211; V\u1eadt li\u1ec7u th\u00e9p:\u00a0<\/p>\n<p>+ Khung t\u1ee7, thanh n\u1ed1i : 1.5mm;\u00a0<\/p>\n<p>+ Thanh Rack : 2.0mm;\u00a0<\/p>\n<p>+ C\u00e1nh tr\u01b0\u1edbc sau, n\u00f3c \u0111\u00e1y: 1.0mm<\/p>\n<p>&#8211; S\u01a1n t\u0129nh \u0111i\u1ec7n : TR\u1eaeNG X\u00c1M | \u0110EN<\/p>\n<\/ul>","protected":false},"featured_media":12746,"comment_status":"closed","ping_status":"closed","template":"","meta":[],"pwb-brand":[],"product_cat":[2915],"product_tag":[],"class_list":{"0":"post-12745","1":"product","2":"type-product","3":"status-publish","4":"has-post-thumbnail","6":"product_cat-tu-rack","8":"first","9":"instock","10":"shipping-taxable","11":"product-type-simple"},"brands":[],"_links":{"self":[{"href":"https:\/\/serverhot.vn\/bn\/wp-json\/wp\/v2\/product\/12745","targetHints":{"allow":["GET"]}}],"collection":[{"href":"https:\/\/serverhot.vn\/bn\/wp-json\/wp\/v2\/product"}],"about":[{"href":"https:\/\/serverhot.vn\/bn\/wp-json\/wp\/v2\/types\/product"}],"replies":[{"embeddable":true,"href":"https:\/\/serverhot.vn\/bn\/wp-json\/wp\/v2\/comments?post=12745"}],"wp:featuredmedia":[{"embeddable":true,"href":"https:\/\/serverhot.vn\/bn\/wp-json\/wp\/v2\/media\/12746"}],"wp:attachment":[{"href":"https:\/\/serverhot.vn\/bn\/wp-json\/wp\/v2\/media?parent=12745"}],"wp:term":[{"taxonomy":"pwb-brand","embeddable":true,"href":"https:\/\/serverhot.vn\/bn\/wp-json\/wp\/v2\/pwb-brand?post=12745"},{"taxonomy":"product_cat","embeddable":true,"href":"https:\/\/serverhot.vn\/bn\/wp-json\/wp\/v2\/product_cat?post=12745"},{"taxonomy":"product_tag","embeddable":true,"href":"https:\/\/serverhot.vn\/bn\/wp-json\/wp\/v2\/product_tag?post=12745"}],"curies":[{"name":"wp","href":"https:\/\/api.w.org\/{rel}","templated":true}]}}