{"id":12827,"date":"2024-06-29T18:37:23","date_gmt":"2024-06-29T11:37:23","guid":{"rendered":"https:\/\/serverhot.vn\/product\/uncategorized\/card-man-hinh-vga-leadtek-nvidia-rtxa5500-ma-san-pham-rtxa5500\/"},"modified":"2024-06-29T18:37:25","modified_gmt":"2024-06-29T11:37:25","slug":"card-man-hinh-vga-leadtek-nvidia-rtxa5500-ma-san-pham-rtxa5500","status":"publish","type":"product","link":"https:\/\/serverhot.vn\/bn\/-product-\/card-man-hinh-vga-leadtek-nvidia-rtxa5500-ma-san-pham-rtxa5500\/","title":{"rendered":"Card M\u00e0n H\u00ecnh VGA LEADTEK NVIDIA RTXA5500 M\u00e3 s\u1ea3n ph\u1ea9m: RTXA5500"},"content":{"rendered":"<div class=\"showText tabs\" id=\"tab2\">\n<div class=\"box_right_pro_view\">\n<div class=\"thongso_pro a_technical\" style=\"max-height: fit-content\">\n<table border=\"1\">\n<tbody>\n<tr>\n<td>GPU Architecture<\/td>\n<td>NVIDIA Ampere Architecture<\/td>\n<\/tr>\n<tr>\n<td>CUDA Parallel Processing cores<\/td>\n<td>10,240<\/td>\n<\/tr>\n<tr>\n<td>NVIDIA Tensor Cores<\/td>\n<td>320<\/td>\n<\/tr>\n<tr>\n<td>NVIDIA RT Cores<\/td>\n<td>80<\/td>\n<\/tr>\n<tr>\n<td>Single-Precision Performance<\/td>\n<td>34.1 TFLOPS<\/td>\n<\/tr>\n<tr>\n<td>RT Core Performance<\/td>\n<td>66.6 TFLOPS<\/td>\n<\/tr>\n<tr>\n<td>Tensor Performance<\/td>\n<td>272.8 TFLOPS<\/td>\n<\/tr>\n<tr>\n<td>Frame Buffer Memory<\/td>\n<td>24 GB GDDR6 with ECC<\/td>\n<\/tr>\n<tr>\n<td>Memory Interface<\/td>\n<td>384-bit<\/td>\n<\/tr>\n<tr>\n<td>Memory Bandwidth<\/td>\n<td>768 GB\/s<\/td>\n<\/tr>\n<tr>\n<td>Max Power Consumption<\/td>\n<td>230 W<\/td>\n<\/tr>\n<tr>\n<td>Graphics Bus<\/td>\n<td>PCI Express 4.0 x 16<\/td>\n<\/tr>\n<tr>\n<td>Display Connectors<\/td>\n<td>DP 1.4 (4)<\/td>\n<\/tr>\n<tr>\n<td>Form Factor<\/td>\n<td>4.4&#8243; H x 10.5&#8243; L Dual Slot<\/td>\n<\/tr>\n<tr>\n<td>Product Weight<\/td>\n<td>1.025 kg<\/td>\n<\/tr>\n<tr>\n<td>Thermal Solution<\/td>\n<td>Active<\/td>\n<\/tr>\n<tr>\n<td>vGPU Software Support<\/td>\n<td>NVIDIA \u00ae Virtual PC\/Virtual Applications (vPC\/vApps), NVIDIA RTX\u00ae Virtual Workstation (vWS), NVIDIA Virtual Compute Server (vCS)<\/td>\n<\/tr>\n<tr>\n<td>vGPU Profiles Supported<\/td>\n<td>See vGPU Pricing &amp; Licensing Guide<\/td>\n<\/tr>\n<tr>\n<td>Power Connector<\/td>\n<td>1x 8-pin PCle<\/td>\n<\/tr>\n<tr>\n<td>Frame lock<\/td>\n<td>Compatible (with Quadro Sync II)<\/td>\n<\/tr>\n<tr>\n<td>NVLink Interconnect<\/td>\n<td>112.5 GB\/s (bidirectional)<\/td>\n<\/tr>\n<tr>\n<td>NVENC | NVDEC<\/td>\n<td>1x | 2x (+AV1 decode)<\/td>\n<\/tr>\n<\/tbody>\n<\/table><\/div>\n<p>                            <!--                            <\/p>\n<div class=\"xemthem_id_r\">--><br \/>\n                            <!--                                <a><!--\/show\/?token=--><br \/>\n                            <!--\"--><br \/>\n                            <!--                                   class=\"preview fancybox fancybox.ajax\" rel=\"nofollow\"&gt;Xem th&#234;m th&#244;ng s&#7889; k&#7929; thu&#7853;t<\/a>--><br \/>\n                            <!--                            <\/div>\n<p>-->\n                        <\/p><\/div>\n<\/p><\/div>","protected":false},"excerpt":{"rendered":"<ul>\n<ul>\n<li style=\"text-align: justify\">Ampere GPU architecture<\/li>\n<li style=\"text-align: justify\">10,240 NVIDIA\u00ae\u00a0CUDA\u00ae\u00a0Cores<\/li>\n<li style=\"text-align: justify\">320 NVIDIA\u00ae\u00a0Tensor Cores<\/li>\n<li style=\"text-align: justify\">80 NVIDIA\u00ae\u00a0RT Cores<\/li>\n<li style=\"text-align: justify\">24GB GDDR6 Memory with ECC<\/li>\n<li style=\"text-align: justify\">Up to 768GB\/s Memory Bandwidth<\/li>\n<li style=\"text-align: justify\">Max. Power Consumption: 230W<\/li>\n<li style=\"text-align: justify\">Graphics Bus: PCI-E 4.0 x16<\/li>\n<li style=\"text-align: justify\">Thermal Solution: Active<\/li>\n<li style=\"text-align: justify\">Display Connectors: DP 1.4 (4)<\/li>\n<li style=\"text-align: justify\">Frame Lock: Compatible with Quadro Sync II<\/li>\n<li style=\"text-align: justify\">NVLink: 2-way low profile (2-slot and 3-slot bridges)<\/li>\n<\/ul>\n<\/ul>","protected":false},"featured_media":12828,"comment_status":"closed","ping_status":"closed","template":"","meta":[],"pwb-brand":[],"product_cat":[2914],"product_tag":[25],"class_list":{"0":"post-12827","1":"product","2":"type-product","3":"status-publish","4":"has-post-thumbnail","6":"product_cat-vga-card-man-hinh","7":"product_tag-man","9":"first","10":"instock","11":"shipping-taxable","12":"product-type-simple"},"brands":[],"_links":{"self":[{"href":"https:\/\/serverhot.vn\/bn\/wp-json\/wp\/v2\/product\/12827","targetHints":{"allow":["GET"]}}],"collection":[{"href":"https:\/\/serverhot.vn\/bn\/wp-json\/wp\/v2\/product"}],"about":[{"href":"https:\/\/serverhot.vn\/bn\/wp-json\/wp\/v2\/types\/product"}],"replies":[{"embeddable":true,"href":"https:\/\/serverhot.vn\/bn\/wp-json\/wp\/v2\/comments?post=12827"}],"wp:featuredmedia":[{"embeddable":true,"href":"https:\/\/serverhot.vn\/bn\/wp-json\/wp\/v2\/media\/12828"}],"wp:attachment":[{"href":"https:\/\/serverhot.vn\/bn\/wp-json\/wp\/v2\/media?parent=12827"}],"wp:term":[{"taxonomy":"pwb-brand","embeddable":true,"href":"https:\/\/serverhot.vn\/bn\/wp-json\/wp\/v2\/pwb-brand?post=12827"},{"taxonomy":"product_cat","embeddable":true,"href":"https:\/\/serverhot.vn\/bn\/wp-json\/wp\/v2\/product_cat?post=12827"},{"taxonomy":"product_tag","embeddable":true,"href":"https:\/\/serverhot.vn\/bn\/wp-json\/wp\/v2\/product_tag?post=12827"}],"curies":[{"name":"wp","href":"https:\/\/api.w.org\/{rel}","templated":true}]}}