{"id":13717,"date":"2024-08-05T12:30:09","date_gmt":"2024-08-05T05:30:09","guid":{"rendered":"https:\/\/serverhot.vn\/-product-\/usb-wifi-d-link-dwa-x305-wifi-6-ax300-ma-san-pham-dwa-x305\/"},"modified":"2024-08-05T12:30:11","modified_gmt":"2024-08-05T05:30:11","slug":"usb-wifi-d-link-dwa-x305-wifi-6-ax300-ma-san-pham-dwa-x305","status":"publish","type":"product","link":"https:\/\/serverhot.vn\/bn\/-product-\/usb-wifi-d-link-dwa-x305-wifi-6-ax300-ma-san-pham-dwa-x305\/","title":{"rendered":"USB WiFi D-Link DWA-X305 WiFi 6 AX300 M\u00e3 s\u1ea3n ph\u1ea9m: DWA-X305"},"content":{"rendered":"<div class=\"showText tabs\" id=\"tab2\">\n                                    <\/div>","protected":false},"excerpt":{"rendered":"<ul>\n<p>DWA-X305 l\u00e0 m\u1ed9t thi\u1ebft b\u1ecb thu s\u00f3ng Wi-Fi (Wi-Fi adapter) c\u1ee7a h\u00e3ng D-Link. \u0110\u00e2y l\u00e0 m\u1ed9t s\u1ea3n ph\u1ea9m \u0111\u01b0\u1ee3c thi\u1ebft k\u1ebf \u0111\u1ec3 cung c\u1ea5p k\u1ebft n\u1ed1i kh\u00f4ng d\u00e2y t\u1ed1c \u0111\u1ed9 cao cho m\u00e1y t\u00ednh \u0111\u1ec3 b\u00e0n ho\u1eb7c laptop. D\u01b0\u1edbi \u0111\u00e2y l\u00e0 m\u1ed9t s\u1ed1 th\u00f4ng tin chi ti\u1ebft v\u1ec1 DWA-X305:<\/p>\n<h3>Th\u00f4ng s\u1ed1 k\u1ef9 thu\u1eadt ch\u00ednh:<\/h3>\n<ul>\n<li><strong>Chu\u1ea9n Wi-Fi<\/strong>: Wi-Fi 6 (802.11ax)<\/li>\n<li><strong>T\u1ed1c \u0111\u1ed9 truy\u1ec1n t\u1ea3i<\/strong>: L\u00ean \u0111\u1ebfn 2402 Mbps tr\u00ean b\u0103ng t\u1ea7n 5 GHz v\u00e0 l\u00ean \u0111\u1ebfn 574 Mbps tr\u00ean b\u0103ng t\u1ea7n 2.4 GHz<\/li>\n<li><strong>B\u0103ng t\u1ea7n k\u00e9p<\/strong>: Ho\u1ea1t \u0111\u1ed9ng tr\u00ean c\u1ea3 hai b\u0103ng t\u1ea7n 2.4 GHz v\u00e0 5 GHz, gi\u00fap gi\u1ea3m thi\u1ec3u nhi\u1ec5u v\u00e0 t\u1ed1i \u01b0u h\u00f3a t\u1ed1c \u0111\u1ed9 k\u1ebft n\u1ed1i.<\/li>\n<li><strong>C\u1ed5ng k\u1ebft n\u1ed1i<\/strong>: PCIe<\/li>\n<li><strong>\u0102ng-ten<\/strong>: \u0102ng-ten ngo\u00e0i c\u00f3 th\u1ec3 \u0111i\u1ec1u ch\u1ec9nh \u0111\u1ec3 t\u1ed1i \u01b0u h\u00f3a hi\u1ec7u su\u1ea5t v\u00e0 t\u1ea7m ph\u1ee7 s\u00f3ng.<\/li>\n<li><strong>B\u1ea3o m\u1eadt<\/strong>: H\u1ed7 tr\u1ee3 WPA3, \u0111\u1ea3m b\u1ea3o an ninh m\u1ea1ng t\u1ed1t h\u01a1n v\u00e0 b\u1ea3o v\u1ec7 d\u1eef li\u1ec7u c\u00e1 nh\u00e2n.<\/li>\n<li><strong>T\u00ednh n\u0103ng MU-MIMO<\/strong>: H\u1ed7 tr\u1ee3 Multiple User-Multiple Input Multiple Output (MU-MIMO) cho ph\u00e9p nhi\u1ec1u thi\u1ebft b\u1ecb k\u1ebft n\u1ed1i v\u00e0 truy\u1ec1n t\u1ea3i d\u1eef li\u1ec7u c\u00f9ng l\u00fac m\u00e0 kh\u00f4ng l\u00e0m gi\u1ea3m hi\u1ec7u su\u1ea5t.<\/li>\n<li><strong>OFDM<\/strong>: Orthogonal Frequency Division Multiplexing c\u1ea3i thi\u1ec7n hi\u1ec7u qu\u1ea3 truy\u1ec1n t\u1ea3i d\u1eef li\u1ec7u v\u00e0 gi\u1ea3m \u0111\u1ed9 tr\u1ec5.<\/li>\n<li><strong>T\u01b0\u01a1ng th\u00edch ng\u01b0\u1ee3c<\/strong>: T\u01b0\u01a1ng th\u00edch v\u1edbi c\u00e1c chu\u1ea9n Wi-Fi tr\u01b0\u1edbc \u0111\u00f3 nh\u01b0 802.11ac\/n\/g\/b\/a<\/li>\n<\/ul>\n<\/ul>","protected":false},"featured_media":13718,"comment_status":"closed","ping_status":"closed","template":"","meta":[],"pwb-brand":[],"product_cat":[2896],"product_tag":[],"class_list":{"0":"post-13717","1":"product","2":"type-product","3":"status-publish","4":"has-post-thumbnail","6":"product_cat-tp-link","8":"first","9":"instock","10":"shipping-taxable","11":"product-type-simple"},"brands":[],"_links":{"self":[{"href":"https:\/\/serverhot.vn\/bn\/wp-json\/wp\/v2\/product\/13717","targetHints":{"allow":["GET"]}}],"collection":[{"href":"https:\/\/serverhot.vn\/bn\/wp-json\/wp\/v2\/product"}],"about":[{"href":"https:\/\/serverhot.vn\/bn\/wp-json\/wp\/v2\/types\/product"}],"replies":[{"embeddable":true,"href":"https:\/\/serverhot.vn\/bn\/wp-json\/wp\/v2\/comments?post=13717"}],"wp:featuredmedia":[{"embeddable":true,"href":"https:\/\/serverhot.vn\/bn\/wp-json\/wp\/v2\/media\/13718"}],"wp:attachment":[{"href":"https:\/\/serverhot.vn\/bn\/wp-json\/wp\/v2\/media?parent=13717"}],"wp:term":[{"taxonomy":"pwb-brand","embeddable":true,"href":"https:\/\/serverhot.vn\/bn\/wp-json\/wp\/v2\/pwb-brand?post=13717"},{"taxonomy":"product_cat","embeddable":true,"href":"https:\/\/serverhot.vn\/bn\/wp-json\/wp\/v2\/product_cat?post=13717"},{"taxonomy":"product_tag","embeddable":true,"href":"https:\/\/serverhot.vn\/bn\/wp-json\/wp\/v2\/product_tag?post=13717"}],"curies":[{"name":"wp","href":"https:\/\/api.w.org\/{rel}","templated":true}]}}