{"id":13796,"date":"2024-10-01T04:30:11","date_gmt":"2024-09-30T21:30:11","guid":{"rendered":"https:\/\/serverhot.vn\/-product-\/may-chieu-epson-lcd-eb-685wi-ma-san-pham-eb-685wi\/"},"modified":"2024-10-01T04:30:12","modified_gmt":"2024-09-30T21:30:12","slug":"may-chieu-epson-lcd-eb-685wi-ma-san-pham-eb-685wi","status":"publish","type":"product","link":"https:\/\/serverhot.vn\/bn\/-product-\/may-chieu-epson-lcd-eb-685wi-ma-san-pham-eb-685wi\/","title":{"rendered":"M\u00e1y Chi\u1ebfu Epson LCD EB-685WI M\u00e3 s\u1ea3n ph\u1ea9m: EB-685WI"},"content":{"rendered":"<div class=\"showText tabs\" id=\"tab2\">\n<div class=\"box_right_pro_view\">\n<div class=\"thongso_pro a_technical\" style=\"max-height: fit-content\">\n<p><span>M\u00c1Y CHI\u1ebeU EPSON EB-685WI<\/span><br \/><span>C\u01b0\u1eddng \u0111\u1ed9 s\u00e1ng tr\u1eafng: 3,500 Ansi Lumens<\/span><br \/><span>* C\u01b0\u1eddng \u0111\u1ed9 s\u00e1ng m\u00e0u : 3,500 Ansi Lumens<\/span><br \/><span>* \u0110\u1ed9 ph\u00e2n gi\u1ea3i th\u1ef1c: WXGA (1,280 x 800)<\/span><br \/><span>* \u0110\u1ed9 t\u01b0\u01a1ng ph\u1ea3n: 14,000:1<\/span><br \/><span>* Kho\u1ea3ng c\u00e1ch chi\u1ebfu: 60&#8243; &#8211; 100&#8243; [0.348m-0.6m]<\/span><br \/><span>* B\u00f3ng \u0111\u00e8n: 250W UHE , tu\u1ed5i th\u1ecd 10,000 gi\u1edd (ECO)<\/span><br \/><span>* C\u00f4ng su\u1ea5t loa: 16W<\/span><br \/><span>* Ch\u1ec9nh l\u1ec7ch h\u00ecnh: +\/-3 \u0111\u1ed9 (d\u1ecdc, ngang)<\/span><br \/><span>* K\u1ebft n\u1ed1i: HDMI x 3, Wireless(tu\u1ef3 ch\u1ecdn),LAN RJ45, S-Video, Composite, Audio RCA, Stereo mini jack in x 3, Stereo mini jack out,Microphone, VGA in x 2, VGA out, RS232C, USB-A, USB-B.<\/span><br \/><span>* T\u1ef1 \u0111\u1ed9ng ch\u1ec9nh vu\u00f4ng h\u00ecnh \u1ea3nh<\/span><br \/><span>* Multi-PC cho ph\u00e9p t\u1ed1i \u0111a 50 thi\u1ebft b\u1ecb k\u1ebft n\u1ed1i th\u00f4ng qua m\u1ea1ng Lan ho\u1eb7c Wireless<\/span><br \/><span>* Tr\u00ecnh chi\u1ebfu h\u00ecnh \u1ea3nh t\u1eeb USB<\/span><br \/><span>* Tr\u00ecnh chi\u1ebfu v\u00e0 qu\u1ea3n l\u00fd m\u00e1y chi\u1ebfu th\u00f4ng qua m\u1ea1ng LAN<\/span><br \/><span>* C\u1ed5ng USB-B (4 trong 1) tr\u00ecnh chi\u1ebfu h\u00ecnh \u1ea3nh, \u00e2m thanh v\u00e0 \u0111i\u1ec1u khi\u1ec3n t\u1eeb xa, t\u01b0\u01a1ng t\u00e1c<\/span><br \/><span>* Ch\u1ee9c n\u0103ng t\u1ea1m d\u1eebng tr\u00ecnh chi\u1ebfu, ti\u1ebft ki\u1ec7m \u0111i\u1ec7n n\u0103ng<\/span><br \/><span>* H\u1ed7 tr\u1ee3 \u0111\u1ea7y \u0111\u1ee7 c\u1ed5ng giao ti\u1ebfp<\/span><br \/><span>* H\u1ed7 tr\u1ee3 Easy Interactive Pen<\/span><\/p>\n<\/p><\/div>\n<p>                            <!--                            <\/p>\n<div class=\"xemthem_id_r\">--><br \/>\n                            <!--                                <a><!--\/show\/?token=--><br \/>\n                            <!--\"--><br \/>\n                            <!--                                   class=\"preview fancybox fancybox.ajax\" rel=\"nofollow\"&gt;Xem th&#234;m th&#244;ng s&#7889; k&#7929; thu&#7853;t<\/a>--><br \/>\n                            <!--                            <\/div>\n<p>-->\n                        <\/p><\/div>\n<\/p><\/div>","protected":false},"excerpt":{"rendered":"<ul>\n<ul>\n<li><span style=\"font-size: 18px\">C\u01b0\u1eddng \u0111\u1ed9 s\u00e1ng tr\u1eafng: 3,500 Ansi Lumens<\/span><\/li>\n<li>C\u01b0\u1eddng \u0111\u1ed9 s\u00e1ng m\u00e0u : 3,500 Ansi Lumens<\/li>\n<li>\u0110\u1ed9 ph\u00e2n gi\u1ea3i th\u1ef1c: WXGA (1,280 x 800)<\/li>\n<li>\u0110\u1ed9 t\u01b0\u01a1ng ph\u1ea3n: 14,000:1<\/li>\n<li>Kho\u1ea3ng c\u00e1ch chi\u1ebfu: 60&#8243; &#8211; 100&#8243; [0.348m-0.6m]<\/li>\n<li>B\u00f3ng \u0111\u00e8n: 250W UHE , tu\u1ed5i th\u1ecd 10,000 gi\u1edd (ECO)<\/li>\n<li>C\u00f4ng su\u1ea5t loa: 16W<\/li>\n<li>Ch\u1ec9nh l\u1ec7ch h\u00ecnh: +\/-3 \u0111\u1ed9 (d\u1ecdc, ngang)<\/li>\n<li>K\u1ebft n\u1ed1i: HDMI x 3, Wireless(tu\u1ef3 ch\u1ecdn),LAN RJ45, S-Video, Composite, Audio RCA, Stereo mini jack in x 3, Stereo mini jack out,Microphone, VGA in x 2, VGA out, RS232C, USB-A, USB-B<\/li>\n<\/ul>\n<\/ul>","protected":false},"featured_media":13797,"comment_status":"closed","ping_status":"closed","template":"","meta":[],"pwb-brand":[],"product_cat":[2910],"product_tag":[2852],"class_list":{"0":"post-13796","1":"product","2":"type-product","3":"status-publish","4":"has-post-thumbnail","6":"product_cat-thiet-bi-van-phong","7":"product_tag-wireless","9":"first","10":"instock","11":"shipping-taxable","12":"product-type-simple"},"brands":[],"_links":{"self":[{"href":"https:\/\/serverhot.vn\/bn\/wp-json\/wp\/v2\/product\/13796","targetHints":{"allow":["GET"]}}],"collection":[{"href":"https:\/\/serverhot.vn\/bn\/wp-json\/wp\/v2\/product"}],"about":[{"href":"https:\/\/serverhot.vn\/bn\/wp-json\/wp\/v2\/types\/product"}],"replies":[{"embeddable":true,"href":"https:\/\/serverhot.vn\/bn\/wp-json\/wp\/v2\/comments?post=13796"}],"wp:featuredmedia":[{"embeddable":true,"href":"https:\/\/serverhot.vn\/bn\/wp-json\/wp\/v2\/media\/13797"}],"wp:attachment":[{"href":"https:\/\/serverhot.vn\/bn\/wp-json\/wp\/v2\/media?parent=13796"}],"wp:term":[{"taxonomy":"pwb-brand","embeddable":true,"href":"https:\/\/serverhot.vn\/bn\/wp-json\/wp\/v2\/pwb-brand?post=13796"},{"taxonomy":"product_cat","embeddable":true,"href":"https:\/\/serverhot.vn\/bn\/wp-json\/wp\/v2\/product_cat?post=13796"},{"taxonomy":"product_tag","embeddable":true,"href":"https:\/\/serverhot.vn\/bn\/wp-json\/wp\/v2\/product_tag?post=13796"}],"curies":[{"name":"wp","href":"https:\/\/api.w.org\/{rel}","templated":true}]}}