{"id":14104,"date":"2024-10-14T20:45:10","date_gmt":"2024-10-14T13:45:10","guid":{"rendered":"https:\/\/serverhot.vn\/-product-\/may-tinh-de-ban-dong-bo-hp-pavilion-tp01-3007d-6k7a7pa-core-i5-12400-8gb-512-gb-intel-uhd-windows-11-ma-san-pham-6k7a7pa\/"},"modified":"2024-10-14T20:45:11","modified_gmt":"2024-10-14T13:45:11","slug":"may-tinh-de-ban-dong-bo-hp-pavilion-tp01-3007d-6k7a7pa-core-i5-12400-8gb-512-gb-intel-uhd-windows-11-ma-san-pham-6k7a7pa","status":"publish","type":"product","link":"https:\/\/serverhot.vn\/bn\/-product-\/may-tinh-de-ban-dong-bo-hp-pavilion-tp01-3007d-6k7a7pa-core-i5-12400-8gb-512-gb-intel-uhd-windows-11-ma-san-pham-6k7a7pa\/","title":{"rendered":"M\u00e1y t\u00ednh \u0111\u1ec3 b\u00e0n \u0111\u1ed3ng b\u1ed9 HP Pavilion TP01-3007d 6K7A7PA (Core\u2122 i5-12400 | 8GB | 512 GB | Intel\u00ae UHD | Windows 11) M\u00e3 s\u1ea3n ph\u1ea9m: 6K7A7PA"},"content":{"rendered":"<div class=\"showText tabs\" id=\"tab2\">\n<div class=\"box_right_pro_view\">\n<div class=\"thongso_pro a_technical\" style=\"max-height: fit-content\">\n<table border=\"1\">\n<tbody>\n<tr>\n<td><span>H\u00e3ng s\u1ea3n xu\u1ea5t<\/span><\/td>\n<td><span>HP<\/span><\/td>\n<\/tr>\n<tr>\n<td><span>M\u00e3 s\u1ea3n ph\u1eabm<\/span><\/td>\n<td><span>6K7A7PA<\/span><\/td>\n<\/tr>\n<tr>\n<td><span>CPU<\/span><\/td>\n<td><span>Intel\u00ae Core\u2122 i5-12400(2.5GHz Upto 4.40GHz, 6Cores 12Threads,18MB Cache)<\/span><\/td>\n<\/tr>\n<tr>\n<td><span>RAM<\/span><\/td>\n<td><span>8GB (1 x 8GB) DDR4-3200 MHz (2 khe)<\/span><\/td>\n<\/tr>\n<tr>\n<td><span>HDD<\/span><\/td>\n<td><span>512 GB PCIe\u00ae NVMe\u2122 M.2 SSD (x1 HDD 3.5&#8243; Sata3)<\/span><\/td>\n<\/tr>\n<tr>\n<td><span>VGA<\/span><\/td>\n<td><span>Intel\u00ae UHD Graphics 730<\/span><\/td>\n<\/tr>\n<tr>\n<td><span>K\u1ebft n\u1ed1i m\u1ea1ng<\/span><\/td>\n<td><span>\u00a0Wlan + Bluetooth<\/span><\/td>\n<\/tr>\n<tr>\n<td><span>C\u00e1c c\u1ed5ng k\u1ebft n\u1ed1i\u00a0<\/span><\/td>\n<td><span>4 USB2.0 Type-A; 1 audio-in; 1 audio-out; 1microphone; 1 RJ-45<\/span><\/td>\n<\/tr>\n<tr>\n<td><span>B\u1ed9 k\u1ebft n\u1ed1i video<\/span><\/td>\n<td><span>1 VGA; 1 HDMI-out 1.4b<\/span><\/td>\n<\/tr>\n<tr>\n<td><span>Khe c\u1eafm m\u1edf r\u00f4\u0323ng<\/span><\/td>\n<td><span>2M.2 (1 forSSD, 1 forWLAN); 1 PCIe x16; 1 PCIe x1<\/span><\/td>\n<\/tr>\n<tr>\n<td><span>H\u1ec7 \u0111i\u1ec1u h\u00e0nh<\/span><\/td>\n<td><span>Windows 11 Home<\/span><\/td>\n<\/tr>\n<\/tbody>\n<\/table><\/div>\n<p>                            <!--                            <\/p>\n<div class=\"xemthem_id_r\">--><br \/>\n                            <!--                                <a><!--\/show\/?token=--><br \/>\n                            <!--\"--><br \/>\n                            <!--                                   class=\"preview fancybox fancybox.ajax\" rel=\"nofollow\"&gt;Xem th&#234;m th&#244;ng s&#7889; k&#7929; thu&#7853;t<\/a>--><br \/>\n                            <!--                            <\/div>\n<p>-->\n                        <\/p><\/div>\n<\/p><\/div>","protected":false},"excerpt":{"rendered":"<ul>\n<ul>\n<li style=\"text-align: justify\"><strong><span style=\"font-size: 18px\">CPU: Intel\u00ae Core\u2122 i5-12400(2.5GHz Up 4.40GHz, 6Cores 12Threads,18MB Cache) <\/span><\/strong><\/li>\n<li style=\"text-align: justify\"><strong><span style=\"font-size: 18px\">RAM: 8GB (1 x 8GB) DDR4-3200 MHz (2 khe) <\/span><\/strong><\/li>\n<li style=\"text-align: justify\"><strong><span style=\"font-size: 18px\">\u1ed4 c\u1ee9ng: 512 GB PCIe\u00ae NVMe\u2122 M.2 SSD (x1 HDD 3.5&#8243; Sata3) <\/span><\/strong><\/li>\n<li style=\"text-align: justify\"><strong><span style=\"font-size: 18px\">VGA: Intel\u00ae UHD Graphics 730 <\/span><\/strong><\/li>\n<li style=\"text-align: justify\"><strong><span style=\"font-size: 18px\">K\u1ebft n\u1ed1i m\u1ea1ng: Wlan + Bluetooth <\/span><\/strong><\/li>\n<li style=\"text-align: justify\"><strong><span style=\"font-size: 18px\">H\u1ec7 \u0111i\u1ec1u h\u00e0nh: Windows 11 Home 64bit<\/span><\/strong><\/li>\n<\/ul>\n<\/ul>","protected":false},"featured_media":14105,"comment_status":"closed","ping_status":"closed","template":"","meta":[],"pwb-brand":[],"product_cat":[2887],"product_tag":[2841],"class_list":{"0":"post-14104","1":"product","2":"type-product","3":"status-publish","4":"has-post-thumbnail","6":"product_cat-hp","7":"product_tag-hdd","9":"first","10":"instock","11":"shipping-taxable","12":"product-type-simple"},"brands":[],"_links":{"self":[{"href":"https:\/\/serverhot.vn\/bn\/wp-json\/wp\/v2\/product\/14104","targetHints":{"allow":["GET"]}}],"collection":[{"href":"https:\/\/serverhot.vn\/bn\/wp-json\/wp\/v2\/product"}],"about":[{"href":"https:\/\/serverhot.vn\/bn\/wp-json\/wp\/v2\/types\/product"}],"replies":[{"embeddable":true,"href":"https:\/\/serverhot.vn\/bn\/wp-json\/wp\/v2\/comments?post=14104"}],"wp:featuredmedia":[{"embeddable":true,"href":"https:\/\/serverhot.vn\/bn\/wp-json\/wp\/v2\/media\/14105"}],"wp:attachment":[{"href":"https:\/\/serverhot.vn\/bn\/wp-json\/wp\/v2\/media?parent=14104"}],"wp:term":[{"taxonomy":"pwb-brand","embeddable":true,"href":"https:\/\/serverhot.vn\/bn\/wp-json\/wp\/v2\/pwb-brand?post=14104"},{"taxonomy":"product_cat","embeddable":true,"href":"https:\/\/serverhot.vn\/bn\/wp-json\/wp\/v2\/product_cat?post=14104"},{"taxonomy":"product_tag","embeddable":true,"href":"https:\/\/serverhot.vn\/bn\/wp-json\/wp\/v2\/product_tag?post=14104"}],"curies":[{"name":"wp","href":"https:\/\/api.w.org\/{rel}","templated":true}]}}