{"id":14142,"date":"2024-10-15T01:30:14","date_gmt":"2024-10-14T18:30:14","guid":{"rendered":"https:\/\/serverhot.vn\/-product-\/may-tinh-de-ban-hp-elite-tower-600-g9-intel-core-i7-13700-8gb-ddr5-4800-ssd-512gb-usb-mouse-keyboard-w11h-3y-onsite_8u8t0pa-ma-san-pham-8u8t0pa\/"},"modified":"2024-10-15T01:30:17","modified_gmt":"2024-10-14T18:30:17","slug":"may-tinh-de-ban-hp-elite-tower-600-g9-intel-core-i7-13700-8gb-ddr5-4800-ssd-512gb-usb-mouse-keyboard-w11h-3y-onsite_8u8t0pa-ma-san-pham-8u8t0pa","status":"publish","type":"product","link":"https:\/\/serverhot.vn\/bn\/-product-\/may-tinh-de-ban-hp-elite-tower-600-g9-intel-core-i7-13700-8gb-ddr5-4800-ssd-512gb-usb-mouse-keyboard-w11h-3y-onsite_8u8t0pa-ma-san-pham-8u8t0pa\/","title":{"rendered":"M\u00e1y t\u00ednh \u0111\u1ec3 b\u00e0n HP Elite Tower 600 G9\/ Intel Core i7 13700\/ 8GB DDR5 4800\/ SSD 512GB\/ USB Mouse &amp; Keyboard\/ W11H\/ 3Y Onsite_8U8T0PA M\u00e3 s\u1ea3n ph\u1ea9m: 8U8T0PA"},"content":{"rendered":"<div class=\"showText tabs\" id=\"tab2\">\n                                    <\/div>","protected":false},"excerpt":{"rendered":"<ul>\n<p>\u00a0HP Elite Tower 600 G9\/ Intel Core i7 13700\/ 8GB DDR5 4800\/ SSD 512GB\/ USB Mouse &amp; Keyboard\/ W11H\/ 3Y Onsite_8U8T0PA<\/p>\n<\/ul>","protected":false},"featured_media":14143,"comment_status":"closed","ping_status":"closed","template":"","meta":[],"pwb-brand":[],"product_cat":[2887],"product_tag":[],"class_list":{"0":"post-14142","1":"product","2":"type-product","3":"status-publish","4":"has-post-thumbnail","6":"product_cat-hp","8":"first","9":"instock","10":"shipping-taxable","11":"product-type-simple"},"brands":[],"_links":{"self":[{"href":"https:\/\/serverhot.vn\/bn\/wp-json\/wp\/v2\/product\/14142","targetHints":{"allow":["GET"]}}],"collection":[{"href":"https:\/\/serverhot.vn\/bn\/wp-json\/wp\/v2\/product"}],"about":[{"href":"https:\/\/serverhot.vn\/bn\/wp-json\/wp\/v2\/types\/product"}],"replies":[{"embeddable":true,"href":"https:\/\/serverhot.vn\/bn\/wp-json\/wp\/v2\/comments?post=14142"}],"wp:featuredmedia":[{"embeddable":true,"href":"https:\/\/serverhot.vn\/bn\/wp-json\/wp\/v2\/media\/14143"}],"wp:attachment":[{"href":"https:\/\/serverhot.vn\/bn\/wp-json\/wp\/v2\/media?parent=14142"}],"wp:term":[{"taxonomy":"pwb-brand","embeddable":true,"href":"https:\/\/serverhot.vn\/bn\/wp-json\/wp\/v2\/pwb-brand?post=14142"},{"taxonomy":"product_cat","embeddable":true,"href":"https:\/\/serverhot.vn\/bn\/wp-json\/wp\/v2\/product_cat?post=14142"},{"taxonomy":"product_tag","embeddable":true,"href":"https:\/\/serverhot.vn\/bn\/wp-json\/wp\/v2\/product_tag?post=14142"}],"curies":[{"name":"wp","href":"https:\/\/api.w.org\/{rel}","templated":true}]}}