{"id":14144,"date":"2024-10-15T01:45:11","date_gmt":"2024-10-14T18:45:11","guid":{"rendered":"https:\/\/serverhot.vn\/-product-\/may-tinh-de-ban-pc-hp-elite-mini-800-g9-8c2s5pa-intel-core-i7-12700-8gb-512gb-ssd-windows-11-home-sl-64-bit-wifi-802-11ax-ma-san-pham-8c2s5pa\/"},"modified":"2024-10-15T01:45:12","modified_gmt":"2024-10-14T18:45:12","slug":"may-tinh-de-ban-pc-hp-elite-mini-800-g9-8c2s5pa-intel-core-i7-12700-8gb-512gb-ssd-windows-11-home-sl-64-bit-wifi-802-11ax-ma-san-pham-8c2s5pa","status":"publish","type":"product","link":"https:\/\/serverhot.vn\/bn\/-product-\/may-tinh-de-ban-pc-hp-elite-mini-800-g9-8c2s5pa-intel-core-i7-12700-8gb-512gb-ssd-windows-11-home-sl-64-bit-wifi-802-11ax-ma-san-pham-8c2s5pa\/","title":{"rendered":"M\u00e1y T\u00ednh \u0110\u1ec3 B\u00e0n PC HP Elite Mini 800 G9 8C2S5PA (Intel Core i7-12700\/8GB\/512GB SSD\/Windows 11 Home SL 64-bit\/WiFi 802.11ax) M\u00e3 s\u1ea3n ph\u1ea9m: 8C2S5PA"},"content":{"rendered":"<div class=\"showText tabs\" id=\"tab2\">\n                                    <\/div>","protected":false},"excerpt":{"rendered":"<ul>\n<p><span style=\"color: #333333;font-family: Roboto, sans-serif;font-size: 17.5px;background-color: #ffffff\">&#8211; CPU: Intel Core i7-12700 (2.1 GHz &#8211; 4.9 GHz\/24MB\/12 nh\u00e2n, 20 lu\u00f4\u0300ng)<\/span><br style=\"max-width: 100%;color: #333333;font-family: Roboto, sans-serif;font-size: 17.5px;background-color: #ffffff\"><span style=\"color: #333333;font-family: Roboto, sans-serif;font-size: 17.5px;background-color: #ffffff\">&#8211; RAM: 1 x 8GB DDR5 4800MHz (2 Khe c\u1eafm,<\/span><br style=\"max-width: 100%;color: #333333;font-family: Roboto, sans-serif;font-size: 17.5px;background-color: #ffffff\"><span style=\"color: #333333;font-family: Roboto, sans-serif;font-size: 17.5px;background-color: #ffffff\">&#8211; \u0110\u1ed3 h\u1ecda: Intel UHD Graphics 770<\/span><br style=\"max-width: 100%;color: #333333;font-family: Roboto, sans-serif;font-size: 17.5px;background-color: #ffffff\"><span style=\"color: #333333;font-family: Roboto, sans-serif;font-size: 17.5px;background-color: #ffffff\">&#8211; L\u01b0u tr\u1eef: 512GB M.2 NVMe SSD\/<\/span><br style=\"max-width: 100%;color: #333333;font-family: Roboto, sans-serif;font-size: 17.5px;background-color: #ffffff\"><span style=\"color: #333333;font-family: Roboto, sans-serif;font-size: 17.5px;background-color: #ffffff\">&#8211; Chu\u1ed9t &amp; B\u00e0n ph\u00edm kh\u00f4ng d\u00e2y + D\u00e2y ngu\u1ed3n + Ch\u00e2n \u0111\u1ebf khung \u0111\u1ee9ng d\u00e0nh cho DesktopMini<\/span><\/p>\n<\/ul>","protected":false},"featured_media":14145,"comment_status":"closed","ping_status":"closed","template":"","meta":[],"pwb-brand":[],"product_cat":[2887],"product_tag":[],"class_list":{"0":"post-14144","1":"product","2":"type-product","3":"status-publish","4":"has-post-thumbnail","6":"product_cat-hp","8":"first","9":"instock","10":"shipping-taxable","11":"product-type-simple"},"brands":[],"_links":{"self":[{"href":"https:\/\/serverhot.vn\/bn\/wp-json\/wp\/v2\/product\/14144","targetHints":{"allow":["GET"]}}],"collection":[{"href":"https:\/\/serverhot.vn\/bn\/wp-json\/wp\/v2\/product"}],"about":[{"href":"https:\/\/serverhot.vn\/bn\/wp-json\/wp\/v2\/types\/product"}],"replies":[{"embeddable":true,"href":"https:\/\/serverhot.vn\/bn\/wp-json\/wp\/v2\/comments?post=14144"}],"wp:featuredmedia":[{"embeddable":true,"href":"https:\/\/serverhot.vn\/bn\/wp-json\/wp\/v2\/media\/14145"}],"wp:attachment":[{"href":"https:\/\/serverhot.vn\/bn\/wp-json\/wp\/v2\/media?parent=14144"}],"wp:term":[{"taxonomy":"pwb-brand","embeddable":true,"href":"https:\/\/serverhot.vn\/bn\/wp-json\/wp\/v2\/pwb-brand?post=14144"},{"taxonomy":"product_cat","embeddable":true,"href":"https:\/\/serverhot.vn\/bn\/wp-json\/wp\/v2\/product_cat?post=14144"},{"taxonomy":"product_tag","embeddable":true,"href":"https:\/\/serverhot.vn\/bn\/wp-json\/wp\/v2\/product_tag?post=14144"}],"curies":[{"name":"wp","href":"https:\/\/api.w.org\/{rel}","templated":true}]}}